{"id":22958,"date":"2025-05-26T16:13:26","date_gmt":"2025-05-26T14:13:26","guid":{"rendered":"https:\/\/www.bedbugknocker.com\/products\/weasel-killer-500-baits\/"},"modified":"2026-02-19T19:26:09","modified_gmt":"2026-02-19T18:26:09","slug":"weasel-killer-500-baits","status":"publish","type":"product","link":"https:\/\/www.bedbugknocker.com\/si\/products\/weasel-killer-500-baits\/","title":{"rendered":"Past za podlasico"},"content":{"rendered":"<p><strong><img decoding=\"async\" style=\"margin-right: 12px;\" src=\"https:\/\/www.bedbugknocker.com\/wp-content\/uploads\/2026\/02\/Check.svg\" alt=\"\" width=\"18\" height=\"15\" \/>Hitro in humano ujemite podlasice z zanesljivo in zmogljivo pastjo.<\/strong> Na\u0161a past za podlasice je posebej zasnovana za u\u010dinkovit ulov podlasic brez nepotrebnega trpljenja, zato je odgovorna in u\u010dinkovita re\u0161itev za za\u0161\u010dito va\u0161ega premo\u017eenja, perutnine in malih \u017eivali pred \u0161kodo in plenjenjem.<\/p>\n<p><strong><img decoding=\"async\" style=\"margin-right: 12px;\" src=\"https:\/\/www.bedbugknocker.com\/wp-content\/uploads\/2026\/02\/Check.svg\" alt=\"\" width=\"18\" height=\"15\" \/>Naju\u010dinkovitej\u0161a past za podlasice na trgu.<\/strong> Ta past je zasnovana s tehnologijo natan\u010dnega spro\u017eilca in varnim mehanizmom za zaklepanje, kar zagotavlja visoko stopnjo ujetosti in zmanj\u0161uje \u0161tevilo la\u017enih spro\u017eilcev. Njena ob\u010dutljiva, a stabilna zasnova omogo\u010da takoj\u0161en odziv, ko vanjo vstopi podlasica, kar zagotavlja dosledne in zanesljive rezultate.<\/p>\n<p><strong><img decoding=\"async\" style=\"margin-right: 12px;\" src=\"https:\/\/www.bedbugknocker.com\/wp-content\/uploads\/2026\/02\/Check.svg\" alt=\"\" width=\"18\" height=\"15\" \/>Ponujamo najcenej\u0161o past za podlasice profesionalne kakovosti, ki je na voljo.<\/strong> Na\u0161e konkuren\u010dne cene vam zagotavljajo vrhunsko zmogljivost po najni\u017eji mo\u017eni ceni. Za u\u010dinkovit nadzor divjih \u017eivali vam ni treba prepla\u010devati, saj na\u0161e pasti zdru\u017eujejo trajnost, u\u010dinkovitost in cenovno dostopnost v eni re\u0161itvi.<\/p>\n<p><strong><img decoding=\"async\" style=\"margin-right: 12px;\" src=\"https:\/\/www.bedbugknocker.com\/wp-content\/uploads\/2026\/02\/Check.svg\" alt=\"\" width=\"18\" height=\"15\" \/>100% garancija za vra\u010dilo denarja za popolno zaupanje.<\/strong> Popolnoma smo prepri\u010dani v u\u010dinkovitost in kakovost izdelave na\u0161e pasti za podlasice. \u010ce z njenim delovanjem ne boste zadovoljni, vam bomo vrnili kupnino - brez zapletenih postopkov in skritih pogojev.<\/p>\n<p><strong><img decoding=\"async\" style=\"margin-right: 12px;\" src=\"https:\/\/www.bedbugknocker.com\/wp-content\/uploads\/2026\/02\/Check.svg\" alt=\"\" width=\"18\" height=\"15\" \/>Hitra 24-urna dostava, da lahko takoj za\u0161\u010ditite svojo lastnino.<\/strong> Zavedamo se, da je spopadanje s podlasicami nujno, zlasti kadar je ogro\u017eena \u017eivina ali perutnina. Zato vedno ponujamo dostavo 24 ur na dan, kar vam zagotavlja, da lahko ukrepate brez odla\u0161anja.<\/p>\n<p><strong><img decoding=\"async\" style=\"margin-right: 12px;\" src=\"https:\/\/www.bedbugknocker.com\/wp-content\/uploads\/2026\/02\/Check.svg\" alt=\"\" width=\"18\" height=\"15\" \/>Trpe\u017ena in na vremenske vplive odporna konstrukcija za dolgotrajno uporabo.<\/strong> Na\u0161a past za podlasice je izdelana iz mo\u010dnih materialov, ki so odporni na korozijo, in je odporna na zunanje razmere, kot so de\u017e, mraz in vlaga. Zasnovana je za ve\u010dkratno uporabo iz sezone v sezono, ne da bi izgubila u\u010dinkovitost.<\/p>\n<p><strong><img decoding=\"async\" style=\"margin-right: 12px;\" src=\"https:\/\/www.bedbugknocker.com\/wp-content\/uploads\/2026\/02\/Check.svg\" alt=\"\" width=\"18\" height=\"15\" \/>Varna zasnova za zmanj\u0161anje tveganja za neciljne \u017eivali.<\/strong> Pasti so izdelane tako, da so posebej prilagojene podlasicam glede na njihovo velikost in vedenje, kar pomaga zmanj\u0161ati \u0161tevilo naklju\u010dno ujetih ve\u010djih \u017eivali, \u010de so pravilno name\u0161\u010dene in uporabljene v skladu z navodili.<\/p>\n<p><strong><img decoding=\"async\" style=\"margin-right: 12px;\" src=\"https:\/\/www.bedbugknocker.com\/wp-content\/uploads\/2026\/02\/Check.svg\" alt=\"\" width=\"18\" height=\"15\" \/>Enostavno nastavljanje in spremljanje.<\/strong> Intuitivni mehanizem omogo\u010da hitro nastavitev brez specializiranih orodij ali usposabljanja. Varen sistem zaklepa zagotavlja, da past ostane zaprta, ko se spro\u017ei, kar prepre\u010duje pobeg.<\/p>\n<p><strong><img decoding=\"async\" style=\"margin-right: 12px;\" src=\"https:\/\/www.bedbugknocker.com\/wp-content\/uploads\/2026\/02\/Check.svg\" alt=\"\" width=\"18\" height=\"15\" \/>Vsestranske mo\u017enosti postavitve za razli\u010dna okolja.<\/strong> Ta past je primerna za kmetije, hleve, koko\u0161njake, vrtove, lope in pode\u017eelska posestva ter se prilagaja razli\u010dnim okoljem, v katerih je zaznati aktivnost podlasic.<\/p>\n<p><strong><img decoding=\"async\" style=\"margin-right: 12px;\" src=\"https:\/\/www.bedbugknocker.com\/wp-content\/uploads\/2026\/02\/Check.svg\" alt=\"\" width=\"18\" height=\"15\" \/>U\u010dinkovito \u0161\u010diti va\u0161o \u017eivino, perutnino in premo\u017eenje.<\/strong> Podlasice lahko v kratkem \u010dasu povzro\u010dijo veliko \u0161kodo. Z uporabo na\u0161e zelo u\u010dinkovite pasti za\u0161\u010ditite svoje \u017eivali, zmanj\u0161ate izgube in ohranite mir z zanesljivo re\u0161itvijo za nadzor divjih \u017eivali.<\/p>\n<h2><strong>Navodila<\/strong><\/h2>\n<ul>\n<li>Opredelite obmo\u010dja z znaki aktivnosti podlasic, kot so sledi, iztrebki, motena gnezda ali vstopne to\u010dke v bli\u017eini perutninskih hi\u0161, hlevov ali hlev\u010dkov.<\/li>\n<li>Pasti postavite na ravno, stabilno povr\u0161ino ob zidove, ograje ali ozke poti, po katerih se podlasice obi\u010dajno gibljejo.<\/li>\n<li>V past dajte sve\u017ee meso, perutninske ostanke ali ribe, ki bodo privabile podlasico. Vabo varno namestite v obmo\u010dje spro\u017eilca.<\/li>\n<li>Skladno z vgrajenimi navodili na pasti skrbno nastavite spro\u017eilni mehanizem. Prepri\u010dajte se, da so vrata ali sistem zajetja pravilno zavarovana in stabilna.<\/li>\n<li>Za najbolj\u0161e rezultate uporabite eno past na aktivno obmo\u010dje. Na ve\u010djih obmo\u010djih bo za ve\u010djo u\u010dinkovitost morda potrebnih ve\u010d pasti.<\/li>\n<li>Pasti preverite vsaj enkrat ali dvakrat dnevno, da zagotovite pravo\u010dasno ravnanje z ujeto \u017eivaljo in po potrebi ponovno napolnite z vabo.<\/li>\n<li>Pri ravnanju s pastjo nosite rokavice, da zmanj\u0161ate \u010dlove\u0161ki vonj in izbolj\u0161ate uspe\u0161nost ulova.<\/li>\n<li>Po ulovu upo\u0161tevajte lokalne predpise o divjih \u017eivalih glede premestitve ali odstranjevanja. Vedno upo\u0161tevajte lokalne zakone o nadzoru divjih \u017eivali.<\/li>\n<li>Po vsaki uporabi sifon temeljito o\u010distite z vodo in blagim razku\u017eilom, da ohranite higieno in dolgoro\u010dno u\u010dinkovitost.<\/li>\n<li>Ko pasti ne uporabljate, jo shranjujte na suhem mestu, da ohranite njeno vzdr\u017eljivost in mehansko zanesljivost.<\/li>\n<\/ul>","protected":false},"excerpt":{"rendered":"<p>Capture weasels quickly and humanely with a reliable, high-performance trap. Our weasel trap is specifically designed to effectively capture weasels without causing unnecessary suffering, making it a responsible and efficient solution for protecting your property, poultry, and small animals from damage and predation. The most effective weasel trap on the market. Engineered with precision-trigger technology [&hellip;]<\/p>\n","protected":false},"featured_media":23237,"comment_status":"open","ping_status":"closed","template":"","meta":{"_uag_custom_page_level_css":"","site-sidebar-layout":"default","site-content-layout":"","ast-site-content-layout":"default","site-content-style":"default","site-sidebar-style":"default","ast-global-header-display":"","ast-banner-title-visibility":"","ast-main-header-display":"","ast-hfb-above-header-display":"","ast-hfb-below-header-display":"","ast-hfb-mobile-header-display":"","site-post-title":"","ast-breadcrumbs-content":"","ast-featured-img":"","footer-sml-layout":"","ast-disable-related-posts":"","theme-transparent-header-meta":"default","adv-header-id-meta":"","stick-header-meta":"","header-above-stick-meta":"","header-main-stick-meta":"","header-below-stick-meta":"","astra-migrate-meta-layouts":"set","ast-page-background-enabled":"default","ast-page-background-meta":{"desktop":{"background-color":"var(--ast-global-color-4)","background-image":"","background-repeat":"repeat","background-position":"center center","background-size":"auto","background-attachment":"scroll","background-type":"","background-media":"","overlay-type":"","overlay-color":"","overlay-opacity":"","overlay-gradient":""},"tablet":{"background-color":"","background-image":"","background-repeat":"repeat","background-position":"center center","background-size":"auto","background-attachment":"scroll","background-type":"","background-media":"","overlay-type":"","overlay-color":"","overlay-opacity":"","overlay-gradient":""},"mobile":{"background-color":"","background-image":"","background-repeat":"repeat","background-position":"center center","background-size":"auto","background-attachment":"scroll","background-type":"","background-media":"","overlay-type":"","overlay-color":"","overlay-opacity":"","overlay-gradient":""}},"ast-content-background-meta":{"desktop":{"background-color":"var(--ast-global-color-5)","background-image":"","background-repeat":"repeat","background-position":"center center","background-size":"auto","background-attachment":"scroll","background-type":"","background-media":"","overlay-type":"","overlay-color":"","overlay-opacity":"","overlay-gradient":""},"tablet":{"background-color":"var(--ast-global-color-5)","background-image":"","background-repeat":"repeat","background-position":"center center","background-size":"auto","background-attachment":"scroll","background-type":"","background-media":"","overlay-type":"","overlay-color":"","overlay-opacity":"","overlay-gradient":""},"mobile":{"background-color":"var(--ast-global-color-5)","background-image":"","background-repeat":"repeat","background-position":"center center","background-size":"auto","background-attachment":"scroll","background-type":"","background-media":"","overlay-type":"","overlay-color":"","overlay-opacity":"","overlay-gradient":""}}},"product_brand":[],"product_cat":[174],"product_tag":[],"class_list":{"0":"post-22958","1":"product","2":"type-product","3":"status-publish","4":"has-post-thumbnail","6":"product_cat-pest-control","7":"desktop-align-left","8":"tablet-align-left","9":"mobile-align-left","11":"first","12":"instock","13":"shipping-taxable","14":"purchasable","15":"product-type-simple"},"spectra_custom_meta":{"_visibility":["visible"],"_shopify_product_id":["8032622346466"],"_s2w_shopify_domain":["bedbugknocker.myshopify.com"],"_shopify_variant_id":["43849040167138"],"_sku":["BBKWEASELKILLER"],"_regular_price":["29.90"],"_price":["29.90"],"_sale_price":[""],"_weight":["0.2"],"_thumbnail_id":["23237"],"_global_unique_id":["5056773800243"],"total_sales":["32"],"_tax_status":["taxable"],"_tax_class":[""],"_manage_stock":["no"],"_backorders":["no"],"_sold_individually":["no"],"_virtual":["no"],"_downloadable":["no"],"_download_limit":["-1"],"_download_expiry":["-1"],"_stock":[null],"_stock_status":["instock"],"_wc_average_rating":["4.91"],"_wc_review_count":["74"],"_product_version":["10.5.2"],"_edit_lock":["1771708304:1"],"_edit_last":["1"],"_wp_page_template":["default"],"_woocs_price_geo_countries":[""],"_woocs_regular_price_geo":[""],"_woocs_sale_price_geo":[""],"site-sidebar-layout":["default"],"ast-site-content-layout":["default"],"site-content-style":["default"],"site-sidebar-style":["default"],"theme-transparent-header-meta":["default"],"_wc_rating_count":["a:2:{i:4;i:7;i:5;i:67;}"],"merchant-center-availability":["yes"],"merchant-center-id":["PAF"],"merchant-center-category":["7137"],"astra-migrate-meta-layouts":["set"],"_uag_css_file_name":["uag-css-22958.css"],"_elementor_page_assets":["a:0:{}"],"_uag_page_assets":["a:9:{s:3:\"css\";s:6893:\".wp-block-uagb-image{display:flex}.wp-block-uagb-image__figure{position:relative;display:flex;flex-direction:column;max-width:100%;height:auto;margin:0}.wp-block-uagb-image__figure img{height:auto;display:flex;max-width:100%;transition:box-shadow 0.2s ease}.wp-block-uagb-image__figure>a{display:inline-block}.wp-block-uagb-image__figure figcaption{text-align:center;margin-top:0.5em;margin-bottom:1em}.wp-block-uagb-image .components-placeholder.block-editor-media-placeholder .components-placeholder__instructions{align-self:center}.wp-block-uagb-image--align-left{text-align:left}.wp-block-uagb-image--align-right{text-align:right}.wp-block-uagb-image--align-center{text-align:center}.wp-block-uagb-image--align-full .wp-block-uagb-image__figure{margin-left:calc(50% - 50vw);margin-right:calc(50% - 50vw);max-width:100vw;width:100vw;height:auto}.wp-block-uagb-image--align-full .wp-block-uagb-image__figure img{height:auto;width:100% !important}.wp-block-uagb-image--align-wide .wp-block-uagb-image__figure img{height:auto;width:100%}.wp-block-uagb-image--layout-overlay__color-wrapper{position:absolute;left:0;top:0;right:0;bottom:0;opacity:0.2;background:rgba(0,0,0,0.5);transition:opacity 0.35s ease-in-out}.wp-block-uagb-image--layout-overlay-link{position:absolute;left:0;right:0;bottom:0;top:0}.wp-block-uagb-image--layout-overlay .wp-block-uagb-image__figure:hover .wp-block-uagb-image--layout-overlay__color-wrapper{opacity:1}.wp-block-uagb-image--layout-overlay__inner{position:absolute;left:15px;right:15px;bottom:15px;top:15px;display:flex;align-items:center;justify-content:center;flex-direction:column;border-color:#fff;transition:0.35s ease-in-out}.wp-block-uagb-image--layout-overlay__inner.top-left,.wp-block-uagb-image--layout-overlay__inner.top-center,.wp-block-uagb-image--layout-overlay__inner.top-right{justify-content:flex-start}.wp-block-uagb-image--layout-overlay__inner.bottom-left,.wp-block-uagb-image--layout-overlay__inner.bottom-center,.wp-block-uagb-image--layout-overlay__inner.bottom-right{justify-content:flex-end}.wp-block-uagb-image--layout-overlay__inner.top-left,.wp-block-uagb-image--layout-overlay__inner.center-left,.wp-block-uagb-image--layout-overlay__inner.bottom-left{align-items:flex-start}.wp-block-uagb-image--layout-overlay__inner.top-right,.wp-block-uagb-image--layout-overlay__inner.center-right,.wp-block-uagb-image--layout-overlay__inner.bottom-right{align-items:flex-end}.wp-block-uagb-image--layout-overlay__inner .uagb-image-heading{color:#fff;transition:transform 0.35s, opacity 0.35s ease-in-out;transform:translate3d(0, 24px, 0);margin:0;line-height:1em}.wp-block-uagb-image--layout-overlay__inner .uagb-image-separator{width:30%;border-top-width:2px;border-top-color:#fff;border-top-style:solid;margin-bottom:10px;opacity:0;transition:transform 0.4s, opacity 0.4s ease-in-out;transform:translate3d(0, 30px, 0)}.wp-block-uagb-image--layout-overlay__inner .uagb-image-caption{opacity:0;overflow:visible;color:#fff;transition:transform 0.45s, opacity 0.45s ease-in-out;transform:translate3d(0, 35px, 0)}.wp-block-uagb-image--layout-overlay__inner:hover .uagb-image-heading,.wp-block-uagb-image--layout-overlay__inner:hover .uagb-image-separator,.wp-block-uagb-image--layout-overlay__inner:hover .uagb-image-caption{opacity:1;transform:translate3d(0, 0, 0)}.wp-block-uagb-image--effect-zoomin .wp-block-uagb-image__figure img,.wp-block-uagb-image--effect-zoomin .wp-block-uagb-image__figure .wp-block-uagb-image--layout-overlay__color-wrapper{transform:scale(1);transition:transform 0.35s ease-in-out}.wp-block-uagb-image--effect-zoomin .wp-block-uagb-image__figure:hover img,.wp-block-uagb-image--effect-zoomin .wp-block-uagb-image__figure:hover .wp-block-uagb-image--layout-overlay__color-wrapper{transform:scale(1.05)}.wp-block-uagb-image--effect-slide .wp-block-uagb-image__figure img,.wp-block-uagb-image--effect-slide .wp-block-uagb-image__figure .wp-block-uagb-image--layout-overlay__color-wrapper{width:calc(100% + 40px) !important;max-width:none !important;transform:translate3d(-40px, 0, 0);transition:transform 0.35s ease-in-out}.wp-block-uagb-image--effect-slide .wp-block-uagb-image__figure:hover img,.wp-block-uagb-image--effect-slide .wp-block-uagb-image__figure:hover .wp-block-uagb-image--layout-overlay__color-wrapper{transform:translate3d(0, 0, 0)}.wp-block-uagb-image--effect-grayscale img{filter:grayscale(0%);transition:0.35s ease-in-out}.wp-block-uagb-image--effect-grayscale:hover img{filter:grayscale(100%)}.wp-block-uagb-image--effect-blur img{filter:blur(0);transition:0.35s ease-in-out}.wp-block-uagb-image--effect-blur:hover img{filter:blur(3px)}\n.uagb-block-e6f939b3.wp-block-uagb-image--layout-default figure img{box-shadow: 0px 0px 0 #00000070;}.uagb-block-e6f939b3.wp-block-uagb-image .wp-block-uagb-image__figure figcaption{font-style: normal;align-self: center;}.uagb-block-e6f939b3.wp-block-uagb-image--layout-overlay figure img{box-shadow: 0px 0px 0 #00000070;}.uagb-block-e6f939b3.wp-block-uagb-image--layout-overlay .wp-block-uagb-image--layout-overlay__color-wrapper{opacity: 0.2;}.uagb-block-e6f939b3.wp-block-uagb-image--layout-overlay .wp-block-uagb-image--layout-overlay__inner{left: 15px;right: 15px;top: 15px;bottom: 15px;}.uagb-block-e6f939b3.wp-block-uagb-image--layout-overlay .wp-block-uagb-image--layout-overlay__inner .uagb-image-heading{font-style: normal;color: #fff;opacity: 1;}.uagb-block-e6f939b3.wp-block-uagb-image--layout-overlay .wp-block-uagb-image--layout-overlay__inner .uagb-image-heading a{color: #fff;}.uagb-block-e6f939b3.wp-block-uagb-image--layout-overlay .wp-block-uagb-image--layout-overlay__inner .uagb-image-caption{opacity: 0;}.uagb-block-e6f939b3.wp-block-uagb-image--layout-overlay .wp-block-uagb-image__figure:hover .wp-block-uagb-image--layout-overlay__color-wrapper{opacity: 1;}.uagb-block-e6f939b3.wp-block-uagb-image .wp-block-uagb-image--layout-overlay__inner .uagb-image-separator{width: 30%;border-top-width: 2px;border-top-color: #fff;opacity: 0;}.uagb-block-e6f939b3.wp-block-uagb-image .wp-block-uagb-image__figure img{width: px;height: auto;}.uagb-block-e6f939b3.wp-block-uagb-image .wp-block-uagb-image__figure:hover .wp-block-uagb-image--layout-overlay__inner .uagb-image-caption{opacity: 1;}.uagb-block-e6f939b3.wp-block-uagb-image .wp-block-uagb-image__figure:hover .wp-block-uagb-image--layout-overlay__inner .uagb-image-separator{opacity: 1;}.uagb-block-e6f939b3.wp-block-uagb-image--layout-default figure:hover img{box-shadow: 0px 0px 0 #00000070;}.uagb-block-e6f939b3.wp-block-uagb-image--layout-overlay figure:hover img{box-shadow: 0px 0px 0 #00000070;}@media only screen and (max-width: 976px) {.uagb-block-e6f939b3.wp-block-uagb-image .wp-block-uagb-image__figure img{width: px;height: auto;}}@media only screen and (max-width: 767px) {.uagb-block-e6f939b3.wp-block-uagb-image .wp-block-uagb-image__figure img{width: px;height: auto;}}\";s:2:\"js\";s:0:\"\";s:18:\"current_block_list\";a:13:{i:0;s:11:\"core\/search\";i:1;s:10:\"core\/group\";i:2;s:12:\"core\/heading\";i:3;s:17:\"core\/latest-posts\";i:4;s:20:\"core\/latest-comments\";i:5;s:13:\"core\/archives\";i:6;s:15:\"core\/categories\";i:7;s:14:\"core\/paragraph\";i:8;s:10:\"uagb\/image\";i:9;s:11:\"core\/spacer\";i:10;s:30:\"woocommerce\/product-categories\";i:11;s:10:\"core\/image\";i:12;s:14:\"core\/shortcode\";}s:8:\"uag_flag\";b:1;s:11:\"uag_version\";s:10:\"1776400718\";s:6:\"gfonts\";a:0:{}s:10:\"gfonts_url\";s:0:\"\";s:12:\"gfonts_files\";a:0:{}s:14:\"uag_faq_layout\";b:0;}"]},"uagb_featured_image_src":{"full":["https:\/\/www.bedbugknocker.com\/wp-content\/uploads\/2025\/05\/WEASEL_TRAP.jpg",2560,2560,false],"thumbnail":["https:\/\/www.bedbugknocker.com\/wp-content\/uploads\/2025\/05\/WEASEL_TRAP-150x150.jpg",150,150,true],"medium":["https:\/\/www.bedbugknocker.com\/wp-content\/uploads\/2025\/05\/WEASEL_TRAP-300x300.jpg",300,300,true],"medium_large":["https:\/\/www.bedbugknocker.com\/wp-content\/uploads\/2025\/05\/WEASEL_TRAP-768x768.jpg",768,768,true],"large":["https:\/\/www.bedbugknocker.com\/wp-content\/uploads\/2025\/05\/WEASEL_TRAP-1024x1024.jpg",1024,1024,true],"1536x1536":["https:\/\/www.bedbugknocker.com\/wp-content\/uploads\/2025\/05\/WEASEL_TRAP-1536x1536.jpg",1536,1536,true],"2048x2048":["https:\/\/www.bedbugknocker.com\/wp-content\/uploads\/2025\/05\/WEASEL_TRAP-2048x2048.jpg",2048,2048,true],"trp-custom-language-flag":["https:\/\/www.bedbugknocker.com\/wp-content\/uploads\/2025\/05\/WEASEL_TRAP-12x12.jpg",12,12,true],"woocommerce_thumbnail":["https:\/\/www.bedbugknocker.com\/wp-content\/uploads\/2025\/05\/WEASEL_TRAP-300x300.jpg",300,300,true],"woocommerce_single":["https:\/\/www.bedbugknocker.com\/wp-content\/uploads\/2025\/05\/WEASEL_TRAP-600x600.jpg",600,600,true],"woocommerce_gallery_thumbnail":["https:\/\/www.bedbugknocker.com\/wp-content\/uploads\/2025\/05\/WEASEL_TRAP-100x100.jpg",100,100,true]},"uagb_author_info":{"display_name":"admin","author_link":"https:\/\/www.bedbugknocker.com\/si\/author\/"},"uagb_comment_info":74,"uagb_excerpt":"Capture weasels quickly and humanely with a reliable, high-performance trap. Our weasel trap is specifically designed to effectively capture weasels without causing unnecessary suffering, making it a responsible and efficient solution for protecting your property, poultry, and small animals from damage and predation. The most effective weasel trap on the market. Engineered with precision-trigger technology&hellip;","_links":{"self":[{"href":"https:\/\/www.bedbugknocker.com\/si\/wp-json\/wp\/v2\/product\/22958","targetHints":{"allow":["GET"]}}],"collection":[{"href":"https:\/\/www.bedbugknocker.com\/si\/wp-json\/wp\/v2\/product"}],"about":[{"href":"https:\/\/www.bedbugknocker.com\/si\/wp-json\/wp\/v2\/types\/product"}],"replies":[{"embeddable":true,"href":"https:\/\/www.bedbugknocker.com\/si\/wp-json\/wp\/v2\/comments?post=22958"}],"version-history":[{"count":4,"href":"https:\/\/www.bedbugknocker.com\/si\/wp-json\/wp\/v2\/product\/22958\/revisions"}],"predecessor-version":[{"id":27301,"href":"https:\/\/www.bedbugknocker.com\/si\/wp-json\/wp\/v2\/product\/22958\/revisions\/27301"}],"wp:featuredmedia":[{"embeddable":true,"href":"https:\/\/www.bedbugknocker.com\/si\/wp-json\/wp\/v2\/media\/23237"}],"wp:attachment":[{"href":"https:\/\/www.bedbugknocker.com\/si\/wp-json\/wp\/v2\/media?parent=22958"}],"wp:term":[{"taxonomy":"product_brand","embeddable":true,"href":"https:\/\/www.bedbugknocker.com\/si\/wp-json\/wp\/v2\/product_brand?post=22958"},{"taxonomy":"product_cat","embeddable":true,"href":"https:\/\/www.bedbugknocker.com\/si\/wp-json\/wp\/v2\/product_cat?post=22958"},{"taxonomy":"product_tag","embeddable":true,"href":"https:\/\/www.bedbugknocker.com\/si\/wp-json\/wp\/v2\/product_tag?post=22958"}],"curies":[{"name":"wp","href":"https:\/\/api.w.org\/{rel}","templated":true}]}}