{"id":22958,"date":"2025-05-26T16:13:26","date_gmt":"2025-05-26T14:13:26","guid":{"rendered":"https:\/\/www.bedbugknocker.com\/products\/weasel-killer-500-baits\/"},"modified":"2026-02-19T19:26:09","modified_gmt":"2026-02-19T18:26:09","slug":"weasel-killer-500-baits","status":"publish","type":"product","link":"https:\/\/www.bedbugknocker.com\/ro\/products\/weasel-killer-500-baits\/","title":{"rendered":"Capcan\u0103 pentru nev\u0103stuic\u0103"},"content":{"rendered":"<p><strong><img decoding=\"async\" style=\"margin-right: 12px;\" src=\"https:\/\/www.bedbugknocker.com\/wp-content\/uploads\/2026\/02\/Check.svg\" alt=\"\" width=\"18\" height=\"15\" \/>Captura\u021bi nev\u0103stuicile rapid \u0219i f\u0103r\u0103 cruzime cu o capcan\u0103 fiabil\u0103, de \u00eenalt\u0103 performan\u021b\u0103.<\/strong> Capcana noastr\u0103 pentru nev\u0103stuici este special conceput\u0103 pentru a captura \u00een mod eficient nev\u0103stuicile f\u0103r\u0103 a provoca suferin\u021be inutile, ceea ce o face o solu\u021bie responsabil\u0103 \u0219i eficient\u0103 pentru a v\u0103 proteja proprietatea, p\u0103s\u0103rile de curte \u0219i animalele mici de daune \u0219i pr\u0103d\u0103tori.<\/p>\n<p><strong><img decoding=\"async\" style=\"margin-right: 12px;\" src=\"https:\/\/www.bedbugknocker.com\/wp-content\/uploads\/2026\/02\/Check.svg\" alt=\"\" width=\"18\" height=\"15\" \/>Cea mai eficient\u0103 capcan\u0103 pentru nev\u0103stuici de pe pia\u021b\u0103.<\/strong> Proiectat\u0103 cu tehnologie de declan\u0219are de precizie \u0219i un mecanism de blocare sigur, aceast\u0103 capcan\u0103 asigur\u0103 o rat\u0103 ridicat\u0103 de capturare, reduc\u00e2nd \u00een acela\u0219i timp la minimum declan\u0219\u0103rile false. Designul s\u0103u sensibil, dar stabil, \u00eei permite s\u0103 r\u0103spund\u0103 instantaneu atunci c\u00e2nd intr\u0103 o nev\u0103stuic\u0103, oferind rezultate constante \u0219i fiabile.<\/p>\n<p><strong><img decoding=\"async\" style=\"margin-right: 12px;\" src=\"https:\/\/www.bedbugknocker.com\/wp-content\/uploads\/2026\/02\/Check.svg\" alt=\"\" width=\"18\" height=\"15\" \/>Oferim cea mai ieftin\u0103 capcan\u0103 pentru nev\u0103stuici de calitate profesional\u0103 disponibil\u0103.<\/strong> Pre\u021burile noastre competitive v\u0103 garanteaz\u0103 c\u0103 ve\u021bi primi performan\u021be de calitate superioar\u0103 la cel mai mic cost posibil. Nu trebuie s\u0103 pl\u0103ti\u021bi prea mult pentru un control eficient al animalelor s\u0103lbatice, capcana noastr\u0103 combin\u0103 durabilitatea, eficien\u021ba \u0219i accesibilitatea \u00eentr-o singur\u0103 solu\u021bie.<\/p>\n<p><strong><img decoding=\"async\" style=\"margin-right: 12px;\" src=\"https:\/\/www.bedbugknocker.com\/wp-content\/uploads\/2026\/02\/Check.svg\" alt=\"\" width=\"18\" height=\"15\" \/>100% garan\u021bie de returnare a banilor pentru \u00eencredere deplin\u0103.<\/strong> Suntem pe deplin \u00eencrez\u0103tori \u00een eficien\u021ba \u0219i calitatea de construc\u021bie a capcanei noastre pentru nev\u0103stuici. Dac\u0103 nu sunte\u021bi mul\u021bumit de performan\u021bele sale, v\u0103 vom rambursa achizi\u021bia - f\u0103r\u0103 proceduri complicate, f\u0103r\u0103 condi\u021bii ascunse.<\/p>\n<p><strong><img decoding=\"async\" style=\"margin-right: 12px;\" src=\"https:\/\/www.bedbugknocker.com\/wp-content\/uploads\/2026\/02\/Check.svg\" alt=\"\" width=\"18\" height=\"15\" \/>Livrare rapid\u0103 \u00een 24 de ore, astfel \u00eenc\u00e2t s\u0103 v\u0103 pute\u021bi proteja imediat proprietatea.<\/strong> \u00cen\u021belegem c\u0103 tratarea nev\u0103stuicilor este urgent\u0103, mai ales atunci c\u00e2nd animalele sau p\u0103s\u0103rile de curte sunt \u00een pericol. Acesta este motivul pentru care oferim \u00eentotdeauna livrare \u00een 24 de ore, asigur\u00e2ndu-v\u0103 c\u0103 pute\u021bi ac\u021biona f\u0103r\u0103 \u00eent\u00e2rziere.<\/p>\n<p><strong><img decoding=\"async\" style=\"margin-right: 12px;\" src=\"https:\/\/www.bedbugknocker.com\/wp-content\/uploads\/2026\/02\/Check.svg\" alt=\"\" width=\"18\" height=\"15\" \/>Construc\u021bie durabil\u0103 \u0219i rezistent\u0103 la intemperii pentru utilizare pe termen lung.<\/strong> Construit\u0103 din materiale puternice, rezistente la coroziune, capcana noastr\u0103 pentru nev\u0103stuici rezist\u0103 condi\u021biilor de exterior, cum ar fi ploaia, frigul \u0219i umiditatea. Este proiectat\u0103 pentru utilizare repetat\u0103 sezon dup\u0103 sezon, f\u0103r\u0103 a-\u0219i pierde eficien\u021ba.<\/p>\n<p><strong><img decoding=\"async\" style=\"margin-right: 12px;\" src=\"https:\/\/www.bedbugknocker.com\/wp-content\/uploads\/2026\/02\/Check.svg\" alt=\"\" width=\"18\" height=\"15\" \/>Proiectare sigur\u0103 pentru a reduce riscul pentru animalele ne\u021bint\u0103.<\/strong> Capcana este proiectat\u0103 pentru a viza \u00een mod specific nev\u0103stuicile \u00een func\u021bie de m\u0103rimea \u0219i comportamentul lor, contribuind la reducerea capturilor accidentale de animale mai mari atunci c\u00e2nd este amplasat\u0103 corect \u0219i utilizat\u0103 conform instruc\u021biunilor.<\/p>\n<p><strong><img decoding=\"async\" style=\"margin-right: 12px;\" src=\"https:\/\/www.bedbugknocker.com\/wp-content\/uploads\/2026\/02\/Check.svg\" alt=\"\" width=\"18\" height=\"15\" \/>U\u0219or de setat \u0219i simplu de monitorizat.<\/strong> Mecanismul intuitiv permite o instalare rapid\u0103 f\u0103r\u0103 unelte specializate sau instruire. Un sistem de \u00eenchidere sigur asigur\u0103 c\u0103 capcana r\u0103m\u00e2ne \u00eenchis\u0103 odat\u0103 declan\u0219at\u0103, \u00eempiedic\u00e2nd evadarea.<\/p>\n<p><strong><img decoding=\"async\" style=\"margin-right: 12px;\" src=\"https:\/\/www.bedbugknocker.com\/wp-content\/uploads\/2026\/02\/Check.svg\" alt=\"\" width=\"18\" height=\"15\" \/>Op\u021biuni versatile de amplasare pentru diferite medii.<\/strong> Potrivit\u0103 pentru ferme, hambare, cote\u021be de pui, gr\u0103dini, \u0219oproane \u0219i propriet\u0103\u021bi rurale, aceast\u0103 capcan\u0103 se adapteaz\u0103 la diverse medii \u00een care este detectat\u0103 activitatea nev\u0103stuicilor.<\/p>\n<p><strong><img decoding=\"async\" style=\"margin-right: 12px;\" src=\"https:\/\/www.bedbugknocker.com\/wp-content\/uploads\/2026\/02\/Check.svg\" alt=\"\" width=\"18\" height=\"15\" \/>V\u0103 protejeaz\u0103 eficient animalele, p\u0103s\u0103rile de curte \u0219i proprietatea.<\/strong> Nev\u0103stuicile pot provoca pagube serioase \u00eentr-un timp scurt. Prin utilizarea capcanei noastre extrem de eficiente, v\u0103 proteja\u021bi animalele, reduce\u021bi pierderile \u0219i v\u0103 men\u021bine\u021bi lini\u0219tea cu o solu\u021bie fiabil\u0103 de control al animalelor s\u0103lbatice.<\/p>\n<h2><strong>Instruc\u021biuni<\/strong><\/h2>\n<ul>\n<li>Identifica\u021bi zonele cu semne de activitate a nev\u0103stuicilor, cum ar fi urme, excremente, cuiburi deranjate sau puncte de intrare \u00een apropierea ad\u0103posturilor de p\u0103s\u0103ri, hambarelor sau \u0219oproanelor.<\/li>\n<li>A\u0219eza\u021bi capcana pe o suprafa\u021b\u0103 plan\u0103, stabil\u0103, de-a lungul pere\u021bilor, gardurilor sau c\u0103ilor \u00eenguste pe care se deplaseaz\u0103 \u00een mod natural nev\u0103stuicile.<\/li>\n<li>Pune\u021bi ca momeal\u0103 \u00een capcan\u0103 carne proasp\u0103t\u0103, resturi de pas\u0103re sau pe\u0219te pentru a atrage nev\u0103stuica. Pozi\u021biona\u021bi momeala bine \u00een interiorul zonei de declan\u0219are.<\/li>\n<li>Seta\u021bi cu aten\u021bie mecanismul de declan\u0219are \u00een conformitate cu instruc\u021biunile \u00eencorporate pe capcan\u0103. Asigura\u021bi-v\u0103 c\u0103 u\u0219a sau sistemul de capturare este corect armat \u0219i stabil.<\/li>\n<li>Pentru cele mai bune rezultate, utiliza\u021bi o capcan\u0103 pentru fiecare zon\u0103 activ\u0103. \u00cen zonele mai mari, pot fi necesare mai multe capcane pentru a cre\u0219te eficien\u021ba.<\/li>\n<li>Verifica\u021bi capcana cel pu\u021bin o dat\u0103 sau de dou\u0103 ori pe zi pentru a asigura manipularea \u00een timp util a oric\u0103rui animal capturat \u0219i pentru a reamorsa dac\u0103 este necesar.<\/li>\n<li>Purta\u021bi m\u0103nu\u0219i atunci c\u00e2nd manevra\u021bi capcana pentru a reduce mirosul uman \u0219i a \u00eembun\u0103t\u0103\u021bi succesul captur\u0103rii.<\/li>\n<li>Dup\u0103 capturare, respecta\u021bi reglement\u0103rile locale privind animalele s\u0103lbatice \u00een ceea ce prive\u0219te relocarea sau eliminarea. Respecta\u021bi \u00eentotdeauna legile locale privind controlul animalelor s\u0103lbatice.<\/li>\n<li>Cur\u0103\u021ba\u021bi bine capcana dup\u0103 fiecare utilizare cu ap\u0103 \u0219i dezinfectant u\u0219or pentru a men\u021bine igiena \u0219i performan\u021ba pe termen lung.<\/li>\n<li>Depozita\u021bi capcana \u00eentr-o loca\u021bie uscat\u0103 atunci c\u00e2nd nu este utilizat\u0103 pentru a-i p\u0103stra durabilitatea \u0219i fiabilitatea mecanic\u0103.<\/li>\n<\/ul>","protected":false},"excerpt":{"rendered":"<p>Capture weasels quickly and humanely with a reliable, high-performance trap. Our weasel trap is specifically designed to effectively capture weasels without causing unnecessary suffering, making it a responsible and efficient solution for protecting your property, poultry, and small animals from damage and predation. The most effective weasel trap on the market. Engineered with precision-trigger technology [&hellip;]<\/p>\n","protected":false},"featured_media":23237,"comment_status":"open","ping_status":"closed","template":"","meta":{"_uag_custom_page_level_css":"","site-sidebar-layout":"default","site-content-layout":"","ast-site-content-layout":"default","site-content-style":"default","site-sidebar-style":"default","ast-global-header-display":"","ast-banner-title-visibility":"","ast-main-header-display":"","ast-hfb-above-header-display":"","ast-hfb-below-header-display":"","ast-hfb-mobile-header-display":"","site-post-title":"","ast-breadcrumbs-content":"","ast-featured-img":"","footer-sml-layout":"","ast-disable-related-posts":"","theme-transparent-header-meta":"default","adv-header-id-meta":"","stick-header-meta":"","header-above-stick-meta":"","header-main-stick-meta":"","header-below-stick-meta":"","astra-migrate-meta-layouts":"set","ast-page-background-enabled":"default","ast-page-background-meta":{"desktop":{"background-color":"var(--ast-global-color-4)","background-image":"","background-repeat":"repeat","background-position":"center center","background-size":"auto","background-attachment":"scroll","background-type":"","background-media":"","overlay-type":"","overlay-color":"","overlay-opacity":"","overlay-gradient":""},"tablet":{"background-color":"","background-image":"","background-repeat":"repeat","background-position":"center center","background-size":"auto","background-attachment":"scroll","background-type":"","background-media":"","overlay-type":"","overlay-color":"","overlay-opacity":"","overlay-gradient":""},"mobile":{"background-color":"","background-image":"","background-repeat":"repeat","background-position":"center center","background-size":"auto","background-attachment":"scroll","background-type":"","background-media":"","overlay-type":"","overlay-color":"","overlay-opacity":"","overlay-gradient":""}},"ast-content-background-meta":{"desktop":{"background-color":"var(--ast-global-color-5)","background-image":"","background-repeat":"repeat","background-position":"center center","background-size":"auto","background-attachment":"scroll","background-type":"","background-media":"","overlay-type":"","overlay-color":"","overlay-opacity":"","overlay-gradient":""},"tablet":{"background-color":"var(--ast-global-color-5)","background-image":"","background-repeat":"repeat","background-position":"center center","background-size":"auto","background-attachment":"scroll","background-type":"","background-media":"","overlay-type":"","overlay-color":"","overlay-opacity":"","overlay-gradient":""},"mobile":{"background-color":"var(--ast-global-color-5)","background-image":"","background-repeat":"repeat","background-position":"center center","background-size":"auto","background-attachment":"scroll","background-type":"","background-media":"","overlay-type":"","overlay-color":"","overlay-opacity":"","overlay-gradient":""}}},"product_brand":[],"product_cat":[174],"product_tag":[],"class_list":{"0":"post-22958","1":"product","2":"type-product","3":"status-publish","4":"has-post-thumbnail","6":"product_cat-pest-control","7":"desktop-align-left","8":"tablet-align-left","9":"mobile-align-left","11":"first","12":"instock","13":"taxable","14":"shipping-taxable","15":"purchasable","16":"product-type-simple"},"spectra_custom_meta":{"_visibility":["visible"],"_shopify_product_id":["8032622346466"],"_s2w_shopify_domain":["bedbugknocker.myshopify.com"],"_shopify_variant_id":["43849040167138"],"_sku":["BBKWEASELKILLER"],"_regular_price":["29.90"],"_price":["29.90"],"_sale_price":[""],"_weight":["0.2"],"_thumbnail_id":["23237"],"_global_unique_id":["5056773800243"],"total_sales":["32"],"_tax_status":["taxable"],"_tax_class":[""],"_manage_stock":["no"],"_backorders":["no"],"_sold_individually":["no"],"_virtual":["no"],"_downloadable":["no"],"_download_limit":["-1"],"_download_expiry":["-1"],"_stock":[null],"_stock_status":["instock"],"_wc_average_rating":["4.91"],"_wc_review_count":["74"],"_product_version":["10.5.2"],"_edit_lock":["1771708304:1"],"_edit_last":["1"],"_wp_page_template":["default"],"_woocs_price_geo_countries":[""],"_woocs_regular_price_geo":[""],"_woocs_sale_price_geo":[""],"site-sidebar-layout":["default"],"ast-site-content-layout":["default"],"site-content-style":["default"],"site-sidebar-style":["default"],"theme-transparent-header-meta":["default"],"_wc_rating_count":["a:2:{i:4;i:7;i:5;i:67;}"],"merchant-center-availability":["yes"],"merchant-center-id":["PAF"],"merchant-center-category":["7137"],"astra-migrate-meta-layouts":["set"],"_uag_css_file_name":["uag-css-22958.css"],"_elementor_page_assets":["a:0:{}"]},"uagb_featured_image_src":{"full":["https:\/\/www.bedbugknocker.com\/wp-content\/uploads\/2025\/05\/WEASEL_TRAP.jpg",2560,2560,false],"thumbnail":["https:\/\/www.bedbugknocker.com\/wp-content\/uploads\/2025\/05\/WEASEL_TRAP-150x150.jpg",150,150,true],"medium":["https:\/\/www.bedbugknocker.com\/wp-content\/uploads\/2025\/05\/WEASEL_TRAP-300x300.jpg",300,300,true],"medium_large":["https:\/\/www.bedbugknocker.com\/wp-content\/uploads\/2025\/05\/WEASEL_TRAP-768x768.jpg",768,768,true],"large":["https:\/\/www.bedbugknocker.com\/wp-content\/uploads\/2025\/05\/WEASEL_TRAP-1024x1024.jpg",1024,1024,true],"1536x1536":["https:\/\/www.bedbugknocker.com\/wp-content\/uploads\/2025\/05\/WEASEL_TRAP-1536x1536.jpg",1536,1536,true],"2048x2048":["https:\/\/www.bedbugknocker.com\/wp-content\/uploads\/2025\/05\/WEASEL_TRAP-2048x2048.jpg",2048,2048,true],"trp-custom-language-flag":["https:\/\/www.bedbugknocker.com\/wp-content\/uploads\/2025\/05\/WEASEL_TRAP-12x12.jpg",12,12,true],"woocommerce_thumbnail":["https:\/\/www.bedbugknocker.com\/wp-content\/uploads\/2025\/05\/WEASEL_TRAP-300x300.jpg",300,300,true],"woocommerce_single":["https:\/\/www.bedbugknocker.com\/wp-content\/uploads\/2025\/05\/WEASEL_TRAP-600x600.jpg",600,600,true],"woocommerce_gallery_thumbnail":["https:\/\/www.bedbugknocker.com\/wp-content\/uploads\/2025\/05\/WEASEL_TRAP-100x100.jpg",100,100,true]},"uagb_author_info":{"display_name":"admin","author_link":"https:\/\/www.bedbugknocker.com\/ro\/author\/"},"uagb_comment_info":74,"uagb_excerpt":"Capture weasels quickly and humanely with a reliable, high-performance trap. Our weasel trap is specifically designed to effectively capture weasels without causing unnecessary suffering, making it a responsible and efficient solution for protecting your property, poultry, and small animals from damage and predation. The most effective weasel trap on the market. Engineered with precision-trigger technology&hellip;","_links":{"self":[{"href":"https:\/\/www.bedbugknocker.com\/ro\/wp-json\/wp\/v2\/product\/22958","targetHints":{"allow":["GET"]}}],"collection":[{"href":"https:\/\/www.bedbugknocker.com\/ro\/wp-json\/wp\/v2\/product"}],"about":[{"href":"https:\/\/www.bedbugknocker.com\/ro\/wp-json\/wp\/v2\/types\/product"}],"replies":[{"embeddable":true,"href":"https:\/\/www.bedbugknocker.com\/ro\/wp-json\/wp\/v2\/comments?post=22958"}],"version-history":[{"count":4,"href":"https:\/\/www.bedbugknocker.com\/ro\/wp-json\/wp\/v2\/product\/22958\/revisions"}],"predecessor-version":[{"id":27301,"href":"https:\/\/www.bedbugknocker.com\/ro\/wp-json\/wp\/v2\/product\/22958\/revisions\/27301"}],"wp:featuredmedia":[{"embeddable":true,"href":"https:\/\/www.bedbugknocker.com\/ro\/wp-json\/wp\/v2\/media\/23237"}],"wp:attachment":[{"href":"https:\/\/www.bedbugknocker.com\/ro\/wp-json\/wp\/v2\/media?parent=22958"}],"wp:term":[{"taxonomy":"product_brand","embeddable":true,"href":"https:\/\/www.bedbugknocker.com\/ro\/wp-json\/wp\/v2\/product_brand?post=22958"},{"taxonomy":"product_cat","embeddable":true,"href":"https:\/\/www.bedbugknocker.com\/ro\/wp-json\/wp\/v2\/product_cat?post=22958"},{"taxonomy":"product_tag","embeddable":true,"href":"https:\/\/www.bedbugknocker.com\/ro\/wp-json\/wp\/v2\/product_tag?post=22958"}],"curies":[{"name":"wp","href":"https:\/\/api.w.org\/{rel}","templated":true}]}}