{"id":22957,"date":"2025-05-26T16:13:22","date_gmt":"2025-05-26T14:13:22","guid":{"rendered":"https:\/\/www.bedbugknocker.com\/products\/snake-killer-500-baits\/"},"modified":"2026-02-19T19:27:36","modified_gmt":"2026-02-19T18:27:36","slug":"snake-killer-500-baits","status":"publish","type":"product","link":"https:\/\/www.bedbugknocker.com\/ro\/products\/snake-killer-500-baits\/","title":{"rendered":"Capcan\u0103 pentru \u0219erpi"},"content":{"rendered":"<p><strong><img decoding=\"async\" style=\"margin-right: 12px;\" src=\"https:\/\/www.bedbugknocker.com\/wp-content\/uploads\/2026\/02\/Check.svg\" alt=\"\" width=\"18\" height=\"15\" \/>Captura\u021bi \u0219erpii \u00een siguran\u021b\u0103 \u0219i eficient cu o solu\u021bie de prindere de calitate profesional\u0103.<\/strong> Capcana noastr\u0103 pentru \u0219erpi este special conceput\u0103 pentru a controla prezen\u021ba nedorit\u0103 a \u0219erpilor \u00een zonele reziden\u021biale, agricole \u0219i comerciale, oferind o metod\u0103 fiabil\u0103 de a v\u0103 proteja mediul \u0219i de a reduce riscurile poten\u021biale pentru oameni \u0219i animale.<\/p>\n<p><strong><img decoding=\"async\" style=\"margin-right: 12px;\" src=\"https:\/\/www.bedbugknocker.com\/wp-content\/uploads\/2026\/02\/Check.svg\" alt=\"\" width=\"18\" height=\"15\" \/>Cea mai eficient\u0103 capcan\u0103 pentru \u0219erpi disponibil\u0103 \u00een prezent.<\/strong> Conceput\u0103 cu o tehnologie avansat\u0103 de capturare, aceast\u0103 capcan\u0103 maximizeaz\u0103 ratele de succes prin \u021bintirea comportamentului \u0219arpelui \u0219i a tiparelor de mi\u0219care. Structura sa optimizat\u0103 asigur\u0103 c\u0103, odat\u0103 ce un \u0219arpe intr\u0103, evadarea este \u00eempiedicat\u0103, oferind o performan\u021b\u0103 constant\u0103 \u0219i fiabil\u0103.<\/p>\n<p><strong><img decoding=\"async\" style=\"margin-right: 12px;\" src=\"https:\/\/www.bedbugknocker.com\/wp-content\/uploads\/2026\/02\/Check.svg\" alt=\"\" width=\"18\" height=\"15\" \/>Oferim cea mai ieftin\u0103 capcan\u0103 pentru \u0219erpi de \u00eenalt\u0103 calitate de pe pia\u021b\u0103.<\/strong> Pre\u021burile noastre competitive v\u0103 asigur\u0103 c\u0103 beneficia\u021bi de eficien\u021b\u0103 la nivel profesional la cel mai mic cost. Nu trebuie s\u0103 cheltui\u021bi prea mult pentru a ob\u021bine un control fiabil al \u0219erpilor, ceea ce face din capcana noastr\u0103 cea mai avantajoas\u0103 solu\u021bie disponibil\u0103.<\/p>\n<p><strong><img decoding=\"async\" style=\"margin-right: 12px;\" src=\"https:\/\/www.bedbugknocker.com\/wp-content\/uploads\/2026\/02\/Check.svg\" alt=\"\" width=\"18\" height=\"15\" \/>100% garan\u021bie de returnare a banilor pentru o lini\u0219te deplin\u0103.<\/strong> Sus\u021binem performan\u021ba capcanei noastre pentru \u0219erpi. Dac\u0103 nu sunte\u021bi pe deplin mul\u021bumit, v\u0103 vom rambursa achizi\u021bia f\u0103r\u0103 probleme. Satisfac\u021bia \u0219i siguran\u021ba dvs. sunt priorit\u0103\u021bile noastre principale.<\/p>\n<p><strong><img decoding=\"async\" style=\"margin-right: 12px;\" src=\"https:\/\/www.bedbugknocker.com\/wp-content\/uploads\/2026\/02\/Check.svg\" alt=\"\" width=\"18\" height=\"15\" \/>Livrare rapid\u0103 \u00een 24 de ore pentru situa\u021bii urgente.<\/strong> Observarea \u0219erpilor necesit\u0103 adesea o ac\u021biune imediat\u0103. Acesta este motivul pentru care oferim \u00eentotdeauna livrare \u00een 24 de ore, asigur\u00e2ndu-v\u0103 c\u0103 v\u0103 pute\u021bi asigura rapid proprietatea \u0219i aborda problema f\u0103r\u0103 \u00eent\u00e2rziere.<\/p>\n<p><strong><img decoding=\"async\" style=\"margin-right: 12px;\" src=\"https:\/\/www.bedbugknocker.com\/wp-content\/uploads\/2026\/02\/Check.svg\" alt=\"\" width=\"18\" height=\"15\" \/>Acoperire larg\u0103 a suprafe\u021bei, p\u00e2n\u0103 la 20 m\u00b2 per zon\u0103 de amplasare a capcanei.<\/strong> Fiecare capcan\u0103 este proiectat\u0103 s\u0103 protejeze eficient o suprafa\u021b\u0103 de p\u00e2n\u0103 la 20 de metri p\u0103tra\u021bi atunci c\u00e2nd este pozi\u021bionat\u0103 corect, fiind potrivit\u0103 pentru gr\u0103dini, subsoluri, zone de depozitare, hambare \u0219i alte loca\u021bii vulnerabile.<\/p>\n<p><strong><img decoding=\"async\" style=\"margin-right: 12px;\" src=\"https:\/\/www.bedbugknocker.com\/wp-content\/uploads\/2026\/02\/Check.svg\" alt=\"\" width=\"18\" height=\"15\" \/>Construc\u021bie durabil\u0103 \u0219i rezistent\u0103 la intemperii.<\/strong> Fabricat\u0103 din materiale puternice \u0219i durabile, capcana noastr\u0103 pentru \u0219erpi rezist\u0103 la elemente exterioare precum ploaie, umiditate \u0219i schimb\u0103ri de temperatur\u0103, asigur\u00e2nd o performan\u021b\u0103 fiabil\u0103 \u00een diferite medii.<\/p>\n<p><strong><img decoding=\"async\" style=\"margin-right: 12px;\" src=\"https:\/\/www.bedbugknocker.com\/wp-content\/uploads\/2026\/02\/Check.svg\" alt=\"\" width=\"18\" height=\"15\" \/>Design sigur pentru captur\u0103 controlat\u0103.<\/strong> Capcana este structurat\u0103 pentru a viza \u00een mod specific \u0219erpii, minimiz\u00e2nd \u00een acela\u0219i timp riscul pentru animalele mai mari care nu sunt vizate, atunci c\u00e2nd este utilizat\u0103 corect \u0219i amplasat\u0103 strategic \u00een conformitate cu instruc\u021biunile.<\/p>\n<p><strong><img decoding=\"async\" style=\"margin-right: 12px;\" src=\"https:\/\/www.bedbugknocker.com\/wp-content\/uploads\/2026\/02\/Check.svg\" alt=\"\" width=\"18\" height=\"15\" \/>Configurare u\u0219oar\u0103, f\u0103r\u0103 a fi necesare unelte speciale.<\/strong> Capcana poate fi instalat\u0103 rapid, f\u0103r\u0103 asisten\u021b\u0103 profesional\u0103. Mecanismul s\u0103u u\u0219or de utilizat permite proprietarilor de locuin\u021be, fermierilor \u0219i administratorilor de propriet\u0103\u021bi s\u0103 o instaleze eficient.<\/p>\n<p><strong><img decoding=\"async\" style=\"margin-right: 12px;\" src=\"https:\/\/www.bedbugknocker.com\/wp-content\/uploads\/2026\/02\/Check.svg\" alt=\"\" width=\"18\" height=\"15\" \/>Proteja\u021bi-v\u0103 familia, animalele de companie \u0219i proprietatea cu \u00eencredere.<\/strong> \u0218erpii pot pune probleme de s\u0103n\u0103tate \u0219i siguran\u021b\u0103. Prin utilizarea capcanei noastre extrem de eficiente pentru \u0219erpi, v\u0103 reda\u021bi siguran\u021ba \u0219i lini\u0219tea sufleteasc\u0103, men\u021bin\u00e2nd \u00een acela\u0219i timp controlul asupra mediului \u00eenconjur\u0103tor.<\/p>\n<h2><strong>Instruc\u021biuni<\/strong><\/h2>\n<ul>\n<li>Identifica\u021bi zonele \u00een care a fost observat\u0103 activitatea \u0219erpilor, cum ar fi l\u00e2ng\u0103 pere\u021bi, garduri, gr\u0103mezi de lemne, magazii, subsoluri, gr\u0103dini sau surse de ap\u0103.<\/li>\n<li>A\u0219eza\u021bi capcana pe o suprafa\u021b\u0103 plan\u0103 de-a lungul c\u0103ilor naturale de deplasare sau a punctelor de intrare. \u0218erpii se deplaseaz\u0103 de obicei de-a lungul marginilor \u0219i a zonelor ascunse.<\/li>\n<li>Pozi\u021biona\u021bi o capcan\u0103 pentru aproximativ fiecare 20 m\u00b2 de zon\u0103 care necesit\u0103 protec\u021bie. Pentru zone mai mari sau puternic afectate, utiliza\u021bi mai multe capcane.<\/li>\n<li>Asigura\u021bi-v\u0103 c\u0103 capcana este stabil\u0103 \u0219i activat\u0103 corect \u00een conformitate cu instruc\u021biunile mecanismului \u00eencorporat.<\/li>\n<li>\u00cen zonele cu activitate frecvent\u0103 a \u0219erpilor, verifica\u021bi capcana cel pu\u021bin o dat\u0103 pe zi pentru a monitoriza rezultatele \u0219i a asigura siguran\u021ba.<\/li>\n<li>Utiliza\u021bi m\u0103nu\u0219i \u00een timpul instal\u0103rii \u0219i manipul\u0103rii pentru a minimiza mirosul uman \u0219i a cre\u0219te eficien\u021ba.<\/li>\n<li>\u021aine\u021bi copiii \u0219i animalele de companie departe de loca\u021bia capcanei \u00een timpul utiliz\u0103rii.<\/li>\n<li>Dup\u0103 capturare, respecta\u021bi reglement\u0103rile locale privind animalele s\u0103lbatice \u00een ceea ce prive\u0219te manipularea, relocarea sau eliminarea \u0219arpelui.<\/li>\n<li>Cur\u0103\u021ba\u021bi bine capcana dup\u0103 fiecare utilizare pentru a men\u021bine igiena \u0219i performan\u021ba.<\/li>\n<li>Depozita\u021bi capcana \u00eentr-un loc uscat \u0219i sigur atunci c\u00e2nd nu o utiliza\u021bi pentru a p\u0103stra durabilitatea \u0219i disponibilitatea pentru utilizarea viitoare.<\/li>\n<\/ul>","protected":false},"excerpt":{"rendered":"<p>Capture snakes safely and effectively with a professional-grade trapping solution. Our snake trap is specifically engineered to control unwanted snake presence in residential, agricultural, and commercial areas, providing a reliable method to secure your environment and reduce potential risks to people and animals. The most effective snake trap available today. Designed with advanced capture technology, [&hellip;]<\/p>\n","protected":false},"featured_media":23235,"comment_status":"open","ping_status":"closed","template":"","meta":{"_uag_custom_page_level_css":"","site-sidebar-layout":"default","site-content-layout":"","ast-site-content-layout":"default","site-content-style":"default","site-sidebar-style":"default","ast-global-header-display":"","ast-banner-title-visibility":"","ast-main-header-display":"","ast-hfb-above-header-display":"","ast-hfb-below-header-display":"","ast-hfb-mobile-header-display":"","site-post-title":"","ast-breadcrumbs-content":"","ast-featured-img":"","footer-sml-layout":"","ast-disable-related-posts":"","theme-transparent-header-meta":"default","adv-header-id-meta":"","stick-header-meta":"","header-above-stick-meta":"","header-main-stick-meta":"","header-below-stick-meta":"","astra-migrate-meta-layouts":"set","ast-page-background-enabled":"default","ast-page-background-meta":{"desktop":{"background-color":"var(--ast-global-color-4)","background-image":"","background-repeat":"repeat","background-position":"center center","background-size":"auto","background-attachment":"scroll","background-type":"","background-media":"","overlay-type":"","overlay-color":"","overlay-opacity":"","overlay-gradient":""},"tablet":{"background-color":"","background-image":"","background-repeat":"repeat","background-position":"center center","background-size":"auto","background-attachment":"scroll","background-type":"","background-media":"","overlay-type":"","overlay-color":"","overlay-opacity":"","overlay-gradient":""},"mobile":{"background-color":"","background-image":"","background-repeat":"repeat","background-position":"center center","background-size":"auto","background-attachment":"scroll","background-type":"","background-media":"","overlay-type":"","overlay-color":"","overlay-opacity":"","overlay-gradient":""}},"ast-content-background-meta":{"desktop":{"background-color":"var(--ast-global-color-5)","background-image":"","background-repeat":"repeat","background-position":"center center","background-size":"auto","background-attachment":"scroll","background-type":"","background-media":"","overlay-type":"","overlay-color":"","overlay-opacity":"","overlay-gradient":""},"tablet":{"background-color":"var(--ast-global-color-5)","background-image":"","background-repeat":"repeat","background-position":"center center","background-size":"auto","background-attachment":"scroll","background-type":"","background-media":"","overlay-type":"","overlay-color":"","overlay-opacity":"","overlay-gradient":""},"mobile":{"background-color":"var(--ast-global-color-5)","background-image":"","background-repeat":"repeat","background-position":"center center","background-size":"auto","background-attachment":"scroll","background-type":"","background-media":"","overlay-type":"","overlay-color":"","overlay-opacity":"","overlay-gradient":""}}},"product_brand":[],"product_cat":[174],"product_tag":[],"class_list":{"0":"post-22957","1":"product","2":"type-product","3":"status-publish","4":"has-post-thumbnail","6":"product_cat-pest-control","7":"desktop-align-left","8":"tablet-align-left","9":"mobile-align-left","11":"first","12":"instock","13":"taxable","14":"shipping-taxable","15":"purchasable","16":"product-type-simple"},"spectra_custom_meta":{"_visibility":["visible"],"_shopify_product_id":["8032611991778"],"_s2w_shopify_domain":["bedbugknocker.myshopify.com"],"_shopify_variant_id":["43849027616994"],"_sku":["BBKSNAKEKILLER"],"_regular_price":["29.90"],"_price":["29.90"],"_sale_price":[""],"_weight":["0.2"],"_thumbnail_id":["23235"],"_global_unique_id":["5056773800236"],"total_sales":["28"],"_tax_status":["taxable"],"_tax_class":[""],"_manage_stock":["no"],"_backorders":["no"],"_sold_individually":["no"],"_virtual":["no"],"_downloadable":["no"],"_download_limit":["-1"],"_download_expiry":["-1"],"_stock":[null],"_stock_status":["instock"],"_wc_average_rating":["4.92"],"_wc_review_count":["60"],"_product_version":["10.5.2"],"_edit_lock":["1771525520:1"],"_edit_last":["1"],"_wp_page_template":["default"],"_woocs_price_geo_countries":[""],"_woocs_regular_price_geo":[""],"_woocs_sale_price_geo":[""],"site-sidebar-layout":["default"],"ast-site-content-layout":["default"],"site-content-style":["default"],"site-sidebar-style":["default"],"theme-transparent-header-meta":["default"],"_wc_rating_count":["a:2:{i:4;i:5;i:5;i:55;}"],"merchant-center-id":["PAS"],"merchant-center-availability":["yes"],"merchant-center-category":["7137"],"astra-migrate-meta-layouts":["set"],"_uag_css_file_name":["uag-css-22957.css"],"_elementor_page_assets":["a:0:{}"],"_uag_page_assets":["a:9:{s:3:\"css\";s:7133:\".uag-blocks-common-selector{z-index:var(--z-index-desktop) !important}@media(max-width: 976px){.uag-blocks-common-selector{z-index:var(--z-index-tablet) !important}}@media(max-width: 767px){.uag-blocks-common-selector{z-index:var(--z-index-mobile) !important}}.wp-block-uagb-image{display:flex}.wp-block-uagb-image__figure{position:relative;display:flex;flex-direction:column;max-width:100%;height:auto;margin:0}.wp-block-uagb-image__figure img{height:auto;display:flex;max-width:100%;transition:box-shadow .2s ease}.wp-block-uagb-image__figure>a{display:inline-block}.wp-block-uagb-image__figure figcaption{text-align:center;margin-top:.5em;margin-bottom:1em}.wp-block-uagb-image .components-placeholder.block-editor-media-placeholder .components-placeholder__instructions{align-self:center}.wp-block-uagb-image--align-left{text-align:left}.wp-block-uagb-image--align-right{text-align:right}.wp-block-uagb-image--align-center{text-align:center}.wp-block-uagb-image--align-full .wp-block-uagb-image__figure{margin-left:calc(50% - 50vw);margin-right:calc(50% - 50vw);max-width:100vw;width:100vw;height:auto}.wp-block-uagb-image--align-full .wp-block-uagb-image__figure img{height:auto;width:100% !important}.wp-block-uagb-image--align-wide .wp-block-uagb-image__figure img{height:auto;width:100%}.wp-block-uagb-image--layout-overlay__color-wrapper{position:absolute;left:0;top:0;right:0;bottom:0;opacity:.2;background:rgba(0,0,0,.5);transition:opacity .35s ease-in-out}.wp-block-uagb-image--layout-overlay-link{position:absolute;left:0;right:0;bottom:0;top:0}.wp-block-uagb-image--layout-overlay .wp-block-uagb-image__figure:hover .wp-block-uagb-image--layout-overlay__color-wrapper{opacity:1}.wp-block-uagb-image--layout-overlay__inner{position:absolute;left:15px;right:15px;bottom:15px;top:15px;display:flex;align-items:center;justify-content:center;flex-direction:column;border-color:#fff;transition:.35s ease-in-out}.wp-block-uagb-image--layout-overlay__inner.top-left,.wp-block-uagb-image--layout-overlay__inner.top-center,.wp-block-uagb-image--layout-overlay__inner.top-right{justify-content:flex-start}.wp-block-uagb-image--layout-overlay__inner.bottom-left,.wp-block-uagb-image--layout-overlay__inner.bottom-center,.wp-block-uagb-image--layout-overlay__inner.bottom-right{justify-content:flex-end}.wp-block-uagb-image--layout-overlay__inner.top-left,.wp-block-uagb-image--layout-overlay__inner.center-left,.wp-block-uagb-image--layout-overlay__inner.bottom-left{align-items:flex-start}.wp-block-uagb-image--layout-overlay__inner.top-right,.wp-block-uagb-image--layout-overlay__inner.center-right,.wp-block-uagb-image--layout-overlay__inner.bottom-right{align-items:flex-end}.wp-block-uagb-image--layout-overlay__inner .uagb-image-heading{color:#fff;transition:transform .35s,opacity .35s ease-in-out;transform:translate3d(0, 24px, 0);margin:0;line-height:1em}.wp-block-uagb-image--layout-overlay__inner .uagb-image-separator{width:30%;border-top-width:2px;border-top-color:#fff;border-top-style:solid;margin-bottom:10px;opacity:0;transition:transform .4s,opacity .4s ease-in-out;transform:translate3d(0, 30px, 0)}.wp-block-uagb-image--layout-overlay__inner .uagb-image-caption{opacity:0;overflow:visible;color:#fff;transition:transform .45s,opacity .45s ease-in-out;transform:translate3d(0, 35px, 0)}.wp-block-uagb-image--layout-overlay__inner:hover .uagb-image-heading,.wp-block-uagb-image--layout-overlay__inner:hover .uagb-image-separator,.wp-block-uagb-image--layout-overlay__inner:hover .uagb-image-caption{opacity:1;transform:translate3d(0, 0, 0)}.wp-block-uagb-image--effect-zoomin .wp-block-uagb-image__figure img,.wp-block-uagb-image--effect-zoomin .wp-block-uagb-image__figure .wp-block-uagb-image--layout-overlay__color-wrapper{transform:scale(1);transition:transform .35s ease-in-out}.wp-block-uagb-image--effect-zoomin .wp-block-uagb-image__figure:hover img,.wp-block-uagb-image--effect-zoomin .wp-block-uagb-image__figure:hover .wp-block-uagb-image--layout-overlay__color-wrapper{transform:scale(1.05)}.wp-block-uagb-image--effect-slide .wp-block-uagb-image__figure img,.wp-block-uagb-image--effect-slide .wp-block-uagb-image__figure .wp-block-uagb-image--layout-overlay__color-wrapper{width:calc(100% + 40px) !important;max-width:none !important;transform:translate3d(-40px, 0, 0);transition:transform .35s ease-in-out}.wp-block-uagb-image--effect-slide .wp-block-uagb-image__figure:hover img,.wp-block-uagb-image--effect-slide .wp-block-uagb-image__figure:hover .wp-block-uagb-image--layout-overlay__color-wrapper{transform:translate3d(0, 0, 0)}.wp-block-uagb-image--effect-grayscale img{filter:grayscale(0%);transition:.35s ease-in-out}.wp-block-uagb-image--effect-grayscale:hover img{filter:grayscale(100%)}.wp-block-uagb-image--effect-blur img{filter:blur(0);transition:.35s ease-in-out}.wp-block-uagb-image--effect-blur:hover img{filter:blur(3px)}.uagb-block-e6f939b3.wp-block-uagb-image--layout-default figure img{box-shadow: 0px 0px 0 #00000070;}.uagb-block-e6f939b3.wp-block-uagb-image .wp-block-uagb-image__figure figcaption{font-style: normal;align-self: center;}.uagb-block-e6f939b3.wp-block-uagb-image--layout-overlay figure img{box-shadow: 0px 0px 0 #00000070;}.uagb-block-e6f939b3.wp-block-uagb-image--layout-overlay .wp-block-uagb-image--layout-overlay__color-wrapper{opacity: 0.2;}.uagb-block-e6f939b3.wp-block-uagb-image--layout-overlay .wp-block-uagb-image--layout-overlay__inner{left: 15px;right: 15px;top: 15px;bottom: 15px;}.uagb-block-e6f939b3.wp-block-uagb-image--layout-overlay .wp-block-uagb-image--layout-overlay__inner .uagb-image-heading{font-style: normal;color: #fff;opacity: 1;}.uagb-block-e6f939b3.wp-block-uagb-image--layout-overlay .wp-block-uagb-image--layout-overlay__inner .uagb-image-heading a{color: #fff;}.uagb-block-e6f939b3.wp-block-uagb-image--layout-overlay .wp-block-uagb-image--layout-overlay__inner .uagb-image-caption{opacity: 0;}.uagb-block-e6f939b3.wp-block-uagb-image--layout-overlay .wp-block-uagb-image__figure:hover .wp-block-uagb-image--layout-overlay__color-wrapper{opacity: 1;}.uagb-block-e6f939b3.wp-block-uagb-image .wp-block-uagb-image--layout-overlay__inner .uagb-image-separator{width: 30%;border-top-width: 2px;border-top-color: #fff;opacity: 0;}.uagb-block-e6f939b3.wp-block-uagb-image .wp-block-uagb-image__figure img{width: px;height: auto;}.uagb-block-e6f939b3.wp-block-uagb-image .wp-block-uagb-image__figure:hover .wp-block-uagb-image--layout-overlay__inner .uagb-image-caption{opacity: 1;}.uagb-block-e6f939b3.wp-block-uagb-image .wp-block-uagb-image__figure:hover .wp-block-uagb-image--layout-overlay__inner .uagb-image-separator{opacity: 1;}.uagb-block-e6f939b3.wp-block-uagb-image--layout-default figure:hover img{box-shadow: 0px 0px 0 #00000070;}.uagb-block-e6f939b3.wp-block-uagb-image--layout-overlay figure:hover img{box-shadow: 0px 0px 0 #00000070;}@media only screen and (max-width: 976px) {.uagb-block-e6f939b3.wp-block-uagb-image .wp-block-uagb-image__figure img{width: px;height: auto;}}@media only screen and (max-width: 767px) {.uagb-block-e6f939b3.wp-block-uagb-image .wp-block-uagb-image__figure img{width: px;height: auto;}}\";s:2:\"js\";s:0:\"\";s:18:\"current_block_list\";a:13:{i:0;s:11:\"core\/search\";i:1;s:10:\"core\/group\";i:2;s:12:\"core\/heading\";i:3;s:17:\"core\/latest-posts\";i:4;s:20:\"core\/latest-comments\";i:5;s:13:\"core\/archives\";i:6;s:15:\"core\/categories\";i:7;s:14:\"core\/paragraph\";i:8;s:10:\"uagb\/image\";i:9;s:11:\"core\/spacer\";i:10;s:30:\"woocommerce\/product-categories\";i:11;s:10:\"core\/image\";i:12;s:14:\"core\/shortcode\";}s:8:\"uag_flag\";b:1;s:11:\"uag_version\";s:10:\"1777304977\";s:6:\"gfonts\";a:0:{}s:10:\"gfonts_url\";s:0:\"\";s:12:\"gfonts_files\";a:0:{}s:14:\"uag_faq_layout\";b:0;}"]},"uagb_featured_image_src":{"full":["https:\/\/www.bedbugknocker.com\/wp-content\/uploads\/2025\/05\/SNAKE_TRAP-mockup.jpg",2560,2560,false],"thumbnail":["https:\/\/www.bedbugknocker.com\/wp-content\/uploads\/2025\/05\/SNAKE_TRAP-mockup-150x150.jpg",150,150,true],"medium":["https:\/\/www.bedbugknocker.com\/wp-content\/uploads\/2025\/05\/SNAKE_TRAP-mockup-300x300.jpg",300,300,true],"medium_large":["https:\/\/www.bedbugknocker.com\/wp-content\/uploads\/2025\/05\/SNAKE_TRAP-mockup-768x768.jpg",768,768,true],"large":["https:\/\/www.bedbugknocker.com\/wp-content\/uploads\/2025\/05\/SNAKE_TRAP-mockup-1024x1024.jpg",1024,1024,true],"1536x1536":["https:\/\/www.bedbugknocker.com\/wp-content\/uploads\/2025\/05\/SNAKE_TRAP-mockup-1536x1536.jpg",1536,1536,true],"2048x2048":["https:\/\/www.bedbugknocker.com\/wp-content\/uploads\/2025\/05\/SNAKE_TRAP-mockup-2048x2048.jpg",2048,2048,true],"trp-custom-language-flag":["https:\/\/www.bedbugknocker.com\/wp-content\/uploads\/2025\/05\/SNAKE_TRAP-mockup-12x12.jpg",12,12,true],"woocommerce_thumbnail":["https:\/\/www.bedbugknocker.com\/wp-content\/uploads\/2025\/05\/SNAKE_TRAP-mockup-300x300.jpg",300,300,true],"woocommerce_single":["https:\/\/www.bedbugknocker.com\/wp-content\/uploads\/2025\/05\/SNAKE_TRAP-mockup-600x600.jpg",600,600,true],"woocommerce_gallery_thumbnail":["https:\/\/www.bedbugknocker.com\/wp-content\/uploads\/2025\/05\/SNAKE_TRAP-mockup-100x100.jpg",100,100,true]},"uagb_author_info":{"display_name":"admin","author_link":"https:\/\/www.bedbugknocker.com\/ro\/author\/"},"uagb_comment_info":60,"uagb_excerpt":"Capture snakes safely and effectively with a professional-grade trapping solution. Our snake trap is specifically engineered to control unwanted snake presence in residential, agricultural, and commercial areas, providing a reliable method to secure your environment and reduce potential risks to people and animals. The most effective snake trap available today. Designed with advanced capture technology,&hellip;","_links":{"self":[{"href":"https:\/\/www.bedbugknocker.com\/ro\/wp-json\/wp\/v2\/product\/22957","targetHints":{"allow":["GET"]}}],"collection":[{"href":"https:\/\/www.bedbugknocker.com\/ro\/wp-json\/wp\/v2\/product"}],"about":[{"href":"https:\/\/www.bedbugknocker.com\/ro\/wp-json\/wp\/v2\/types\/product"}],"replies":[{"embeddable":true,"href":"https:\/\/www.bedbugknocker.com\/ro\/wp-json\/wp\/v2\/comments?post=22957"}],"version-history":[{"count":5,"href":"https:\/\/www.bedbugknocker.com\/ro\/wp-json\/wp\/v2\/product\/22957\/revisions"}],"predecessor-version":[{"id":27303,"href":"https:\/\/www.bedbugknocker.com\/ro\/wp-json\/wp\/v2\/product\/22957\/revisions\/27303"}],"wp:featuredmedia":[{"embeddable":true,"href":"https:\/\/www.bedbugknocker.com\/ro\/wp-json\/wp\/v2\/media\/23235"}],"wp:attachment":[{"href":"https:\/\/www.bedbugknocker.com\/ro\/wp-json\/wp\/v2\/media?parent=22957"}],"wp:term":[{"taxonomy":"product_brand","embeddable":true,"href":"https:\/\/www.bedbugknocker.com\/ro\/wp-json\/wp\/v2\/product_brand?post=22957"},{"taxonomy":"product_cat","embeddable":true,"href":"https:\/\/www.bedbugknocker.com\/ro\/wp-json\/wp\/v2\/product_cat?post=22957"},{"taxonomy":"product_tag","embeddable":true,"href":"https:\/\/www.bedbugknocker.com\/ro\/wp-json\/wp\/v2\/product_tag?post=22957"}],"curies":[{"name":"wp","href":"https:\/\/api.w.org\/{rel}","templated":true}]}}