{"id":22958,"date":"2025-05-26T16:13:26","date_gmt":"2025-05-26T14:13:26","guid":{"rendered":"https:\/\/www.bedbugknocker.com\/products\/weasel-killer-500-baits\/"},"modified":"2026-02-19T19:26:09","modified_gmt":"2026-02-19T18:26:09","slug":"weasel-killer-500-baits","status":"publish","type":"product","link":"https:\/\/www.bedbugknocker.com\/pl\/products\/weasel-killer-500-baits\/","title":{"rendered":"Pu\u0142apka na \u0142asic\u0119"},"content":{"rendered":"<p><strong><img decoding=\"async\" style=\"margin-right: 12px;\" src=\"https:\/\/www.bedbugknocker.com\/wp-content\/uploads\/2026\/02\/Check.svg\" alt=\"\" width=\"18\" height=\"15\" \/>\u0141ap \u0142asice szybko i humanitarnie za pomoc\u0105 niezawodnej pu\u0142apki o wysokiej wydajno\u015bci.<\/strong> Nasza pu\u0142apka na \u0142asice zosta\u0142a specjalnie zaprojektowana do skutecznego chwytania \u0142asic bez powodowania niepotrzebnego cierpienia, dzi\u0119ki czemu jest odpowiedzialnym i skutecznym rozwi\u0105zaniem do ochrony mienia, drobiu i ma\u0142ych zwierz\u0105t przed zniszczeniem i drapie\u017cnictwem.<\/p>\n<p><strong><img decoding=\"async\" style=\"margin-right: 12px;\" src=\"https:\/\/www.bedbugknocker.com\/wp-content\/uploads\/2026\/02\/Check.svg\" alt=\"\" width=\"18\" height=\"15\" \/>Najskuteczniejsza pu\u0142apka na \u0142asice na rynku.<\/strong> Zaprojektowana z wykorzystaniem technologii precyzyjnego wyzwalania i bezpiecznego mechanizmu blokuj\u0105cego, pu\u0142apka ta zapewnia wysoki wska\u017anik wychwytywania przy jednoczesnym zminimalizowaniu fa\u0142szywych wyzwole\u0144. Jej czu\u0142a, a jednocze\u015bnie stabilna konstrukcja umo\u017cliwia natychmiastow\u0105 reakcj\u0119 na wej\u015bcie \u0142asicy, zapewniaj\u0105c sp\u00f3jne i niezawodne wyniki.<\/p>\n<p><strong><img decoding=\"async\" style=\"margin-right: 12px;\" src=\"https:\/\/www.bedbugknocker.com\/wp-content\/uploads\/2026\/02\/Check.svg\" alt=\"\" width=\"18\" height=\"15\" \/>Oferujemy najta\u0144sz\u0105 dost\u0119pn\u0105 profesjonaln\u0105 pu\u0142apk\u0119 na \u0142asice.<\/strong> Nasze konkurencyjne ceny gwarantuj\u0105, \u017ce otrzymasz najwy\u017cszej jako\u015bci wydajno\u015b\u0107 przy najni\u017cszych mo\u017cliwych kosztach. Nie musisz przep\u0142aca\u0107 za skuteczn\u0105 kontrol\u0119 dzikich zwierz\u0105t, nasza pu\u0142apka \u0142\u0105czy w sobie trwa\u0142o\u015b\u0107, wydajno\u015b\u0107 i przyst\u0119pn\u0105 cen\u0119 w jednym rozwi\u0105zaniu.<\/p>\n<p><strong><img decoding=\"async\" style=\"margin-right: 12px;\" src=\"https:\/\/www.bedbugknocker.com\/wp-content\/uploads\/2026\/02\/Check.svg\" alt=\"\" width=\"18\" height=\"15\" \/>Gwarancja zwrotu pieni\u0119dzy 100% dla pe\u0142nej pewno\u015bci.<\/strong> Jeste\u015bmy w pe\u0142ni przekonani o skuteczno\u015bci i jako\u015bci wykonania naszej pu\u0142apki na \u0142asice. Je\u015bli nie b\u0119dziesz zadowolony z jej dzia\u0142ania, zwr\u00f3cimy Ci pieni\u0105dze za zakup - bez skomplikowanych procedur, bez ukrytych warunk\u00f3w.<\/p>\n<p><strong><img decoding=\"async\" style=\"margin-right: 12px;\" src=\"https:\/\/www.bedbugknocker.com\/wp-content\/uploads\/2026\/02\/Check.svg\" alt=\"\" width=\"18\" height=\"15\" \/>Szybka dostawa w ci\u0105gu 24 godzin umo\u017cliwia natychmiastow\u0105 ochron\u0119 mienia.<\/strong> Rozumiemy, \u017ce walka z \u0142asicami jest pilna, zw\u0142aszcza gdy zagro\u017cone s\u0105 zwierz\u0119ta gospodarskie lub dr\u00f3b. Dlatego zawsze oferujemy 24-godzinn\u0105 dostaw\u0119, zapewniaj\u0105c mo\u017cliwo\u015b\u0107 niezw\u0142ocznego dzia\u0142ania.<\/p>\n<p><strong><img decoding=\"async\" style=\"margin-right: 12px;\" src=\"https:\/\/www.bedbugknocker.com\/wp-content\/uploads\/2026\/02\/Check.svg\" alt=\"\" width=\"18\" height=\"15\" \/>Trwa\u0142a i odporna na warunki atmosferyczne konstrukcja zapewnia d\u0142ugotrwa\u0142e u\u017cytkowanie.<\/strong> Zbudowana z mocnych, odpornych na korozj\u0119 materia\u0142\u00f3w, nasza pu\u0142apka na \u0142asice wytrzymuje warunki zewn\u0119trzne, takie jak deszcz, zimno i wilgo\u0107. Zosta\u0142a zaprojektowana do wielokrotnego u\u017cytku sezon po sezonie bez utraty skuteczno\u015bci.<\/p>\n<p><strong><img decoding=\"async\" style=\"margin-right: 12px;\" src=\"https:\/\/www.bedbugknocker.com\/wp-content\/uploads\/2026\/02\/Check.svg\" alt=\"\" width=\"18\" height=\"15\" \/>Bezpieczna konstrukcja zmniejszaj\u0105ca ryzyko dla zwierz\u0105t innych ni\u017c docelowe.<\/strong> Pu\u0142apka zosta\u0142a zaprojektowana tak, aby celowa\u0107 w \u0142asice w oparciu o ich rozmiar i zachowanie, pomagaj\u0105c ograniczy\u0107 przypadkowe schwytanie wi\u0119kszych zwierz\u0105t, je\u015bli jest prawid\u0142owo umieszczona i u\u017cywana zgodnie z instrukcjami.<\/p>\n<p><strong><img decoding=\"async\" style=\"margin-right: 12px;\" src=\"https:\/\/www.bedbugknocker.com\/wp-content\/uploads\/2026\/02\/Check.svg\" alt=\"\" width=\"18\" height=\"15\" \/>\u0141atwa konfiguracja i proste monitorowanie.<\/strong> Intuicyjny mechanizm umo\u017cliwia szybk\u0105 konfiguracj\u0119 bez specjalistycznych narz\u0119dzi lub szkolenia. Bezpieczny system zatrzaskowy zapewnia, \u017ce pu\u0142apka pozostaje zamkni\u0119ta po uruchomieniu, zapobiegaj\u0105c ucieczce.<\/p>\n<p><strong><img decoding=\"async\" style=\"margin-right: 12px;\" src=\"https:\/\/www.bedbugknocker.com\/wp-content\/uploads\/2026\/02\/Check.svg\" alt=\"\" width=\"18\" height=\"15\" \/>Wszechstronne opcje umieszczania w r\u00f3\u017cnych \u015brodowiskach.<\/strong> Nadaje si\u0119 do gospodarstw rolnych, stod\u00f3\u0142, kurnik\u00f3w, ogrod\u00f3w, szop i posiad\u0142o\u015bci wiejskich, ta pu\u0142apka dostosowuje si\u0119 do r\u00f3\u017cnych ustawie\u0144, w kt\u00f3rych wykrywana jest aktywno\u015b\u0107 \u0142asicy.<\/p>\n<p><strong><img decoding=\"async\" style=\"margin-right: 12px;\" src=\"https:\/\/www.bedbugknocker.com\/wp-content\/uploads\/2026\/02\/Check.svg\" alt=\"\" width=\"18\" height=\"15\" \/>Skutecznie chroni zwierz\u0119ta gospodarskie, dr\u00f3b i mienie.<\/strong> \u0141asice mog\u0105 wyrz\u0105dzi\u0107 powa\u017cne szkody w kr\u00f3tkim czasie. Korzystaj\u0105c z naszej wysoce skutecznej pu\u0142apki, chronisz swoje zwierz\u0119ta, ograniczasz straty i zachowujesz spok\u00f3j ducha dzi\u0119ki niezawodnemu rozwi\u0105zaniu do kontroli dzikich zwierz\u0105t.<\/p>\n<h2><strong>Instrukcje<\/strong><\/h2>\n<ul>\n<li>Zidentyfikuj obszary z oznakami aktywno\u015bci \u0142asic, takie jak \u015blady, odchody, naruszone gniazda lub punkty wej\u015bcia w pobli\u017cu kurnik\u00f3w, ob\u00f3r lub kurnik\u00f3w.<\/li>\n<li>Umie\u015b\u0107 pu\u0142apk\u0119 na p\u0142askiej, stabilnej powierzchni wzd\u0142u\u017c \u015bcian, ogrodze\u0144 lub w\u0105skich \u015bcie\u017cek, po kt\u00f3rych naturalnie poruszaj\u0105 si\u0119 \u0142asice.<\/li>\n<li>Aby zwabi\u0107 \u0142asic\u0119, przyn\u0119t\u0119 nale\u017cy wype\u0142ni\u0107 \u015bwie\u017cym mi\u0119sem, skrawkami drobiu lub ryb\u0105. Umie\u015b\u0107 przyn\u0119t\u0119 bezpiecznie wewn\u0105trz obszaru spustowego.<\/li>\n<li>Ostro\u017cnie ustaw mechanizm spustowy zgodnie z wbudowanymi instrukcjami na pu\u0142apce. Upewnij si\u0119, \u017ce drzwi lub system chwytaj\u0105cy s\u0105 prawid\u0142owo uzbrojone i stabilne.<\/li>\n<li>Aby uzyska\u0107 najlepsze wyniki, nale\u017cy u\u017cy\u0107 jednej pu\u0142apki na aktywn\u0105 stref\u0119. Na wi\u0119kszych obszarach mo\u017ce by\u0107 wymagane u\u017cycie kilku pu\u0142apek w celu zwi\u0119kszenia skuteczno\u015bci.<\/li>\n<li>Pu\u0142apk\u0119 nale\u017cy sprawdza\u0107 co najmniej raz lub dwa razy dziennie, aby zapewni\u0107 terminow\u0105 obs\u0142ug\u0119 schwytanego zwierz\u0119cia i w razie potrzeby ponownie na\u0142o\u017cy\u0107 przyn\u0119t\u0119.<\/li>\n<li>Podczas obs\u0142ugi pu\u0142apki nale\u017cy nosi\u0107 r\u0119kawiczki, aby ograniczy\u0107 zapach cz\u0142owieka i zwi\u0119kszy\u0107 skuteczno\u015b\u0107 chwytania.<\/li>\n<li>Po schwytaniu nale\u017cy post\u0119powa\u0107 zgodnie z lokalnymi przepisami dotycz\u0105cymi przemieszczania lub usuwania dzikich zwierz\u0105t. Nale\u017cy zawsze przestrzega\u0107 lokalnych przepis\u00f3w dotycz\u0105cych kontroli dzikich zwierz\u0105t.<\/li>\n<li>Po ka\u017cdym u\u017cyciu dok\u0142adnie wyczy\u015b\u0107 syfon wod\u0105 i \u0142agodnym \u015brodkiem dezynfekuj\u0105cym, aby zachowa\u0107 higien\u0119 i d\u0142ugotrwa\u0142\u0105 wydajno\u015b\u0107.<\/li>\n<li>Nieu\u017cywan\u0105 pu\u0142apk\u0119 nale\u017cy przechowywa\u0107 w suchym miejscu, aby zachowa\u0107 jej trwa\u0142o\u015b\u0107 i niezawodno\u015b\u0107 mechaniczn\u0105.<\/li>\n<\/ul>","protected":false},"excerpt":{"rendered":"<p>Capture weasels quickly and humanely with a reliable, high-performance trap. Our weasel trap is specifically designed to effectively capture weasels without causing unnecessary suffering, making it a responsible and efficient solution for protecting your property, poultry, and small animals from damage and predation. The most effective weasel trap on the market. Engineered with precision-trigger technology [&hellip;]<\/p>\n","protected":false},"featured_media":23237,"comment_status":"open","ping_status":"closed","template":"","meta":{"_uag_custom_page_level_css":"","site-sidebar-layout":"default","site-content-layout":"","ast-site-content-layout":"default","site-content-style":"default","site-sidebar-style":"default","ast-global-header-display":"","ast-banner-title-visibility":"","ast-main-header-display":"","ast-hfb-above-header-display":"","ast-hfb-below-header-display":"","ast-hfb-mobile-header-display":"","site-post-title":"","ast-breadcrumbs-content":"","ast-featured-img":"","footer-sml-layout":"","ast-disable-related-posts":"","theme-transparent-header-meta":"default","adv-header-id-meta":"","stick-header-meta":"","header-above-stick-meta":"","header-main-stick-meta":"","header-below-stick-meta":"","astra-migrate-meta-layouts":"set","ast-page-background-enabled":"default","ast-page-background-meta":{"desktop":{"background-color":"var(--ast-global-color-4)","background-image":"","background-repeat":"repeat","background-position":"center center","background-size":"auto","background-attachment":"scroll","background-type":"","background-media":"","overlay-type":"","overlay-color":"","overlay-opacity":"","overlay-gradient":""},"tablet":{"background-color":"","background-image":"","background-repeat":"repeat","background-position":"center center","background-size":"auto","background-attachment":"scroll","background-type":"","background-media":"","overlay-type":"","overlay-color":"","overlay-opacity":"","overlay-gradient":""},"mobile":{"background-color":"","background-image":"","background-repeat":"repeat","background-position":"center center","background-size":"auto","background-attachment":"scroll","background-type":"","background-media":"","overlay-type":"","overlay-color":"","overlay-opacity":"","overlay-gradient":""}},"ast-content-background-meta":{"desktop":{"background-color":"var(--ast-global-color-5)","background-image":"","background-repeat":"repeat","background-position":"center center","background-size":"auto","background-attachment":"scroll","background-type":"","background-media":"","overlay-type":"","overlay-color":"","overlay-opacity":"","overlay-gradient":""},"tablet":{"background-color":"var(--ast-global-color-5)","background-image":"","background-repeat":"repeat","background-position":"center center","background-size":"auto","background-attachment":"scroll","background-type":"","background-media":"","overlay-type":"","overlay-color":"","overlay-opacity":"","overlay-gradient":""},"mobile":{"background-color":"var(--ast-global-color-5)","background-image":"","background-repeat":"repeat","background-position":"center center","background-size":"auto","background-attachment":"scroll","background-type":"","background-media":"","overlay-type":"","overlay-color":"","overlay-opacity":"","overlay-gradient":""}}},"product_brand":[],"product_cat":[174],"product_tag":[],"class_list":{"0":"post-22958","1":"product","2":"type-product","3":"status-publish","4":"has-post-thumbnail","6":"product_cat-pest-control","7":"desktop-align-left","8":"tablet-align-left","9":"mobile-align-left","11":"first","12":"instock","13":"taxable","14":"shipping-taxable","15":"purchasable","16":"product-type-simple"},"spectra_custom_meta":{"_visibility":["visible"],"_shopify_product_id":["8032622346466"],"_s2w_shopify_domain":["bedbugknocker.myshopify.com"],"_shopify_variant_id":["43849040167138"],"_sku":["BBKWEASELKILLER"],"_regular_price":["29.90"],"_price":["29.90"],"_sale_price":[""],"_weight":["0.2"],"_thumbnail_id":["23237"],"_global_unique_id":["5056773800243"],"total_sales":["32"],"_tax_status":["taxable"],"_tax_class":[""],"_manage_stock":["no"],"_backorders":["no"],"_sold_individually":["no"],"_virtual":["no"],"_downloadable":["no"],"_download_limit":["-1"],"_download_expiry":["-1"],"_stock":[null],"_stock_status":["instock"],"_wc_average_rating":["4.91"],"_wc_review_count":["74"],"_product_version":["10.5.2"],"_edit_lock":["1771708304:1"],"_edit_last":["1"],"_wp_page_template":["default"],"_woocs_price_geo_countries":[""],"_woocs_regular_price_geo":[""],"_woocs_sale_price_geo":[""],"site-sidebar-layout":["default"],"ast-site-content-layout":["default"],"site-content-style":["default"],"site-sidebar-style":["default"],"theme-transparent-header-meta":["default"],"_wc_rating_count":["a:2:{i:4;i:7;i:5;i:67;}"],"merchant-center-availability":["yes"],"merchant-center-id":["PAF"],"merchant-center-category":["7137"],"astra-migrate-meta-layouts":["set"],"_uag_css_file_name":["uag-css-22958.css"],"_elementor_page_assets":["a:0:{}"]},"uagb_featured_image_src":{"full":["https:\/\/www.bedbugknocker.com\/wp-content\/uploads\/2025\/05\/WEASEL_TRAP.jpg",2560,2560,false],"thumbnail":["https:\/\/www.bedbugknocker.com\/wp-content\/uploads\/2025\/05\/WEASEL_TRAP-150x150.jpg",150,150,true],"medium":["https:\/\/www.bedbugknocker.com\/wp-content\/uploads\/2025\/05\/WEASEL_TRAP-300x300.jpg",300,300,true],"medium_large":["https:\/\/www.bedbugknocker.com\/wp-content\/uploads\/2025\/05\/WEASEL_TRAP-768x768.jpg",768,768,true],"large":["https:\/\/www.bedbugknocker.com\/wp-content\/uploads\/2025\/05\/WEASEL_TRAP-1024x1024.jpg",1024,1024,true],"1536x1536":["https:\/\/www.bedbugknocker.com\/wp-content\/uploads\/2025\/05\/WEASEL_TRAP-1536x1536.jpg",1536,1536,true],"2048x2048":["https:\/\/www.bedbugknocker.com\/wp-content\/uploads\/2025\/05\/WEASEL_TRAP-2048x2048.jpg",2048,2048,true],"trp-custom-language-flag":["https:\/\/www.bedbugknocker.com\/wp-content\/uploads\/2025\/05\/WEASEL_TRAP-12x12.jpg",12,12,true],"woocommerce_thumbnail":["https:\/\/www.bedbugknocker.com\/wp-content\/uploads\/2025\/05\/WEASEL_TRAP-300x300.jpg",300,300,true],"woocommerce_single":["https:\/\/www.bedbugknocker.com\/wp-content\/uploads\/2025\/05\/WEASEL_TRAP-600x600.jpg",600,600,true],"woocommerce_gallery_thumbnail":["https:\/\/www.bedbugknocker.com\/wp-content\/uploads\/2025\/05\/WEASEL_TRAP-100x100.jpg",100,100,true]},"uagb_author_info":{"display_name":"admin","author_link":"https:\/\/www.bedbugknocker.com\/pl\/author\/"},"uagb_comment_info":74,"uagb_excerpt":"Capture weasels quickly and humanely with a reliable, high-performance trap. Our weasel trap is specifically designed to effectively capture weasels without causing unnecessary suffering, making it a responsible and efficient solution for protecting your property, poultry, and small animals from damage and predation. The most effective weasel trap on the market. Engineered with precision-trigger technology&hellip;","_links":{"self":[{"href":"https:\/\/www.bedbugknocker.com\/pl\/wp-json\/wp\/v2\/product\/22958","targetHints":{"allow":["GET"]}}],"collection":[{"href":"https:\/\/www.bedbugknocker.com\/pl\/wp-json\/wp\/v2\/product"}],"about":[{"href":"https:\/\/www.bedbugknocker.com\/pl\/wp-json\/wp\/v2\/types\/product"}],"replies":[{"embeddable":true,"href":"https:\/\/www.bedbugknocker.com\/pl\/wp-json\/wp\/v2\/comments?post=22958"}],"version-history":[{"count":4,"href":"https:\/\/www.bedbugknocker.com\/pl\/wp-json\/wp\/v2\/product\/22958\/revisions"}],"predecessor-version":[{"id":27301,"href":"https:\/\/www.bedbugknocker.com\/pl\/wp-json\/wp\/v2\/product\/22958\/revisions\/27301"}],"wp:featuredmedia":[{"embeddable":true,"href":"https:\/\/www.bedbugknocker.com\/pl\/wp-json\/wp\/v2\/media\/23237"}],"wp:attachment":[{"href":"https:\/\/www.bedbugknocker.com\/pl\/wp-json\/wp\/v2\/media?parent=22958"}],"wp:term":[{"taxonomy":"product_brand","embeddable":true,"href":"https:\/\/www.bedbugknocker.com\/pl\/wp-json\/wp\/v2\/product_brand?post=22958"},{"taxonomy":"product_cat","embeddable":true,"href":"https:\/\/www.bedbugknocker.com\/pl\/wp-json\/wp\/v2\/product_cat?post=22958"},{"taxonomy":"product_tag","embeddable":true,"href":"https:\/\/www.bedbugknocker.com\/pl\/wp-json\/wp\/v2\/product_tag?post=22958"}],"curies":[{"name":"wp","href":"https:\/\/api.w.org\/{rel}","templated":true}]}}