{"id":22954,"date":"2025-05-26T16:13:20","date_gmt":"2025-05-26T14:13:20","guid":{"rendered":"https:\/\/www.bedbugknocker.com\/products\/fox-killer-500-baits\/"},"modified":"2026-02-19T19:29:04","modified_gmt":"2026-02-19T18:29:04","slug":"fox-killer-500-baits","status":"publish","type":"product","link":"https:\/\/www.bedbugknocker.com\/pl\/products\/fox-killer-500-baits\/","title":{"rendered":"Pu\u0142apka na lisy"},"content":{"rendered":"<p><strong><img decoding=\"async\" style=\"margin-right: 12px;\" src=\"https:\/\/www.bedbugknocker.com\/wp-content\/uploads\/2026\/02\/Check.svg\" alt=\"\" width=\"18\" height=\"15\" \/>Skuteczne i bezpieczne od\u0142awianie lis\u00f3w za pomoc\u0105 profesjonalnego rozwi\u0105zania.<\/strong> Nasza pu\u0142apka na lisy zosta\u0142a specjalnie zaprojektowana do zarz\u0105dzania aktywno\u015bci\u0105 lis\u00f3w w gospodarstwach rolnych, zagrodach dla drobiu, ogrodach i na terenach wiejskich, oferuj\u0105c niezawodn\u0105 metod\u0119 ochrony zwierz\u0105t i zapobiegania kosztownym szkodom. Solidna konstrukcja i precyzyjny mechanizm zapewniaj\u0105 niezawodne dzia\u0142anie w rzeczywistych warunkach.<\/p>\n<p><strong><img decoding=\"async\" style=\"margin-right: 12px;\" src=\"https:\/\/www.bedbugknocker.com\/wp-content\/uploads\/2026\/02\/Check.svg\" alt=\"\" width=\"18\" height=\"15\" \/>Najskuteczniejsza pu\u0142apka na lisy dost\u0119pna na rynku.<\/strong> Zaprojektowana z wysoce czu\u0142ym systemem spustowym i wzmocnionymi drzwiami blokuj\u0105cymi, pu\u0142apka ta maksymalizuje wska\u017aniki chwytania przy jednoczesnym zminimalizowaniu nieudanych pr\u00f3b. Jej konstrukcja uwzgl\u0119dnia zachowanie i wzorce ruchu lisa, dzi\u0119ki czemu jest to najskuteczniejszy wyb\u00f3r zapewniaj\u0105cy sp\u00f3jne i skuteczne wyniki.<\/p>\n<p><strong><img decoding=\"async\" style=\"margin-right: 12px;\" src=\"https:\/\/www.bedbugknocker.com\/wp-content\/uploads\/2026\/02\/Check.svg\" alt=\"\" width=\"18\" height=\"15\" \/>Oferujemy najta\u0144sze pu\u0142apki na lisy wysokiej jako\u015bci bez uszczerbku dla trwa\u0142o\u015bci.<\/strong> Nasza konkurencyjna struktura cenowa gwarantuje, \u017ce otrzymasz profesjonalny sprz\u0119t w najni\u017cszej mo\u017cliwej cenie. Nie musisz przep\u0142aca\u0107 za niezawodn\u0105 kontrol\u0119 dzikich zwierz\u0105t - nasza pu\u0142apka zapewnia wyj\u0105tkow\u0105 warto\u015b\u0107 i d\u0142ugoterminow\u0105 wydajno\u015b\u0107.<\/p>\n<p><strong><img decoding=\"async\" style=\"margin-right: 12px;\" src=\"https:\/\/www.bedbugknocker.com\/wp-content\/uploads\/2026\/02\/Check.svg\" alt=\"\" width=\"18\" height=\"15\" \/>Gwarancja zwrotu pieni\u0119dzy 100% zapewnia ca\u0142kowit\u0105 pewno\u015b\u0107.<\/strong> W pe\u0142ni gwarantujemy skuteczno\u015b\u0107 i jako\u015b\u0107 wykonania naszych pu\u0142apek na lisy. Je\u015bli nie b\u0119dziesz zadowolony z wynik\u00f3w, zwr\u00f3cimy Ci pieni\u0105dze za zakup bez k\u0142opot\u00f3w i skomplikowanych procedur. Twoja satysfakcja jest w pe\u0142ni gwarantowana.<\/p>\n<p><strong><img decoding=\"async\" style=\"margin-right: 12px;\" src=\"https:\/\/www.bedbugknocker.com\/wp-content\/uploads\/2026\/02\/Check.svg\" alt=\"\" width=\"18\" height=\"15\" \/>Szybka dostawa w ci\u0105gu 24 godzin, aby szybko reagowa\u0107 na problemy z lisami.<\/strong> Aktywno\u015b\u0107 lis\u00f3w mo\u017ce gwa\u0142townie wzrosn\u0105\u0107, zw\u0142aszcza gdy zagro\u017cony jest dr\u00f3b lub ma\u0142e zwierz\u0119ta gospodarskie. Dlatego te\u017c zawsze oferujemy 24-godzinn\u0105 dostaw\u0119, umo\u017cliwiaj\u0105c natychmiastowe podj\u0119cie dzia\u0142a\u0144 i niezw\u0142oczne zabezpieczenie nieruchomo\u015bci.<\/p>\n<p><strong><img decoding=\"async\" style=\"margin-right: 12px;\" src=\"https:\/\/www.bedbugknocker.com\/wp-content\/uploads\/2026\/02\/Check.svg\" alt=\"\" width=\"18\" height=\"15\" \/>Skuteczne pokrycie do 20 m\u00b2 na stref\u0119 umieszczenia pu\u0142apki.<\/strong> Po strategicznym rozmieszczeniu, ka\u017cda pu\u0142apka pomaga chroni\u0107 obszar o powierzchni oko\u0142o 20 metr\u00f3w kwadratowych, dzi\u0119ki czemu nadaje si\u0119 do stref docelowych, takich jak kurniki, stodo\u0142y, szopy, ogrody i obwodowe punkty wej\u015bcia.<\/p>\n<p><strong><img decoding=\"async\" style=\"margin-right: 12px;\" src=\"https:\/\/www.bedbugknocker.com\/wp-content\/uploads\/2026\/02\/Check.svg\" alt=\"\" width=\"18\" height=\"15\" \/>Mocna, odporna na warunki atmosferyczne konstrukcja do u\u017cytku na zewn\u0105trz.<\/strong> Zbudowana ze wzmocnionego, odpornego na korozj\u0119 metalu, nasza pu\u0142apka na lisy zosta\u0142a zaprojektowana tak, aby wytrzyma\u0107 deszcz, wilgo\u0107, niskie temperatury i d\u0142ugotrwa\u0142\u0105 ekspozycj\u0119 na zewn\u0105trz, zachowuj\u0105c integralno\u015b\u0107 strukturaln\u0105 i niezawodno\u015b\u0107.<\/p>\n<p><strong><img decoding=\"async\" style=\"margin-right: 12px;\" src=\"https:\/\/www.bedbugknocker.com\/wp-content\/uploads\/2026\/02\/Check.svg\" alt=\"\" width=\"18\" height=\"15\" \/>Bezpieczny i kontrolowany mechanizm przechwytywania.<\/strong> Pu\u0142apka zosta\u0142a zaprojektowana w taki spos\u00f3b, aby bezpiecznie zatrzyma\u0107 lisa po uruchomieniu, zapobiegaj\u0105c ucieczce, jednocze\u015bnie ograniczaj\u0105c niepotrzebne szkody, je\u015bli jest u\u017cywana prawid\u0142owo i regularnie monitorowana zgodnie z lokalnymi przepisami.<\/p>\n<p><strong><img decoding=\"async\" style=\"margin-right: 12px;\" src=\"https:\/\/www.bedbugknocker.com\/wp-content\/uploads\/2026\/02\/Check.svg\" alt=\"\" width=\"18\" height=\"15\" \/>Prosta konfiguracja odpowiednia dla w\u0142a\u015bcicieli dom\u00f3w i profesjonalist\u00f3w.<\/strong> Nie wymaga specjalistycznych narz\u0119dzi ani zaawansowanej wiedzy technicznej. Intuicyjny system wyzwalania umo\u017cliwia szybk\u0105 i wydajn\u0105 instalacj\u0119, dzi\u0119ki czemu jest dost\u0119pny zar\u00f3wno dla rolnik\u00f3w, w\u0142a\u015bcicieli nieruchomo\u015bci, jak i profesjonalist\u00f3w zajmuj\u0105cych si\u0119 kontrol\u0105 dzikich zwierz\u0105t.<\/p>\n<p><strong><img decoding=\"async\" style=\"margin-right: 12px;\" src=\"https:\/\/www.bedbugknocker.com\/wp-content\/uploads\/2026\/02\/Check.svg\" alt=\"\" width=\"18\" height=\"15\" \/>Chro\u0144 sw\u00f3j \u017cywy inwentarz, dr\u00f3b i inwestycje w nieruchomo\u015bci.<\/strong> Lisy mog\u0105 powodowa\u0107 znaczne straty w kr\u00f3tkim czasie. U\u017cywaj\u0105c naszej wysoce skutecznej pu\u0142apki na lisy, zmniejszasz ryzyko, zapobiegasz powtarzaj\u0105cym si\u0119 atakom i przywracasz spok\u00f3j ducha, zachowuj\u0105c kontrol\u0119 nad swoim \u015brodowiskiem.<\/p>\n<h2><strong>Instrukcje<\/strong><\/h2>\n<ul>\n<li>Zidentyfikuj oznaki aktywno\u015bci lis\u00f3w, takie jak \u015blady, odchody, naruszone ogrodzenie, zaginiony dr\u00f3b lub regularne punkty wej\u015bcia na teren nieruchomo\u015bci.<\/li>\n<li>Umie\u015b\u0107 pu\u0142apk\u0119 na p\u0142askiej, stabilnej powierzchni w pobli\u017cu miejsc, w kt\u00f3rych lisy cz\u0119sto si\u0119 przemieszczaj\u0105, takich jak ogrodzenia, wej\u015bcia do kurnik\u00f3w lub \u017cywop\u0142oty i \u015bciany.<\/li>\n<li>Umie\u015b\u0107 jedn\u0105 pu\u0142apk\u0119, aby chroni\u0107 oko\u0142o 20 m\u00b2 docelowego obszaru. W przypadku wi\u0119kszych nieruchomo\u015bci lub wielu stref aktywno\u015bci nale\u017cy odpowiednio zainstalowa\u0107 dodatkowe pu\u0142apki.<\/li>\n<li>N\u0119\u0107 pu\u0142apk\u0119 odpowiednimi atraktantami, takimi jak \u015bwie\u017ce mi\u0119so, skrawki drobiu lub ryby. Zabezpiecz przyn\u0119t\u0119 wewn\u0105trz obszaru spustowego, aby zapewni\u0107 prawid\u0142ow\u0105 aktywacj\u0119.<\/li>\n<li>Ostro\u017cnie ustaw mechanizm spustowy zgodnie z wbudowanymi instrukcjami pu\u0142apki. Upewnij si\u0119, \u017ce drzwi zamykaj\u0105 si\u0119 prawid\u0142owo po uruchomieniu.<\/li>\n<li>Podczas instalacji i wabienia nale\u017cy nosi\u0107 r\u0119kawice, aby ograniczy\u0107 zapach ludzi i zwi\u0119kszy\u0107 skuteczno\u015b\u0107 chwytania.<\/li>\n<li>Pu\u0142apk\u0119 nale\u017cy sprawdza\u0107 co najmniej raz lub dwa razy dziennie, aby monitorowa\u0107 aktywno\u015b\u0107 i szybko reagowa\u0107 w przypadku schwytania lisa.<\/li>\n<li>Podczas u\u017cytkowania trzyma\u0107 dzieci i zwierz\u0119ta domowe z dala od obszaru pu\u0142apki.<\/li>\n<li>Po schwytaniu nale\u017cy post\u0119powa\u0107 zgodnie z lokalnymi przepisami i regulacjami dotycz\u0105cymi przenoszenia lub dalszych dzia\u0142a\u0144.<\/li>\n<li>Wyczy\u015b\u0107 i zdezynfekuj pu\u0142apk\u0119 po ka\u017cdym u\u017cyciu, aby zachowa\u0107 higien\u0119 i zapewni\u0107 niezawodne dzia\u0142anie przez d\u0142ugi czas.<\/li>\n<\/ul>","protected":false},"excerpt":{"rendered":"<p>Capture foxes effectively and securely with a professional-grade trapping solution. Our fox trap is specifically designed to manage fox activity around farms, poultry enclosures, gardens, and rural properties, offering a dependable method to protect your animals and prevent costly damage. Its robust construction and precision mechanism ensure reliable capture performance in real-world conditions. The most [&hellip;]<\/p>\n","protected":false},"featured_media":22978,"comment_status":"open","ping_status":"closed","template":"","meta":{"_uag_custom_page_level_css":"","site-sidebar-layout":"default","site-content-layout":"","ast-site-content-layout":"default","site-content-style":"default","site-sidebar-style":"default","ast-global-header-display":"","ast-banner-title-visibility":"","ast-main-header-display":"","ast-hfb-above-header-display":"","ast-hfb-below-header-display":"","ast-hfb-mobile-header-display":"","site-post-title":"","ast-breadcrumbs-content":"","ast-featured-img":"","footer-sml-layout":"","ast-disable-related-posts":"","theme-transparent-header-meta":"default","adv-header-id-meta":"","stick-header-meta":"","header-above-stick-meta":"","header-main-stick-meta":"","header-below-stick-meta":"","astra-migrate-meta-layouts":"set","ast-page-background-enabled":"default","ast-page-background-meta":{"desktop":{"background-color":"var(--ast-global-color-4)","background-image":"","background-repeat":"repeat","background-position":"center center","background-size":"auto","background-attachment":"scroll","background-type":"","background-media":"","overlay-type":"","overlay-color":"","overlay-opacity":"","overlay-gradient":""},"tablet":{"background-color":"","background-image":"","background-repeat":"repeat","background-position":"center center","background-size":"auto","background-attachment":"scroll","background-type":"","background-media":"","overlay-type":"","overlay-color":"","overlay-opacity":"","overlay-gradient":""},"mobile":{"background-color":"","background-image":"","background-repeat":"repeat","background-position":"center center","background-size":"auto","background-attachment":"scroll","background-type":"","background-media":"","overlay-type":"","overlay-color":"","overlay-opacity":"","overlay-gradient":""}},"ast-content-background-meta":{"desktop":{"background-color":"var(--ast-global-color-5)","background-image":"","background-repeat":"repeat","background-position":"center center","background-size":"auto","background-attachment":"scroll","background-type":"","background-media":"","overlay-type":"","overlay-color":"","overlay-opacity":"","overlay-gradient":""},"tablet":{"background-color":"var(--ast-global-color-5)","background-image":"","background-repeat":"repeat","background-position":"center center","background-size":"auto","background-attachment":"scroll","background-type":"","background-media":"","overlay-type":"","overlay-color":"","overlay-opacity":"","overlay-gradient":""},"mobile":{"background-color":"var(--ast-global-color-5)","background-image":"","background-repeat":"repeat","background-position":"center center","background-size":"auto","background-attachment":"scroll","background-type":"","background-media":"","overlay-type":"","overlay-color":"","overlay-opacity":"","overlay-gradient":""}}},"product_brand":[],"product_cat":[174],"product_tag":[],"class_list":{"0":"post-22954","1":"product","2":"type-product","3":"status-publish","4":"has-post-thumbnail","6":"product_cat-pest-control","7":"desktop-align-left","8":"tablet-align-left","9":"mobile-align-left","11":"first","12":"instock","13":"taxable","14":"shipping-taxable","15":"purchasable","16":"product-type-simple"},"spectra_custom_meta":{"_visibility":["visible"],"_shopify_product_id":["8246983852258"],"_s2w_shopify_domain":["bedbugknocker.myshopify.com"],"_shopify_variant_id":["44614652068066"],"_sku":["BBKFOXKILLER"],"_regular_price":["29.90"],"_price":["29.90"],"_sale_price":[""],"_weight":["0.2"],"_thumbnail_id":["22978"],"_global_unique_id":["5056773800250"],"total_sales":["35"],"_tax_status":["taxable"],"_tax_class":[""],"_manage_stock":["no"],"_backorders":["no"],"_sold_individually":["no"],"_virtual":["no"],"_downloadable":["no"],"_download_limit":["-1"],"_download_expiry":["-1"],"_stock":[null],"_stock_status":["instock"],"_wc_average_rating":["4.94"],"_wc_review_count":["53"],"_product_version":["10.5.2"],"_edit_lock":["1771525620:1"],"_edit_last":["1"],"_wp_page_template":["default"],"_woocs_price_geo_countries":[""],"_woocs_regular_price_geo":[""],"_woocs_sale_price_geo":[""],"site-sidebar-layout":["default"],"ast-site-content-layout":["default"],"site-content-style":["default"],"site-sidebar-style":["default"],"theme-transparent-header-meta":["default"],"_wc_rating_count":["a:2:{i:4;i:3;i:5;i:50;}"],"_woocs_regular_price_USD":["29.9"],"_woocs_regular_price_GBP":["29.9"],"_woocs_regular_price_PLN":["-1"],"_woocs_regular_price_BGN":["-1"],"_woocs_regular_price_CZK":["-1"],"_woocs_regular_price_RON":["-1"],"_woocs_regular_price_HUF":["-1"],"_woocs_regular_price_CAD":["-1"],"_woocs_regular_price_AUD":["-1"],"_woocs_regular_price_NZD":["-1"],"_woocs_regular_price_DKK":["-1"],"_woocs_regular_price_SEK":["-1"],"_woocs_regular_price_NOK":["-1"],"_woocs_regular_price_CHF":["29.9"],"_woocs_sale_price_USD":["-1"],"_woocs_sale_price_GBP":["-1"],"_woocs_sale_price_PLN":["-1"],"_woocs_sale_price_BGN":["-1"],"_woocs_sale_price_CZK":["-1"],"_woocs_sale_price_RON":["-1"],"_woocs_sale_price_HUF":["-1"],"_woocs_sale_price_CAD":["-1"],"_woocs_sale_price_AUD":["-1"],"_woocs_sale_price_NZD":["-1"],"_woocs_sale_price_DKK":["-1"],"_woocs_sale_price_SEK":["-1"],"_woocs_sale_price_NOK":["-1"],"_woocs_sale_price_CHF":["-1"],"merchant-center-id":["FK"],"merchant-center-availability":["yes"],"merchant-center-category":["7137"],"astra-migrate-meta-layouts":["set"],"_uag_css_file_name":["uag-css-22954.css"],"_elementor_page_assets":["a:0:{}"]},"uagb_featured_image_src":{"full":["https:\/\/www.bedbugknocker.com\/wp-content\/uploads\/2025\/05\/FOXEmockup.jpg",2560,2560,false],"thumbnail":["https:\/\/www.bedbugknocker.com\/wp-content\/uploads\/2025\/05\/FOXEmockup-150x150.jpg",150,150,true],"medium":["https:\/\/www.bedbugknocker.com\/wp-content\/uploads\/2025\/05\/FOXEmockup-300x300.jpg",300,300,true],"medium_large":["https:\/\/www.bedbugknocker.com\/wp-content\/uploads\/2025\/05\/FOXEmockup-768x768.jpg",768,768,true],"large":["https:\/\/www.bedbugknocker.com\/wp-content\/uploads\/2025\/05\/FOXEmockup-1024x1024.jpg",1024,1024,true],"1536x1536":["https:\/\/www.bedbugknocker.com\/wp-content\/uploads\/2025\/05\/FOXEmockup-1536x1536.jpg",1536,1536,true],"2048x2048":["https:\/\/www.bedbugknocker.com\/wp-content\/uploads\/2025\/05\/FOXEmockup-2048x2048.jpg",2048,2048,true],"trp-custom-language-flag":["https:\/\/www.bedbugknocker.com\/wp-content\/uploads\/2025\/05\/FOXEmockup-12x12.jpg",12,12,true],"woocommerce_thumbnail":["https:\/\/www.bedbugknocker.com\/wp-content\/uploads\/2025\/05\/FOXEmockup-300x300.jpg",300,300,true],"woocommerce_single":["https:\/\/www.bedbugknocker.com\/wp-content\/uploads\/2025\/05\/FOXEmockup-600x600.jpg",600,600,true],"woocommerce_gallery_thumbnail":["https:\/\/www.bedbugknocker.com\/wp-content\/uploads\/2025\/05\/FOXEmockup-100x100.jpg",100,100,true]},"uagb_author_info":{"display_name":"admin","author_link":"https:\/\/www.bedbugknocker.com\/pl\/author\/"},"uagb_comment_info":53,"uagb_excerpt":"Capture foxes effectively and securely with a professional-grade trapping solution. Our fox trap is specifically designed to manage fox activity around farms, poultry enclosures, gardens, and rural properties, offering a dependable method to protect your animals and prevent costly damage. Its robust construction and precision mechanism ensure reliable capture performance in real-world conditions. The most&hellip;","_links":{"self":[{"href":"https:\/\/www.bedbugknocker.com\/pl\/wp-json\/wp\/v2\/product\/22954","targetHints":{"allow":["GET"]}}],"collection":[{"href":"https:\/\/www.bedbugknocker.com\/pl\/wp-json\/wp\/v2\/product"}],"about":[{"href":"https:\/\/www.bedbugknocker.com\/pl\/wp-json\/wp\/v2\/types\/product"}],"replies":[{"embeddable":true,"href":"https:\/\/www.bedbugknocker.com\/pl\/wp-json\/wp\/v2\/comments?post=22954"}],"version-history":[{"count":5,"href":"https:\/\/www.bedbugknocker.com\/pl\/wp-json\/wp\/v2\/product\/22954\/revisions"}],"predecessor-version":[{"id":27305,"href":"https:\/\/www.bedbugknocker.com\/pl\/wp-json\/wp\/v2\/product\/22954\/revisions\/27305"}],"wp:featuredmedia":[{"embeddable":true,"href":"https:\/\/www.bedbugknocker.com\/pl\/wp-json\/wp\/v2\/media\/22978"}],"wp:attachment":[{"href":"https:\/\/www.bedbugknocker.com\/pl\/wp-json\/wp\/v2\/media?parent=22954"}],"wp:term":[{"taxonomy":"product_brand","embeddable":true,"href":"https:\/\/www.bedbugknocker.com\/pl\/wp-json\/wp\/v2\/product_brand?post=22954"},{"taxonomy":"product_cat","embeddable":true,"href":"https:\/\/www.bedbugknocker.com\/pl\/wp-json\/wp\/v2\/product_cat?post=22954"},{"taxonomy":"product_tag","embeddable":true,"href":"https:\/\/www.bedbugknocker.com\/pl\/wp-json\/wp\/v2\/product_tag?post=22954"}],"curies":[{"name":"wp","href":"https:\/\/api.w.org\/{rel}","templated":true}]}}