{"id":22952,"date":"2025-05-26T16:13:19","date_gmt":"2025-05-26T14:13:19","guid":{"rendered":"https:\/\/www.bedbugknocker.com\/products\/bird-killer-500-baits\/"},"modified":"2026-02-19T19:30:20","modified_gmt":"2026-02-19T18:30:20","slug":"bird-killer-500-baits","status":"publish","type":"product","link":"https:\/\/www.bedbugknocker.com\/pl\/products\/bird-killer-500-baits\/","title":{"rendered":"Pu\u0142apka na ptaki oraz go\u0142\u0119bie"},"content":{"rendered":"<p><strong><img decoding=\"async\" style=\"margin-right: 12px;\" src=\"https:\/\/www.bedbugknocker.com\/wp-content\/uploads\/2026\/02\/Check.svg\" alt=\"\" width=\"18\" height=\"15\" \/>Skuteczne od\u0142awianie ptak\u00f3w i go\u0142\u0119bi dzi\u0119ki profesjonalnemu i niezawodnemu rozwi\u0105zaniu.<\/strong> Nasza pu\u0142apka na ptaki i go\u0142\u0119bie zosta\u0142a specjalnie zaprojektowana, aby bezpiecznie i skutecznie radzi\u0107 sobie z niechcian\u0105 obecno\u015bci\u0105 ptak\u00f3w w \u015brodowiskach mieszkalnych, komercyjnych, rolniczych i przemys\u0142owych. Pomaga kontrolowa\u0107 nadmiern\u0105 populacj\u0119, zapobiega\u0107 uszkodzeniom mienia i zmniejsza\u0107 ryzyko dla zdrowia zwi\u0105zane z odchodami i gniazdowaniem.<\/p>\n<p><strong><img decoding=\"async\" style=\"margin-right: 12px;\" src=\"https:\/\/www.bedbugknocker.com\/wp-content\/uploads\/2026\/02\/Check.svg\" alt=\"\" width=\"18\" height=\"15\" \/>Najskuteczniejsza pu\u0142apka na ptaki i go\u0142\u0119bie dost\u0119pna na rynku.<\/strong> Zaprojektowana z wysoce responsywnym systemem wej\u015bcia i konstrukcj\u0105 zapobiegaj\u0105c\u0105 ucieczce, pu\u0142apka ta maksymalizuje sukces chwytania, jednocze\u015bnie zapobiegaj\u0105c wydostawaniu si\u0119 ptak\u00f3w z jej wn\u0119trza. Jej konstrukcja opiera si\u0119 na wzorcach zachowa\u0144 ptak\u00f3w, zapewniaj\u0105c sp\u00f3jne i niezawodne dzia\u0142anie w rzeczywistych warunkach.<\/p>\n<p><strong><img decoding=\"async\" style=\"margin-right: 12px;\" src=\"https:\/\/www.bedbugknocker.com\/wp-content\/uploads\/2026\/02\/Check.svg\" alt=\"\" width=\"18\" height=\"15\" \/>Oferujemy najta\u0144sze pu\u0142apki na ptaki i go\u0142\u0119bie wysokiej jako\u015bci bez po\u015bwi\u0119cania trwa\u0142o\u015bci.<\/strong> Nasza strategia cenowa gwarantuje profesjonaln\u0105 wydajno\u015b\u0107 przy najni\u017cszych mo\u017cliwych kosztach. Korzystasz z trwa\u0142ego, wydajnego rozwi\u0105zania bez p\u0142acenia zawy\u017conych cen, cz\u0119sto pobieranych za podobne produkty.<\/p>\n<p><strong><img decoding=\"async\" style=\"margin-right: 12px;\" src=\"https:\/\/www.bedbugknocker.com\/wp-content\/uploads\/2026\/02\/Check.svg\" alt=\"\" width=\"18\" height=\"15\" \/>Gwarancja zwrotu pieni\u0119dzy 100% zapewnia ca\u0142kowity spok\u00f3j ducha.<\/strong> Gwarantujemy jako\u015b\u0107 i skuteczno\u015b\u0107 naszej pu\u0142apki. Je\u015bli nie b\u0119dziesz w pe\u0142ni usatysfakcjonowany jej dzia\u0142aniem, zwr\u00f3cimy Ci pieni\u0105dze bez k\u0142opot\u00f3w i skomplikowanych procedur. Twoje zaufanie i satysfakcja s\u0105 naszymi priorytetami.<\/p>\n<p><strong><img decoding=\"async\" style=\"margin-right: 12px;\" src=\"https:\/\/www.bedbugknocker.com\/wp-content\/uploads\/2026\/02\/Check.svg\" alt=\"\" width=\"18\" height=\"15\" \/>Szybka dostawa w ci\u0105gu 24 godzin umo\u017cliwia natychmiastow\u0105 reakcj\u0119.<\/strong> Inwazje ptak\u00f3w mog\u0105 szybko eskalowa\u0107 i powodowa\u0107 uszkodzenia dach\u00f3w, balkon\u00f3w, magazyn\u00f3w i budynk\u00f3w rolniczych. Dlatego zawsze oferujemy 24-godzinn\u0105 dostaw\u0119, umo\u017cliwiaj\u0105c szybkie podj\u0119cie dzia\u0142a\u0144 i odzyskanie kontroli nad przestrzeni\u0105.<\/p>\n<p><strong><img decoding=\"async\" style=\"margin-right: 12px;\" src=\"https:\/\/www.bedbugknocker.com\/wp-content\/uploads\/2026\/02\/Check.svg\" alt=\"\" width=\"18\" height=\"15\" \/>Skuteczne pokrycie do 20 m\u00b2 na stref\u0119 umieszczenia pu\u0142apki.<\/strong> Przy strategicznym rozmieszczeniu ka\u017cda pu\u0142apka mo\u017ce chroni\u0107 obszar oko\u0142o 20 metr\u00f3w kwadratowych, dzi\u0119ki czemu nadaje si\u0119 do balkon\u00f3w, dach\u00f3w, magazyn\u00f3w, stod\u00f3\u0142, taras\u00f3w i innych miejsc, w kt\u00f3rych gromadz\u0105 si\u0119 ptaki.<\/p>\n<p><strong><img decoding=\"async\" style=\"margin-right: 12px;\" src=\"https:\/\/www.bedbugknocker.com\/wp-content\/uploads\/2026\/02\/Check.svg\" alt=\"\" width=\"18\" height=\"15\" \/>Mocna i odporna na warunki atmosferyczne konstrukcja do u\u017cytku na zewn\u0105trz.<\/strong> Wykonana z odpornego na korozj\u0119 metalu i wzmocnionej siatki, nasza pu\u0142apka jest odporna na deszcz, wiatr i wahania temperatury, zapewniaj\u0105c d\u0142ugotrwa\u0142\u0105 wydajno\u015b\u0107 w \u015brodowiskach zewn\u0119trznych.<\/p>\n<p><strong><img decoding=\"async\" style=\"margin-right: 12px;\" src=\"https:\/\/www.bedbugknocker.com\/wp-content\/uploads\/2026\/02\/Check.svg\" alt=\"\" width=\"18\" height=\"15\" \/>Humanitarna konstrukcja zabezpieczaj\u0105ca, gdy jest u\u017cywana prawid\u0142owo.<\/strong> Pu\u0142apka zosta\u0142a zaprojektowana do bezpiecznego przetrzymywania schwytanych ptak\u00f3w bez niepotrzebnych obra\u017ce\u0144, je\u015bli jest regularnie monitorowana i u\u017cywana zgodnie z lokalnymi przepisami dotycz\u0105cymi dzikich zwierz\u0105t.<\/p>\n<p><strong><img decoding=\"async\" style=\"margin-right: 12px;\" src=\"https:\/\/www.bedbugknocker.com\/wp-content\/uploads\/2026\/02\/Check.svg\" alt=\"\" width=\"18\" height=\"15\" \/>\u0141atwa instalacja bez u\u017cycia specjalnych narz\u0119dzi.<\/strong> Pu\u0142apka mo\u017ce by\u0107 szybko zmontowana i ustawiona przez w\u0142a\u015bcicieli dom\u00f3w, personel konserwacyjny, rolnik\u00f3w lub specjalist\u00f3w ds. zwalczania szkodnik\u00f3w, dzi\u0119ki czemu jest praktyczna w r\u00f3\u017cnych zastosowaniach.<\/p>\n<p><strong><img decoding=\"async\" style=\"margin-right: 12px;\" src=\"https:\/\/www.bedbugknocker.com\/wp-content\/uploads\/2026\/02\/Check.svg\" alt=\"\" width=\"18\" height=\"15\" \/>Chro\u0144 swoj\u0105 w\u0142asno\u015b\u0107, higien\u0119 i integralno\u015b\u0107 strukturaln\u0105.<\/strong> Ptaki i go\u0142\u0119bie mog\u0105 powodowa\u0107 znaczne uszkodzenia strukturalne i problemy sanitarne poprzez odchody, materia\u0142y do budowy gniazd i zablokowane systemy odwadniaj\u0105ce. Korzystaj\u0105c z naszej wysoce skutecznej pu\u0142apki, utrzymujesz czystsze, bezpieczniejsze i bardziej kontrolowane \u015brodowisko.<\/p>\n<h2><strong>Instrukcje<\/strong><\/h2>\n<ul>\n<li>Zidentyfikuj obszary, na kt\u00f3rych ptaki lub go\u0142\u0119bie cz\u0119sto l\u0105duj\u0105, gniazduj\u0105 lub \u017ceruj\u0105, takie jak dachy, balkony, p\u00f3\u0142ki, stodo\u0142y lub magazyny.<\/li>\n<li>Umie\u015b\u0107 pu\u0142apk\u0119 na p\u0142askiej, stabilnej powierzchni w docelowej strefie 20 m\u00b2. Upewnij si\u0119, \u017ce jest umieszczona wzd\u0142u\u017c wsp\u00f3lnych \u015bcie\u017cek do l\u0105dowania lub chodzenia.<\/li>\n<li>U\u017cyj odpowiedniej przyn\u0119ty, takiej jak ziarna, nasiona lub kawa\u0142ki chleba umieszczone wewn\u0105trz pu\u0142apki w pobli\u017cu mechanizmu wej\u015bciowego, aby przyci\u0105gn\u0105\u0107 ptaki.<\/li>\n<li>Przed opuszczeniem obszaru upewnij si\u0119, \u017ce drzwi wej\u015bciowe lub system lejka s\u0105 prawid\u0142owo ustawione zgodnie z wbudowanym mechanizmem pu\u0142apki.<\/li>\n<li>W przypadku wi\u0119kszych stref inwazji nale\u017cy zainstalowa\u0107 wiele pu\u0142apek rozmieszczonych w strategicznych odst\u0119pach, aby zmaksymalizowa\u0107 zasi\u0119g i skuteczno\u015b\u0107.<\/li>\n<li>Sprawdzaj pu\u0142apk\u0119 co najmniej raz lub dwa razy dziennie, aby monitorowa\u0107 z\u0142apane ptaki i utrzymywa\u0107 humanitarne warunki.<\/li>\n<li>Podczas obs\u0142ugi nale\u017cy nosi\u0107 r\u0119kawiczki, aby zachowa\u0107 higien\u0119 i ograniczy\u0107 przenoszenie zapachu.<\/li>\n<li>Po schwytaniu nale\u017cy post\u0119powa\u0107 zgodnie z lokalnymi przepisami dotycz\u0105cymi przenoszenia lub dalszego zarz\u0105dzania dzikimi zwierz\u0119tami.<\/li>\n<li>Regularnie czy\u015b\u0107 i dezynfekuj pu\u0142apk\u0119, aby zapobiec przenoszeniu chor\u00f3b i utrzyma\u0107 d\u0142ugotrwa\u0142\u0105 wydajno\u015b\u0107.<\/li>\n<li>Nieu\u017cywan\u0105 pu\u0142apk\u0119 nale\u017cy przechowywa\u0107 w suchym miejscu, aby zachowa\u0107 jej integralno\u015b\u0107 strukturaln\u0105 i gotowo\u015b\u0107 do przysz\u0142ego u\u017cycia.<\/li>\n<\/ul>","protected":false},"excerpt":{"rendered":"<p>Capture birds and pigeons efficiently with a professional and reliable trapping solution. Our bird and pigeon trap is specially designed to safely and effectively manage unwanted bird presence in residential, commercial, agricultural, and industrial environments. It helps control overpopulation, prevent property damage, and reduce health risks associated with droppings and nesting. The most effective bird [&hellip;]<\/p>\n","protected":false},"featured_media":26405,"comment_status":"open","ping_status":"closed","template":"","meta":{"_uag_custom_page_level_css":"","site-sidebar-layout":"default","site-content-layout":"","ast-site-content-layout":"default","site-content-style":"default","site-sidebar-style":"default","ast-global-header-display":"","ast-banner-title-visibility":"","ast-main-header-display":"","ast-hfb-above-header-display":"","ast-hfb-below-header-display":"","ast-hfb-mobile-header-display":"","site-post-title":"","ast-breadcrumbs-content":"","ast-featured-img":"","footer-sml-layout":"","ast-disable-related-posts":"","theme-transparent-header-meta":"default","adv-header-id-meta":"","stick-header-meta":"","header-above-stick-meta":"","header-main-stick-meta":"","header-below-stick-meta":"","astra-migrate-meta-layouts":"set","ast-page-background-enabled":"default","ast-page-background-meta":{"desktop":{"background-color":"var(--ast-global-color-4)","background-image":"","background-repeat":"repeat","background-position":"center center","background-size":"auto","background-attachment":"scroll","background-type":"","background-media":"","overlay-type":"","overlay-color":"","overlay-opacity":"","overlay-gradient":""},"tablet":{"background-color":"","background-image":"","background-repeat":"repeat","background-position":"center center","background-size":"auto","background-attachment":"scroll","background-type":"","background-media":"","overlay-type":"","overlay-color":"","overlay-opacity":"","overlay-gradient":""},"mobile":{"background-color":"","background-image":"","background-repeat":"repeat","background-position":"center center","background-size":"auto","background-attachment":"scroll","background-type":"","background-media":"","overlay-type":"","overlay-color":"","overlay-opacity":"","overlay-gradient":""}},"ast-content-background-meta":{"desktop":{"background-color":"var(--ast-global-color-5)","background-image":"","background-repeat":"repeat","background-position":"center center","background-size":"auto","background-attachment":"scroll","background-type":"","background-media":"","overlay-type":"","overlay-color":"","overlay-opacity":"","overlay-gradient":""},"tablet":{"background-color":"var(--ast-global-color-5)","background-image":"","background-repeat":"repeat","background-position":"center center","background-size":"auto","background-attachment":"scroll","background-type":"","background-media":"","overlay-type":"","overlay-color":"","overlay-opacity":"","overlay-gradient":""},"mobile":{"background-color":"var(--ast-global-color-5)","background-image":"","background-repeat":"repeat","background-position":"center center","background-size":"auto","background-attachment":"scroll","background-type":"","background-media":"","overlay-type":"","overlay-color":"","overlay-opacity":"","overlay-gradient":""}}},"product_brand":[],"product_cat":[174],"product_tag":[],"class_list":{"0":"post-22952","1":"product","2":"type-product","3":"status-publish","4":"has-post-thumbnail","6":"product_cat-pest-control","7":"desktop-align-left","8":"tablet-align-left","9":"mobile-align-left","11":"first","12":"instock","13":"taxable","14":"shipping-taxable","15":"purchasable","16":"product-type-simple"},"spectra_custom_meta":{"_visibility":["visible"],"_shopify_product_id":["8032617890018"],"_s2w_shopify_domain":["bedbugknocker.myshopify.com"],"_shopify_variant_id":["43849034399970"],"_sku":["BBKBIRDKILLER"],"_regular_price":["29.90"],"_price":["29.90"],"_sale_price":[""],"_weight":["0.2"],"_thumbnail_id":["26405"],"_global_unique_id":["5056773800229"],"total_sales":["69"],"_tax_status":["taxable"],"_tax_class":[""],"_manage_stock":["no"],"_backorders":["no"],"_sold_individually":["no"],"_virtual":["no"],"_downloadable":["no"],"_download_limit":["-1"],"_download_expiry":["-1"],"_stock":[null],"_stock_status":["instock"],"_wc_average_rating":["4.79"],"_wc_review_count":["73"],"_product_version":["10.5.2"],"_edit_lock":["1771525682:1"],"_edit_last":["1"],"_wp_page_template":["default"],"_woocs_price_geo_countries":[""],"_woocs_regular_price_geo":[""],"_woocs_sale_price_geo":[""],"site-sidebar-layout":["default"],"ast-site-content-layout":["default"],"site-content-style":["default"],"site-sidebar-style":["default"],"theme-transparent-header-meta":["default"],"_wc_rating_count":["a:3:{i:3;i:4;i:4;i:7;i:5;i:62;}"],"merchant-center-id":["PAOP"],"merchant-center-category":["7137"],"merchant-center-availability":["yes"],"astra-migrate-meta-layouts":["set"],"_uag_css_file_name":["uag-css-22952.css"],"_elementor_page_assets":["a:0:{}"]},"uagb_featured_image_src":{"full":["https:\/\/www.bedbugknocker.com\/wp-content\/uploads\/2025\/05\/Bird-and-Pigeon-Trap.png",2560,2560,false],"thumbnail":["https:\/\/www.bedbugknocker.com\/wp-content\/uploads\/2025\/05\/Bird-and-Pigeon-Trap-150x150.png",150,150,true],"medium":["https:\/\/www.bedbugknocker.com\/wp-content\/uploads\/2025\/05\/Bird-and-Pigeon-Trap-300x300.png",300,300,true],"medium_large":["https:\/\/www.bedbugknocker.com\/wp-content\/uploads\/2025\/05\/Bird-and-Pigeon-Trap-768x768.png",768,768,true],"large":["https:\/\/www.bedbugknocker.com\/wp-content\/uploads\/2025\/05\/Bird-and-Pigeon-Trap-1024x1024.png",1024,1024,true],"1536x1536":["https:\/\/www.bedbugknocker.com\/wp-content\/uploads\/2025\/05\/Bird-and-Pigeon-Trap-1536x1536.png",1536,1536,true],"2048x2048":["https:\/\/www.bedbugknocker.com\/wp-content\/uploads\/2025\/05\/Bird-and-Pigeon-Trap-2048x2048.png",2048,2048,true],"trp-custom-language-flag":["https:\/\/www.bedbugknocker.com\/wp-content\/uploads\/2025\/05\/Bird-and-Pigeon-Trap-12x12.png",12,12,true],"woocommerce_thumbnail":["https:\/\/www.bedbugknocker.com\/wp-content\/uploads\/2025\/05\/Bird-and-Pigeon-Trap-300x300.png",300,300,true],"woocommerce_single":["https:\/\/www.bedbugknocker.com\/wp-content\/uploads\/2025\/05\/Bird-and-Pigeon-Trap-600x600.png",600,600,true],"woocommerce_gallery_thumbnail":["https:\/\/www.bedbugknocker.com\/wp-content\/uploads\/2025\/05\/Bird-and-Pigeon-Trap-100x100.png",100,100,true]},"uagb_author_info":{"display_name":"admin","author_link":"https:\/\/www.bedbugknocker.com\/pl\/author\/"},"uagb_comment_info":73,"uagb_excerpt":"Capture birds and pigeons efficiently with a professional and reliable trapping solution. Our bird and pigeon trap is specially designed to safely and effectively manage unwanted bird presence in residential, commercial, agricultural, and industrial environments. It helps control overpopulation, prevent property damage, and reduce health risks associated with droppings and nesting. The most effective bird&hellip;","_links":{"self":[{"href":"https:\/\/www.bedbugknocker.com\/pl\/wp-json\/wp\/v2\/product\/22952","targetHints":{"allow":["GET"]}}],"collection":[{"href":"https:\/\/www.bedbugknocker.com\/pl\/wp-json\/wp\/v2\/product"}],"about":[{"href":"https:\/\/www.bedbugknocker.com\/pl\/wp-json\/wp\/v2\/types\/product"}],"replies":[{"embeddable":true,"href":"https:\/\/www.bedbugknocker.com\/pl\/wp-json\/wp\/v2\/comments?post=22952"}],"version-history":[{"count":6,"href":"https:\/\/www.bedbugknocker.com\/pl\/wp-json\/wp\/v2\/product\/22952\/revisions"}],"predecessor-version":[{"id":27306,"href":"https:\/\/www.bedbugknocker.com\/pl\/wp-json\/wp\/v2\/product\/22952\/revisions\/27306"}],"wp:featuredmedia":[{"embeddable":true,"href":"https:\/\/www.bedbugknocker.com\/pl\/wp-json\/wp\/v2\/media\/26405"}],"wp:attachment":[{"href":"https:\/\/www.bedbugknocker.com\/pl\/wp-json\/wp\/v2\/media?parent=22952"}],"wp:term":[{"taxonomy":"product_brand","embeddable":true,"href":"https:\/\/www.bedbugknocker.com\/pl\/wp-json\/wp\/v2\/product_brand?post=22952"},{"taxonomy":"product_cat","embeddable":true,"href":"https:\/\/www.bedbugknocker.com\/pl\/wp-json\/wp\/v2\/product_cat?post=22952"},{"taxonomy":"product_tag","embeddable":true,"href":"https:\/\/www.bedbugknocker.com\/pl\/wp-json\/wp\/v2\/product_tag?post=22952"}],"curies":[{"name":"wp","href":"https:\/\/api.w.org\/{rel}","templated":true}]}}