{"id":22952,"date":"2025-05-26T16:13:19","date_gmt":"2025-05-26T14:13:19","guid":{"rendered":"https:\/\/www.bedbugknocker.com\/products\/bird-killer-500-baits\/"},"modified":"2026-02-19T19:30:20","modified_gmt":"2026-02-19T18:30:20","slug":"bird-killer-500-baits","status":"publish","type":"product","link":"https:\/\/www.bedbugknocker.com\/lv\/products\/bird-killer-500-baits\/","title":{"rendered":"Putnu un balo\u017eu slazds"},"content":{"rendered":"<p><strong><img decoding=\"async\" style=\"margin-right: 12px;\" src=\"https:\/\/www.bedbugknocker.com\/wp-content\/uploads\/2026\/02\/Check.svg\" alt=\"\" width=\"18\" height=\"15\" \/>Efekt\u012bvi notveriet putnus un balo\u017eus ar profesion\u0101lu un uzticamu slazdo\u0161anas risin\u0101jumu.<\/strong> M\u016bsu putnu un balo\u017eu lamatas ir \u012bpa\u0161i izstr\u0101d\u0101tas, lai dro\u0161i un efekt\u012bvi nov\u0113rstu nev\u0113lamu putnu kl\u0101tb\u016btni dz\u012bvojam\u0101, komerci\u0101l\u0101, lauksaimniec\u012bbas un r\u016bpniecisk\u0101 vid\u0113. Tas pal\u012bdz kontrol\u0113t p\u0101rapdz\u012bvot\u012bbu, nov\u0113rst \u012bpa\u0161uma boj\u0101jumus un samazin\u0101t ar izk\u0101rn\u012bjumiem un ligzdo\u0161anu saist\u012btos vesel\u012bbas riskus.<\/p>\n<p><strong><img decoding=\"async\" style=\"margin-right: 12px;\" src=\"https:\/\/www.bedbugknocker.com\/wp-content\/uploads\/2026\/02\/Check.svg\" alt=\"\" width=\"18\" height=\"15\" \/>Visefekt\u012bv\u0101kais tirg\u016b pieejamais putnu un balo\u017eu slazds.<\/strong> \u0160\u012b lamatas konstrukcija ar \u013coti \u0101tri rea\u0123\u0113jo\u0161u iek\u013c\u016b\u0161anas sist\u0113mu un pretaizb\u0113g\u0161anas konstrukciju nodro\u0161ina maksim\u0101li veiksm\u012bgu \u0137er\u0161anu, vienlaikus ne\u013caujot putniem izk\u013c\u016bt no t\u0101s, kad tie ir iek\u013cuvu\u0161i iek\u0161pus\u0113. T\u0101s konstrukcija ir balst\u012bta uz putnu uzved\u012bbas mode\u013ciem, nodro\u0161inot konsekventu un uzticamu darb\u012bbu re\u0101los apst\u0101k\u013cos.<\/p>\n<p><strong><img decoding=\"async\" style=\"margin-right: 12px;\" src=\"https:\/\/www.bedbugknocker.com\/wp-content\/uploads\/2026\/02\/Check.svg\" alt=\"\" width=\"18\" height=\"15\" \/>M\u0113s pied\u0101v\u0101jam l\u0113t\u0101ko augstas kvalit\u0101tes putnu un balo\u017eu lamatas, nezaud\u0113jot iztur\u012bbu.<\/strong> M\u016bsu cenu strat\u0113\u0123ija garant\u0113, ka j\u016bs sa\u0146emsiet profesion\u0101las kvalit\u0101tes sniegumu par viszem\u0101ko iesp\u0113jamo cenu. J\u016bs g\u016bsiet labumu no iztur\u012bga un efekt\u012bva risin\u0101juma, nemaks\u0101jot paaugstin\u0101tas cenas, kas bie\u017ei tiek pras\u012btas par l\u012bdz\u012bgiem produktiem.<\/p>\n<p><strong><img decoding=\"async\" style=\"margin-right: 12px;\" src=\"https:\/\/www.bedbugknocker.com\/wp-content\/uploads\/2026\/02\/Check.svg\" alt=\"\" width=\"18\" height=\"15\" \/>100% naudas atmaksas garantija piln\u012bgam sirdsmieram.<\/strong> M\u0113s garant\u0113jam m\u016bsu slazdu kvalit\u0101ti un efektivit\u0101ti. Ja neesat piln\u012bb\u0101 apmierin\u0101ts ar t\u0101s darb\u012bbu, m\u0113s atmaks\u0101sim naudu par pirkumu bez sare\u017e\u0123\u012bjumiem un sare\u017e\u0123\u012bt\u0101m proced\u016br\u0101m. J\u016bsu uztic\u012bba un apmierin\u0101t\u012bba ir m\u016bsu priorit\u0101tes.<\/p>\n<p><strong><img decoding=\"async\" style=\"margin-right: 12px;\" src=\"https:\/\/www.bedbugknocker.com\/wp-content\/uploads\/2026\/02\/Check.svg\" alt=\"\" width=\"18\" height=\"15\" \/>\u0100tra pieg\u0101de 24 stundas diennakt\u012b, lai j\u016bs var\u0113tu nekav\u0113joties rea\u0123\u0113t.<\/strong> Putnu inv\u0101zija var \u0101tri pieaugt un nodar\u012bt post\u012bjumus jumtiem, balkoniem, noliktav\u0101m un lauksaimniec\u012bbas \u0113k\u0101m. T\u0101p\u0113c m\u0113s vienm\u0113r pied\u0101v\u0101jam pieg\u0101di 24 stundas diennakt\u012b, lai j\u016bs var\u0113tu \u0101tri r\u012bkoties un atg\u016bt kontroli p\u0101r savu telpu.<\/p>\n<p><strong><img decoding=\"async\" style=\"margin-right: 12px;\" src=\"https:\/\/www.bedbugknocker.com\/wp-content\/uploads\/2026\/02\/Check.svg\" alt=\"\" width=\"18\" height=\"15\" \/>Efekt\u012bvs p\u0101rkl\u0101jums l\u012bdz 20 m\u00b2 uz lamatas izvieto\u0161anas zonu.<\/strong> Strat\u0113\u0123iski izvietotas, katra lamatas var aizsarg\u0101t aptuveni 20 kvadr\u0101tmetru lielu plat\u012bbu, t\u0101p\u0113c t\u0101s ir piem\u0113rotas balkoniem, jumtiem, noliktav\u0101m, \u0161\u0137\u016b\u0146iem, teras\u0113m un cit\u0101m putnu pulc\u0113\u0161an\u0101s viet\u0101m.<\/p>\n<p><strong><img decoding=\"async\" style=\"margin-right: 12px;\" src=\"https:\/\/www.bedbugknocker.com\/wp-content\/uploads\/2026\/02\/Check.svg\" alt=\"\" width=\"18\" height=\"15\" \/>Iztur\u012bga un pret laikapst\u0101k\u013ciem iztur\u012bga konstrukcija izmanto\u0161anai \u0101rpus telp\u0101m.<\/strong> M\u016bsu lamatas ir izgatavotas no korozijiztur\u012bga met\u0101la un pastiprin\u0101ta sieta, kas iztur lietus, v\u0113ju un temperat\u016bras sv\u0101rst\u012bbas, nodro\u0161inot ilgsto\u0161u darb\u012bbu \u0101ra apst\u0101k\u013cos.<\/p>\n<p><strong><img decoding=\"async\" style=\"margin-right: 12px;\" src=\"https:\/\/www.bedbugknocker.com\/wp-content\/uploads\/2026\/02\/Check.svg\" alt=\"\" width=\"18\" height=\"15\" \/>Hum\u0101na norobe\u017eo\u0161anas konstrukcija, ja to izmanto pareizi.<\/strong> Slazds ir konstru\u0113ts t\u0101, lai dro\u0161i notvertu notvertos putnus bez liekiem ievainojumiem, ja to regul\u0101ri uzrauga un izmanto saska\u0146\u0101 ar viet\u0113jiem noteikumiem par savva\u013cas dz\u012bvniekiem.<\/p>\n<p><strong><img decoding=\"async\" style=\"margin-right: 12px;\" src=\"https:\/\/www.bedbugknocker.com\/wp-content\/uploads\/2026\/02\/Check.svg\" alt=\"\" width=\"18\" height=\"15\" \/>Viegla uzst\u0101d\u012b\u0161ana bez \u012bpa\u0161iem instrumentiem.<\/strong> Slazdus var \u0101tri samont\u0113t un uzst\u0101d\u012bt m\u0101ju \u012bpa\u0161nieki, apkopes darbinieki, lauksaimnieki vai kait\u0113k\u013cu apkaro\u0161anas speci\u0101listi, t\u0101p\u0113c tie ir praktiski izmantojami da\u017e\u0101diem m\u0113r\u0137iem.<\/p>\n<p><strong><img decoding=\"async\" style=\"margin-right: 12px;\" src=\"https:\/\/www.bedbugknocker.com\/wp-content\/uploads\/2026\/02\/Check.svg\" alt=\"\" width=\"18\" height=\"15\" \/>Aizsarg\u0101jiet savu \u012bpa\u0161umu, higi\u0113nu un konstrukcijas integrit\u0101ti.<\/strong> Putni un balo\u017ei var rad\u012bt iev\u0113rojamus struktur\u0101lus boj\u0101jumus un sanit\u0101r\u0101s probl\u0113mas ar izk\u0101rn\u012bjumiem, ligzdo\u0161anas materi\u0101liem un aizs\u0113r\u0113ju\u0161\u0101m dren\u0101\u017eas sist\u0113m\u0101m. Izmantojot m\u016bsu \u013coti efekt\u012bvo lamatas, j\u016bs uztur\u0113siet t\u012br\u0101ku, dro\u0161\u0101ku un kontrol\u0113t\u0101ku vidi.<\/p>\n<h2><strong>Instrukcijas<\/strong><\/h2>\n<ul>\n<li>Identific\u0113jiet vietas, kur putni vai balo\u017ei bie\u017ei nolai\u017eas, ligzdo vai barojas, piem\u0113ram, jumtus, balkonus, dzegas, \u0161\u0137\u016b\u0146us vai noliktavas.<\/li>\n<li>Novietojiet lamatas uz l\u012bdzenas, stabilas virsmas 20 m\u00b2 zon\u0101. P\u0101rliecinieties, ka t\u0101 ir novietota gar kop\u012bgiem izkrau\u0161anas vai pastaigu celi\u0146iem.<\/li>\n<li>Lai pievilin\u0101tu putnus, izmantojiet piem\u0113rotu \u0113smu, piem\u0113ram, graudus, s\u0113klas vai maizes gabali\u0146us, kas novietoti slazd\u0101 pie ieejas meh\u0101nisma.<\/li>\n<li>Pirms atst\u0101t teritoriju, p\u0101rliecinieties, ka ieejas durvis vai piltuves sist\u0113ma ir pareizi uzst\u0101d\u012btas saska\u0146\u0101 ar slazd\u0101 ieb\u016bv\u0113to meh\u0101nismu.<\/li>\n<li>Liel\u0101k\u0101m inv\u0101zijas zon\u0101m uzst\u0101diet vair\u0101kas lamatas, kas izvietotas strat\u0113\u0123iskos att\u0101lumos, lai maksim\u0101li palielin\u0101tu p\u0101rkl\u0101jumu un efektivit\u0101ti.<\/li>\n<li>P\u0101rbaudiet slazdu vismaz reizi vai divas reizes dien\u0101, lai uzraudz\u012btu notvertos putnus un uztur\u0113tu hum\u0101nus apst\u0101k\u013cus.<\/li>\n<li>Lai uztur\u0113tu higi\u0113nu un mazin\u0101tu smar\u017eu p\u0101rnesi, str\u0101d\u0101jot ar to, valk\u0101jiet cimdus.<\/li>\n<li>P\u0113c no\u0137er\u0161anas iev\u0113rojiet viet\u0113jos noteikumus par savva\u013cas dz\u012bvnieku p\u0101rvieto\u0161anu vai turpm\u0101ko apsaimnieko\u0161anu.<\/li>\n<li>Regul\u0101ri t\u012briet un dezinfic\u0113jiet lamatas, lai nov\u0113rstu slim\u012bbu p\u0101rn\u0113s\u0101\u0161anu un uztur\u0113tu ilgsto\u0161u darb\u012bbu.<\/li>\n<li>Kad slazds netiek lietots, uzglab\u0101jiet to saus\u0101 viet\u0101, lai saglab\u0101tu t\u0101 struktur\u0101lo integrit\u0101ti un gatav\u012bbu turpm\u0101kai izvieto\u0161anai.<\/li>\n<\/ul>","protected":false},"excerpt":{"rendered":"<p>Capture birds and pigeons efficiently with a professional and reliable trapping solution. Our bird and pigeon trap is specially designed to safely and effectively manage unwanted bird presence in residential, commercial, agricultural, and industrial environments. It helps control overpopulation, prevent property damage, and reduce health risks associated with droppings and nesting. The most effective bird [&hellip;]<\/p>\n","protected":false},"featured_media":26405,"comment_status":"open","ping_status":"closed","template":"","meta":{"_uag_custom_page_level_css":"","site-sidebar-layout":"default","site-content-layout":"","ast-site-content-layout":"default","site-content-style":"default","site-sidebar-style":"default","ast-global-header-display":"","ast-banner-title-visibility":"","ast-main-header-display":"","ast-hfb-above-header-display":"","ast-hfb-below-header-display":"","ast-hfb-mobile-header-display":"","site-post-title":"","ast-breadcrumbs-content":"","ast-featured-img":"","footer-sml-layout":"","ast-disable-related-posts":"","theme-transparent-header-meta":"default","adv-header-id-meta":"","stick-header-meta":"","header-above-stick-meta":"","header-main-stick-meta":"","header-below-stick-meta":"","astra-migrate-meta-layouts":"set","ast-page-background-enabled":"default","ast-page-background-meta":{"desktop":{"background-color":"var(--ast-global-color-4)","background-image":"","background-repeat":"repeat","background-position":"center center","background-size":"auto","background-attachment":"scroll","background-type":"","background-media":"","overlay-type":"","overlay-color":"","overlay-opacity":"","overlay-gradient":""},"tablet":{"background-color":"","background-image":"","background-repeat":"repeat","background-position":"center center","background-size":"auto","background-attachment":"scroll","background-type":"","background-media":"","overlay-type":"","overlay-color":"","overlay-opacity":"","overlay-gradient":""},"mobile":{"background-color":"","background-image":"","background-repeat":"repeat","background-position":"center center","background-size":"auto","background-attachment":"scroll","background-type":"","background-media":"","overlay-type":"","overlay-color":"","overlay-opacity":"","overlay-gradient":""}},"ast-content-background-meta":{"desktop":{"background-color":"var(--ast-global-color-5)","background-image":"","background-repeat":"repeat","background-position":"center center","background-size":"auto","background-attachment":"scroll","background-type":"","background-media":"","overlay-type":"","overlay-color":"","overlay-opacity":"","overlay-gradient":""},"tablet":{"background-color":"var(--ast-global-color-5)","background-image":"","background-repeat":"repeat","background-position":"center center","background-size":"auto","background-attachment":"scroll","background-type":"","background-media":"","overlay-type":"","overlay-color":"","overlay-opacity":"","overlay-gradient":""},"mobile":{"background-color":"var(--ast-global-color-5)","background-image":"","background-repeat":"repeat","background-position":"center center","background-size":"auto","background-attachment":"scroll","background-type":"","background-media":"","overlay-type":"","overlay-color":"","overlay-opacity":"","overlay-gradient":""}}},"product_brand":[],"product_cat":[174],"product_tag":[],"class_list":{"0":"post-22952","1":"product","2":"type-product","3":"status-publish","4":"has-post-thumbnail","6":"product_cat-pest-control","7":"desktop-align-left","8":"tablet-align-left","9":"mobile-align-left","11":"first","12":"instock","13":"shipping-taxable","14":"purchasable","15":"product-type-simple"},"spectra_custom_meta":{"_visibility":["visible"],"_shopify_product_id":["8032617890018"],"_s2w_shopify_domain":["bedbugknocker.myshopify.com"],"_shopify_variant_id":["43849034399970"],"_sku":["BBKBIRDKILLER"],"_regular_price":["29.90"],"_price":["29.90"],"_sale_price":[""],"_weight":["0.2"],"_thumbnail_id":["26405"],"_global_unique_id":["5056773800229"],"total_sales":["68"],"_tax_status":["taxable"],"_tax_class":[""],"_manage_stock":["no"],"_backorders":["no"],"_sold_individually":["no"],"_virtual":["no"],"_downloadable":["no"],"_download_limit":["-1"],"_download_expiry":["-1"],"_stock":[null],"_stock_status":["instock"],"_wc_average_rating":["4.79"],"_wc_review_count":["73"],"_product_version":["10.5.2"],"_edit_lock":["1771525682:1"],"_edit_last":["1"],"_wp_page_template":["default"],"_woocs_price_geo_countries":[""],"_woocs_regular_price_geo":[""],"_woocs_sale_price_geo":[""],"site-sidebar-layout":["default"],"ast-site-content-layout":["default"],"site-content-style":["default"],"site-sidebar-style":["default"],"theme-transparent-header-meta":["default"],"_wc_rating_count":["a:3:{i:3;i:4;i:4;i:7;i:5;i:62;}"],"merchant-center-id":["PAOP"],"merchant-center-category":["7137"],"merchant-center-availability":["yes"],"astra-migrate-meta-layouts":["set"],"_uag_css_file_name":["uag-css-22952.css"],"_elementor_page_assets":["a:0:{}"]},"uagb_featured_image_src":{"full":["https:\/\/www.bedbugknocker.com\/wp-content\/uploads\/2025\/05\/Bird-and-Pigeon-Trap.png",2560,2560,false],"thumbnail":["https:\/\/www.bedbugknocker.com\/wp-content\/uploads\/2025\/05\/Bird-and-Pigeon-Trap-150x150.png",150,150,true],"medium":["https:\/\/www.bedbugknocker.com\/wp-content\/uploads\/2025\/05\/Bird-and-Pigeon-Trap-300x300.png",300,300,true],"medium_large":["https:\/\/www.bedbugknocker.com\/wp-content\/uploads\/2025\/05\/Bird-and-Pigeon-Trap-768x768.png",768,768,true],"large":["https:\/\/www.bedbugknocker.com\/wp-content\/uploads\/2025\/05\/Bird-and-Pigeon-Trap-1024x1024.png",1024,1024,true],"1536x1536":["https:\/\/www.bedbugknocker.com\/wp-content\/uploads\/2025\/05\/Bird-and-Pigeon-Trap-1536x1536.png",1536,1536,true],"2048x2048":["https:\/\/www.bedbugknocker.com\/wp-content\/uploads\/2025\/05\/Bird-and-Pigeon-Trap-2048x2048.png",2048,2048,true],"trp-custom-language-flag":["https:\/\/www.bedbugknocker.com\/wp-content\/uploads\/2025\/05\/Bird-and-Pigeon-Trap-12x12.png",12,12,true],"woocommerce_thumbnail":["https:\/\/www.bedbugknocker.com\/wp-content\/uploads\/2025\/05\/Bird-and-Pigeon-Trap-300x300.png",300,300,true],"woocommerce_single":["https:\/\/www.bedbugknocker.com\/wp-content\/uploads\/2025\/05\/Bird-and-Pigeon-Trap-600x600.png",600,600,true],"woocommerce_gallery_thumbnail":["https:\/\/www.bedbugknocker.com\/wp-content\/uploads\/2025\/05\/Bird-and-Pigeon-Trap-100x100.png",100,100,true]},"uagb_author_info":{"display_name":"admin","author_link":"https:\/\/www.bedbugknocker.com\/lv\/author\/"},"uagb_comment_info":73,"uagb_excerpt":"Capture birds and pigeons efficiently with a professional and reliable trapping solution. Our bird and pigeon trap is specially designed to safely and effectively manage unwanted bird presence in residential, commercial, agricultural, and industrial environments. It helps control overpopulation, prevent property damage, and reduce health risks associated with droppings and nesting. The most effective bird&hellip;","_links":{"self":[{"href":"https:\/\/www.bedbugknocker.com\/lv\/wp-json\/wp\/v2\/product\/22952","targetHints":{"allow":["GET"]}}],"collection":[{"href":"https:\/\/www.bedbugknocker.com\/lv\/wp-json\/wp\/v2\/product"}],"about":[{"href":"https:\/\/www.bedbugknocker.com\/lv\/wp-json\/wp\/v2\/types\/product"}],"replies":[{"embeddable":true,"href":"https:\/\/www.bedbugknocker.com\/lv\/wp-json\/wp\/v2\/comments?post=22952"}],"version-history":[{"count":6,"href":"https:\/\/www.bedbugknocker.com\/lv\/wp-json\/wp\/v2\/product\/22952\/revisions"}],"predecessor-version":[{"id":27306,"href":"https:\/\/www.bedbugknocker.com\/lv\/wp-json\/wp\/v2\/product\/22952\/revisions\/27306"}],"wp:featuredmedia":[{"embeddable":true,"href":"https:\/\/www.bedbugknocker.com\/lv\/wp-json\/wp\/v2\/media\/26405"}],"wp:attachment":[{"href":"https:\/\/www.bedbugknocker.com\/lv\/wp-json\/wp\/v2\/media?parent=22952"}],"wp:term":[{"taxonomy":"product_brand","embeddable":true,"href":"https:\/\/www.bedbugknocker.com\/lv\/wp-json\/wp\/v2\/product_brand?post=22952"},{"taxonomy":"product_cat","embeddable":true,"href":"https:\/\/www.bedbugknocker.com\/lv\/wp-json\/wp\/v2\/product_cat?post=22952"},{"taxonomy":"product_tag","embeddable":true,"href":"https:\/\/www.bedbugknocker.com\/lv\/wp-json\/wp\/v2\/product_tag?post=22952"}],"curies":[{"name":"wp","href":"https:\/\/api.w.org\/{rel}","templated":true}]}}