{"id":22957,"date":"2025-05-26T16:13:22","date_gmt":"2025-05-26T14:13:22","guid":{"rendered":"https:\/\/www.bedbugknocker.com\/products\/snake-killer-500-baits\/"},"modified":"2026-02-19T19:27:36","modified_gmt":"2026-02-19T18:27:36","slug":"snake-killer-500-baits","status":"publish","type":"product","link":"https:\/\/www.bedbugknocker.com\/lt\/products\/snake-killer-500-baits\/","title":{"rendered":"Sp\u0105stai gyvat\u0117ms"},"content":{"rendered":"<p><strong><img decoding=\"async\" style=\"margin-right: 12px;\" src=\"https:\/\/www.bedbugknocker.com\/wp-content\/uploads\/2026\/02\/Check.svg\" alt=\"\" width=\"18\" height=\"15\" \/>Saugiai ir efektyviai gaudykite gyvates naudodami profesionalius sp\u0105stus.<\/strong> M\u016bs\u0173 gyvalazd\u017ei\u0173 gaudykl\u0117s yra specialiai sukurtos nepageidaujamam gyvalazd\u017ei\u0173 paplitimui gyvenamosiose, \u017eem\u0117s \u016bkio ir komercin\u0117se teritorijose kontroliuoti, tod\u0117l tai patikimas b\u016bdas apsaugoti aplink\u0105 ir suma\u017einti galim\u0105 pavoj\u0173 \u017emon\u0117ms ir gyv\u016bnams.<\/p>\n<p><strong><img decoding=\"async\" style=\"margin-right: 12px;\" src=\"https:\/\/www.bedbugknocker.com\/wp-content\/uploads\/2026\/02\/Check.svg\" alt=\"\" width=\"18\" height=\"15\" \/>Veiksmingiausia \u0161iandien prieinama gyvat\u0117s gaudykl\u0117.<\/strong> \u0160i gaudykl\u0117 sukurta naudojant pa\u017eangi\u0105 gaudymo technologij\u0105, tod\u0117l, atsi\u017evelgiant \u012f gyvat\u0117s elgsen\u0105 ir jud\u0117jimo b\u016bdus, ji u\u017etikrina maksimal\u0173 s\u0117km\u0117s rodikl\u012f. Optimizuota konstrukcija u\u017etikrina, kad gyvat\u0117, patekusi \u012f gaudykl\u0119, nepab\u0117gt\u0173, tod\u0117l ji veikia nuosekliai ir patikimai.<\/p>\n<p><strong><img decoding=\"async\" style=\"margin-right: 12px;\" src=\"https:\/\/www.bedbugknocker.com\/wp-content\/uploads\/2026\/02\/Check.svg\" alt=\"\" width=\"18\" height=\"15\" \/>Si\u016blome pigiausias auk\u0161tos kokyb\u0117s gyvat\u0117s gaudykles rinkoje.<\/strong> M\u016bs\u0173 konkurencingos kainos u\u017etikrina, kad gausite profesionalaus lygio efektyvum\u0105 u\u017e ma\u017eiausi\u0105 kain\u0105. Norint u\u017etikrinti patikim\u0105 gyvat\u0117s kontrol\u0119, nereikia i\u0161leisti pernelyg daug, tod\u0117l m\u016bs\u0173 gaudykl\u0117s yra geriausias sprendimas.<\/p>\n<p><strong><img decoding=\"async\" style=\"margin-right: 12px;\" src=\"https:\/\/www.bedbugknocker.com\/wp-content\/uploads\/2026\/02\/Check.svg\" alt=\"\" width=\"18\" height=\"15\" \/>100% pinig\u0173 gr\u0105\u017einimo garantija - visi\u0161ka ramyb\u0117.<\/strong> Mes palaikome savo gyvat\u0117s gaudykl\u0117s veikim\u0105. Jei neb\u016bsite visi\u0161kai patenkinti, gr\u0105\u017einsime pinigus u\u017e pirkin\u012f be joki\u0173 r\u016bpes\u010di\u0173. J\u016bs\u0173 pasitenkinimas ir saugumas yra m\u016bs\u0173 svarbiausi prioritetai.<\/p>\n<p><strong><img decoding=\"async\" style=\"margin-right: 12px;\" src=\"https:\/\/www.bedbugknocker.com\/wp-content\/uploads\/2026\/02\/Check.svg\" alt=\"\" width=\"18\" height=\"15\" \/>Greitas pristatymas 24 valandas per par\u0105 skubiais atvejais.<\/strong> Da\u017enai pasteb\u0117jus gyvat\u0119 reikia nedelsiant imtis veiksm\u0173. Tod\u0117l visada si\u016blome pristatym\u0105 24 valandas per par\u0105, kad gal\u0117tum\u0117te greitai apsaugoti savo turt\u0105 ir nedelsdami spr\u0119sti problem\u0105.<\/p>\n<p><strong><img decoding=\"async\" style=\"margin-right: 12px;\" src=\"https:\/\/www.bedbugknocker.com\/wp-content\/uploads\/2026\/02\/Check.svg\" alt=\"\" width=\"18\" height=\"15\" \/>Plati pavir\u0161iaus apr\u0117ptis - iki 20 m\u00b2 vienoje gaudykl\u0117s \u012frengimo zonoje.<\/strong> Kiekviena gaudykl\u0117 yra sukurta taip, kad tinkamai \u012frengta veiksmingai apsaugot\u0173 iki 20 kvadratini\u0173 metr\u0173 plot\u0105, tod\u0117l tinka sodams, r\u016bsiams, sand\u0117liavimo patalpoms, tvartams ir kitoms pa\u017eeid\u017eiamoms vietoms.<\/p>\n<p><strong><img decoding=\"async\" style=\"margin-right: 12px;\" src=\"https:\/\/www.bedbugknocker.com\/wp-content\/uploads\/2026\/02\/Check.svg\" alt=\"\" width=\"18\" height=\"15\" \/>Patvari ir oro s\u0105lygoms atspari konstrukcija.<\/strong> M\u016bs\u0173 gyvat\u0117s gaudykl\u0117s pagamintos i\u0161 tvirt\u0173 ir ilgaam\u017ei\u0173 med\u017eiag\u0173, tod\u0117l yra atsparios lauko veiksniams, tokiems kaip lietus, dr\u0117gm\u0117 ir temperat\u016bros poky\u010diai, ir u\u017etikrina patikim\u0105 veikim\u0105 \u012fvairiose aplinkose.<\/p>\n<p><strong><img decoding=\"async\" style=\"margin-right: 12px;\" src=\"https:\/\/www.bedbugknocker.com\/wp-content\/uploads\/2026\/02\/Check.svg\" alt=\"\" width=\"18\" height=\"15\" \/>Saugi konstrukcija kontroliuojamam gaudymui.<\/strong> Tinkamai naudojant ir strategi\u0161kai i\u0161d\u0117stant gaudykl\u0119 pagal instrukcijas, jos konstrukcija skirta b\u016btent gyvat\u0117ms, o rizika didesniems netiksliniams gyv\u016bnams yra kuo ma\u017eesn\u0117.<\/p>\n<p><strong><img decoding=\"async\" style=\"margin-right: 12px;\" src=\"https:\/\/www.bedbugknocker.com\/wp-content\/uploads\/2026\/02\/Check.svg\" alt=\"\" width=\"18\" height=\"15\" \/>Lengva nustatyti, nereikia joki\u0173 speciali\u0173 \u012franki\u0173.<\/strong> Gaudykl\u0119 galima greitai sumontuoti be profesional\u0173 pagalbos. Patogus mechanizmas leid\u017eia nam\u0173 savininkams, \u016bkininkams ir nekilnojamojo turto valdytojams efektyviai j\u012f \u012fdiegti.<\/p>\n<p><strong><img decoding=\"async\" style=\"margin-right: 12px;\" src=\"https:\/\/www.bedbugknocker.com\/wp-content\/uploads\/2026\/02\/Check.svg\" alt=\"\" width=\"18\" height=\"15\" \/>Saugokite savo \u0161eim\u0105, augintinius ir turt\u0105.<\/strong> Gyvat\u0117s gali kelti sveikatos ir saugos problem\u0173. Naudodami m\u016bs\u0173 itin veiksming\u0105 gyvat\u0117s gaudykl\u0119 atkursite saugum\u0105 ir dvasios ramyb\u0119, kartu i\u0161laikydami aplinkos kontrol\u0119.<\/p>\n<h2><strong>Instrukcijos<\/strong><\/h2>\n<ul>\n<li>Nustatykite vietas, kuriose pasteb\u0117ta gyvat\u0117s aktyvumo, pavyzd\u017eiui, prie sien\u0173, tvor\u0173, malk\u0173 kr\u016bv\u0173, pa\u0161i\u016bri\u0173, r\u016bsi\u0173, sod\u0173 ar vandens \u0161altini\u0173.<\/li>\n<li>Pastatykite gaudykl\u0119 ant lygaus pavir\u0161iaus palei nat\u016bralius jud\u0117jimo takus arba \u012f\u0117jimo vietas. Gyvat\u0117s paprastai juda palei kra\u0161tus ir pasl\u0117ptas vietas.<\/li>\n<li>Vien\u0105 gaudykl\u0119 statykite ma\u017edaug kas 20 m\u00b2 ploto, kur\u012f reikia apsaugoti. Didesn\u0117se arba smarkiai paveiktose zonose naudokite kelias gaudykles.<\/li>\n<li>\u012esitikinkite, kad gaudykl\u0117 yra stabili ir tinkamai \u012fjungta pagal \u012fmontuoto mechanizmo instrukcijas.<\/li>\n<li>Vietov\u0117se, kuriose gyvat\u0117s da\u017enai lankosi, bent kart\u0105 per dien\u0105 patikrinkite gaudykl\u0119, kad gal\u0117tum\u0117te steb\u0117ti rezultatus ir u\u017etikrinti saugum\u0105.<\/li>\n<li>Kad suma\u017eintum\u0117te \u017emogaus kvap\u0105 ir padidintum\u0117te veiksmingum\u0105, montuodami ir tvarkydami naudokite pir\u0161tines.<\/li>\n<li>Naudojimo metu laikykite vaikus ir naminius gyv\u016bnus atokiau nuo gaudykl\u0117s vietos.<\/li>\n<li>Pagav\u0119 gyvat\u0119, laikykit\u0117s vietini\u0173 laukin\u0117s gamtos apsaugos taisykli\u0173, reglamentuojan\u010di\u0173 gyvat\u0117s tvarkym\u0105, perk\u0117lim\u0105 ar \u0161alinim\u0105.<\/li>\n<li>Po kiekvieno naudojimo kruop\u0161\u010diai i\u0161valykite gaudykl\u0119, kad i\u0161laikytum\u0117te higien\u0105 ir na\u0161um\u0105.<\/li>\n<li>Nenaudojam\u0105 gaudykl\u0119 laikykite sausoje ir saugioje vietoje, kad ji b\u016bt\u0173 patvari ir tinkama naudoti ateityje.<\/li>\n<\/ul>","protected":false},"excerpt":{"rendered":"<p>Capture snakes safely and effectively with a professional-grade trapping solution. Our snake trap is specifically engineered to control unwanted snake presence in residential, agricultural, and commercial areas, providing a reliable method to secure your environment and reduce potential risks to people and animals. The most effective snake trap available today. Designed with advanced capture technology, [&hellip;]<\/p>\n","protected":false},"featured_media":23235,"comment_status":"open","ping_status":"closed","template":"","meta":{"_uag_custom_page_level_css":"","site-sidebar-layout":"default","site-content-layout":"","ast-site-content-layout":"default","site-content-style":"default","site-sidebar-style":"default","ast-global-header-display":"","ast-banner-title-visibility":"","ast-main-header-display":"","ast-hfb-above-header-display":"","ast-hfb-below-header-display":"","ast-hfb-mobile-header-display":"","site-post-title":"","ast-breadcrumbs-content":"","ast-featured-img":"","footer-sml-layout":"","ast-disable-related-posts":"","theme-transparent-header-meta":"default","adv-header-id-meta":"","stick-header-meta":"","header-above-stick-meta":"","header-main-stick-meta":"","header-below-stick-meta":"","astra-migrate-meta-layouts":"set","ast-page-background-enabled":"default","ast-page-background-meta":{"desktop":{"background-color":"var(--ast-global-color-4)","background-image":"","background-repeat":"repeat","background-position":"center center","background-size":"auto","background-attachment":"scroll","background-type":"","background-media":"","overlay-type":"","overlay-color":"","overlay-opacity":"","overlay-gradient":""},"tablet":{"background-color":"","background-image":"","background-repeat":"repeat","background-position":"center center","background-size":"auto","background-attachment":"scroll","background-type":"","background-media":"","overlay-type":"","overlay-color":"","overlay-opacity":"","overlay-gradient":""},"mobile":{"background-color":"","background-image":"","background-repeat":"repeat","background-position":"center center","background-size":"auto","background-attachment":"scroll","background-type":"","background-media":"","overlay-type":"","overlay-color":"","overlay-opacity":"","overlay-gradient":""}},"ast-content-background-meta":{"desktop":{"background-color":"var(--ast-global-color-5)","background-image":"","background-repeat":"repeat","background-position":"center center","background-size":"auto","background-attachment":"scroll","background-type":"","background-media":"","overlay-type":"","overlay-color":"","overlay-opacity":"","overlay-gradient":""},"tablet":{"background-color":"var(--ast-global-color-5)","background-image":"","background-repeat":"repeat","background-position":"center center","background-size":"auto","background-attachment":"scroll","background-type":"","background-media":"","overlay-type":"","overlay-color":"","overlay-opacity":"","overlay-gradient":""},"mobile":{"background-color":"var(--ast-global-color-5)","background-image":"","background-repeat":"repeat","background-position":"center center","background-size":"auto","background-attachment":"scroll","background-type":"","background-media":"","overlay-type":"","overlay-color":"","overlay-opacity":"","overlay-gradient":""}}},"product_brand":[],"product_cat":[174],"product_tag":[],"class_list":{"0":"post-22957","1":"product","2":"type-product","3":"status-publish","4":"has-post-thumbnail","6":"product_cat-pest-control","7":"desktop-align-left","8":"tablet-align-left","9":"mobile-align-left","11":"first","12":"instock","13":"taxable","14":"shipping-taxable","15":"purchasable","16":"product-type-simple"},"spectra_custom_meta":{"_visibility":["visible"],"_shopify_product_id":["8032611991778"],"_s2w_shopify_domain":["bedbugknocker.myshopify.com"],"_shopify_variant_id":["43849027616994"],"_sku":["BBKSNAKEKILLER"],"_regular_price":["29.90"],"_price":["29.90"],"_sale_price":[""],"_weight":["0.2"],"_thumbnail_id":["23235"],"_global_unique_id":["5056773800236"],"total_sales":["28"],"_tax_status":["taxable"],"_tax_class":[""],"_manage_stock":["no"],"_backorders":["no"],"_sold_individually":["no"],"_virtual":["no"],"_downloadable":["no"],"_download_limit":["-1"],"_download_expiry":["-1"],"_stock":[null],"_stock_status":["instock"],"_wc_average_rating":["4.92"],"_wc_review_count":["60"],"_product_version":["10.5.2"],"_edit_lock":["1771525520:1"],"_edit_last":["1"],"_wp_page_template":["default"],"_woocs_price_geo_countries":[""],"_woocs_regular_price_geo":[""],"_woocs_sale_price_geo":[""],"site-sidebar-layout":["default"],"ast-site-content-layout":["default"],"site-content-style":["default"],"site-sidebar-style":["default"],"theme-transparent-header-meta":["default"],"_wc_rating_count":["a:2:{i:4;i:5;i:5;i:55;}"],"merchant-center-id":["PAS"],"merchant-center-availability":["yes"],"merchant-center-category":["7137"],"astra-migrate-meta-layouts":["set"],"_uag_css_file_name":["uag-css-22957.css"],"_elementor_page_assets":["a:0:{}"],"_uag_page_assets":["a:9:{s:3:\"css\";s:6873:\".wp-block-uagb-image{display:flex}.wp-block-uagb-image__figure{position:relative;display:flex;flex-direction:column;max-width:100%;height:auto;margin:0}.wp-block-uagb-image__figure img{height:auto;display:flex;max-width:100%;transition:box-shadow .2s ease}.wp-block-uagb-image__figure>a{display:inline-block}.wp-block-uagb-image__figure figcaption{text-align:center;margin-top:.5em;margin-bottom:1em}.wp-block-uagb-image .components-placeholder.block-editor-media-placeholder .components-placeholder__instructions{align-self:center}.wp-block-uagb-image--align-left{text-align:left}.wp-block-uagb-image--align-right{text-align:right}.wp-block-uagb-image--align-center{text-align:center}.wp-block-uagb-image--align-full .wp-block-uagb-image__figure{margin-left:calc(50% - 50vw);margin-right:calc(50% - 50vw);max-width:100vw;width:100vw;height:auto}.wp-block-uagb-image--align-full .wp-block-uagb-image__figure img{height:auto;width:100% !important}.wp-block-uagb-image--align-wide .wp-block-uagb-image__figure img{height:auto;width:100%}.wp-block-uagb-image--layout-overlay__color-wrapper{position:absolute;left:0;top:0;right:0;bottom:0;opacity:.2;background:rgba(0,0,0,.5);transition:opacity .35s ease-in-out}.wp-block-uagb-image--layout-overlay-link{position:absolute;left:0;right:0;bottom:0;top:0}.wp-block-uagb-image--layout-overlay .wp-block-uagb-image__figure:hover .wp-block-uagb-image--layout-overlay__color-wrapper{opacity:1}.wp-block-uagb-image--layout-overlay__inner{position:absolute;left:15px;right:15px;bottom:15px;top:15px;display:flex;align-items:center;justify-content:center;flex-direction:column;border-color:#fff;transition:.35s ease-in-out}.wp-block-uagb-image--layout-overlay__inner.top-left,.wp-block-uagb-image--layout-overlay__inner.top-center,.wp-block-uagb-image--layout-overlay__inner.top-right{justify-content:flex-start}.wp-block-uagb-image--layout-overlay__inner.bottom-left,.wp-block-uagb-image--layout-overlay__inner.bottom-center,.wp-block-uagb-image--layout-overlay__inner.bottom-right{justify-content:flex-end}.wp-block-uagb-image--layout-overlay__inner.top-left,.wp-block-uagb-image--layout-overlay__inner.center-left,.wp-block-uagb-image--layout-overlay__inner.bottom-left{align-items:flex-start}.wp-block-uagb-image--layout-overlay__inner.top-right,.wp-block-uagb-image--layout-overlay__inner.center-right,.wp-block-uagb-image--layout-overlay__inner.bottom-right{align-items:flex-end}.wp-block-uagb-image--layout-overlay__inner .uagb-image-heading{color:#fff;transition:transform .35s,opacity .35s ease-in-out;transform:translate3d(0, 24px, 0);margin:0;line-height:1em}.wp-block-uagb-image--layout-overlay__inner .uagb-image-separator{width:30%;border-top-width:2px;border-top-color:#fff;border-top-style:solid;margin-bottom:10px;opacity:0;transition:transform .4s,opacity .4s ease-in-out;transform:translate3d(0, 30px, 0)}.wp-block-uagb-image--layout-overlay__inner .uagb-image-caption{opacity:0;overflow:visible;color:#fff;transition:transform .45s,opacity .45s ease-in-out;transform:translate3d(0, 35px, 0)}.wp-block-uagb-image--layout-overlay__inner:hover .uagb-image-heading,.wp-block-uagb-image--layout-overlay__inner:hover .uagb-image-separator,.wp-block-uagb-image--layout-overlay__inner:hover .uagb-image-caption{opacity:1;transform:translate3d(0, 0, 0)}.wp-block-uagb-image--effect-zoomin .wp-block-uagb-image__figure img,.wp-block-uagb-image--effect-zoomin .wp-block-uagb-image__figure .wp-block-uagb-image--layout-overlay__color-wrapper{transform:scale(1);transition:transform .35s ease-in-out}.wp-block-uagb-image--effect-zoomin .wp-block-uagb-image__figure:hover img,.wp-block-uagb-image--effect-zoomin .wp-block-uagb-image__figure:hover .wp-block-uagb-image--layout-overlay__color-wrapper{transform:scale(1.05)}.wp-block-uagb-image--effect-slide .wp-block-uagb-image__figure img,.wp-block-uagb-image--effect-slide .wp-block-uagb-image__figure .wp-block-uagb-image--layout-overlay__color-wrapper{width:calc(100% + 40px) !important;max-width:none !important;transform:translate3d(-40px, 0, 0);transition:transform .35s ease-in-out}.wp-block-uagb-image--effect-slide .wp-block-uagb-image__figure:hover img,.wp-block-uagb-image--effect-slide .wp-block-uagb-image__figure:hover .wp-block-uagb-image--layout-overlay__color-wrapper{transform:translate3d(0, 0, 0)}.wp-block-uagb-image--effect-grayscale img{filter:grayscale(0%);transition:.35s ease-in-out}.wp-block-uagb-image--effect-grayscale:hover img{filter:grayscale(100%)}.wp-block-uagb-image--effect-blur img{filter:blur(0);transition:.35s ease-in-out}.wp-block-uagb-image--effect-blur:hover img{filter:blur(3px)}.uagb-block-e6f939b3.wp-block-uagb-image--layout-default figure img{box-shadow: 0px 0px 0 #00000070;}.uagb-block-e6f939b3.wp-block-uagb-image .wp-block-uagb-image__figure figcaption{font-style: normal;align-self: center;}.uagb-block-e6f939b3.wp-block-uagb-image--layout-overlay figure img{box-shadow: 0px 0px 0 #00000070;}.uagb-block-e6f939b3.wp-block-uagb-image--layout-overlay .wp-block-uagb-image--layout-overlay__color-wrapper{opacity: 0.2;}.uagb-block-e6f939b3.wp-block-uagb-image--layout-overlay .wp-block-uagb-image--layout-overlay__inner{left: 15px;right: 15px;top: 15px;bottom: 15px;}.uagb-block-e6f939b3.wp-block-uagb-image--layout-overlay .wp-block-uagb-image--layout-overlay__inner .uagb-image-heading{font-style: normal;color: #fff;opacity: 1;}.uagb-block-e6f939b3.wp-block-uagb-image--layout-overlay .wp-block-uagb-image--layout-overlay__inner .uagb-image-heading a{color: #fff;}.uagb-block-e6f939b3.wp-block-uagb-image--layout-overlay .wp-block-uagb-image--layout-overlay__inner .uagb-image-caption{opacity: 0;}.uagb-block-e6f939b3.wp-block-uagb-image--layout-overlay .wp-block-uagb-image__figure:hover .wp-block-uagb-image--layout-overlay__color-wrapper{opacity: 1;}.uagb-block-e6f939b3.wp-block-uagb-image .wp-block-uagb-image--layout-overlay__inner .uagb-image-separator{width: 30%;border-top-width: 2px;border-top-color: #fff;opacity: 0;}.uagb-block-e6f939b3.wp-block-uagb-image .wp-block-uagb-image__figure img{width: px;height: auto;}.uagb-block-e6f939b3.wp-block-uagb-image .wp-block-uagb-image__figure:hover .wp-block-uagb-image--layout-overlay__inner .uagb-image-caption{opacity: 1;}.uagb-block-e6f939b3.wp-block-uagb-image .wp-block-uagb-image__figure:hover .wp-block-uagb-image--layout-overlay__inner .uagb-image-separator{opacity: 1;}.uagb-block-e6f939b3.wp-block-uagb-image--layout-default figure:hover img{box-shadow: 0px 0px 0 #00000070;}.uagb-block-e6f939b3.wp-block-uagb-image--layout-overlay figure:hover img{box-shadow: 0px 0px 0 #00000070;}@media only screen and (max-width: 976px) {.uagb-block-e6f939b3.wp-block-uagb-image .wp-block-uagb-image__figure img{width: px;height: auto;}}@media only screen and (max-width: 767px) {.uagb-block-e6f939b3.wp-block-uagb-image .wp-block-uagb-image__figure img{width: px;height: auto;}}\";s:2:\"js\";s:0:\"\";s:18:\"current_block_list\";a:13:{i:0;s:11:\"core\/search\";i:1;s:10:\"core\/group\";i:2;s:12:\"core\/heading\";i:3;s:17:\"core\/latest-posts\";i:4;s:20:\"core\/latest-comments\";i:5;s:13:\"core\/archives\";i:6;s:15:\"core\/categories\";i:7;s:14:\"core\/paragraph\";i:8;s:10:\"uagb\/image\";i:9;s:11:\"core\/spacer\";i:10;s:30:\"woocommerce\/product-categories\";i:11;s:10:\"core\/image\";i:12;s:14:\"core\/shortcode\";}s:8:\"uag_flag\";b:1;s:11:\"uag_version\";s:10:\"1777307282\";s:6:\"gfonts\";a:0:{}s:10:\"gfonts_url\";s:0:\"\";s:12:\"gfonts_files\";a:0:{}s:14:\"uag_faq_layout\";b:0;}"]},"uagb_featured_image_src":{"full":["https:\/\/www.bedbugknocker.com\/wp-content\/uploads\/2025\/05\/SNAKE_TRAP-mockup.jpg",2560,2560,false],"thumbnail":["https:\/\/www.bedbugknocker.com\/wp-content\/uploads\/2025\/05\/SNAKE_TRAP-mockup-150x150.jpg",150,150,true],"medium":["https:\/\/www.bedbugknocker.com\/wp-content\/uploads\/2025\/05\/SNAKE_TRAP-mockup-300x300.jpg",300,300,true],"medium_large":["https:\/\/www.bedbugknocker.com\/wp-content\/uploads\/2025\/05\/SNAKE_TRAP-mockup-768x768.jpg",768,768,true],"large":["https:\/\/www.bedbugknocker.com\/wp-content\/uploads\/2025\/05\/SNAKE_TRAP-mockup-1024x1024.jpg",1024,1024,true],"1536x1536":["https:\/\/www.bedbugknocker.com\/wp-content\/uploads\/2025\/05\/SNAKE_TRAP-mockup-1536x1536.jpg",1536,1536,true],"2048x2048":["https:\/\/www.bedbugknocker.com\/wp-content\/uploads\/2025\/05\/SNAKE_TRAP-mockup-2048x2048.jpg",2048,2048,true],"trp-custom-language-flag":["https:\/\/www.bedbugknocker.com\/wp-content\/uploads\/2025\/05\/SNAKE_TRAP-mockup-12x12.jpg",12,12,true],"woocommerce_thumbnail":["https:\/\/www.bedbugknocker.com\/wp-content\/uploads\/2025\/05\/SNAKE_TRAP-mockup-300x300.jpg",300,300,true],"woocommerce_single":["https:\/\/www.bedbugknocker.com\/wp-content\/uploads\/2025\/05\/SNAKE_TRAP-mockup-600x600.jpg",600,600,true],"woocommerce_gallery_thumbnail":["https:\/\/www.bedbugknocker.com\/wp-content\/uploads\/2025\/05\/SNAKE_TRAP-mockup-100x100.jpg",100,100,true]},"uagb_author_info":{"display_name":"admin","author_link":"https:\/\/www.bedbugknocker.com\/lt\/author\/"},"uagb_comment_info":60,"uagb_excerpt":"Capture snakes safely and effectively with a professional-grade trapping solution. Our snake trap is specifically engineered to control unwanted snake presence in residential, agricultural, and commercial areas, providing a reliable method to secure your environment and reduce potential risks to people and animals. The most effective snake trap available today. Designed with advanced capture technology,&hellip;","_links":{"self":[{"href":"https:\/\/www.bedbugknocker.com\/lt\/wp-json\/wp\/v2\/product\/22957","targetHints":{"allow":["GET"]}}],"collection":[{"href":"https:\/\/www.bedbugknocker.com\/lt\/wp-json\/wp\/v2\/product"}],"about":[{"href":"https:\/\/www.bedbugknocker.com\/lt\/wp-json\/wp\/v2\/types\/product"}],"replies":[{"embeddable":true,"href":"https:\/\/www.bedbugknocker.com\/lt\/wp-json\/wp\/v2\/comments?post=22957"}],"version-history":[{"count":5,"href":"https:\/\/www.bedbugknocker.com\/lt\/wp-json\/wp\/v2\/product\/22957\/revisions"}],"predecessor-version":[{"id":27303,"href":"https:\/\/www.bedbugknocker.com\/lt\/wp-json\/wp\/v2\/product\/22957\/revisions\/27303"}],"wp:featuredmedia":[{"embeddable":true,"href":"https:\/\/www.bedbugknocker.com\/lt\/wp-json\/wp\/v2\/media\/23235"}],"wp:attachment":[{"href":"https:\/\/www.bedbugknocker.com\/lt\/wp-json\/wp\/v2\/media?parent=22957"}],"wp:term":[{"taxonomy":"product_brand","embeddable":true,"href":"https:\/\/www.bedbugknocker.com\/lt\/wp-json\/wp\/v2\/product_brand?post=22957"},{"taxonomy":"product_cat","embeddable":true,"href":"https:\/\/www.bedbugknocker.com\/lt\/wp-json\/wp\/v2\/product_cat?post=22957"},{"taxonomy":"product_tag","embeddable":true,"href":"https:\/\/www.bedbugknocker.com\/lt\/wp-json\/wp\/v2\/product_tag?post=22957"}],"curies":[{"name":"wp","href":"https:\/\/api.w.org\/{rel}","templated":true}]}}