{"id":22958,"date":"2025-05-26T16:13:26","date_gmt":"2025-05-26T14:13:26","guid":{"rendered":"https:\/\/www.bedbugknocker.com\/products\/weasel-killer-500-baits\/"},"modified":"2026-02-19T19:26:09","modified_gmt":"2026-02-19T18:26:09","slug":"weasel-killer-500-baits","status":"publish","type":"product","link":"https:\/\/www.bedbugknocker.com\/hu\/products\/weasel-killer-500-baits\/","title":{"rendered":"Meny\u00e9t csapda"},"content":{"rendered":"<p><strong><img decoding=\"async\" style=\"margin-right: 12px;\" src=\"https:\/\/www.bedbugknocker.com\/wp-content\/uploads\/2026\/02\/Check.svg\" alt=\"\" width=\"18\" height=\"15\" \/>Fogja be gyorsan \u00e9s hum\u00e1nusan a meny\u00e9teket egy megb\u00edzhat\u00f3, nagy teljes\u00edtm\u00e9ny\u0171 csapd\u00e1val.<\/strong> Meny\u00e9tcsapd\u00e1nkat kifejezetten \u00fagy tervezt\u00fck, hogy a meny\u00e9teket hat\u00e9konyan, felesleges szenved\u00e9s okoz\u00e1sa n\u00e9lk\u00fcl fogjuk el, \u00edgy felel\u0151ss\u00e9gteljes \u00e9s hat\u00e9kony megold\u00e1st k\u00edn\u00e1l ingatlanja, baromfi- \u00e9s kis\u00e1llatai v\u00e9delm\u00e9re a k\u00e1rokoz\u00e1st\u00f3l \u00e9s a ragadoz\u00f3kt\u00f3l.<\/p>\n<p><strong><img decoding=\"async\" style=\"margin-right: 12px;\" src=\"https:\/\/www.bedbugknocker.com\/wp-content\/uploads\/2026\/02\/Check.svg\" alt=\"\" width=\"18\" height=\"15\" \/>A leghat\u00e9konyabb meny\u00e9tcsapda a piacon.<\/strong> A prec\u00edzi\u00f3s kiold\u00f3 technol\u00f3gi\u00e1val \u00e9s biztons\u00e1gos z\u00e1rszerkezettel kialak\u00edtott csapda magas elfog\u00e1si ar\u00e1nyt biztos\u00edt, mik\u00f6zben minim\u00e1lisra cs\u00f6kkenti a t\u00e9ves kiold\u00e1sokat. \u00c9rz\u00e9keny, m\u00e9gis stabil kialak\u00edt\u00e1sa lehet\u0151v\u00e9 teszi, hogy azonnal reag\u00e1ljon, amikor egy meny\u00e9t bel\u00e9p, \u00edgy k\u00f6vetkezetes \u00e9s megb\u00edzhat\u00f3 eredm\u00e9nyeket biztos\u00edt.<\/p>\n<p><strong><img decoding=\"async\" style=\"margin-right: 12px;\" src=\"https:\/\/www.bedbugknocker.com\/wp-content\/uploads\/2026\/02\/Check.svg\" alt=\"\" width=\"18\" height=\"15\" \/>A legolcs\u00f3bb professzion\u00e1lis min\u0151s\u00e9g\u0171 meny\u00e9tcsapd\u00e1t k\u00edn\u00e1ljuk.<\/strong> Versenyk\u00e9pes \u00e1rk\u00e9pz\u00e9s\u00fcnk garant\u00e1lja, hogy a lehet\u0151 legalacsonyabb k\u00f6lts\u00e9ggel kapja meg a pr\u00e9mium min\u0151s\u00e9g\u0171 teljes\u00edtm\u00e9nyt. Nem kell t\u00falfizetnie a hat\u00e9kony vadk\u00e1relh\u00e1r\u00edt\u00e1s\u00e9rt, csapd\u00e1nk a tart\u00f3ss\u00e1got, a hat\u00e9konys\u00e1got \u00e9s a megfizethet\u0151s\u00e9get egyes\u00edti egyetlen megold\u00e1sban.<\/p>\n<p><strong><img decoding=\"async\" style=\"margin-right: 12px;\" src=\"https:\/\/www.bedbugknocker.com\/wp-content\/uploads\/2026\/02\/Check.svg\" alt=\"\" width=\"18\" height=\"15\" \/>100% p\u00e9nzvisszafizet\u00e9si garancia a teljes bizalom\u00e9rt.<\/strong> Teljesen biztosak vagyunk meny\u00e9tcsapd\u00e1nk hat\u00e9konys\u00e1g\u00e1ban \u00e9s kivitelez\u00e9si min\u0151s\u00e9g\u00e9ben. Ha nem el\u00e9gedett a teljes\u00edtm\u00e9ny\u00e9vel, visszat\u00e9r\u00edtj\u00fck a v\u00e9tel\u00e1rat - nincs bonyolult elj\u00e1r\u00e1s, nincsenek rejtett felt\u00e9telek.<\/p>\n<p><strong><img decoding=\"async\" style=\"margin-right: 12px;\" src=\"https:\/\/www.bedbugknocker.com\/wp-content\/uploads\/2026\/02\/Check.svg\" alt=\"\" width=\"18\" height=\"15\" \/>Gyors, 24 \u00f3r\u00e1s sz\u00e1ll\u00edt\u00e1s, hogy azonnal megv\u00e9dhesse ingatlan\u00e1t.<\/strong> Meg\u00e9rtj\u00fck, hogy a meny\u00e9tekkel val\u00f3 foglalkoz\u00e1s s\u00fcrg\u0151s, k\u00fcl\u00f6n\u00f6sen akkor, ha az \u00e1llat\u00e1llom\u00e1ny vagy a baromfi vesz\u00e9lyben van. Ez\u00e9rt mindig 24 \u00f3r\u00e1s kisz\u00e1ll\u00edt\u00e1st k\u00edn\u00e1lunk, \u00edgy biztos\u00edtva, hogy \u00d6n k\u00e9sedelem n\u00e9lk\u00fcl cselekedhessen.<\/p>\n<p><strong><img decoding=\"async\" style=\"margin-right: 12px;\" src=\"https:\/\/www.bedbugknocker.com\/wp-content\/uploads\/2026\/02\/Check.svg\" alt=\"\" width=\"18\" height=\"15\" \/>Tart\u00f3s \u00e9s id\u0151j\u00e1r\u00e1s\u00e1ll\u00f3 konstrukci\u00f3 a hossz\u00fa t\u00e1v\u00fa haszn\u00e1lathoz.<\/strong> Az er\u0151s, korr\u00f3zi\u00f3\u00e1ll\u00f3 anyagokb\u00f3l k\u00e9sz\u00fclt meny\u00e9tcsapd\u00e1nk ellen\u00e1ll a k\u00fclt\u00e9ri k\u00f6r\u00fclm\u00e9nyeknek, p\u00e9ld\u00e1ul az es\u0151nek, a hidegnek \u00e9s a p\u00e1ratartalomnak. \u00dagy tervezt\u00fck, hogy szezonr\u00f3l szezonra t\u00f6bbsz\u00f6ri haszn\u00e1latra is alkalmas legyen an\u00e9lk\u00fcl, hogy vesz\u00edtene hat\u00e9konys\u00e1g\u00e1b\u00f3l.<\/p>\n<p><strong><img decoding=\"async\" style=\"margin-right: 12px;\" src=\"https:\/\/www.bedbugknocker.com\/wp-content\/uploads\/2026\/02\/Check.svg\" alt=\"\" width=\"18\" height=\"15\" \/>Biztons\u00e1gos kialak\u00edt\u00e1s a nem c\u00e9lzott \u00e1llatokra jelentett kock\u00e1zat cs\u00f6kkent\u00e9se \u00e9rdek\u00e9ben.<\/strong> A csapd\u00e1t \u00fagy tervezt\u00e9k, hogy m\u00e9ret\u00fck \u00e9s viselked\u00e9s\u00fck alapj\u00e1n kifejezetten a meny\u00e9teket c\u00e9lozza meg, \u00e9s seg\u00edt cs\u00f6kkenteni a nagyobb \u00e1llatok v\u00e9letlen elfog\u00e1s\u00e1t, ha helyesen helyezik el \u00e9s az utas\u00edt\u00e1soknak megfelel\u0151en haszn\u00e1lj\u00e1k.<\/p>\n<p><strong><img decoding=\"async\" style=\"margin-right: 12px;\" src=\"https:\/\/www.bedbugknocker.com\/wp-content\/uploads\/2026\/02\/Check.svg\" alt=\"\" width=\"18\" height=\"15\" \/>K\u00f6nnyen be\u00e1ll\u00edthat\u00f3 \u00e9s egyszer\u0171en ellen\u0151rizhet\u0151.<\/strong> Az intuit\u00edv mechanizmus lehet\u0151v\u00e9 teszi a gyors be\u00e1ll\u00edt\u00e1st speci\u00e1lis szersz\u00e1mok vagy k\u00e9pz\u00e9s n\u00e9lk\u00fcl. A biztons\u00e1gos reteszrendszer biztos\u00edtja, hogy a csapda a kiold\u00e1s ut\u00e1n z\u00e1rva marad, megakad\u00e1lyozva a sz\u00f6k\u00e9st.<\/p>\n<p><strong><img decoding=\"async\" style=\"margin-right: 12px;\" src=\"https:\/\/www.bedbugknocker.com\/wp-content\/uploads\/2026\/02\/Check.svg\" alt=\"\" width=\"18\" height=\"15\" \/>Sokoldal\u00fa elhelyez\u00e9si lehet\u0151s\u00e9gek a k\u00fcl\u00f6nb\u00f6z\u0151 k\u00f6rnyezetekhez.<\/strong> Ez a csapda alkalmas farmokra, pajt\u00e1kba, csirket\u00e1rol\u00f3kba, kertekbe, f\u00e9szerekbe \u00e9s vid\u00e9ki ingatlanokba, \u00e9s alkalmazkodik a k\u00fcl\u00f6nb\u00f6z\u0151 helysz\u00ednekhez, ahol meny\u00e9ttev\u00e9kenys\u00e9get \u00e9szlelnek.<\/p>\n<p><strong><img decoding=\"async\" style=\"margin-right: 12px;\" src=\"https:\/\/www.bedbugknocker.com\/wp-content\/uploads\/2026\/02\/Check.svg\" alt=\"\" width=\"18\" height=\"15\" \/>Hat\u00e9konyan v\u00e9di az \u00e1llat\u00e1llom\u00e1nyt, a baromfit \u00e9s az ingatlanokat.<\/strong> A meny\u00e9tek r\u00f6vid id\u0151 alatt komoly k\u00e1rokat tudnak okozni. Rendk\u00edv\u00fcl hat\u00e9kony csapd\u00e1nk haszn\u00e1lat\u00e1val megv\u00e9dheti \u00e1llatait, cs\u00f6kkentheti a vesztes\u00e9geket, \u00e9s megb\u00edzhat\u00f3 vadv\u00e9delmi megold\u00e1ssal fenntarthatja a nyugalm\u00e1t.<\/p>\n<h2><strong>Utas\u00edt\u00e1sok<\/strong><\/h2>\n<ul>\n<li>Hat\u00e1rozza meg a meny\u00e9t tev\u00e9kenys\u00e9g\u00e9re utal\u00f3 jeleket mutat\u00f3 ter\u00fcleteket, p\u00e9ld\u00e1ul nyomokat, \u00fcr\u00fcl\u00e9ket, megzavart f\u00e9szkeket vagy bej\u00e1rati pontokat baromfi\u00f3lak, ist\u00e1ll\u00f3k vagy f\u00e9szerek k\u00f6zel\u00e9ben.<\/li>\n<li>Helyezze a csapd\u00e1t sima, stabil fel\u00fcletre, falak, ker\u00edt\u00e9sek vagy keskeny utak ment\u00e9n, ahol a meny\u00e9tek term\u00e9szetes m\u00f3don k\u00f6zlekednek.<\/li>\n<li>A csapd\u00e1t friss h\u00fassal, baromfihullad\u00e9kkal vagy hallal csalogassa a meny\u00e9tet. Helyezze a csalit biztons\u00e1gosan a kiold\u00e1si ter\u00fclet belsej\u00e9be.<\/li>\n<li>A kiold\u00f3szerkezetet gondosan \u00e1ll\u00edtsa be a csapd\u00e1n tal\u00e1lhat\u00f3 be\u00e9p\u00edtett utas\u00edt\u00e1soknak megfelel\u0151en. Gy\u0151z\u0151dj\u00f6n meg arr\u00f3l, hogy az ajt\u00f3 vagy a csapdarendszer megfelel\u0151en \u00e9les\u00edtve van \u00e9s stabil.<\/li>\n<li>A legjobb eredm\u00e9ny el\u00e9r\u00e9se \u00e9rdek\u00e9ben akt\u00edv z\u00f3n\u00e1nk\u00e9nt egy csapd\u00e1t haszn\u00e1ljon. Nagyobb ter\u00fcleteken t\u00f6bb csapd\u00e1ra is sz\u00fcks\u00e9g lehet a hat\u00e9konys\u00e1g n\u00f6vel\u00e9s\u00e9hez.<\/li>\n<li>Naponta legal\u00e1bb egyszer vagy k\u00e9tszer ellen\u0151rizze a csapd\u00e1t, hogy biztos\u00edtsa a befogott \u00e1llat id\u0151ben t\u00f6rt\u00e9n\u0151 kezel\u00e9s\u00e9t \u00e9s sz\u00fcks\u00e9g eset\u00e9n a csapda \u00fajb\u00f3li megt\u00f6lt\u00e9s\u00e9t.<\/li>\n<li>A csapda kezel\u00e9s\u00e9n\u00e9l viseljen keszty\u0171t, hogy cs\u00f6kkentse az emberi szagot \u00e9s jav\u00edtsa a befog\u00e1s sikeress\u00e9g\u00e9t.<\/li>\n<li>A befog\u00e1s ut\u00e1n k\u00f6vesse a helyi vadv\u00e9delmi el\u0151\u00edr\u00e1sokat az \u00e1ttelep\u00edt\u00e9ssel vagy \u00e1rtalmatlan\u00edt\u00e1ssal kapcsolatban. Mindig tartsa be a vad\u00e1llatok elleni v\u00e9dekez\u00e9sre vonatkoz\u00f3 helyi t\u00f6rv\u00e9nyeket.<\/li>\n<li>A higi\u00e9nia \u00e9s a hossz\u00fa t\u00e1v\u00fa teljes\u00edtm\u00e9ny fenntart\u00e1sa \u00e9rdek\u00e9ben a csapd\u00e1t minden haszn\u00e1lat ut\u00e1n alaposan tiszt\u00edtsa meg v\u00edzzel \u00e9s enyhe fert\u0151tlen\u00edt\u0151szerrel.<\/li>\n<li>A csapd\u00e1t sz\u00e1raz helyen t\u00e1rolja, ha nem haszn\u00e1lja, hogy meg\u0151rizze tart\u00f3ss\u00e1g\u00e1t \u00e9s mechanikai megb\u00edzhat\u00f3s\u00e1g\u00e1t.<\/li>\n<\/ul>","protected":false},"excerpt":{"rendered":"<p>Capture weasels quickly and humanely with a reliable, high-performance trap. Our weasel trap is specifically designed to effectively capture weasels without causing unnecessary suffering, making it a responsible and efficient solution for protecting your property, poultry, and small animals from damage and predation. The most effective weasel trap on the market. Engineered with precision-trigger technology [&hellip;]<\/p>\n","protected":false},"featured_media":23237,"comment_status":"open","ping_status":"closed","template":"","meta":{"_uag_custom_page_level_css":"","site-sidebar-layout":"default","site-content-layout":"","ast-site-content-layout":"default","site-content-style":"default","site-sidebar-style":"default","ast-global-header-display":"","ast-banner-title-visibility":"","ast-main-header-display":"","ast-hfb-above-header-display":"","ast-hfb-below-header-display":"","ast-hfb-mobile-header-display":"","site-post-title":"","ast-breadcrumbs-content":"","ast-featured-img":"","footer-sml-layout":"","ast-disable-related-posts":"","theme-transparent-header-meta":"default","adv-header-id-meta":"","stick-header-meta":"","header-above-stick-meta":"","header-main-stick-meta":"","header-below-stick-meta":"","astra-migrate-meta-layouts":"set","ast-page-background-enabled":"default","ast-page-background-meta":{"desktop":{"background-color":"var(--ast-global-color-4)","background-image":"","background-repeat":"repeat","background-position":"center center","background-size":"auto","background-attachment":"scroll","background-type":"","background-media":"","overlay-type":"","overlay-color":"","overlay-opacity":"","overlay-gradient":""},"tablet":{"background-color":"","background-image":"","background-repeat":"repeat","background-position":"center center","background-size":"auto","background-attachment":"scroll","background-type":"","background-media":"","overlay-type":"","overlay-color":"","overlay-opacity":"","overlay-gradient":""},"mobile":{"background-color":"","background-image":"","background-repeat":"repeat","background-position":"center center","background-size":"auto","background-attachment":"scroll","background-type":"","background-media":"","overlay-type":"","overlay-color":"","overlay-opacity":"","overlay-gradient":""}},"ast-content-background-meta":{"desktop":{"background-color":"var(--ast-global-color-5)","background-image":"","background-repeat":"repeat","background-position":"center center","background-size":"auto","background-attachment":"scroll","background-type":"","background-media":"","overlay-type":"","overlay-color":"","overlay-opacity":"","overlay-gradient":""},"tablet":{"background-color":"var(--ast-global-color-5)","background-image":"","background-repeat":"repeat","background-position":"center center","background-size":"auto","background-attachment":"scroll","background-type":"","background-media":"","overlay-type":"","overlay-color":"","overlay-opacity":"","overlay-gradient":""},"mobile":{"background-color":"var(--ast-global-color-5)","background-image":"","background-repeat":"repeat","background-position":"center center","background-size":"auto","background-attachment":"scroll","background-type":"","background-media":"","overlay-type":"","overlay-color":"","overlay-opacity":"","overlay-gradient":""}}},"product_brand":[],"product_cat":[174],"product_tag":[],"class_list":{"0":"post-22958","1":"product","2":"type-product","3":"status-publish","4":"has-post-thumbnail","6":"product_cat-pest-control","7":"desktop-align-left","8":"tablet-align-left","9":"mobile-align-left","11":"first","12":"instock","13":"taxable","14":"shipping-taxable","15":"purchasable","16":"product-type-simple"},"spectra_custom_meta":{"_visibility":["visible"],"_shopify_product_id":["8032622346466"],"_s2w_shopify_domain":["bedbugknocker.myshopify.com"],"_shopify_variant_id":["43849040167138"],"_sku":["BBKWEASELKILLER"],"_regular_price":["29.90"],"_price":["29.90"],"_sale_price":[""],"_weight":["0.2"],"_thumbnail_id":["23237"],"_global_unique_id":["5056773800243"],"total_sales":["32"],"_tax_status":["taxable"],"_tax_class":[""],"_manage_stock":["no"],"_backorders":["no"],"_sold_individually":["no"],"_virtual":["no"],"_downloadable":["no"],"_download_limit":["-1"],"_download_expiry":["-1"],"_stock":[null],"_stock_status":["instock"],"_wc_average_rating":["4.91"],"_wc_review_count":["74"],"_product_version":["10.5.2"],"_edit_lock":["1771708304:1"],"_edit_last":["1"],"_wp_page_template":["default"],"_woocs_price_geo_countries":[""],"_woocs_regular_price_geo":[""],"_woocs_sale_price_geo":[""],"site-sidebar-layout":["default"],"ast-site-content-layout":["default"],"site-content-style":["default"],"site-sidebar-style":["default"],"theme-transparent-header-meta":["default"],"_wc_rating_count":["a:2:{i:4;i:7;i:5;i:67;}"],"merchant-center-availability":["yes"],"merchant-center-id":["PAF"],"merchant-center-category":["7137"],"astra-migrate-meta-layouts":["set"],"_uag_css_file_name":["uag-css-22958.css"],"_elementor_page_assets":["a:0:{}"]},"uagb_featured_image_src":{"full":["https:\/\/www.bedbugknocker.com\/wp-content\/uploads\/2025\/05\/WEASEL_TRAP.jpg",2560,2560,false],"thumbnail":["https:\/\/www.bedbugknocker.com\/wp-content\/uploads\/2025\/05\/WEASEL_TRAP-150x150.jpg",150,150,true],"medium":["https:\/\/www.bedbugknocker.com\/wp-content\/uploads\/2025\/05\/WEASEL_TRAP-300x300.jpg",300,300,true],"medium_large":["https:\/\/www.bedbugknocker.com\/wp-content\/uploads\/2025\/05\/WEASEL_TRAP-768x768.jpg",768,768,true],"large":["https:\/\/www.bedbugknocker.com\/wp-content\/uploads\/2025\/05\/WEASEL_TRAP-1024x1024.jpg",1024,1024,true],"1536x1536":["https:\/\/www.bedbugknocker.com\/wp-content\/uploads\/2025\/05\/WEASEL_TRAP-1536x1536.jpg",1536,1536,true],"2048x2048":["https:\/\/www.bedbugknocker.com\/wp-content\/uploads\/2025\/05\/WEASEL_TRAP-2048x2048.jpg",2048,2048,true],"trp-custom-language-flag":["https:\/\/www.bedbugknocker.com\/wp-content\/uploads\/2025\/05\/WEASEL_TRAP-12x12.jpg",12,12,true],"woocommerce_thumbnail":["https:\/\/www.bedbugknocker.com\/wp-content\/uploads\/2025\/05\/WEASEL_TRAP-300x300.jpg",300,300,true],"woocommerce_single":["https:\/\/www.bedbugknocker.com\/wp-content\/uploads\/2025\/05\/WEASEL_TRAP-600x600.jpg",600,600,true],"woocommerce_gallery_thumbnail":["https:\/\/www.bedbugknocker.com\/wp-content\/uploads\/2025\/05\/WEASEL_TRAP-100x100.jpg",100,100,true]},"uagb_author_info":{"display_name":"admin","author_link":"https:\/\/www.bedbugknocker.com\/hu\/author\/"},"uagb_comment_info":74,"uagb_excerpt":"Capture weasels quickly and humanely with a reliable, high-performance trap. Our weasel trap is specifically designed to effectively capture weasels without causing unnecessary suffering, making it a responsible and efficient solution for protecting your property, poultry, and small animals from damage and predation. The most effective weasel trap on the market. Engineered with precision-trigger technology&hellip;","_links":{"self":[{"href":"https:\/\/www.bedbugknocker.com\/hu\/wp-json\/wp\/v2\/product\/22958","targetHints":{"allow":["GET"]}}],"collection":[{"href":"https:\/\/www.bedbugknocker.com\/hu\/wp-json\/wp\/v2\/product"}],"about":[{"href":"https:\/\/www.bedbugknocker.com\/hu\/wp-json\/wp\/v2\/types\/product"}],"replies":[{"embeddable":true,"href":"https:\/\/www.bedbugknocker.com\/hu\/wp-json\/wp\/v2\/comments?post=22958"}],"version-history":[{"count":4,"href":"https:\/\/www.bedbugknocker.com\/hu\/wp-json\/wp\/v2\/product\/22958\/revisions"}],"predecessor-version":[{"id":27301,"href":"https:\/\/www.bedbugknocker.com\/hu\/wp-json\/wp\/v2\/product\/22958\/revisions\/27301"}],"wp:featuredmedia":[{"embeddable":true,"href":"https:\/\/www.bedbugknocker.com\/hu\/wp-json\/wp\/v2\/media\/23237"}],"wp:attachment":[{"href":"https:\/\/www.bedbugknocker.com\/hu\/wp-json\/wp\/v2\/media?parent=22958"}],"wp:term":[{"taxonomy":"product_brand","embeddable":true,"href":"https:\/\/www.bedbugknocker.com\/hu\/wp-json\/wp\/v2\/product_brand?post=22958"},{"taxonomy":"product_cat","embeddable":true,"href":"https:\/\/www.bedbugknocker.com\/hu\/wp-json\/wp\/v2\/product_cat?post=22958"},{"taxonomy":"product_tag","embeddable":true,"href":"https:\/\/www.bedbugknocker.com\/hu\/wp-json\/wp\/v2\/product_tag?post=22958"}],"curies":[{"name":"wp","href":"https:\/\/api.w.org\/{rel}","templated":true}]}}