{"id":22957,"date":"2025-05-26T16:13:22","date_gmt":"2025-05-26T14:13:22","guid":{"rendered":"https:\/\/www.bedbugknocker.com\/products\/snake-killer-500-baits\/"},"modified":"2026-02-19T19:27:36","modified_gmt":"2026-02-19T18:27:36","slug":"snake-killer-500-baits","status":"publish","type":"product","link":"https:\/\/www.bedbugknocker.com\/hu\/products\/snake-killer-500-baits\/","title":{"rendered":"K\u00edgy\u00f3csapda"},"content":{"rendered":"<p><strong><img decoding=\"async\" style=\"margin-right: 12px;\" src=\"https:\/\/www.bedbugknocker.com\/wp-content\/uploads\/2026\/02\/Check.svg\" alt=\"\" width=\"18\" height=\"15\" \/>Fogja be a k\u00edgy\u00f3kat biztons\u00e1gosan \u00e9s hat\u00e9konyan egy professzion\u00e1lis min\u0151s\u00e9g\u0171 csapd\u00e1z\u00f3 megold\u00e1ssal.<\/strong> K\u00edgy\u00f3csapd\u00e1nkat kifejezetten a nem k\u00edv\u00e1nt k\u00edgy\u00f3 jelenl\u00e9t\u00e9nek megf\u00e9kez\u00e9s\u00e9re tervezt\u00e9k lak\u00f3-, mez\u0151gazdas\u00e1gi \u00e9s kereskedelmi ter\u00fcleteken, megb\u00edzhat\u00f3 m\u00f3dszert biztos\u00edtva a k\u00f6rnyezet biztos\u00edt\u00e1s\u00e1ra \u00e9s az embereket \u00e9s \u00e1llatokat fenyeget\u0151 potenci\u00e1lis kock\u00e1zatok cs\u00f6kkent\u00e9s\u00e9re.<\/p>\n<p><strong><img decoding=\"async\" style=\"margin-right: 12px;\" src=\"https:\/\/www.bedbugknocker.com\/wp-content\/uploads\/2026\/02\/Check.svg\" alt=\"\" width=\"18\" height=\"15\" \/>A ma kaphat\u00f3 leghat\u00e9konyabb k\u00edgy\u00f3csapda.<\/strong> A fejlett befog\u00e1si technol\u00f3gi\u00e1val tervezett csapda a k\u00edgy\u00f3k viselked\u00e9s\u00e9nek \u00e9s mozg\u00e1smint\u00e1inak megc\u00e9lz\u00e1s\u00e1val maximaliz\u00e1lja a sikeress\u00e9gi ar\u00e1nyt. Optimaliz\u00e1lt szerkezete biztos\u00edtja, hogy ha egy k\u00edgy\u00f3 egyszer beleker\u00fcl, a k\u00edgy\u00f3 nem tud elmenek\u00fclni, k\u00f6vetkezetes \u00e9s megb\u00edzhat\u00f3 teljes\u00edtm\u00e9nyt ny\u00fajtva.<\/p>\n<p><strong><img decoding=\"async\" style=\"margin-right: 12px;\" src=\"https:\/\/www.bedbugknocker.com\/wp-content\/uploads\/2026\/02\/Check.svg\" alt=\"\" width=\"18\" height=\"15\" \/>A piacon a legolcs\u00f3bb, kiv\u00e1l\u00f3 min\u0151s\u00e9g\u0171 k\u00edgy\u00f3csapd\u00e1t k\u00edn\u00e1ljuk.<\/strong> Versenyk\u00e9pes \u00e1raz\u00e1sunk biztos\u00edtja, hogy \u00d6n a legalacsonyabb k\u00f6lts\u00e9ggel kapja meg a professzion\u00e1lis szint\u0171 hat\u00e9konys\u00e1got. Nem kell t\u00falk\u00f6ltekeznie a megb\u00edzhat\u00f3 k\u00edgy\u00f3irt\u00e1s el\u00e9r\u00e9s\u00e9hez, \u00edgy csapd\u00e1nk a legjobb \u00e1r-\u00e9rt\u00e9k ar\u00e1ny\u00fa megold\u00e1s.<\/p>\n<p><strong><img decoding=\"async\" style=\"margin-right: 12px;\" src=\"https:\/\/www.bedbugknocker.com\/wp-content\/uploads\/2026\/02\/Check.svg\" alt=\"\" width=\"18\" height=\"15\" \/>100% p\u00e9nzvisszafizet\u00e9si garancia a teljes lelki nyugalom\u00e9rt.<\/strong> K\u00edgy\u00f3csapd\u00e1ink teljes\u00edtm\u00e9nye m\u00f6g\u00f6tt \u00e1llunk. Ha nem teljesen el\u00e9gedett, gond n\u00e9lk\u00fcl visszat\u00e9r\u00edtj\u00fck a v\u00e9tel\u00e1r\u00e1t. Az \u00d6n el\u00e9gedetts\u00e9ge \u00e9s biztons\u00e1ga a legf\u0151bb priorit\u00e1sunk.<\/p>\n<p><strong><img decoding=\"async\" style=\"margin-right: 12px;\" src=\"https:\/\/www.bedbugknocker.com\/wp-content\/uploads\/2026\/02\/Check.svg\" alt=\"\" width=\"18\" height=\"15\" \/>Gyors 24 \u00f3r\u00e1s sz\u00e1ll\u00edt\u00e1s s\u00fcrg\u0151s helyzetekben.<\/strong> A k\u00edgy\u00f3\u00e9szlel\u00e9sek gyakran azonnali int\u00e9zked\u00e9st ig\u00e9nyelnek. Ez\u00e9rt k\u00edn\u00e1lunk mindig 24 \u00f3r\u00e1s kisz\u00e1ll\u00edt\u00e1st, \u00edgy biztos\u00edtva, hogy \u00d6n gyorsan biztos\u00edthassa ingatlan\u00e1t, \u00e9s k\u00e9sedelem n\u00e9lk\u00fcl foglalkozhasson a probl\u00e9m\u00e1val.<\/p>\n<p><strong><img decoding=\"async\" style=\"margin-right: 12px;\" src=\"https:\/\/www.bedbugknocker.com\/wp-content\/uploads\/2026\/02\/Check.svg\" alt=\"\" width=\"18\" height=\"15\" \/>Sz\u00e9les fel\u00fcleti lefedetts\u00e9g, ak\u00e1r 20 m\u00b2 csapda elhelyez\u00e9si z\u00f3n\u00e1nk\u00e9nt.<\/strong> Minden csapda \u00fagy van kialak\u00edtva, hogy megfelel\u0151 elhelyez\u00e9s eset\u00e9n ak\u00e1r 20 n\u00e9gyzetm\u00e9teres ter\u00fcletet is hat\u00e9konyan v\u00e9djen, \u00edgy alkalmas kertek, pinc\u00e9k, rakt\u00e1rak, pajt\u00e1k \u00e9s m\u00e1s vesz\u00e9lyeztetett helyek sz\u00e1m\u00e1ra.<\/p>\n<p><strong><img decoding=\"async\" style=\"margin-right: 12px;\" src=\"https:\/\/www.bedbugknocker.com\/wp-content\/uploads\/2026\/02\/Check.svg\" alt=\"\" width=\"18\" height=\"15\" \/>Tart\u00f3s \u00e9s id\u0151j\u00e1r\u00e1s\u00e1ll\u00f3 konstrukci\u00f3.<\/strong> Er\u0151s, hossz\u00fa \u00e9lettartam\u00fa anyagokb\u00f3l k\u00e9sz\u00fclt k\u00edgy\u00f3csapd\u00e1nk ellen\u00e1ll a k\u00fclt\u00e9ri elemeknek, p\u00e9ld\u00e1ul az es\u0151nek, a p\u00e1ratartalomnak \u00e9s a h\u0151m\u00e9rs\u00e9klet-v\u00e1ltoz\u00e1soknak, \u00edgy megb\u00edzhat\u00f3 teljes\u00edtm\u00e9nyt ny\u00fajt a k\u00fcl\u00f6nb\u00f6z\u0151 k\u00f6rnyezetekben.<\/p>\n<p><strong><img decoding=\"async\" style=\"margin-right: 12px;\" src=\"https:\/\/www.bedbugknocker.com\/wp-content\/uploads\/2026\/02\/Check.svg\" alt=\"\" width=\"18\" height=\"15\" \/>Biztons\u00e1gos kialak\u00edt\u00e1s az ellen\u0151rz\u00f6tt befog\u00e1shoz.<\/strong> A csapda \u00fagy van kialak\u00edtva, hogy kifejezetten a k\u00edgy\u00f3kat c\u00e9lozza meg, mik\u00f6zben a helyes haszn\u00e1lat \u00e9s az utas\u00edt\u00e1soknak megfelel\u0151 strat\u00e9giai elhelyez\u00e9s eset\u00e9n minim\u00e1lisra cs\u00f6kkenti a nagyobb, nem c\u00e9lzott \u00e1llatokra jelentett kock\u00e1zatot.<\/p>\n<p><strong><img decoding=\"async\" style=\"margin-right: 12px;\" src=\"https:\/\/www.bedbugknocker.com\/wp-content\/uploads\/2026\/02\/Check.svg\" alt=\"\" width=\"18\" height=\"15\" \/>K\u00f6nny\u0171 be\u00e1ll\u00edt\u00e1s, nincs sz\u00fcks\u00e9g speci\u00e1lis szersz\u00e1mokra.<\/strong> A csapda gyorsan, szakember seg\u00edts\u00e9ge n\u00e9lk\u00fcl is telep\u00edthet\u0151. Felhaszn\u00e1l\u00f3bar\u00e1t mechanizmusa lehet\u0151v\u00e9 teszi a h\u00e1ztulajdonosok, gazd\u00e1lkod\u00f3k \u00e9s ingatlankezel\u0151k sz\u00e1m\u00e1ra a hat\u00e9kony telep\u00edt\u00e9st.<\/p>\n<p><strong><img decoding=\"async\" style=\"margin-right: 12px;\" src=\"https:\/\/www.bedbugknocker.com\/wp-content\/uploads\/2026\/02\/Check.svg\" alt=\"\" width=\"18\" height=\"15\" \/>V\u00e9dje csal\u00e1dj\u00e1t, h\u00e1zi\u00e1llatait \u00e9s tulajdon\u00e1t bizalommal.<\/strong> A k\u00edgy\u00f3k eg\u00e9szs\u00e9g\u00fcgyi \u00e9s biztons\u00e1gi kock\u00e1zatot jelenthetnek. Rendk\u00edv\u00fcl hat\u00e9kony k\u00edgy\u00f3csapd\u00e1nk haszn\u00e1lat\u00e1val helyre\u00e1ll\u00edthatja a biztons\u00e1got \u00e9s a nyugalmat, mik\u00f6zben meg\u0151rizheti az ellen\u0151rz\u00e9st k\u00f6rnyezete felett.<\/p>\n<h2><strong>Utas\u00edt\u00e1sok<\/strong><\/h2>\n<ul>\n<li>Hat\u00e1rozza meg azokat a ter\u00fcleteket, ahol k\u00edgy\u00f3tev\u00e9kenys\u00e9get figyeltek meg, p\u00e9ld\u00e1ul falak, ker\u00edt\u00e9sek, fahalmok, f\u00e9szerek, pinc\u00e9k, kertek vagy v\u00edzforr\u00e1sok k\u00f6zel\u00e9ben.<\/li>\n<li>Helyezze a csapd\u00e1t s\u00edk fel\u00fcletre, term\u00e9szetes \u00fatvonalak vagy bel\u00e9p\u00e9si pontok ment\u00e9n. A k\u00edgy\u00f3k jellemz\u0151en a sz\u00e9lek \u00e9s rejtett ter\u00fcletek ment\u00e9n mozognak.<\/li>\n<li>K\u00f6r\u00fclbel\u00fcl minden 20 m\u00b2 v\u00e9delmet ig\u00e9nyl\u0151 ter\u00fcletre helyezzen el egy csapd\u00e1t. Nagyobb vagy er\u0151sen fert\u0151z\u00f6tt ter\u00fcletek eset\u00e9n haszn\u00e1ljon t\u00f6bb csapd\u00e1t.<\/li>\n<li>Gy\u0151z\u0151dj\u00f6n meg arr\u00f3l, hogy a csapda stabil \u00e9s megfelel\u0151en aktiv\u00e1l\u00f3dik a be\u00e9p\u00edtett mechanizmus utas\u00edt\u00e1sainak megfelel\u0151en.<\/li>\n<li>Gyakori k\u00edgy\u00f3tev\u00e9kenys\u00e9ggel jellemezhet\u0151 ter\u00fcleteken legal\u00e1bb naponta egyszer ellen\u0151rizze a csapd\u00e1t az eredm\u00e9nyek nyomon k\u00f6vet\u00e9se \u00e9s a biztons\u00e1g biztos\u00edt\u00e1sa \u00e9rdek\u00e9ben.<\/li>\n<li>Haszn\u00e1ljon keszty\u0171t a telep\u00edt\u00e9s \u00e9s a kezel\u00e9s sor\u00e1n, hogy minimaliz\u00e1lja az emberi szagokat \u00e9s n\u00f6velje a hat\u00e9konys\u00e1got.<\/li>\n<li>Haszn\u00e1lat k\u00f6zben tartsa t\u00e1vol a gyermekeket \u00e9s a h\u00e1zi\u00e1llatokat a csapda hely\u00e9t\u0151l.<\/li>\n<li>A befog\u00e1s ut\u00e1n k\u00f6vesse a helyi vadv\u00e9delmi el\u0151\u00edr\u00e1sokat a k\u00edgy\u00f3 kezel\u00e9s\u00e9vel, \u00e1thelyez\u00e9s\u00e9vel vagy \u00e1rtalmatlan\u00edt\u00e1s\u00e1val kapcsolatban.<\/li>\n<li>A higi\u00e9nia \u00e9s a teljes\u00edtm\u00e9ny fenntart\u00e1sa \u00e9rdek\u00e9ben minden haszn\u00e1lat ut\u00e1n alaposan tiszt\u00edtsa meg a csapd\u00e1t.<\/li>\n<li>A csapd\u00e1t sz\u00e1raz, biztons\u00e1gos helyen t\u00e1rolja, amikor nem haszn\u00e1lja, hogy meg\u0151rizze tart\u00f3ss\u00e1g\u00e1t \u00e9s k\u00e9s\u0151bbi haszn\u00e1latra val\u00f3 felk\u00e9sz\u00fclts\u00e9g\u00e9t.<\/li>\n<\/ul>","protected":false},"excerpt":{"rendered":"<p>Capture snakes safely and effectively with a professional-grade trapping solution. Our snake trap is specifically engineered to control unwanted snake presence in residential, agricultural, and commercial areas, providing a reliable method to secure your environment and reduce potential risks to people and animals. The most effective snake trap available today. Designed with advanced capture technology, [&hellip;]<\/p>\n","protected":false},"featured_media":23235,"comment_status":"open","ping_status":"closed","template":"","meta":{"_uag_custom_page_level_css":"","site-sidebar-layout":"default","site-content-layout":"","ast-site-content-layout":"default","site-content-style":"default","site-sidebar-style":"default","ast-global-header-display":"","ast-banner-title-visibility":"","ast-main-header-display":"","ast-hfb-above-header-display":"","ast-hfb-below-header-display":"","ast-hfb-mobile-header-display":"","site-post-title":"","ast-breadcrumbs-content":"","ast-featured-img":"","footer-sml-layout":"","ast-disable-related-posts":"","theme-transparent-header-meta":"default","adv-header-id-meta":"","stick-header-meta":"","header-above-stick-meta":"","header-main-stick-meta":"","header-below-stick-meta":"","astra-migrate-meta-layouts":"set","ast-page-background-enabled":"default","ast-page-background-meta":{"desktop":{"background-color":"var(--ast-global-color-4)","background-image":"","background-repeat":"repeat","background-position":"center center","background-size":"auto","background-attachment":"scroll","background-type":"","background-media":"","overlay-type":"","overlay-color":"","overlay-opacity":"","overlay-gradient":""},"tablet":{"background-color":"","background-image":"","background-repeat":"repeat","background-position":"center center","background-size":"auto","background-attachment":"scroll","background-type":"","background-media":"","overlay-type":"","overlay-color":"","overlay-opacity":"","overlay-gradient":""},"mobile":{"background-color":"","background-image":"","background-repeat":"repeat","background-position":"center center","background-size":"auto","background-attachment":"scroll","background-type":"","background-media":"","overlay-type":"","overlay-color":"","overlay-opacity":"","overlay-gradient":""}},"ast-content-background-meta":{"desktop":{"background-color":"var(--ast-global-color-5)","background-image":"","background-repeat":"repeat","background-position":"center center","background-size":"auto","background-attachment":"scroll","background-type":"","background-media":"","overlay-type":"","overlay-color":"","overlay-opacity":"","overlay-gradient":""},"tablet":{"background-color":"var(--ast-global-color-5)","background-image":"","background-repeat":"repeat","background-position":"center center","background-size":"auto","background-attachment":"scroll","background-type":"","background-media":"","overlay-type":"","overlay-color":"","overlay-opacity":"","overlay-gradient":""},"mobile":{"background-color":"var(--ast-global-color-5)","background-image":"","background-repeat":"repeat","background-position":"center center","background-size":"auto","background-attachment":"scroll","background-type":"","background-media":"","overlay-type":"","overlay-color":"","overlay-opacity":"","overlay-gradient":""}}},"product_brand":[],"product_cat":[174],"product_tag":[],"class_list":{"0":"post-22957","1":"product","2":"type-product","3":"status-publish","4":"has-post-thumbnail","6":"product_cat-pest-control","7":"desktop-align-left","8":"tablet-align-left","9":"mobile-align-left","11":"first","12":"instock","13":"taxable","14":"shipping-taxable","15":"purchasable","16":"product-type-simple"},"spectra_custom_meta":{"_visibility":["visible"],"_shopify_product_id":["8032611991778"],"_s2w_shopify_domain":["bedbugknocker.myshopify.com"],"_shopify_variant_id":["43849027616994"],"_sku":["BBKSNAKEKILLER"],"_regular_price":["29.90"],"_price":["29.90"],"_sale_price":[""],"_weight":["0.2"],"_thumbnail_id":["23235"],"_global_unique_id":["5056773800236"],"total_sales":["28"],"_tax_status":["taxable"],"_tax_class":[""],"_manage_stock":["no"],"_backorders":["no"],"_sold_individually":["no"],"_virtual":["no"],"_downloadable":["no"],"_download_limit":["-1"],"_download_expiry":["-1"],"_stock":[null],"_stock_status":["instock"],"_wc_average_rating":["4.92"],"_wc_review_count":["60"],"_product_version":["10.5.2"],"_edit_lock":["1771525520:1"],"_edit_last":["1"],"_wp_page_template":["default"],"_woocs_price_geo_countries":[""],"_woocs_regular_price_geo":[""],"_woocs_sale_price_geo":[""],"site-sidebar-layout":["default"],"ast-site-content-layout":["default"],"site-content-style":["default"],"site-sidebar-style":["default"],"theme-transparent-header-meta":["default"],"_wc_rating_count":["a:2:{i:4;i:5;i:5;i:55;}"],"merchant-center-id":["PAS"],"merchant-center-availability":["yes"],"merchant-center-category":["7137"],"astra-migrate-meta-layouts":["set"],"_uag_css_file_name":["uag-css-22957.css"],"_elementor_page_assets":["a:0:{}"],"_uag_page_assets":["a:9:{s:3:\"css\";s:7133:\".uag-blocks-common-selector{z-index:var(--z-index-desktop) !important}@media(max-width: 976px){.uag-blocks-common-selector{z-index:var(--z-index-tablet) !important}}@media(max-width: 767px){.uag-blocks-common-selector{z-index:var(--z-index-mobile) !important}}.wp-block-uagb-image{display:flex}.wp-block-uagb-image__figure{position:relative;display:flex;flex-direction:column;max-width:100%;height:auto;margin:0}.wp-block-uagb-image__figure img{height:auto;display:flex;max-width:100%;transition:box-shadow .2s ease}.wp-block-uagb-image__figure>a{display:inline-block}.wp-block-uagb-image__figure figcaption{text-align:center;margin-top:.5em;margin-bottom:1em}.wp-block-uagb-image .components-placeholder.block-editor-media-placeholder .components-placeholder__instructions{align-self:center}.wp-block-uagb-image--align-left{text-align:left}.wp-block-uagb-image--align-right{text-align:right}.wp-block-uagb-image--align-center{text-align:center}.wp-block-uagb-image--align-full .wp-block-uagb-image__figure{margin-left:calc(50% - 50vw);margin-right:calc(50% - 50vw);max-width:100vw;width:100vw;height:auto}.wp-block-uagb-image--align-full .wp-block-uagb-image__figure img{height:auto;width:100% !important}.wp-block-uagb-image--align-wide .wp-block-uagb-image__figure img{height:auto;width:100%}.wp-block-uagb-image--layout-overlay__color-wrapper{position:absolute;left:0;top:0;right:0;bottom:0;opacity:.2;background:rgba(0,0,0,.5);transition:opacity .35s ease-in-out}.wp-block-uagb-image--layout-overlay-link{position:absolute;left:0;right:0;bottom:0;top:0}.wp-block-uagb-image--layout-overlay .wp-block-uagb-image__figure:hover .wp-block-uagb-image--layout-overlay__color-wrapper{opacity:1}.wp-block-uagb-image--layout-overlay__inner{position:absolute;left:15px;right:15px;bottom:15px;top:15px;display:flex;align-items:center;justify-content:center;flex-direction:column;border-color:#fff;transition:.35s ease-in-out}.wp-block-uagb-image--layout-overlay__inner.top-left,.wp-block-uagb-image--layout-overlay__inner.top-center,.wp-block-uagb-image--layout-overlay__inner.top-right{justify-content:flex-start}.wp-block-uagb-image--layout-overlay__inner.bottom-left,.wp-block-uagb-image--layout-overlay__inner.bottom-center,.wp-block-uagb-image--layout-overlay__inner.bottom-right{justify-content:flex-end}.wp-block-uagb-image--layout-overlay__inner.top-left,.wp-block-uagb-image--layout-overlay__inner.center-left,.wp-block-uagb-image--layout-overlay__inner.bottom-left{align-items:flex-start}.wp-block-uagb-image--layout-overlay__inner.top-right,.wp-block-uagb-image--layout-overlay__inner.center-right,.wp-block-uagb-image--layout-overlay__inner.bottom-right{align-items:flex-end}.wp-block-uagb-image--layout-overlay__inner .uagb-image-heading{color:#fff;transition:transform .35s,opacity .35s ease-in-out;transform:translate3d(0, 24px, 0);margin:0;line-height:1em}.wp-block-uagb-image--layout-overlay__inner .uagb-image-separator{width:30%;border-top-width:2px;border-top-color:#fff;border-top-style:solid;margin-bottom:10px;opacity:0;transition:transform .4s,opacity .4s ease-in-out;transform:translate3d(0, 30px, 0)}.wp-block-uagb-image--layout-overlay__inner .uagb-image-caption{opacity:0;overflow:visible;color:#fff;transition:transform .45s,opacity .45s ease-in-out;transform:translate3d(0, 35px, 0)}.wp-block-uagb-image--layout-overlay__inner:hover .uagb-image-heading,.wp-block-uagb-image--layout-overlay__inner:hover .uagb-image-separator,.wp-block-uagb-image--layout-overlay__inner:hover .uagb-image-caption{opacity:1;transform:translate3d(0, 0, 0)}.wp-block-uagb-image--effect-zoomin .wp-block-uagb-image__figure img,.wp-block-uagb-image--effect-zoomin .wp-block-uagb-image__figure .wp-block-uagb-image--layout-overlay__color-wrapper{transform:scale(1);transition:transform .35s ease-in-out}.wp-block-uagb-image--effect-zoomin .wp-block-uagb-image__figure:hover img,.wp-block-uagb-image--effect-zoomin .wp-block-uagb-image__figure:hover .wp-block-uagb-image--layout-overlay__color-wrapper{transform:scale(1.05)}.wp-block-uagb-image--effect-slide .wp-block-uagb-image__figure img,.wp-block-uagb-image--effect-slide .wp-block-uagb-image__figure .wp-block-uagb-image--layout-overlay__color-wrapper{width:calc(100% + 40px) !important;max-width:none !important;transform:translate3d(-40px, 0, 0);transition:transform .35s ease-in-out}.wp-block-uagb-image--effect-slide .wp-block-uagb-image__figure:hover img,.wp-block-uagb-image--effect-slide .wp-block-uagb-image__figure:hover .wp-block-uagb-image--layout-overlay__color-wrapper{transform:translate3d(0, 0, 0)}.wp-block-uagb-image--effect-grayscale img{filter:grayscale(0%);transition:.35s ease-in-out}.wp-block-uagb-image--effect-grayscale:hover img{filter:grayscale(100%)}.wp-block-uagb-image--effect-blur img{filter:blur(0);transition:.35s ease-in-out}.wp-block-uagb-image--effect-blur:hover img{filter:blur(3px)}.uagb-block-e6f939b3.wp-block-uagb-image--layout-default figure img{box-shadow: 0px 0px 0 #00000070;}.uagb-block-e6f939b3.wp-block-uagb-image .wp-block-uagb-image__figure figcaption{font-style: normal;align-self: center;}.uagb-block-e6f939b3.wp-block-uagb-image--layout-overlay figure img{box-shadow: 0px 0px 0 #00000070;}.uagb-block-e6f939b3.wp-block-uagb-image--layout-overlay .wp-block-uagb-image--layout-overlay__color-wrapper{opacity: 0.2;}.uagb-block-e6f939b3.wp-block-uagb-image--layout-overlay .wp-block-uagb-image--layout-overlay__inner{left: 15px;right: 15px;top: 15px;bottom: 15px;}.uagb-block-e6f939b3.wp-block-uagb-image--layout-overlay .wp-block-uagb-image--layout-overlay__inner .uagb-image-heading{font-style: normal;color: #fff;opacity: 1;}.uagb-block-e6f939b3.wp-block-uagb-image--layout-overlay .wp-block-uagb-image--layout-overlay__inner .uagb-image-heading a{color: #fff;}.uagb-block-e6f939b3.wp-block-uagb-image--layout-overlay .wp-block-uagb-image--layout-overlay__inner .uagb-image-caption{opacity: 0;}.uagb-block-e6f939b3.wp-block-uagb-image--layout-overlay .wp-block-uagb-image__figure:hover .wp-block-uagb-image--layout-overlay__color-wrapper{opacity: 1;}.uagb-block-e6f939b3.wp-block-uagb-image .wp-block-uagb-image--layout-overlay__inner .uagb-image-separator{width: 30%;border-top-width: 2px;border-top-color: #fff;opacity: 0;}.uagb-block-e6f939b3.wp-block-uagb-image .wp-block-uagb-image__figure img{width: px;height: auto;}.uagb-block-e6f939b3.wp-block-uagb-image .wp-block-uagb-image__figure:hover .wp-block-uagb-image--layout-overlay__inner .uagb-image-caption{opacity: 1;}.uagb-block-e6f939b3.wp-block-uagb-image .wp-block-uagb-image__figure:hover .wp-block-uagb-image--layout-overlay__inner .uagb-image-separator{opacity: 1;}.uagb-block-e6f939b3.wp-block-uagb-image--layout-default figure:hover img{box-shadow: 0px 0px 0 #00000070;}.uagb-block-e6f939b3.wp-block-uagb-image--layout-overlay figure:hover img{box-shadow: 0px 0px 0 #00000070;}@media only screen and (max-width: 976px) {.uagb-block-e6f939b3.wp-block-uagb-image .wp-block-uagb-image__figure img{width: px;height: auto;}}@media only screen and (max-width: 767px) {.uagb-block-e6f939b3.wp-block-uagb-image .wp-block-uagb-image__figure img{width: px;height: auto;}}\";s:2:\"js\";s:0:\"\";s:18:\"current_block_list\";a:13:{i:0;s:11:\"core\/search\";i:1;s:10:\"core\/group\";i:2;s:12:\"core\/heading\";i:3;s:17:\"core\/latest-posts\";i:4;s:20:\"core\/latest-comments\";i:5;s:13:\"core\/archives\";i:6;s:15:\"core\/categories\";i:7;s:14:\"core\/paragraph\";i:8;s:10:\"uagb\/image\";i:9;s:11:\"core\/spacer\";i:10;s:30:\"woocommerce\/product-categories\";i:11;s:10:\"core\/image\";i:12;s:14:\"core\/shortcode\";}s:8:\"uag_flag\";b:1;s:11:\"uag_version\";s:10:\"1777304977\";s:6:\"gfonts\";a:0:{}s:10:\"gfonts_url\";s:0:\"\";s:12:\"gfonts_files\";a:0:{}s:14:\"uag_faq_layout\";b:0;}"]},"uagb_featured_image_src":{"full":["https:\/\/www.bedbugknocker.com\/wp-content\/uploads\/2025\/05\/SNAKE_TRAP-mockup.jpg",2560,2560,false],"thumbnail":["https:\/\/www.bedbugknocker.com\/wp-content\/uploads\/2025\/05\/SNAKE_TRAP-mockup-150x150.jpg",150,150,true],"medium":["https:\/\/www.bedbugknocker.com\/wp-content\/uploads\/2025\/05\/SNAKE_TRAP-mockup-300x300.jpg",300,300,true],"medium_large":["https:\/\/www.bedbugknocker.com\/wp-content\/uploads\/2025\/05\/SNAKE_TRAP-mockup-768x768.jpg",768,768,true],"large":["https:\/\/www.bedbugknocker.com\/wp-content\/uploads\/2025\/05\/SNAKE_TRAP-mockup-1024x1024.jpg",1024,1024,true],"1536x1536":["https:\/\/www.bedbugknocker.com\/wp-content\/uploads\/2025\/05\/SNAKE_TRAP-mockup-1536x1536.jpg",1536,1536,true],"2048x2048":["https:\/\/www.bedbugknocker.com\/wp-content\/uploads\/2025\/05\/SNAKE_TRAP-mockup-2048x2048.jpg",2048,2048,true],"trp-custom-language-flag":["https:\/\/www.bedbugknocker.com\/wp-content\/uploads\/2025\/05\/SNAKE_TRAP-mockup-12x12.jpg",12,12,true],"woocommerce_thumbnail":["https:\/\/www.bedbugknocker.com\/wp-content\/uploads\/2025\/05\/SNAKE_TRAP-mockup-300x300.jpg",300,300,true],"woocommerce_single":["https:\/\/www.bedbugknocker.com\/wp-content\/uploads\/2025\/05\/SNAKE_TRAP-mockup-600x600.jpg",600,600,true],"woocommerce_gallery_thumbnail":["https:\/\/www.bedbugknocker.com\/wp-content\/uploads\/2025\/05\/SNAKE_TRAP-mockup-100x100.jpg",100,100,true]},"uagb_author_info":{"display_name":"admin","author_link":"https:\/\/www.bedbugknocker.com\/hu\/author\/"},"uagb_comment_info":60,"uagb_excerpt":"Capture snakes safely and effectively with a professional-grade trapping solution. Our snake trap is specifically engineered to control unwanted snake presence in residential, agricultural, and commercial areas, providing a reliable method to secure your environment and reduce potential risks to people and animals. The most effective snake trap available today. Designed with advanced capture technology,&hellip;","_links":{"self":[{"href":"https:\/\/www.bedbugknocker.com\/hu\/wp-json\/wp\/v2\/product\/22957","targetHints":{"allow":["GET"]}}],"collection":[{"href":"https:\/\/www.bedbugknocker.com\/hu\/wp-json\/wp\/v2\/product"}],"about":[{"href":"https:\/\/www.bedbugknocker.com\/hu\/wp-json\/wp\/v2\/types\/product"}],"replies":[{"embeddable":true,"href":"https:\/\/www.bedbugknocker.com\/hu\/wp-json\/wp\/v2\/comments?post=22957"}],"version-history":[{"count":5,"href":"https:\/\/www.bedbugknocker.com\/hu\/wp-json\/wp\/v2\/product\/22957\/revisions"}],"predecessor-version":[{"id":27303,"href":"https:\/\/www.bedbugknocker.com\/hu\/wp-json\/wp\/v2\/product\/22957\/revisions\/27303"}],"wp:featuredmedia":[{"embeddable":true,"href":"https:\/\/www.bedbugknocker.com\/hu\/wp-json\/wp\/v2\/media\/23235"}],"wp:attachment":[{"href":"https:\/\/www.bedbugknocker.com\/hu\/wp-json\/wp\/v2\/media?parent=22957"}],"wp:term":[{"taxonomy":"product_brand","embeddable":true,"href":"https:\/\/www.bedbugknocker.com\/hu\/wp-json\/wp\/v2\/product_brand?post=22957"},{"taxonomy":"product_cat","embeddable":true,"href":"https:\/\/www.bedbugknocker.com\/hu\/wp-json\/wp\/v2\/product_cat?post=22957"},{"taxonomy":"product_tag","embeddable":true,"href":"https:\/\/www.bedbugknocker.com\/hu\/wp-json\/wp\/v2\/product_tag?post=22957"}],"curies":[{"name":"wp","href":"https:\/\/api.w.org\/{rel}","templated":true}]}}