{"id":22954,"date":"2025-05-26T16:13:20","date_gmt":"2025-05-26T14:13:20","guid":{"rendered":"https:\/\/www.bedbugknocker.com\/products\/fox-killer-500-baits\/"},"modified":"2026-02-19T19:29:04","modified_gmt":"2026-02-19T18:29:04","slug":"fox-killer-500-baits","status":"publish","type":"product","link":"https:\/\/www.bedbugknocker.com\/hu\/products\/fox-killer-500-baits\/","title":{"rendered":"R\u00f3kacsapda"},"content":{"rendered":"<p><strong><img decoding=\"async\" style=\"margin-right: 12px;\" src=\"https:\/\/www.bedbugknocker.com\/wp-content\/uploads\/2026\/02\/Check.svg\" alt=\"\" width=\"18\" height=\"15\" \/>Fogja be a r\u00f3k\u00e1kat hat\u00e9konyan \u00e9s biztons\u00e1gosan egy professzion\u00e1lis min\u0151s\u00e9g\u0171 csapd\u00e1z\u00f3 megold\u00e1ssal.<\/strong> A r\u00f3kacsapd\u00e1nkat kifejezetten a r\u00f3k\u00e1k tev\u00e9kenys\u00e9g\u00e9nek kezel\u00e9s\u00e9re tervezt\u00e9k a gazdas\u00e1gok, baromfiudvarok, kertek \u00e9s vid\u00e9ki ingatlanok k\u00f6r\u00fcl, megb\u00edzhat\u00f3 m\u00f3dszert k\u00edn\u00e1lva az \u00e1llatok v\u00e9delm\u00e9re \u00e9s a k\u00f6lts\u00e9ges k\u00e1rok megel\u0151z\u00e9s\u00e9re. Robusztus fel\u00e9p\u00edt\u00e9se \u00e9s prec\u00edzi\u00f3s mechanizmusa megb\u00edzhat\u00f3 befog\u00e1si teljes\u00edtm\u00e9nyt biztos\u00edt val\u00f3s k\u00f6r\u00fclm\u00e9nyek k\u00f6z\u00f6tt.<\/p>\n<p><strong><img decoding=\"async\" style=\"margin-right: 12px;\" src=\"https:\/\/www.bedbugknocker.com\/wp-content\/uploads\/2026\/02\/Check.svg\" alt=\"\" width=\"18\" height=\"15\" \/>A piacon kaphat\u00f3 leghat\u00e9konyabb r\u00f3kacsapda.<\/strong> A rendk\u00edv\u00fcl \u00e9rz\u00e9keny kiold\u00f3rendszerrel \u00e9s meger\u0151s\u00edtett z\u00e1r\u00f3ajt\u00f3val kialak\u00edtott csapda maximaliz\u00e1lja a befog\u00e1si ar\u00e1nyt, mik\u00f6zben minimaliz\u00e1lja a sikertelen pr\u00f3b\u00e1lkoz\u00e1sok sz\u00e1m\u00e1t. Kialak\u00edt\u00e1sa figyelembe veszi a r\u00f3ka viselked\u00e9s\u00e9t \u00e9s mozg\u00e1smint\u00e1it, \u00edgy a leghat\u00e9konyabb v\u00e1laszt\u00e1s a k\u00f6vetkezetes \u00e9s sikeres eredm\u00e9nyek el\u00e9r\u00e9s\u00e9hez.<\/p>\n<p><strong><img decoding=\"async\" style=\"margin-right: 12px;\" src=\"https:\/\/www.bedbugknocker.com\/wp-content\/uploads\/2026\/02\/Check.svg\" alt=\"\" width=\"18\" height=\"15\" \/>A legolcs\u00f3bb, kiv\u00e1l\u00f3 min\u0151s\u00e9g\u0171 r\u00f3kacsapd\u00e1t k\u00edn\u00e1ljuk a tart\u00f3ss\u00e1g kompromisszumai n\u00e9lk\u00fcl.<\/strong> Versenyk\u00e9pes \u00e1rstrukt\u00far\u00e1nk garant\u00e1lja, hogy a lehet\u0151 legalacsonyabb \u00e1ron kapja meg a professzion\u00e1lis szint\u0171 berendez\u00e9seket. Nem kell t\u00falfizetnie a megb\u00edzhat\u00f3 vadk\u00e1relh\u00e1r\u00edt\u00e1s\u00e9rt - csapd\u00e1nk kiemelked\u0151 \u00e9rt\u00e9ket \u00e9s hossz\u00fa t\u00e1v\u00fa teljes\u00edtm\u00e9nyt ny\u00fajt.<\/p>\n<p><strong><img decoding=\"async\" style=\"margin-right: 12px;\" src=\"https:\/\/www.bedbugknocker.com\/wp-content\/uploads\/2026\/02\/Check.svg\" alt=\"\" width=\"18\" height=\"15\" \/>100% p\u00e9nzvisszafizet\u00e9si garancia a teljes bizalom\u00e9rt.<\/strong> Teljes m\u00e9rt\u00e9kben ki\u00e1llunk a r\u00f3kacsapd\u00e1nk hat\u00e9konys\u00e1ga \u00e9s \u00e9p\u00edt\u00e9si min\u0151s\u00e9ge mellett. Ha nem el\u00e9gedett az eredm\u00e9nnyel, akkor gond n\u00e9lk\u00fcl \u00e9s bonyolult elj\u00e1r\u00e1sok n\u00e9lk\u00fcl visszat\u00e9r\u00edtj\u00fck a v\u00e9tel\u00e1rat. Az \u00d6n el\u00e9gedetts\u00e9ge teljes m\u00e9rt\u00e9kben garant\u00e1lt.<\/p>\n<p><strong><img decoding=\"async\" style=\"margin-right: 12px;\" src=\"https:\/\/www.bedbugknocker.com\/wp-content\/uploads\/2026\/02\/Check.svg\" alt=\"\" width=\"18\" height=\"15\" \/>Gyors 24 \u00f3r\u00e1s sz\u00e1ll\u00edt\u00e1s a gyors reag\u00e1l\u00e1s \u00e9rdek\u00e9ben a r\u00f3kaprobl\u00e9m\u00e1kra.<\/strong> A r\u00f3k\u00e1k aktivit\u00e1sa gyorsan fokoz\u00f3dhat, k\u00fcl\u00f6n\u00f6sen, ha baromfi vagy kis\u00e1llatok vannak vesz\u00e9lyben. Ez\u00e9rt k\u00edn\u00e1lunk mindig 24 \u00f3r\u00e1s kisz\u00e1ll\u00edt\u00e1st, hogy \u00d6n azonnal int\u00e9zkedhessen, \u00e9s k\u00e9sedelem n\u00e9lk\u00fcl biztos\u00edthassa ingatlan\u00e1t.<\/p>\n<p><strong><img decoding=\"async\" style=\"margin-right: 12px;\" src=\"https:\/\/www.bedbugknocker.com\/wp-content\/uploads\/2026\/02\/Check.svg\" alt=\"\" width=\"18\" height=\"15\" \/>A csapda elhelyez\u00e9si z\u00f3n\u00e1nk\u00e9nt ak\u00e1r 20 m\u00b2 hat\u00e9kony lefedetts\u00e9g.<\/strong> Strat\u00e9giai elhelyez\u00e9s eset\u00e9n minden egyes csapda k\u00f6r\u00fclbel\u00fcl 20 n\u00e9gyzetm\u00e9teres ter\u00fclet v\u00e9delm\u00e9t szolg\u00e1lja, \u00edgy alkalmas olyan c\u00e9lzott z\u00f3n\u00e1k, mint a ty\u00fak\u00f3lak, pajt\u00e1k, ist\u00e1ll\u00f3k, f\u00e9szerek, kertek \u00e9s behatol\u00e1si pontok v\u00e9delm\u00e9re.<\/p>\n<p><strong><img decoding=\"async\" style=\"margin-right: 12px;\" src=\"https:\/\/www.bedbugknocker.com\/wp-content\/uploads\/2026\/02\/Check.svg\" alt=\"\" width=\"18\" height=\"15\" \/>Er\u0151s, id\u0151j\u00e1r\u00e1s\u00e1ll\u00f3 szerkezet k\u00fclt\u00e9ri haszn\u00e1latra.<\/strong> A meger\u0151s\u00edtett, korr\u00f3zi\u00f3\u00e1ll\u00f3 f\u00e9mb\u0151l k\u00e9sz\u00fclt r\u00f3kacsapd\u00e1nkat \u00fagy tervezt\u00e9k, hogy ellen\u00e1lljon az es\u0151nek, a p\u00e1ratartalomnak, a hideg h\u0151m\u00e9rs\u00e9kletnek \u00e9s a hossz\u00fa t\u00e1v\u00fa k\u00fclt\u00e9ri kitetts\u00e9gnek, mik\u00f6zben meg\u0151rzi szerkezeti integrit\u00e1s\u00e1t \u00e9s megb\u00edzhat\u00f3s\u00e1g\u00e1t.<\/p>\n<p><strong><img decoding=\"async\" style=\"margin-right: 12px;\" src=\"https:\/\/www.bedbugknocker.com\/wp-content\/uploads\/2026\/02\/Check.svg\" alt=\"\" width=\"18\" height=\"15\" \/>Biztons\u00e1gos \u00e9s ellen\u0151rz\u00f6tt befog\u00e1si mechanizmus.<\/strong> A csapd\u00e1t \u00fagy tervezt\u00e9k, hogy a kiold\u00e1st k\u00f6vet\u0151en biztons\u00e1gosan befogja a r\u00f3k\u00e1t, megakad\u00e1lyozza a sz\u00f6k\u00e9st, ugyanakkor cs\u00f6kkenti a sz\u00fcks\u00e9gtelen k\u00e1rokat, ha helyesen haszn\u00e1lj\u00e1k \u00e9s a helyi el\u0151\u00edr\u00e1soknak megfelel\u0151en rendszeresen ellen\u0151rzik.<\/p>\n<p><strong><img decoding=\"async\" style=\"margin-right: 12px;\" src=\"https:\/\/www.bedbugknocker.com\/wp-content\/uploads\/2026\/02\/Check.svg\" alt=\"\" width=\"18\" height=\"15\" \/>Egyszer\u0171 be\u00e1ll\u00edt\u00e1s, amely alkalmas h\u00e1ztulajdonosok \u00e9s szakemberek sz\u00e1m\u00e1ra.<\/strong> Nincs sz\u00fcks\u00e9g speci\u00e1lis szersz\u00e1mokra vagy fejlett m\u0171szaki ismeretekre. Az intuit\u00edv kiold\u00f3rendszer gyors \u00e9s hat\u00e9kony telep\u00edt\u00e9st tesz lehet\u0151v\u00e9, \u00edgy a mez\u0151gazdas\u00e1gi termel\u0151k, ingatlantulajdonosok \u00e9s vadv\u00e9delmi szakemberek sz\u00e1m\u00e1ra egyar\u00e1nt el\u00e9rhet\u0151v\u00e9 v\u00e1lik.<\/p>\n<p><strong><img decoding=\"async\" style=\"margin-right: 12px;\" src=\"https:\/\/www.bedbugknocker.com\/wp-content\/uploads\/2026\/02\/Check.svg\" alt=\"\" width=\"18\" height=\"15\" \/>V\u00e9dje \u00e1llat\u00e1llom\u00e1ny\u00e1t, baromfi\u00e1llom\u00e1ny\u00e1t \u00e9s ingatlanbefektet\u00e9s\u00e9t.<\/strong> A r\u00f3k\u00e1k r\u00f6vid id\u0151 alatt jelent\u0151s vesztes\u00e9geket okozhatnak. A rendk\u00edv\u00fcl hat\u00e9kony r\u00f3kacsapd\u00e1nk haszn\u00e1lat\u00e1val cs\u00f6kkentheti a kock\u00e1zatot, megel\u0151zheti az ism\u00e9telt t\u00e1mad\u00e1sokat, \u00e9s helyre\u00e1ll\u00edthatja a nyugalmat, mik\u00f6zben megtarthatja a k\u00f6rnyezet feletti ellen\u0151rz\u00e9st.<\/p>\n<h2><strong>Utas\u00edt\u00e1sok<\/strong><\/h2>\n<ul>\n<li>Hat\u00e1rozza meg a r\u00f3ka tev\u00e9kenys\u00e9g\u00e9re utal\u00f3 jeleket, p\u00e9ld\u00e1ul nyomokat, \u00fcr\u00fcl\u00e9ket, megzavart ker\u00edt\u00e9seket, elt\u0171nt baromfit vagy rendszeres behatol\u00e1si pontokat az ingatlana k\u00f6r\u00fcl.<\/li>\n<li>Helyezze a csapd\u00e1t sima, stabil fel\u00fcletre, olyan ter\u00fcletek k\u00f6zel\u00e9be, ahol a r\u00f3k\u00e1k gyakran k\u00f6zlekednek, p\u00e9ld\u00e1ul ker\u00edt\u00e9sek ment\u00e9n, a ketrec bej\u00e1rat\u00e1nak k\u00f6zel\u00e9ben, vagy s\u00f6v\u00e9nyek \u00e9s falak mellett.<\/li>\n<li>Helyezzen el egy csapd\u00e1t a c\u00e9lter\u00fclet k\u00f6r\u00fclbel\u00fcl 20 m\u00b2-es ter\u00fclet\u00e9nek v\u00e9delm\u00e9re. Nagyobb ingatlanok vagy t\u00f6bb aktivit\u00e1si z\u00f3na eset\u00e9n ennek megfelel\u0151en tov\u00e1bbi csapd\u00e1kat helyezzen el.<\/li>\n<li>A csapd\u00e1t megfelel\u0151 csalogat\u00f3anyagokkal, p\u00e9ld\u00e1ul friss h\u00fassal, baromfihullad\u00e9kkal vagy hallal csalogassa be. A megfelel\u0151 aktiv\u00e1l\u00e1s \u00e9rdek\u00e9ben r\u00f6gz\u00edtse a csalit a kiold\u00f3 ter\u00fcleten bel\u00fcl.<\/li>\n<li>\u00d3vatosan \u00e1ll\u00edtsa be a kiold\u00f3szerkezetet a csapda be\u00e9p\u00edtett utas\u00edt\u00e1sai szerint. Ellen\u0151rizze, hogy az ajt\u00f3 megfelel\u0151en z\u00e1r\u00f3dik-e kiold\u00e1skor.<\/li>\n<li>A telep\u00edt\u00e9s \u00e9s a csaliz\u00e1s sor\u00e1n viseljen keszty\u0171t, hogy cs\u00f6kkentse az emberi szagot \u00e9s jav\u00edtsa az elfog\u00e1s sikeress\u00e9g\u00e9t.<\/li>\n<li>Naponta legal\u00e1bb egyszer vagy k\u00e9tszer ellen\u0151rizze a csapd\u00e1t, hogy figyelemmel k\u00eds\u00e9rje a tev\u00e9kenys\u00e9get, \u00e9s azonnal reag\u00e1ljon, ha r\u00f3k\u00e1t fogott be.<\/li>\n<li>Haszn\u00e1lat k\u00f6zben tartsa t\u00e1vol a gyermekeket \u00e9s a h\u00e1zi\u00e1llatokat a csapda ter\u00fclet\u00e9t\u0151l.<\/li>\n<li>A befog\u00e1s ut\u00e1n k\u00f6vesse a helyi vadv\u00e9delmi t\u00f6rv\u00e9nyeket \u00e9s el\u0151\u00edr\u00e1sokat az \u00e1ttelep\u00edt\u00e9ssel vagy a tov\u00e1bbi int\u00e9zked\u00e9sekkel kapcsolatban.<\/li>\n<li>A higi\u00e9nia fenntart\u00e1sa \u00e9s a megb\u00edzhat\u00f3 hossz\u00fa t\u00e1v\u00fa teljes\u00edtm\u00e9ny biztos\u00edt\u00e1sa \u00e9rdek\u00e9ben minden haszn\u00e1lat ut\u00e1n tiszt\u00edtsa \u00e9s fert\u0151tlen\u00edtse a csapd\u00e1t.<\/li>\n<\/ul>","protected":false},"excerpt":{"rendered":"<p>Capture foxes effectively and securely with a professional-grade trapping solution. Our fox trap is specifically designed to manage fox activity around farms, poultry enclosures, gardens, and rural properties, offering a dependable method to protect your animals and prevent costly damage. Its robust construction and precision mechanism ensure reliable capture performance in real-world conditions. The most [&hellip;]<\/p>\n","protected":false},"featured_media":22978,"comment_status":"open","ping_status":"closed","template":"","meta":{"_uag_custom_page_level_css":"","site-sidebar-layout":"default","site-content-layout":"","ast-site-content-layout":"default","site-content-style":"default","site-sidebar-style":"default","ast-global-header-display":"","ast-banner-title-visibility":"","ast-main-header-display":"","ast-hfb-above-header-display":"","ast-hfb-below-header-display":"","ast-hfb-mobile-header-display":"","site-post-title":"","ast-breadcrumbs-content":"","ast-featured-img":"","footer-sml-layout":"","ast-disable-related-posts":"","theme-transparent-header-meta":"default","adv-header-id-meta":"","stick-header-meta":"","header-above-stick-meta":"","header-main-stick-meta":"","header-below-stick-meta":"","astra-migrate-meta-layouts":"set","ast-page-background-enabled":"default","ast-page-background-meta":{"desktop":{"background-color":"var(--ast-global-color-4)","background-image":"","background-repeat":"repeat","background-position":"center center","background-size":"auto","background-attachment":"scroll","background-type":"","background-media":"","overlay-type":"","overlay-color":"","overlay-opacity":"","overlay-gradient":""},"tablet":{"background-color":"","background-image":"","background-repeat":"repeat","background-position":"center center","background-size":"auto","background-attachment":"scroll","background-type":"","background-media":"","overlay-type":"","overlay-color":"","overlay-opacity":"","overlay-gradient":""},"mobile":{"background-color":"","background-image":"","background-repeat":"repeat","background-position":"center center","background-size":"auto","background-attachment":"scroll","background-type":"","background-media":"","overlay-type":"","overlay-color":"","overlay-opacity":"","overlay-gradient":""}},"ast-content-background-meta":{"desktop":{"background-color":"var(--ast-global-color-5)","background-image":"","background-repeat":"repeat","background-position":"center center","background-size":"auto","background-attachment":"scroll","background-type":"","background-media":"","overlay-type":"","overlay-color":"","overlay-opacity":"","overlay-gradient":""},"tablet":{"background-color":"var(--ast-global-color-5)","background-image":"","background-repeat":"repeat","background-position":"center center","background-size":"auto","background-attachment":"scroll","background-type":"","background-media":"","overlay-type":"","overlay-color":"","overlay-opacity":"","overlay-gradient":""},"mobile":{"background-color":"var(--ast-global-color-5)","background-image":"","background-repeat":"repeat","background-position":"center center","background-size":"auto","background-attachment":"scroll","background-type":"","background-media":"","overlay-type":"","overlay-color":"","overlay-opacity":"","overlay-gradient":""}}},"product_brand":[],"product_cat":[174],"product_tag":[],"class_list":{"0":"post-22954","1":"product","2":"type-product","3":"status-publish","4":"has-post-thumbnail","6":"product_cat-pest-control","7":"desktop-align-left","8":"tablet-align-left","9":"mobile-align-left","11":"first","12":"instock","13":"taxable","14":"shipping-taxable","15":"purchasable","16":"product-type-simple"},"spectra_custom_meta":{"_visibility":["visible"],"_shopify_product_id":["8246983852258"],"_s2w_shopify_domain":["bedbugknocker.myshopify.com"],"_shopify_variant_id":["44614652068066"],"_sku":["BBKFOXKILLER"],"_regular_price":["29.90"],"_price":["29.90"],"_sale_price":[""],"_weight":["0.2"],"_thumbnail_id":["22978"],"_global_unique_id":["5056773800250"],"total_sales":["35"],"_tax_status":["taxable"],"_tax_class":[""],"_manage_stock":["no"],"_backorders":["no"],"_sold_individually":["no"],"_virtual":["no"],"_downloadable":["no"],"_download_limit":["-1"],"_download_expiry":["-1"],"_stock":[null],"_stock_status":["instock"],"_wc_average_rating":["4.94"],"_wc_review_count":["53"],"_product_version":["10.5.2"],"_edit_lock":["1771525620:1"],"_edit_last":["1"],"_wp_page_template":["default"],"_woocs_price_geo_countries":[""],"_woocs_regular_price_geo":[""],"_woocs_sale_price_geo":[""],"site-sidebar-layout":["default"],"ast-site-content-layout":["default"],"site-content-style":["default"],"site-sidebar-style":["default"],"theme-transparent-header-meta":["default"],"_wc_rating_count":["a:2:{i:4;i:3;i:5;i:50;}"],"_woocs_regular_price_USD":["29.9"],"_woocs_regular_price_GBP":["29.9"],"_woocs_regular_price_PLN":["-1"],"_woocs_regular_price_BGN":["-1"],"_woocs_regular_price_CZK":["-1"],"_woocs_regular_price_RON":["-1"],"_woocs_regular_price_HUF":["-1"],"_woocs_regular_price_CAD":["-1"],"_woocs_regular_price_AUD":["-1"],"_woocs_regular_price_NZD":["-1"],"_woocs_regular_price_DKK":["-1"],"_woocs_regular_price_SEK":["-1"],"_woocs_regular_price_NOK":["-1"],"_woocs_regular_price_CHF":["29.9"],"_woocs_sale_price_USD":["-1"],"_woocs_sale_price_GBP":["-1"],"_woocs_sale_price_PLN":["-1"],"_woocs_sale_price_BGN":["-1"],"_woocs_sale_price_CZK":["-1"],"_woocs_sale_price_RON":["-1"],"_woocs_sale_price_HUF":["-1"],"_woocs_sale_price_CAD":["-1"],"_woocs_sale_price_AUD":["-1"],"_woocs_sale_price_NZD":["-1"],"_woocs_sale_price_DKK":["-1"],"_woocs_sale_price_SEK":["-1"],"_woocs_sale_price_NOK":["-1"],"_woocs_sale_price_CHF":["-1"],"merchant-center-id":["FK"],"merchant-center-availability":["yes"],"merchant-center-category":["7137"],"astra-migrate-meta-layouts":["set"],"_uag_css_file_name":["uag-css-22954.css"],"_elementor_page_assets":["a:0:{}"],"_uag_page_assets":["a:9:{s:3:\"css\";s:7133:\".uag-blocks-common-selector{z-index:var(--z-index-desktop) !important}@media(max-width: 976px){.uag-blocks-common-selector{z-index:var(--z-index-tablet) !important}}@media(max-width: 767px){.uag-blocks-common-selector{z-index:var(--z-index-mobile) !important}}.wp-block-uagb-image{display:flex}.wp-block-uagb-image__figure{position:relative;display:flex;flex-direction:column;max-width:100%;height:auto;margin:0}.wp-block-uagb-image__figure img{height:auto;display:flex;max-width:100%;transition:box-shadow .2s ease}.wp-block-uagb-image__figure>a{display:inline-block}.wp-block-uagb-image__figure figcaption{text-align:center;margin-top:.5em;margin-bottom:1em}.wp-block-uagb-image .components-placeholder.block-editor-media-placeholder .components-placeholder__instructions{align-self:center}.wp-block-uagb-image--align-left{text-align:left}.wp-block-uagb-image--align-right{text-align:right}.wp-block-uagb-image--align-center{text-align:center}.wp-block-uagb-image--align-full .wp-block-uagb-image__figure{margin-left:calc(50% - 50vw);margin-right:calc(50% - 50vw);max-width:100vw;width:100vw;height:auto}.wp-block-uagb-image--align-full .wp-block-uagb-image__figure img{height:auto;width:100% !important}.wp-block-uagb-image--align-wide .wp-block-uagb-image__figure img{height:auto;width:100%}.wp-block-uagb-image--layout-overlay__color-wrapper{position:absolute;left:0;top:0;right:0;bottom:0;opacity:.2;background:rgba(0,0,0,.5);transition:opacity .35s ease-in-out}.wp-block-uagb-image--layout-overlay-link{position:absolute;left:0;right:0;bottom:0;top:0}.wp-block-uagb-image--layout-overlay .wp-block-uagb-image__figure:hover .wp-block-uagb-image--layout-overlay__color-wrapper{opacity:1}.wp-block-uagb-image--layout-overlay__inner{position:absolute;left:15px;right:15px;bottom:15px;top:15px;display:flex;align-items:center;justify-content:center;flex-direction:column;border-color:#fff;transition:.35s ease-in-out}.wp-block-uagb-image--layout-overlay__inner.top-left,.wp-block-uagb-image--layout-overlay__inner.top-center,.wp-block-uagb-image--layout-overlay__inner.top-right{justify-content:flex-start}.wp-block-uagb-image--layout-overlay__inner.bottom-left,.wp-block-uagb-image--layout-overlay__inner.bottom-center,.wp-block-uagb-image--layout-overlay__inner.bottom-right{justify-content:flex-end}.wp-block-uagb-image--layout-overlay__inner.top-left,.wp-block-uagb-image--layout-overlay__inner.center-left,.wp-block-uagb-image--layout-overlay__inner.bottom-left{align-items:flex-start}.wp-block-uagb-image--layout-overlay__inner.top-right,.wp-block-uagb-image--layout-overlay__inner.center-right,.wp-block-uagb-image--layout-overlay__inner.bottom-right{align-items:flex-end}.wp-block-uagb-image--layout-overlay__inner .uagb-image-heading{color:#fff;transition:transform .35s,opacity .35s ease-in-out;transform:translate3d(0, 24px, 0);margin:0;line-height:1em}.wp-block-uagb-image--layout-overlay__inner .uagb-image-separator{width:30%;border-top-width:2px;border-top-color:#fff;border-top-style:solid;margin-bottom:10px;opacity:0;transition:transform .4s,opacity .4s ease-in-out;transform:translate3d(0, 30px, 0)}.wp-block-uagb-image--layout-overlay__inner .uagb-image-caption{opacity:0;overflow:visible;color:#fff;transition:transform .45s,opacity .45s ease-in-out;transform:translate3d(0, 35px, 0)}.wp-block-uagb-image--layout-overlay__inner:hover .uagb-image-heading,.wp-block-uagb-image--layout-overlay__inner:hover .uagb-image-separator,.wp-block-uagb-image--layout-overlay__inner:hover .uagb-image-caption{opacity:1;transform:translate3d(0, 0, 0)}.wp-block-uagb-image--effect-zoomin .wp-block-uagb-image__figure img,.wp-block-uagb-image--effect-zoomin .wp-block-uagb-image__figure .wp-block-uagb-image--layout-overlay__color-wrapper{transform:scale(1);transition:transform .35s ease-in-out}.wp-block-uagb-image--effect-zoomin .wp-block-uagb-image__figure:hover img,.wp-block-uagb-image--effect-zoomin .wp-block-uagb-image__figure:hover .wp-block-uagb-image--layout-overlay__color-wrapper{transform:scale(1.05)}.wp-block-uagb-image--effect-slide .wp-block-uagb-image__figure img,.wp-block-uagb-image--effect-slide .wp-block-uagb-image__figure .wp-block-uagb-image--layout-overlay__color-wrapper{width:calc(100% + 40px) !important;max-width:none !important;transform:translate3d(-40px, 0, 0);transition:transform .35s ease-in-out}.wp-block-uagb-image--effect-slide .wp-block-uagb-image__figure:hover img,.wp-block-uagb-image--effect-slide .wp-block-uagb-image__figure:hover .wp-block-uagb-image--layout-overlay__color-wrapper{transform:translate3d(0, 0, 0)}.wp-block-uagb-image--effect-grayscale img{filter:grayscale(0%);transition:.35s ease-in-out}.wp-block-uagb-image--effect-grayscale:hover img{filter:grayscale(100%)}.wp-block-uagb-image--effect-blur img{filter:blur(0);transition:.35s ease-in-out}.wp-block-uagb-image--effect-blur:hover img{filter:blur(3px)}.uagb-block-e6f939b3.wp-block-uagb-image--layout-default figure img{box-shadow: 0px 0px 0 #00000070;}.uagb-block-e6f939b3.wp-block-uagb-image .wp-block-uagb-image__figure figcaption{font-style: normal;align-self: center;}.uagb-block-e6f939b3.wp-block-uagb-image--layout-overlay figure img{box-shadow: 0px 0px 0 #00000070;}.uagb-block-e6f939b3.wp-block-uagb-image--layout-overlay .wp-block-uagb-image--layout-overlay__color-wrapper{opacity: 0.2;}.uagb-block-e6f939b3.wp-block-uagb-image--layout-overlay .wp-block-uagb-image--layout-overlay__inner{left: 15px;right: 15px;top: 15px;bottom: 15px;}.uagb-block-e6f939b3.wp-block-uagb-image--layout-overlay .wp-block-uagb-image--layout-overlay__inner .uagb-image-heading{font-style: normal;color: #fff;opacity: 1;}.uagb-block-e6f939b3.wp-block-uagb-image--layout-overlay .wp-block-uagb-image--layout-overlay__inner .uagb-image-heading a{color: #fff;}.uagb-block-e6f939b3.wp-block-uagb-image--layout-overlay .wp-block-uagb-image--layout-overlay__inner .uagb-image-caption{opacity: 0;}.uagb-block-e6f939b3.wp-block-uagb-image--layout-overlay .wp-block-uagb-image__figure:hover .wp-block-uagb-image--layout-overlay__color-wrapper{opacity: 1;}.uagb-block-e6f939b3.wp-block-uagb-image .wp-block-uagb-image--layout-overlay__inner .uagb-image-separator{width: 30%;border-top-width: 2px;border-top-color: #fff;opacity: 0;}.uagb-block-e6f939b3.wp-block-uagb-image .wp-block-uagb-image__figure img{width: px;height: auto;}.uagb-block-e6f939b3.wp-block-uagb-image .wp-block-uagb-image__figure:hover .wp-block-uagb-image--layout-overlay__inner .uagb-image-caption{opacity: 1;}.uagb-block-e6f939b3.wp-block-uagb-image .wp-block-uagb-image__figure:hover .wp-block-uagb-image--layout-overlay__inner .uagb-image-separator{opacity: 1;}.uagb-block-e6f939b3.wp-block-uagb-image--layout-default figure:hover img{box-shadow: 0px 0px 0 #00000070;}.uagb-block-e6f939b3.wp-block-uagb-image--layout-overlay figure:hover img{box-shadow: 0px 0px 0 #00000070;}@media only screen and (max-width: 976px) {.uagb-block-e6f939b3.wp-block-uagb-image .wp-block-uagb-image__figure img{width: px;height: auto;}}@media only screen and (max-width: 767px) {.uagb-block-e6f939b3.wp-block-uagb-image .wp-block-uagb-image__figure img{width: px;height: auto;}}\";s:2:\"js\";s:0:\"\";s:18:\"current_block_list\";a:13:{i:0;s:11:\"core\/search\";i:1;s:10:\"core\/group\";i:2;s:12:\"core\/heading\";i:3;s:17:\"core\/latest-posts\";i:4;s:20:\"core\/latest-comments\";i:5;s:13:\"core\/archives\";i:6;s:15:\"core\/categories\";i:7;s:14:\"core\/paragraph\";i:8;s:10:\"uagb\/image\";i:9;s:11:\"core\/spacer\";i:10;s:30:\"woocommerce\/product-categories\";i:11;s:10:\"core\/image\";i:12;s:14:\"core\/shortcode\";}s:8:\"uag_flag\";b:1;s:11:\"uag_version\";s:10:\"1777305564\";s:6:\"gfonts\";a:0:{}s:10:\"gfonts_url\";s:0:\"\";s:12:\"gfonts_files\";a:0:{}s:14:\"uag_faq_layout\";b:0;}"]},"uagb_featured_image_src":{"full":["https:\/\/www.bedbugknocker.com\/wp-content\/uploads\/2025\/05\/FOXEmockup.jpg",2560,2560,false],"thumbnail":["https:\/\/www.bedbugknocker.com\/wp-content\/uploads\/2025\/05\/FOXEmockup-150x150.jpg",150,150,true],"medium":["https:\/\/www.bedbugknocker.com\/wp-content\/uploads\/2025\/05\/FOXEmockup-300x300.jpg",300,300,true],"medium_large":["https:\/\/www.bedbugknocker.com\/wp-content\/uploads\/2025\/05\/FOXEmockup-768x768.jpg",768,768,true],"large":["https:\/\/www.bedbugknocker.com\/wp-content\/uploads\/2025\/05\/FOXEmockup-1024x1024.jpg",1024,1024,true],"1536x1536":["https:\/\/www.bedbugknocker.com\/wp-content\/uploads\/2025\/05\/FOXEmockup-1536x1536.jpg",1536,1536,true],"2048x2048":["https:\/\/www.bedbugknocker.com\/wp-content\/uploads\/2025\/05\/FOXEmockup-2048x2048.jpg",2048,2048,true],"trp-custom-language-flag":["https:\/\/www.bedbugknocker.com\/wp-content\/uploads\/2025\/05\/FOXEmockup-12x12.jpg",12,12,true],"woocommerce_thumbnail":["https:\/\/www.bedbugknocker.com\/wp-content\/uploads\/2025\/05\/FOXEmockup-300x300.jpg",300,300,true],"woocommerce_single":["https:\/\/www.bedbugknocker.com\/wp-content\/uploads\/2025\/05\/FOXEmockup-600x600.jpg",600,600,true],"woocommerce_gallery_thumbnail":["https:\/\/www.bedbugknocker.com\/wp-content\/uploads\/2025\/05\/FOXEmockup-100x100.jpg",100,100,true]},"uagb_author_info":{"display_name":"admin","author_link":"https:\/\/www.bedbugknocker.com\/hu\/author\/"},"uagb_comment_info":53,"uagb_excerpt":"Capture foxes effectively and securely with a professional-grade trapping solution. Our fox trap is specifically designed to manage fox activity around farms, poultry enclosures, gardens, and rural properties, offering a dependable method to protect your animals and prevent costly damage. Its robust construction and precision mechanism ensure reliable capture performance in real-world conditions. The most&hellip;","_links":{"self":[{"href":"https:\/\/www.bedbugknocker.com\/hu\/wp-json\/wp\/v2\/product\/22954","targetHints":{"allow":["GET"]}}],"collection":[{"href":"https:\/\/www.bedbugknocker.com\/hu\/wp-json\/wp\/v2\/product"}],"about":[{"href":"https:\/\/www.bedbugknocker.com\/hu\/wp-json\/wp\/v2\/types\/product"}],"replies":[{"embeddable":true,"href":"https:\/\/www.bedbugknocker.com\/hu\/wp-json\/wp\/v2\/comments?post=22954"}],"version-history":[{"count":5,"href":"https:\/\/www.bedbugknocker.com\/hu\/wp-json\/wp\/v2\/product\/22954\/revisions"}],"predecessor-version":[{"id":27305,"href":"https:\/\/www.bedbugknocker.com\/hu\/wp-json\/wp\/v2\/product\/22954\/revisions\/27305"}],"wp:featuredmedia":[{"embeddable":true,"href":"https:\/\/www.bedbugknocker.com\/hu\/wp-json\/wp\/v2\/media\/22978"}],"wp:attachment":[{"href":"https:\/\/www.bedbugknocker.com\/hu\/wp-json\/wp\/v2\/media?parent=22954"}],"wp:term":[{"taxonomy":"product_brand","embeddable":true,"href":"https:\/\/www.bedbugknocker.com\/hu\/wp-json\/wp\/v2\/product_brand?post=22954"},{"taxonomy":"product_cat","embeddable":true,"href":"https:\/\/www.bedbugknocker.com\/hu\/wp-json\/wp\/v2\/product_cat?post=22954"},{"taxonomy":"product_tag","embeddable":true,"href":"https:\/\/www.bedbugknocker.com\/hu\/wp-json\/wp\/v2\/product_tag?post=22954"}],"curies":[{"name":"wp","href":"https:\/\/api.w.org\/{rel}","templated":true}]}}