{"id":22948,"date":"2025-05-26T16:13:18","date_gmt":"2025-05-26T14:13:18","guid":{"rendered":"https:\/\/www.bedbugknocker.com\/products\/bed-bug-treatment\/"},"modified":"2026-02-22T16:15:41","modified_gmt":"2026-02-22T15:15:41","slug":"bed-bug-treatment","status":"publish","type":"product","link":"https:\/\/www.bedbugknocker.com\/hu\/products\/bed-bug-treatment\/","title":{"rendered":"\u00c1gyi poloska elleni kezel\u00e9s"},"content":{"rendered":"<p><strong><img decoding=\"async\" style=\"margin-right: 12px;\" src=\"https:\/\/www.bedbugknocker.com\/wp-content\/uploads\/2026\/02\/Check.svg\" alt=\"\" width=\"18\" height=\"15\" \/>Gyorsan \u00e9s tart\u00f3san elt\u00e1vol\u00edtja az \u00e1gyi polosk\u00e1kat professzion\u00e1lis teljes\u00edtm\u00e9ny\u00e9vel.<\/strong> A poloska elleni spray-kezel\u00e9s\u00fcnket kifejezetten \u00fagy \u00e1ll\u00edtottuk \u00f6ssze, hogy \u00e9letciklusuk minden szakasz\u00e1ban c\u00e9lba vegye a polosk\u00e1kat, bele\u00e9rtve a pet\u00e9ket, l\u00e1rv\u00e1kat \u00e9s kifejlett rovarokat, biztos\u00edtva a teljes kiirt\u00e1st \u00e9s megel\u0151zve az \u00fajrafert\u0151z\u00e9st. Behatol a reped\u00e9sekbe, varratokba \u00e9s rejtett helyekre, ahol az \u00e1gyi polosk\u00e1k \u00e1ltal\u00e1ban elrejt\u0151znek, megb\u00edzhat\u00f3 \u00e9s tart\u00f3s eredm\u00e9nyt ny\u00fajtva.<\/p>\n<p><strong><img decoding=\"async\" style=\"margin-right: 12px;\" src=\"https:\/\/www.bedbugknocker.com\/wp-content\/uploads\/2026\/02\/Check.svg\" alt=\"\" width=\"18\" height=\"15\" \/>A piacon kaphat\u00f3 leghat\u00e9konyabb \u00e1gyi poloska elleni kezel\u00e9s.<\/strong> Fejlett hat\u00f3anyagainak \u00e9s nagy teljes\u00edtm\u00e9ny\u0171 formul\u00e1j\u00e1nak k\u00f6sz\u00f6nhet\u0151en spray-nk gyorsabban \u00e9s alaposabban hat, mint a szok\u00e1sos, v\u00e9ny n\u00e9lk\u00fcl kaphat\u00f3 alternat\u00edv\u00e1k. \u00c9rintkez\u00e9skor megt\u00e1madja az \u00e1gyi polosk\u00e1k idegrendszer\u00e9t, mik\u00f6zben maradv\u00e1nyv\u00e9delmet biztos\u00edt, amely tov\u00e1bbra is kiirtja az \u00fajonnan megjelen\u0151 k\u00e1rtev\u0151ket.<\/p>\n<p><strong><img decoding=\"async\" style=\"margin-right: 12px;\" src=\"https:\/\/www.bedbugknocker.com\/wp-content\/uploads\/2026\/02\/Check.svg\" alt=\"\" width=\"18\" height=\"15\" \/>A min\u0151s\u00e9g fel\u00e1ldoz\u00e1sa n\u00e9lk\u00fcl k\u00edn\u00e1ljuk a legolcs\u00f3bb professzion\u00e1lis megold\u00e1st.<\/strong> \u00c1gyi poloska elleni spray-nk a pr\u00e9mium hat\u00e9konys\u00e1got verhetetlen \u00e1rk\u00e9pz\u00e9ssel \u00f6tv\u00f6zi, \u00edgy a legmegfizethet\u0151bb megold\u00e1s az otthoni, sz\u00e1llodai, lak\u00e1s vagy kereskedelmi ingatlanok fert\u0151z\u00f6tts\u00e9g\u00e9nek kezel\u00e9s\u00e9re. Minden literrel maxim\u00e1lis \u00e9rt\u00e9ket kap a p\u00e9nz\u00e9\u00e9rt.<\/p>\n<p><strong><img decoding=\"async\" style=\"margin-right: 12px;\" src=\"https:\/\/www.bedbugknocker.com\/wp-content\/uploads\/2026\/02\/Check.svg\" alt=\"\" width=\"18\" height=\"15\" \/>100% p\u00e9nzvisszafizet\u00e9si garancia a teljes bizalom\u00e9rt.<\/strong> Hat\u00e1rozottan ki\u00e1llunk term\u00e9k\u00fcnk teljes\u00edtm\u00e9nye mellett. Ha nem teljesen el\u00e9gedett az eredm\u00e9nnyel, visszat\u00e9r\u00edtj\u00fck az \u00e1r\u00e1t, nincsenek bonyolult felt\u00e9telek, nincsenek rejtett z\u00e1rad\u00e9kok. Az \u00d6n el\u00e9gedetts\u00e9g\u00e9t teljes m\u00e9rt\u00e9kben garant\u00e1ljuk.<\/p>\n<p><strong><img decoding=\"async\" style=\"margin-right: 12px;\" src=\"https:\/\/www.bedbugknocker.com\/wp-content\/uploads\/2026\/02\/Check.svg\" alt=\"\" width=\"18\" height=\"15\" \/>Gyors, 24 \u00f3r\u00e1s sz\u00e1ll\u00edt\u00e1s, hogy azonnal cselekedhessen.<\/strong> A poloskafert\u0151z\u00e9s s\u00fcrg\u0151s int\u00e9zked\u00e9st ig\u00e9nyel. Ez\u00e9rt k\u00edn\u00e1lunk mindig 24 \u00f3r\u00e1s kisz\u00e1ll\u00edt\u00e1st, hogy a lehet\u0151 leghamarabb megkezdhesse a kezel\u00e9st, \u00e9s megakad\u00e1lyozhassa a probl\u00e9ma tov\u00e1bbterjed\u00e9s\u00e9t.<\/p>\n<p><strong><img decoding=\"async\" style=\"margin-right: 12px;\" src=\"https:\/\/www.bedbugknocker.com\/wp-content\/uploads\/2026\/02\/Check.svg\" alt=\"\" width=\"18\" height=\"15\" \/>Nagy, literenk\u00e9nt ak\u00e1r 20 m\u00b2-es fedetts\u00e9g a k\u00f6lts\u00e9ghat\u00e9kony kezel\u00e9s \u00e9rdek\u00e9ben.<\/strong> Egy liter \u00e1gyi poloska elleni spray ak\u00e1r 20 n\u00e9gyzetm\u00e9tert is kezel, \u00edgy hat\u00e9kony lefedetts\u00e9get biztos\u00edt h\u00e1l\u00f3szob\u00e1k, matracok, \u00e1gykeretek, sz\u0151nyegek \u00e9s b\u00fatorok eset\u00e9ben. Ez a b\u0151s\u00e9ges lefedetts\u00e9g praktikuss\u00e1 teszi a kis \u00e9s nagy ter\u00fcletek eset\u00e9ben egyar\u00e1nt.<\/p>\n<p><strong><img decoding=\"async\" style=\"margin-right: 12px;\" src=\"https:\/\/www.bedbugknocker.com\/wp-content\/uploads\/2026\/02\/Check.svg\" alt=\"\" width=\"18\" height=\"15\" \/>Hosszan tart\u00f3 maradv\u00e1nyv\u00e9delmet biztos\u00edt.<\/strong> Azon t\u00fal, hogy az \u00e1gyi polosk\u00e1kat \u00e9rintkez\u00e9skor elpuszt\u00edtja, formul\u00e1nk v\u00e9d\u0151r\u00e9teget hagy a kezelt fel\u00fcleteken, amely napokig tov\u00e1bb m\u0171k\u00f6dik, cs\u00f6kkentve az \u00fajrafert\u0151z\u0151d\u00e9s kock\u00e1zat\u00e1t \u00e9s nyugalmat biztos\u00edtva.<\/p>\n<p><strong><img decoding=\"async\" style=\"margin-right: 12px;\" src=\"https:\/\/www.bedbugknocker.com\/wp-content\/uploads\/2026\/02\/Check.svg\" alt=\"\" width=\"18\" height=\"15\" \/>Helyes alkalmaz\u00e1s eset\u00e9n biztons\u00e1gos belt\u00e9ri haszn\u00e1latra.<\/strong> Lak\u00f3- \u00e9s kereskedelmi k\u00f6rnyezetbe tervezt\u00e9k, spray-nk az utas\u00edt\u00e1soknak megfelel\u0151en haszn\u00e1lva h\u00e1l\u00f3szob\u00e1kban, lak\u00f3terekben \u00e9s vend\u00e9gl\u00e1t\u00f3helyis\u00e9gekben is haszn\u00e1lhat\u00f3. Gyorsan sz\u00e1rad, \u00e9s nem hagy er\u0151s, tart\u00f3s szagokat.<\/p>\n<p><strong><img decoding=\"async\" style=\"margin-right: 12px;\" src=\"https:\/\/www.bedbugknocker.com\/wp-content\/uploads\/2026\/02\/Check.svg\" alt=\"\" width=\"18\" height=\"15\" \/>Egyszer\u0171 alkalmaz\u00e1s h\u00e1ztulajdonosok \u00e9s szakemberek sz\u00e1m\u00e1ra.<\/strong> A haszn\u00e1latra k\u00e9sz foly\u00e9kony formula lehet\u0151v\u00e9 teszi az egyszer\u0171 permetez\u00e9st bonyolult felszerel\u00e9s n\u00e9lk\u00fcl. Ak\u00e1r k\u00e1rtev\u0151irt\u00f3 szakember, ak\u00e1r mag\u00e1nszem\u00e9ly, minim\u00e1lis er\u0151fesz\u00edt\u00e9ssel megb\u00edzhat\u00f3 eredm\u00e9nyeket \u00e9rhet el.<\/p>\n<p><strong><img decoding=\"async\" style=\"margin-right: 12px;\" src=\"https:\/\/www.bedbugknocker.com\/wp-content\/uploads\/2026\/02\/Check.svg\" alt=\"\" width=\"18\" height=\"15\" \/>Seg\u00edt helyre\u00e1ll\u00edtani a k\u00e9nyelmet \u00e9s a higi\u00e9ni\u00e1t a lak\u00f3t\u00e9rben.<\/strong> Az \u00e1gyi polosk\u00e1k kellemetlens\u00e9get, stresszt \u00e9s \u00e1lmatlan \u00e9jszak\u00e1kat okoznak. A fert\u0151z\u00f6tts\u00e9g hat\u00e9kony \u00e9s gyors felsz\u00e1mol\u00e1s\u00e1val spray-\u00fcnk seg\u00edt \u00d6nnek visszaszerezni a tiszta, biztons\u00e1gos \u00e9s k\u00e9nyelmes k\u00f6rnyezetet az \u00d6n \u00e9s csal\u00e1dja vagy vend\u00e9gei sz\u00e1m\u00e1ra.<\/p>\n<h2><strong>Utas\u00edt\u00e1sok<\/strong><\/h2>\n<ul>\n<li>A kezel\u00e9s el\u0151tt gondosan vizsg\u00e1lja meg a fert\u0151z\u00f6tt ter\u00fcletet. Hat\u00e1rozza meg az olyan gyakori b\u00fav\u00f3helyeket, mint a matracok varratai, \u00e1gykeretek, fejt\u00e1ml\u00e1k, falreped\u00e9sek, szeg\u00e9lyl\u00e9cek, sz\u0151nyegek \u00e9s k\u00e1rpitozott b\u00fatorok.<\/li>\n<li>Haszn\u00e1lat el\u0151tt j\u00f3l r\u00e1zza fel a tart\u00e1lyt, hogy a hat\u00f3anyagok megfelel\u0151en keveredjenek.<\/li>\n<li>Az aj\u00e1nlott adagol\u00e1s 1 liter legfeljebb 20 m\u00b2 fel\u00fcletre. A mennyis\u00e9get a fert\u0151z\u00f6tts\u00e9g m\u00e9rt\u00e9k\u00e9t\u0151l \u00e9s a kezelt fel\u00fcletek porozit\u00e1s\u00e1t\u00f3l f\u00fcgg\u0151en \u00e1ll\u00edtsa be.<\/li>\n<li>Egyenletesen permetezze be az \u00e9rintett ter\u00fcleteket, k\u00fcl\u00f6n\u00f6sen a varratokat, illeszt\u00e9seket, r\u00e1ncokat \u00e9s r\u00e9seket, ahol az \u00e1gyi polosk\u00e1k megb\u00fajnak. Vigyen fel enyhe, de alapos r\u00e9teget a fel\u00fcletek t\u00falzott tel\u00edt\u00e9se n\u00e9lk\u00fcl.<\/li>\n<li>Matracok eset\u00e9ben csak a varratok \u00e9s a sz\u00e9lek ment\u00e9n permetezzen enyh\u00e9n. Ne \u00e1ztassa be a matracot. Hagyja teljesen megsz\u00e1radni, miel\u0151tt \u00e1gynem\u0171vel letakarja.<\/li>\n<li>Kezelje a k\u00f6rnyez\u0151 ter\u00fcleteket, p\u00e9ld\u00e1ul az \u00e1gykereteket, a k\u00f6zeli b\u00fatorokat, az alapl\u00e9ceket \u00e9s a padl\u00f3 reped\u00e9seit, hogy megakad\u00e1lyozza a v\u00e1ndorl\u00e1st \u00e9s az \u00fajrafert\u0151z\u00e9st.<\/li>\n<li>A kezelt ter\u00fcletet hagyja \u00e9rintetlen\u00fcl, am\u00edg teljesen meg nem sz\u00e1rad. A felhord\u00e1s alatt \u00e9s ut\u00e1n gondoskodjon a j\u00f3 szell\u0151z\u00e9sr\u0151l.<\/li>\n<li>Alkalmaz\u00e1s k\u00f6zben ker\u00fclje a b\u0151rrel \u00e9s a szemmel val\u00f3 k\u00f6zvetlen \u00e9rintkez\u00e9st. Haszn\u00e1lat ut\u00e1n alaposan mosson kezet.<\/li>\n<li>Ha a fert\u0151z\u00e9s s\u00falyos, a kezel\u00e9st 7-14 nap m\u00falva ism\u00e9telje meg, hogy az \u00fajonnan kikelt polosk\u00e1kat elpuszt\u00edtsa.<\/li>\n<li>A term\u00e9ket h\u0171v\u00f6s, sz\u00e1raz, k\u00f6zvetlen napf\u00e9nyt\u0151l v\u00e9dett helyen t\u00e1rolja. Gyermekek \u00e9s h\u00e1zi\u00e1llatok el\u0151l elz\u00e1rva tartand\u00f3.<\/li>\n<\/ul>","protected":false},"excerpt":{"rendered":"<p>Eliminates bed bugs quickly and permanently with professional-grade performance. Our bed bug spray treatment is specially formulated to target bed bugs at every stage of their life cycle, including eggs, larvae, and adult insects, ensuring complete eradication and preventing reinfestation. It penetrates cracks, seams, and hidden areas where bed bugs typically hide, delivering reliable and [&hellip;]<\/p>\n","protected":false},"featured_media":22959,"comment_status":"open","ping_status":"closed","template":"","meta":{"_uag_custom_page_level_css":"","site-sidebar-layout":"default","site-content-layout":"","ast-site-content-layout":"default","site-content-style":"default","site-sidebar-style":"default","ast-global-header-display":"","ast-banner-title-visibility":"","ast-main-header-display":"","ast-hfb-above-header-display":"","ast-hfb-below-header-display":"","ast-hfb-mobile-header-display":"","site-post-title":"","ast-breadcrumbs-content":"","ast-featured-img":"","footer-sml-layout":"","ast-disable-related-posts":"","theme-transparent-header-meta":"default","adv-header-id-meta":"","stick-header-meta":"","header-above-stick-meta":"","header-main-stick-meta":"","header-below-stick-meta":"","astra-migrate-meta-layouts":"set","ast-page-background-enabled":"default","ast-page-background-meta":{"desktop":{"background-color":"var(--ast-global-color-4)","background-image":"","background-repeat":"repeat","background-position":"center center","background-size":"auto","background-attachment":"scroll","background-type":"","background-media":"","overlay-type":"","overlay-color":"","overlay-opacity":"","overlay-gradient":""},"tablet":{"background-color":"","background-image":"","background-repeat":"repeat","background-position":"center center","background-size":"auto","background-attachment":"scroll","background-type":"","background-media":"","overlay-type":"","overlay-color":"","overlay-opacity":"","overlay-gradient":""},"mobile":{"background-color":"","background-image":"","background-repeat":"repeat","background-position":"center center","background-size":"auto","background-attachment":"scroll","background-type":"","background-media":"","overlay-type":"","overlay-color":"","overlay-opacity":"","overlay-gradient":""}},"ast-content-background-meta":{"desktop":{"background-color":"var(--ast-global-color-5)","background-image":"","background-repeat":"repeat","background-position":"center center","background-size":"auto","background-attachment":"scroll","background-type":"","background-media":"","overlay-type":"","overlay-color":"","overlay-opacity":"","overlay-gradient":""},"tablet":{"background-color":"var(--ast-global-color-5)","background-image":"","background-repeat":"repeat","background-position":"center center","background-size":"auto","background-attachment":"scroll","background-type":"","background-media":"","overlay-type":"","overlay-color":"","overlay-opacity":"","overlay-gradient":""},"mobile":{"background-color":"var(--ast-global-color-5)","background-image":"","background-repeat":"repeat","background-position":"center center","background-size":"auto","background-attachment":"scroll","background-type":"","background-media":"","overlay-type":"","overlay-color":"","overlay-opacity":"","overlay-gradient":""}}},"product_brand":[],"product_cat":[174],"product_tag":[],"class_list":{"0":"post-22948","1":"product","2":"type-product","3":"status-publish","4":"has-post-thumbnail","6":"product_cat-pest-control","7":"desktop-align-left","8":"tablet-align-left","9":"mobile-align-left","11":"first","12":"instock","13":"sale","14":"taxable","15":"shipping-taxable","16":"purchasable","17":"product-type-variable","18":"has-default-attributes"},"spectra_custom_meta":{"_visibility":["visible"],"_shopify_product_id":["5600617201820"],"_s2w_shopify_domain":["bedbugknocker.myshopify.com"],"_shopify_variant_id":["35907545301148"],"_manage_stock":["no"],"total_sales":["1337"],"_tax_status":["taxable"],"_tax_class":[""],"_backorders":["no"],"_sold_individually":["no"],"_virtual":["no"],"_downloadable":["no"],"_download_limit":["-1"],"_download_expiry":["-1"],"_stock":[null],"_stock_status":["instock"],"_wc_average_rating":["4.54"],"_wc_review_count":["201"],"_product_attributes":["a:1:{s:6:\"volume\";a:6:{s:4:\"name\";s:6:\"Volume\";s:5:\"value\";s:30:\"1 liter | 5 liters | 25 liters\";s:8:\"position\";i:1;s:10:\"is_visible\";i:0;s:12:\"is_variation\";i:1;s:11:\"is_taxonomy\";i:0;}}"],"_product_version":["10.5.2"],"_product_image_gallery":["22960,22961"],"_edit_lock":["1771776538:1"],"_edit_last":["1"],"_wp_page_template":["default"],"site-sidebar-layout":["default"],"ast-site-content-layout":["default"],"site-content-style":["default"],"site-sidebar-style":["default"],"theme-transparent-header-meta":["default"],"_wc_rating_count":["a:3:{i:3;i:31;i:4;i:31;i:5;i:139;}"],"_woocs_price_geo_countries":[""],"_woocs_regular_price_geo":[""],"_woocs_sale_price_geo":[""],"merchant-center-id":["BBK"],"merchant-center-availability":["yes"],"merchant-center-category":["512"],"_thumbnail_id":["22959"],"astra-migrate-meta-layouts":["set"],"_uag_css_file_name":["uag-css-22948.css"],"_default_attributes":["a:1:{s:6:\"volume\";s:7:\"1 liter\";}"],"_price":["29.90","129.90","499.90"],"_elementor_page_assets":["a:0:{}"]},"uagb_featured_image_src":{"full":["https:\/\/www.bedbugknocker.com\/wp-content\/uploads\/2025\/05\/Traitement_varroa_1L_eb7e67ea-2ad8-4bdf-b0b1-98916e1f1ce5.jpg",2560,2560,false],"thumbnail":["https:\/\/www.bedbugknocker.com\/wp-content\/uploads\/2025\/05\/Traitement_varroa_1L_eb7e67ea-2ad8-4bdf-b0b1-98916e1f1ce5-150x150.jpg",150,150,true],"medium":["https:\/\/www.bedbugknocker.com\/wp-content\/uploads\/2025\/05\/Traitement_varroa_1L_eb7e67ea-2ad8-4bdf-b0b1-98916e1f1ce5-300x300.jpg",300,300,true],"medium_large":["https:\/\/www.bedbugknocker.com\/wp-content\/uploads\/2025\/05\/Traitement_varroa_1L_eb7e67ea-2ad8-4bdf-b0b1-98916e1f1ce5-768x768.jpg",768,768,true],"large":["https:\/\/www.bedbugknocker.com\/wp-content\/uploads\/2025\/05\/Traitement_varroa_1L_eb7e67ea-2ad8-4bdf-b0b1-98916e1f1ce5-1024x1024.jpg",1024,1024,true],"1536x1536":["https:\/\/www.bedbugknocker.com\/wp-content\/uploads\/2025\/05\/Traitement_varroa_1L_eb7e67ea-2ad8-4bdf-b0b1-98916e1f1ce5-1536x1536.jpg",1536,1536,true],"2048x2048":["https:\/\/www.bedbugknocker.com\/wp-content\/uploads\/2025\/05\/Traitement_varroa_1L_eb7e67ea-2ad8-4bdf-b0b1-98916e1f1ce5-2048x2048.jpg",2048,2048,true],"trp-custom-language-flag":["https:\/\/www.bedbugknocker.com\/wp-content\/uploads\/2025\/05\/Traitement_varroa_1L_eb7e67ea-2ad8-4bdf-b0b1-98916e1f1ce5-12x12.jpg",12,12,true],"woocommerce_thumbnail":["https:\/\/www.bedbugknocker.com\/wp-content\/uploads\/2025\/05\/Traitement_varroa_1L_eb7e67ea-2ad8-4bdf-b0b1-98916e1f1ce5-300x300.jpg",300,300,true],"woocommerce_single":["https:\/\/www.bedbugknocker.com\/wp-content\/uploads\/2025\/05\/Traitement_varroa_1L_eb7e67ea-2ad8-4bdf-b0b1-98916e1f1ce5-600x600.jpg",600,600,true],"woocommerce_gallery_thumbnail":["https:\/\/www.bedbugknocker.com\/wp-content\/uploads\/2025\/05\/Traitement_varroa_1L_eb7e67ea-2ad8-4bdf-b0b1-98916e1f1ce5-100x100.jpg",100,100,true]},"uagb_author_info":{"display_name":"admin","author_link":"https:\/\/www.bedbugknocker.com\/hu\/author\/"},"uagb_comment_info":201,"uagb_excerpt":"Eliminates bed bugs quickly and permanently with professional-grade performance. Our bed bug spray treatment is specially formulated to target bed bugs at every stage of their life cycle, including eggs, larvae, and adult insects, ensuring complete eradication and preventing reinfestation. It penetrates cracks, seams, and hidden areas where bed bugs typically hide, delivering reliable and&hellip;","_links":{"self":[{"href":"https:\/\/www.bedbugknocker.com\/hu\/wp-json\/wp\/v2\/product\/22948","targetHints":{"allow":["GET"]}}],"collection":[{"href":"https:\/\/www.bedbugknocker.com\/hu\/wp-json\/wp\/v2\/product"}],"about":[{"href":"https:\/\/www.bedbugknocker.com\/hu\/wp-json\/wp\/v2\/types\/product"}],"replies":[{"embeddable":true,"href":"https:\/\/www.bedbugknocker.com\/hu\/wp-json\/wp\/v2\/comments?post=22948"}],"version-history":[{"count":14,"href":"https:\/\/www.bedbugknocker.com\/hu\/wp-json\/wp\/v2\/product\/22948\/revisions"}],"predecessor-version":[{"id":27299,"href":"https:\/\/www.bedbugknocker.com\/hu\/wp-json\/wp\/v2\/product\/22948\/revisions\/27299"}],"wp:featuredmedia":[{"embeddable":true,"href":"https:\/\/www.bedbugknocker.com\/hu\/wp-json\/wp\/v2\/media\/22959"}],"wp:attachment":[{"href":"https:\/\/www.bedbugknocker.com\/hu\/wp-json\/wp\/v2\/media?parent=22948"}],"wp:term":[{"taxonomy":"product_brand","embeddable":true,"href":"https:\/\/www.bedbugknocker.com\/hu\/wp-json\/wp\/v2\/product_brand?post=22948"},{"taxonomy":"product_cat","embeddable":true,"href":"https:\/\/www.bedbugknocker.com\/hu\/wp-json\/wp\/v2\/product_cat?post=22948"},{"taxonomy":"product_tag","embeddable":true,"href":"https:\/\/www.bedbugknocker.com\/hu\/wp-json\/wp\/v2\/product_tag?post=22948"}],"curies":[{"name":"wp","href":"https:\/\/api.w.org\/{rel}","templated":true}]}}