{"id":22952,"date":"2025-05-26T16:13:19","date_gmt":"2025-05-26T14:13:19","guid":{"rendered":"https:\/\/www.bedbugknocker.com\/products\/bird-killer-500-baits\/"},"modified":"2026-02-19T19:30:20","modified_gmt":"2026-02-19T18:30:20","slug":"bird-killer-500-baits","status":"publish","type":"product","link":"https:\/\/www.bedbugknocker.com\/fi\/products\/bird-killer-500-baits\/","title":{"rendered":"Lintu- ja kyyhkyansa"},"content":{"rendered":"<p><strong><img decoding=\"async\" style=\"margin-right: 12px;\" src=\"https:\/\/www.bedbugknocker.com\/wp-content\/uploads\/2026\/02\/Check.svg\" alt=\"\" width=\"18\" height=\"15\" \/>Ota linnut ja kyyhkyset tehokkaasti kiinni ammattimaisella ja luotettavalla ansastusratkaisulla.<\/strong> Lintu- ja kyyhkysloukkumme on suunniteltu erityisesti hallitsemaan turvallisesti ja tehokkaasti ei-toivottuja lintuja asuin-, liike-, maatalous- ja teollisuusymp\u00e4rist\u00f6iss\u00e4. Se auttaa hallitsemaan liikakantoja, ehk\u00e4isem\u00e4\u00e4n omaisuusvahinkoja ja v\u00e4hent\u00e4m\u00e4\u00e4n ulosteisiin ja pesint\u00e4\u00e4n liittyvi\u00e4 terveysriskej\u00e4.<\/p>\n<p><strong><img decoding=\"async\" style=\"margin-right: 12px;\" src=\"https:\/\/www.bedbugknocker.com\/wp-content\/uploads\/2026\/02\/Check.svg\" alt=\"\" width=\"18\" height=\"15\" \/>Markkinoiden tehokkain saatavilla oleva lintu- ja kyyhkysloukku.<\/strong> T\u00e4m\u00e4 loukku on suunniteltu eritt\u00e4in herk\u00e4sti reagoivalla sis\u00e4\u00e4nmenoj\u00e4rjestelm\u00e4ll\u00e4 ja pakenemisen est\u00e4v\u00e4ll\u00e4 rakenteella, mik\u00e4 maksimoi pyydystyksen onnistumisen ja est\u00e4\u00e4 lintuja poistumasta sen j\u00e4lkeen, kun ne ovat jo sis\u00e4ll\u00e4. Sen rakenne perustuu lintujen k\u00e4ytt\u00e4ytymismalleihin, mik\u00e4 takaa johdonmukaisen ja luotettavan toiminnan todellisissa olosuhteissa.<\/p>\n<p><strong><img decoding=\"async\" style=\"margin-right: 12px;\" src=\"https:\/\/www.bedbugknocker.com\/wp-content\/uploads\/2026\/02\/Check.svg\" alt=\"\" width=\"18\" height=\"15\" \/>Tarjoamme edullisimmat laadukkaat lintu- ja kyyhkysenloukut kest\u00e4vyydest\u00e4 tinkim\u00e4tt\u00e4.<\/strong> Hinnoittelustrategiamme takaa, ett\u00e4 saat ammattilaistason suorituskyvyn mahdollisimman alhaisin kustannuksin. Voit hy\u00f6ty\u00e4 kest\u00e4v\u00e4st\u00e4 ja tehokkaasta ratkaisusta ilman, ett\u00e4 joudut maksamaan vastaavista tuotteista usein peritt\u00e4vi\u00e4 kohtuuttomia hintoja.<\/p>\n<p><strong><img decoding=\"async\" style=\"margin-right: 12px;\" src=\"https:\/\/www.bedbugknocker.com\/wp-content\/uploads\/2026\/02\/Check.svg\" alt=\"\" width=\"18\" height=\"15\" \/>100% rahat takaisin -takuu takaa t\u00e4ydellisen mielenrauhan.<\/strong> Seisomme ansamme laadun ja tehokkuuden takana. Jos et ole t\u00e4ysin tyytyv\u00e4inen sen suorituskykyyn, palautamme ostoksesi ilman vaivaa tai monimutkaisia menettelyj\u00e4. Luottamuksesi ja tyytyv\u00e4isyytesi ovat ensisijaisia tavoitteitamme.<\/p>\n<p><strong><img decoding=\"async\" style=\"margin-right: 12px;\" src=\"https:\/\/www.bedbugknocker.com\/wp-content\/uploads\/2026\/02\/Check.svg\" alt=\"\" width=\"18\" height=\"15\" \/>Nopea 24 tunnin toimitus, jotta voit reagoida v\u00e4litt\u00f6m\u00e4sti.<\/strong> Lintutuhot voivat laajeta nopeasti ja aiheuttaa vahinkoa katoille, parvekkeille, varastoille ja maatalousrakennuksille. Siksi tarjoamme aina 24 tunnin toimituksen, jolloin voit toimia nopeasti ja saada tilasi takaisin hallintaasi.<\/p>\n<p><strong><img decoding=\"async\" style=\"margin-right: 12px;\" src=\"https:\/\/www.bedbugknocker.com\/wp-content\/uploads\/2026\/02\/Check.svg\" alt=\"\" width=\"18\" height=\"15\" \/>Tehokas kattavuus on jopa 20 m\u00b2 ansan sijoitusaluetta kohti.<\/strong> Strategisesti sijoitettuna kukin loukku voi suojata noin 20 neli\u00f6metrin alueen, joten se soveltuu parvekkeille, katoille, varastoihin, latoihin, terasseille ja muihin paikkoihin, joihin linnut ker\u00e4\u00e4ntyv\u00e4t.<\/p>\n<p><strong><img decoding=\"async\" style=\"margin-right: 12px;\" src=\"https:\/\/www.bedbugknocker.com\/wp-content\/uploads\/2026\/02\/Check.svg\" alt=\"\" width=\"18\" height=\"15\" \/>Vahva ja s\u00e4\u00e4nkest\u00e4v\u00e4 rakenne ulkok\u00e4ytt\u00f6\u00f6n.<\/strong> Korroosionkest\u00e4v\u00e4st\u00e4 metallista ja vahvistetusta verkosta valmistettu ansa kest\u00e4\u00e4 sadetta, tuulta ja l\u00e4mp\u00f6tilan vaihteluita, mik\u00e4 takaa pitk\u00e4aikaisen toiminnan ulkoymp\u00e4rist\u00f6ss\u00e4.<\/p>\n<p><strong><img decoding=\"async\" style=\"margin-right: 12px;\" src=\"https:\/\/www.bedbugknocker.com\/wp-content\/uploads\/2026\/02\/Check.svg\" alt=\"\" width=\"18\" height=\"15\" \/>Humaani eristyssuunnitelma oikein k\u00e4ytettyn\u00e4.<\/strong> Loukku on suunniteltu pit\u00e4m\u00e4\u00e4n vangitut linnut turvallisesti ja ilman tarpeettomia vammoja, kun sit\u00e4 valvotaan s\u00e4\u00e4nn\u00f6llisesti ja k\u00e4ytet\u00e4\u00e4n paikallisten luonnonvaraisia el\u00e4imi\u00e4 koskevien s\u00e4\u00e4nn\u00f6sten mukaisesti.<\/p>\n<p><strong><img decoding=\"async\" style=\"margin-right: 12px;\" src=\"https:\/\/www.bedbugknocker.com\/wp-content\/uploads\/2026\/02\/Check.svg\" alt=\"\" width=\"18\" height=\"15\" \/>Helppo asennus ilman erikoisty\u00f6kaluja.<\/strong> Loukku voidaan koota ja asentaa nopeasti kotitalouksien, huoltohenkil\u00f6st\u00f6n, maanviljelij\u00f6iden tai tuholaistorjunnan ammattilaisten toimesta, joten se on k\u00e4yt\u00e4nn\u00f6llinen erilaisissa sovelluksissa.<\/p>\n<p><strong><img decoding=\"async\" style=\"margin-right: 12px;\" src=\"https:\/\/www.bedbugknocker.com\/wp-content\/uploads\/2026\/02\/Check.svg\" alt=\"\" width=\"18\" height=\"15\" \/>Suojaa omaisuuttasi, hygieniaa ja rakenteellista eheytt\u00e4.<\/strong> Linnut ja kyyhkyset voivat aiheuttaa merkitt\u00e4vi\u00e4 rakenteellisia vahinkoja ja saniteettiongelmia ulosteiden, pes\u00e4materiaalien ja tukkeutuneiden viem\u00e4rij\u00e4rjestelmien vuoksi. K\u00e4ytt\u00e4m\u00e4ll\u00e4 eritt\u00e4in tehokasta loukkuamme s\u00e4ilyt\u00e4t puhtaamman, turvallisemman ja hallitumman ymp\u00e4rist\u00f6n.<\/p>\n<h2><strong>Ohjeet<\/strong><\/h2>\n<ul>\n<li>Tunnista alueet, joille linnut tai kyyhkyset usein laskeutuvat, pesiv\u00e4t tai ruokailevat, kuten katot, parvekkeet, lautat, ladot tai varastot.<\/li>\n<li>Aseta loukku tasaiselle, vakaalle alustalle 20 m\u00b2:n alueelle. Varmista, ett\u00e4 se on sijoitettu yleisten laskeutumis- tai k\u00e4velyreittien varrelle.<\/li>\n<li>K\u00e4yt\u00e4 sopivaa sy\u00f6tti\u00e4, kuten jyvi\u00e4, siemeni\u00e4 tai leiv\u00e4npaloja, jotka on sijoitettu ansan sis\u00e4lle l\u00e4helle sis\u00e4\u00e4nmenomekanismia houkuttelemaan lintuja.<\/li>\n<li>Varmista, ett\u00e4 sis\u00e4\u00e4nk\u00e4yntiovet tai suppiloj\u00e4rjestelm\u00e4 on asetettu asianmukaisesti ansan sis\u00e4\u00e4nrakennetun mekanismin mukaisesti, ennen kuin poistut alueelta.<\/li>\n<li>Laajemmilla tartunta-alueilla on asennettava useita ansoja, jotka on sijoitettu strategisesti toisistaan et\u00e4\u00e4lle, jotta kattavuus ja tehokkuus voidaan maksimoida.<\/li>\n<li>Tarkista loukku v\u00e4hint\u00e4\u00e4n kerran tai kahdesti p\u00e4iv\u00e4ss\u00e4, jotta voit seurata pyydystettyj\u00e4 lintuja ja yll\u00e4pit\u00e4\u00e4 inhimillisi\u00e4 olosuhteita.<\/li>\n<li>K\u00e4yt\u00e4 k\u00e4sineit\u00e4 k\u00e4sittelyn aikana hygienian yll\u00e4pit\u00e4miseksi ja hajujen siirtymisen v\u00e4hent\u00e4miseksi.<\/li>\n<li>Kiinnioton j\u00e4lkeen noudata paikallisia luonnonvaraisia el\u00e4imi\u00e4 koskevia s\u00e4\u00e4nn\u00f6ksi\u00e4, jotka koskevat siirt\u00e4mist\u00e4 tai jatkohoitoa.<\/li>\n<li>Puhdista ja desinfioi loukku s\u00e4\u00e4nn\u00f6llisesti tautien levi\u00e4misen est\u00e4miseksi ja pitk\u00e4aikaisen suorituskyvyn yll\u00e4pit\u00e4miseksi.<\/li>\n<li>S\u00e4ilyt\u00e4 loukku kuivassa paikassa, kun sit\u00e4 ei k\u00e4ytet\u00e4, jotta sen rakenteellinen eheys ja k\u00e4ytt\u00f6valmius s\u00e4ilyy.<\/li>\n<\/ul>","protected":false},"excerpt":{"rendered":"<p>Capture birds and pigeons efficiently with a professional and reliable trapping solution. Our bird and pigeon trap is specially designed to safely and effectively manage unwanted bird presence in residential, commercial, agricultural, and industrial environments. It helps control overpopulation, prevent property damage, and reduce health risks associated with droppings and nesting. The most effective bird [&hellip;]<\/p>\n","protected":false},"featured_media":26405,"comment_status":"open","ping_status":"closed","template":"","meta":{"_uag_custom_page_level_css":"","site-sidebar-layout":"default","site-content-layout":"","ast-site-content-layout":"default","site-content-style":"default","site-sidebar-style":"default","ast-global-header-display":"","ast-banner-title-visibility":"","ast-main-header-display":"","ast-hfb-above-header-display":"","ast-hfb-below-header-display":"","ast-hfb-mobile-header-display":"","site-post-title":"","ast-breadcrumbs-content":"","ast-featured-img":"","footer-sml-layout":"","ast-disable-related-posts":"","theme-transparent-header-meta":"default","adv-header-id-meta":"","stick-header-meta":"","header-above-stick-meta":"","header-main-stick-meta":"","header-below-stick-meta":"","astra-migrate-meta-layouts":"set","ast-page-background-enabled":"default","ast-page-background-meta":{"desktop":{"background-color":"var(--ast-global-color-4)","background-image":"","background-repeat":"repeat","background-position":"center center","background-size":"auto","background-attachment":"scroll","background-type":"","background-media":"","overlay-type":"","overlay-color":"","overlay-opacity":"","overlay-gradient":""},"tablet":{"background-color":"","background-image":"","background-repeat":"repeat","background-position":"center center","background-size":"auto","background-attachment":"scroll","background-type":"","background-media":"","overlay-type":"","overlay-color":"","overlay-opacity":"","overlay-gradient":""},"mobile":{"background-color":"","background-image":"","background-repeat":"repeat","background-position":"center center","background-size":"auto","background-attachment":"scroll","background-type":"","background-media":"","overlay-type":"","overlay-color":"","overlay-opacity":"","overlay-gradient":""}},"ast-content-background-meta":{"desktop":{"background-color":"var(--ast-global-color-5)","background-image":"","background-repeat":"repeat","background-position":"center center","background-size":"auto","background-attachment":"scroll","background-type":"","background-media":"","overlay-type":"","overlay-color":"","overlay-opacity":"","overlay-gradient":""},"tablet":{"background-color":"var(--ast-global-color-5)","background-image":"","background-repeat":"repeat","background-position":"center center","background-size":"auto","background-attachment":"scroll","background-type":"","background-media":"","overlay-type":"","overlay-color":"","overlay-opacity":"","overlay-gradient":""},"mobile":{"background-color":"var(--ast-global-color-5)","background-image":"","background-repeat":"repeat","background-position":"center center","background-size":"auto","background-attachment":"scroll","background-type":"","background-media":"","overlay-type":"","overlay-color":"","overlay-opacity":"","overlay-gradient":""}}},"product_brand":[],"product_cat":[174],"product_tag":[],"class_list":{"0":"post-22952","1":"product","2":"type-product","3":"status-publish","4":"has-post-thumbnail","6":"product_cat-pest-control","7":"desktop-align-left","8":"tablet-align-left","9":"mobile-align-left","11":"first","12":"instock","13":"taxable","14":"shipping-taxable","15":"purchasable","16":"product-type-simple"},"spectra_custom_meta":{"_visibility":["visible"],"_shopify_product_id":["8032617890018"],"_s2w_shopify_domain":["bedbugknocker.myshopify.com"],"_shopify_variant_id":["43849034399970"],"_sku":["BBKBIRDKILLER"],"_regular_price":["29.90"],"_price":["29.90"],"_sale_price":[""],"_weight":["0.2"],"_thumbnail_id":["26405"],"_global_unique_id":["5056773800229"],"total_sales":["69"],"_tax_status":["taxable"],"_tax_class":[""],"_manage_stock":["no"],"_backorders":["no"],"_sold_individually":["no"],"_virtual":["no"],"_downloadable":["no"],"_download_limit":["-1"],"_download_expiry":["-1"],"_stock":[null],"_stock_status":["instock"],"_wc_average_rating":["4.79"],"_wc_review_count":["73"],"_product_version":["10.5.2"],"_edit_lock":["1771525682:1"],"_edit_last":["1"],"_wp_page_template":["default"],"_woocs_price_geo_countries":[""],"_woocs_regular_price_geo":[""],"_woocs_sale_price_geo":[""],"site-sidebar-layout":["default"],"ast-site-content-layout":["default"],"site-content-style":["default"],"site-sidebar-style":["default"],"theme-transparent-header-meta":["default"],"_wc_rating_count":["a:3:{i:3;i:4;i:4;i:7;i:5;i:62;}"],"merchant-center-id":["PAOP"],"merchant-center-category":["7137"],"merchant-center-availability":["yes"],"astra-migrate-meta-layouts":["set"],"_uag_css_file_name":["uag-css-22952.css"],"_elementor_page_assets":["a:0:{}"]},"uagb_featured_image_src":{"full":["https:\/\/www.bedbugknocker.com\/wp-content\/uploads\/2025\/05\/Bird-and-Pigeon-Trap.png",2560,2560,false],"thumbnail":["https:\/\/www.bedbugknocker.com\/wp-content\/uploads\/2025\/05\/Bird-and-Pigeon-Trap-150x150.png",150,150,true],"medium":["https:\/\/www.bedbugknocker.com\/wp-content\/uploads\/2025\/05\/Bird-and-Pigeon-Trap-300x300.png",300,300,true],"medium_large":["https:\/\/www.bedbugknocker.com\/wp-content\/uploads\/2025\/05\/Bird-and-Pigeon-Trap-768x768.png",768,768,true],"large":["https:\/\/www.bedbugknocker.com\/wp-content\/uploads\/2025\/05\/Bird-and-Pigeon-Trap-1024x1024.png",1024,1024,true],"1536x1536":["https:\/\/www.bedbugknocker.com\/wp-content\/uploads\/2025\/05\/Bird-and-Pigeon-Trap-1536x1536.png",1536,1536,true],"2048x2048":["https:\/\/www.bedbugknocker.com\/wp-content\/uploads\/2025\/05\/Bird-and-Pigeon-Trap-2048x2048.png",2048,2048,true],"trp-custom-language-flag":["https:\/\/www.bedbugknocker.com\/wp-content\/uploads\/2025\/05\/Bird-and-Pigeon-Trap-12x12.png",12,12,true],"woocommerce_thumbnail":["https:\/\/www.bedbugknocker.com\/wp-content\/uploads\/2025\/05\/Bird-and-Pigeon-Trap-300x300.png",300,300,true],"woocommerce_single":["https:\/\/www.bedbugknocker.com\/wp-content\/uploads\/2025\/05\/Bird-and-Pigeon-Trap-600x600.png",600,600,true],"woocommerce_gallery_thumbnail":["https:\/\/www.bedbugknocker.com\/wp-content\/uploads\/2025\/05\/Bird-and-Pigeon-Trap-100x100.png",100,100,true]},"uagb_author_info":{"display_name":"admin","author_link":"https:\/\/www.bedbugknocker.com\/fi\/author\/"},"uagb_comment_info":73,"uagb_excerpt":"Capture birds and pigeons efficiently with a professional and reliable trapping solution. Our bird and pigeon trap is specially designed to safely and effectively manage unwanted bird presence in residential, commercial, agricultural, and industrial environments. It helps control overpopulation, prevent property damage, and reduce health risks associated with droppings and nesting. The most effective bird&hellip;","_links":{"self":[{"href":"https:\/\/www.bedbugknocker.com\/fi\/wp-json\/wp\/v2\/product\/22952","targetHints":{"allow":["GET"]}}],"collection":[{"href":"https:\/\/www.bedbugknocker.com\/fi\/wp-json\/wp\/v2\/product"}],"about":[{"href":"https:\/\/www.bedbugknocker.com\/fi\/wp-json\/wp\/v2\/types\/product"}],"replies":[{"embeddable":true,"href":"https:\/\/www.bedbugknocker.com\/fi\/wp-json\/wp\/v2\/comments?post=22952"}],"version-history":[{"count":6,"href":"https:\/\/www.bedbugknocker.com\/fi\/wp-json\/wp\/v2\/product\/22952\/revisions"}],"predecessor-version":[{"id":27306,"href":"https:\/\/www.bedbugknocker.com\/fi\/wp-json\/wp\/v2\/product\/22952\/revisions\/27306"}],"wp:featuredmedia":[{"embeddable":true,"href":"https:\/\/www.bedbugknocker.com\/fi\/wp-json\/wp\/v2\/media\/26405"}],"wp:attachment":[{"href":"https:\/\/www.bedbugknocker.com\/fi\/wp-json\/wp\/v2\/media?parent=22952"}],"wp:term":[{"taxonomy":"product_brand","embeddable":true,"href":"https:\/\/www.bedbugknocker.com\/fi\/wp-json\/wp\/v2\/product_brand?post=22952"},{"taxonomy":"product_cat","embeddable":true,"href":"https:\/\/www.bedbugknocker.com\/fi\/wp-json\/wp\/v2\/product_cat?post=22952"},{"taxonomy":"product_tag","embeddable":true,"href":"https:\/\/www.bedbugknocker.com\/fi\/wp-json\/wp\/v2\/product_tag?post=22952"}],"curies":[{"name":"wp","href":"https:\/\/api.w.org\/{rel}","templated":true}]}}