{"id":22948,"date":"2025-05-26T16:13:18","date_gmt":"2025-05-26T14:13:18","guid":{"rendered":"https:\/\/www.bedbugknocker.com\/products\/bed-bug-treatment\/"},"modified":"2026-02-22T16:15:41","modified_gmt":"2026-02-22T15:15:41","slug":"bed-bug-treatment","status":"publish","type":"product","link":"https:\/\/www.bedbugknocker.com\/fi\/products\/bed-bug-treatment\/","title":{"rendered":"Luteiden torjunta"},"content":{"rendered":"<p><strong><img decoding=\"async\" style=\"margin-right: 12px;\" src=\"https:\/\/www.bedbugknocker.com\/wp-content\/uploads\/2026\/02\/Check.svg\" alt=\"\" width=\"18\" height=\"15\" \/>Poistaa s\u00e4ngynaluset nopeasti ja pysyv\u00e4sti ammattilaistason suorituskyvyll\u00e4.<\/strong> S\u00e4ngynalusruiskutuksemme on erityisesti suunniteltu kohdistumaan s\u00e4ngynalusiin niiden elinkaaren jokaisessa vaiheessa, mukaan lukien munat, toukat ja aikuiset hy\u00f6nteiset, varmistaen t\u00e4ydellisen h\u00e4vitt\u00e4misen ja est\u00e4m\u00e4ll\u00e4 uudelleen tartunnan. Se tunkeutuu halkeamiin, saumoihin ja piilopaikkoihin, joissa luteet yleens\u00e4 piileskelev\u00e4t, ja tuottaa luotettavia ja pitk\u00e4aikaisia tuloksia.<\/p>\n<p><strong><img decoding=\"async\" style=\"margin-right: 12px;\" src=\"https:\/\/www.bedbugknocker.com\/wp-content\/uploads\/2026\/02\/Check.svg\" alt=\"\" width=\"18\" height=\"15\" \/>Tehokkain markkinoilla saatavilla oleva s\u00e4ngynalusl\u00e4\u00e4kitys.<\/strong> Kehittyneiden aktiivisten ainesosiensa ja tehokkaan koostumuksensa ansiosta suihke toimii nopeammin ja perusteellisemmin kuin tavalliset reseptivapaat vaihtoehdot. Se hy\u00f6kk\u00e4\u00e4 luteiden hermostoon kosketuksesta ja tarjoaa samalla j\u00e4\u00e4nn\u00f6ssuojan, joka jatkaa uusien tuholaisten poistamista.<\/p>\n<p><strong><img decoding=\"async\" style=\"margin-right: 12px;\" src=\"https:\/\/www.bedbugknocker.com\/wp-content\/uploads\/2026\/02\/Check.svg\" alt=\"\" width=\"18\" height=\"15\" \/>Tarjoamme edullisimman ammattilaisratkaisun laadusta tinkim\u00e4tt\u00e4.<\/strong> Meid\u00e4n bed bug spray yhdist\u00e4\u00e4 ensiluokkaisen tehokkuuden ja ly\u00f6m\u00e4tt\u00f6m\u00e4n hinnoittelun, mik\u00e4 tekee siit\u00e4 edullisimman vaihtoehdon tartuntojen hoitoon kotona, hotelleissa, huoneistoissa tai kaupallisissa kiinteist\u00f6iss\u00e4. Saat maksimaalisen vastineen rahoillesi jokaisella litralla.<\/p>\n<p><strong><img decoding=\"async\" style=\"margin-right: 12px;\" src=\"https:\/\/www.bedbugknocker.com\/wp-content\/uploads\/2026\/02\/Check.svg\" alt=\"\" width=\"18\" height=\"15\" \/>100% rahat takaisin -takuu t\u00e4ydellist\u00e4 luottamusta varten.<\/strong> Seisomme tiukasti tuotteemme suorituskyvyn takana. Jos et ole t\u00e4ysin tyytyv\u00e4inen tuloksiin, palautamme sinulle rahat, ei monimutkaisia ehtoja, ei piilotettuja lausekkeita. Tyytyv\u00e4isyytesi on t\u00e4ysin taattu.<\/p>\n<p><strong><img decoding=\"async\" style=\"margin-right: 12px;\" src=\"https:\/\/www.bedbugknocker.com\/wp-content\/uploads\/2026\/02\/Check.svg\" alt=\"\" width=\"18\" height=\"15\" \/>Nopea 24 tunnin toimitus, jotta voit toimia v\u00e4litt\u00f6m\u00e4sti.<\/strong> Bed bug-tartunnat vaativat kiireellisi\u00e4 toimia. Siksi tarjoamme aina 24 tunnin toimituksen, jotta voit aloittaa hoidon mahdollisimman pian ja est\u00e4\u00e4 ongelman levi\u00e4misen.<\/p>\n<p><strong><img decoding=\"async\" style=\"margin-right: 12px;\" src=\"https:\/\/www.bedbugknocker.com\/wp-content\/uploads\/2026\/02\/Check.svg\" alt=\"\" width=\"18\" height=\"15\" \/>Suuri peittoalue, jopa 20 m\u00b2 litraa kohti, mik\u00e4 mahdollistaa kustannustehokkaan k\u00e4sittelyn.<\/strong> Yksi litra lutikkasuihkettamme tehoaa jopa 20 neli\u00f6metriin, mik\u00e4 takaa tehokkaan peitt\u00e4vyyden makuuhuoneissa, patjoissa, s\u00e4ngynrungoissa, matoissa ja huonekaluissa. T\u00e4m\u00e4 runsas kattavuus tekee siit\u00e4 k\u00e4yt\u00e4nn\u00f6llisen sek\u00e4 pienille ett\u00e4 suurille alueille.<\/p>\n<p><strong><img decoding=\"async\" style=\"margin-right: 12px;\" src=\"https:\/\/www.bedbugknocker.com\/wp-content\/uploads\/2026\/02\/Check.svg\" alt=\"\" width=\"18\" height=\"15\" \/>Tarjoaa pitk\u00e4kestoisen j\u00e4\u00e4nn\u00f6ssuojan.<\/strong> Sen lis\u00e4ksi, ett\u00e4 kaava tappaa luteet kosketuksesta, se j\u00e4tt\u00e4\u00e4 k\u00e4sitellyille pinnoille suojaavan esteen, joka jatkaa toimintaansa p\u00e4ivien ajan v\u00e4hent\u00e4en uudelleen tartunnan riski\u00e4 ja tarjoten mielenrauhaa.<\/p>\n<p><strong><img decoding=\"async\" style=\"margin-right: 12px;\" src=\"https:\/\/www.bedbugknocker.com\/wp-content\/uploads\/2026\/02\/Check.svg\" alt=\"\" width=\"18\" height=\"15\" \/>Turvallinen sis\u00e4k\u00e4ytt\u00f6\u00f6n oikein k\u00e4ytettyn\u00e4.<\/strong> Asuin- ja liiketiloihin suunniteltua suihketta voidaan k\u00e4ytt\u00e4\u00e4 makuuhuoneissa, asuintiloissa ja vieraanvaraisissa tiloissa, kun sit\u00e4 k\u00e4ytet\u00e4\u00e4n ohjeiden mukaisesti. Se kuivuu nopeasti eik\u00e4 j\u00e4t\u00e4 voimakkaita viipyvi\u00e4 hajuja.<\/p>\n<p><strong><img decoding=\"async\" style=\"margin-right: 12px;\" src=\"https:\/\/www.bedbugknocker.com\/wp-content\/uploads\/2026\/02\/Check.svg\" alt=\"\" width=\"18\" height=\"15\" \/>Helppo sovellus kodinomistajille ja ammattilaisille.<\/strong> K\u00e4ytt\u00f6valmis nestem\u00e4inen koostumus mahdollistaa suoran ruiskutuksen ilman monimutkaisia laitteita. Olitpa sitten tuholaistorjunnan ammattilainen tai yksityishenkil\u00f6, voit saavuttaa luotettavia tuloksia pienell\u00e4 vaivalla.<\/p>\n<p><strong><img decoding=\"async\" style=\"margin-right: 12px;\" src=\"https:\/\/www.bedbugknocker.com\/wp-content\/uploads\/2026\/02\/Check.svg\" alt=\"\" width=\"18\" height=\"15\" \/>Auttaa palauttamaan mukavuuden ja hygienian asuintiloihin.<\/strong> Lutikat aiheuttavat ep\u00e4mukavuutta, stressi\u00e4 ja unettomia \u00f6it\u00e4. Poistamalla tartunnat tehokkaasti ja nopeasti suihkeemme auttaa sinua saamaan takaisin puhtaan, turvallisen ja viihtyis\u00e4n ymp\u00e4rist\u00f6n sinulle ja perheellesi tai vieraillesi.<\/p>\n<h2><strong>Ohjeet<\/strong><\/h2>\n<ul>\n<li>Tarkasta saastunut alue huolellisesti ennen k\u00e4sittely\u00e4. Tunnista yleiset piilopaikat, kuten patjojen saumat, s\u00e4ngynrungot, s\u00e4ngynp\u00e4\u00e4dyt, seinien halkeamat, jalkalistat, matot ja pehmustetut huonekalut.<\/li>\n<li>Ravista s\u00e4ili\u00f6t\u00e4 hyvin ennen k\u00e4ytt\u00f6\u00e4, jotta aktiiviset ainesosat sekoittuvat kunnolla.<\/li>\n<li>Suositeltu annostus on 1 litra enint\u00e4\u00e4n 20 m\u00b2:n pinta-alalle. S\u00e4\u00e4d\u00e4 m\u00e4\u00e4r\u00e4 tartunnan tason ja k\u00e4siteltyjen pintojen huokoisuuden mukaan.<\/li>\n<li>Suihkuta tasaisesti tartunnan saaneille alueille keskittyen erityisesti saumoihin, niveliin, taitteisiin ja rakoihin, joissa s\u00e4ngynaluset piileskelev\u00e4t. Levit\u00e4 kevyesti mutta perusteellisesti limitt\u00e4m\u00e4tt\u00e4 pintoja liikaa.<\/li>\n<li>Suihkuta kevyesti patjoihin vain saumoja ja reunoja pitkin. \u00c4l\u00e4 liota patjaa. Anna patjan kuivua kokonaan ennen peitt\u00e4mist\u00e4 vuodevaatteilla.<\/li>\n<li>K\u00e4sittele ymp\u00e4r\u00f6iv\u00e4t alueet, kuten s\u00e4ngynrungot, l\u00e4hell\u00e4 olevat huonekalut, sokkelit ja lattian halkeamat, jotta est\u00e4t kulkeutumisen ja uudelleen tarttumisen.<\/li>\n<li>J\u00e4t\u00e4 k\u00e4sitelty alue rauhaan, kunnes se on t\u00e4ysin kuiva. Huolehdi hyv\u00e4st\u00e4 ilmanvaihdosta levityksen aikana ja sen j\u00e4lkeen.<\/li>\n<li>V\u00e4lt\u00e4 suoraa kosketusta ihon ja silmien kanssa levityksen aikana. Pese k\u00e4det huolellisesti k\u00e4yt\u00f6n j\u00e4lkeen.<\/li>\n<li>Jos tartunta on vakava, toista k\u00e4sittely 7-14 p\u00e4iv\u00e4n kuluttua, jotta kaikki vastakuoriutuneet s\u00e4ngynaluset saadaan h\u00e4vitetty\u00e4.<\/li>\n<li>S\u00e4ilyt\u00e4 tuote viile\u00e4ss\u00e4 ja kuivassa paikassa, jossa ei ole suoraa auringonvaloa. Pid\u00e4 poissa lasten ja lemmikkiel\u00e4inten ulottuvilta.<\/li>\n<\/ul>","protected":false},"excerpt":{"rendered":"<p>Eliminates bed bugs quickly and permanently with professional-grade performance. Our bed bug spray treatment is specially formulated to target bed bugs at every stage of their life cycle, including eggs, larvae, and adult insects, ensuring complete eradication and preventing reinfestation. It penetrates cracks, seams, and hidden areas where bed bugs typically hide, delivering reliable and [&hellip;]<\/p>\n","protected":false},"featured_media":22959,"comment_status":"open","ping_status":"closed","template":"","meta":{"_uag_custom_page_level_css":"","site-sidebar-layout":"default","site-content-layout":"","ast-site-content-layout":"default","site-content-style":"default","site-sidebar-style":"default","ast-global-header-display":"","ast-banner-title-visibility":"","ast-main-header-display":"","ast-hfb-above-header-display":"","ast-hfb-below-header-display":"","ast-hfb-mobile-header-display":"","site-post-title":"","ast-breadcrumbs-content":"","ast-featured-img":"","footer-sml-layout":"","ast-disable-related-posts":"","theme-transparent-header-meta":"default","adv-header-id-meta":"","stick-header-meta":"","header-above-stick-meta":"","header-main-stick-meta":"","header-below-stick-meta":"","astra-migrate-meta-layouts":"set","ast-page-background-enabled":"default","ast-page-background-meta":{"desktop":{"background-color":"var(--ast-global-color-4)","background-image":"","background-repeat":"repeat","background-position":"center center","background-size":"auto","background-attachment":"scroll","background-type":"","background-media":"","overlay-type":"","overlay-color":"","overlay-opacity":"","overlay-gradient":""},"tablet":{"background-color":"","background-image":"","background-repeat":"repeat","background-position":"center center","background-size":"auto","background-attachment":"scroll","background-type":"","background-media":"","overlay-type":"","overlay-color":"","overlay-opacity":"","overlay-gradient":""},"mobile":{"background-color":"","background-image":"","background-repeat":"repeat","background-position":"center center","background-size":"auto","background-attachment":"scroll","background-type":"","background-media":"","overlay-type":"","overlay-color":"","overlay-opacity":"","overlay-gradient":""}},"ast-content-background-meta":{"desktop":{"background-color":"var(--ast-global-color-5)","background-image":"","background-repeat":"repeat","background-position":"center center","background-size":"auto","background-attachment":"scroll","background-type":"","background-media":"","overlay-type":"","overlay-color":"","overlay-opacity":"","overlay-gradient":""},"tablet":{"background-color":"var(--ast-global-color-5)","background-image":"","background-repeat":"repeat","background-position":"center center","background-size":"auto","background-attachment":"scroll","background-type":"","background-media":"","overlay-type":"","overlay-color":"","overlay-opacity":"","overlay-gradient":""},"mobile":{"background-color":"var(--ast-global-color-5)","background-image":"","background-repeat":"repeat","background-position":"center center","background-size":"auto","background-attachment":"scroll","background-type":"","background-media":"","overlay-type":"","overlay-color":"","overlay-opacity":"","overlay-gradient":""}}},"product_brand":[],"product_cat":[174],"product_tag":[],"class_list":{"0":"post-22948","1":"product","2":"type-product","3":"status-publish","4":"has-post-thumbnail","6":"product_cat-pest-control","7":"desktop-align-left","8":"tablet-align-left","9":"mobile-align-left","11":"first","12":"instock","13":"sale","14":"taxable","15":"shipping-taxable","16":"purchasable","17":"product-type-variable","18":"has-default-attributes"},"spectra_custom_meta":{"_visibility":["visible"],"_shopify_product_id":["5600617201820"],"_s2w_shopify_domain":["bedbugknocker.myshopify.com"],"_shopify_variant_id":["35907545301148"],"_manage_stock":["no"],"total_sales":["1337"],"_tax_status":["taxable"],"_tax_class":[""],"_backorders":["no"],"_sold_individually":["no"],"_virtual":["no"],"_downloadable":["no"],"_download_limit":["-1"],"_download_expiry":["-1"],"_stock":[null],"_stock_status":["instock"],"_wc_average_rating":["4.54"],"_wc_review_count":["201"],"_product_attributes":["a:1:{s:6:\"volume\";a:6:{s:4:\"name\";s:6:\"Volume\";s:5:\"value\";s:30:\"1 liter | 5 liters | 25 liters\";s:8:\"position\";i:1;s:10:\"is_visible\";i:0;s:12:\"is_variation\";i:1;s:11:\"is_taxonomy\";i:0;}}"],"_product_version":["10.5.2"],"_product_image_gallery":["22960,22961"],"_edit_lock":["1771776538:1"],"_edit_last":["1"],"_wp_page_template":["default"],"site-sidebar-layout":["default"],"ast-site-content-layout":["default"],"site-content-style":["default"],"site-sidebar-style":["default"],"theme-transparent-header-meta":["default"],"_wc_rating_count":["a:3:{i:3;i:31;i:4;i:31;i:5;i:139;}"],"_woocs_price_geo_countries":[""],"_woocs_regular_price_geo":[""],"_woocs_sale_price_geo":[""],"merchant-center-id":["BBK"],"merchant-center-availability":["yes"],"merchant-center-category":["512"],"_thumbnail_id":["22959"],"astra-migrate-meta-layouts":["set"],"_uag_css_file_name":["uag-css-22948.css"],"_default_attributes":["a:1:{s:6:\"volume\";s:7:\"1 liter\";}"],"_price":["29.90","129.90","499.90"],"_elementor_page_assets":["a:0:{}"]},"uagb_featured_image_src":{"full":["https:\/\/www.bedbugknocker.com\/wp-content\/uploads\/2025\/05\/Traitement_varroa_1L_eb7e67ea-2ad8-4bdf-b0b1-98916e1f1ce5.jpg",2560,2560,false],"thumbnail":["https:\/\/www.bedbugknocker.com\/wp-content\/uploads\/2025\/05\/Traitement_varroa_1L_eb7e67ea-2ad8-4bdf-b0b1-98916e1f1ce5-150x150.jpg",150,150,true],"medium":["https:\/\/www.bedbugknocker.com\/wp-content\/uploads\/2025\/05\/Traitement_varroa_1L_eb7e67ea-2ad8-4bdf-b0b1-98916e1f1ce5-300x300.jpg",300,300,true],"medium_large":["https:\/\/www.bedbugknocker.com\/wp-content\/uploads\/2025\/05\/Traitement_varroa_1L_eb7e67ea-2ad8-4bdf-b0b1-98916e1f1ce5-768x768.jpg",768,768,true],"large":["https:\/\/www.bedbugknocker.com\/wp-content\/uploads\/2025\/05\/Traitement_varroa_1L_eb7e67ea-2ad8-4bdf-b0b1-98916e1f1ce5-1024x1024.jpg",1024,1024,true],"1536x1536":["https:\/\/www.bedbugknocker.com\/wp-content\/uploads\/2025\/05\/Traitement_varroa_1L_eb7e67ea-2ad8-4bdf-b0b1-98916e1f1ce5-1536x1536.jpg",1536,1536,true],"2048x2048":["https:\/\/www.bedbugknocker.com\/wp-content\/uploads\/2025\/05\/Traitement_varroa_1L_eb7e67ea-2ad8-4bdf-b0b1-98916e1f1ce5-2048x2048.jpg",2048,2048,true],"trp-custom-language-flag":["https:\/\/www.bedbugknocker.com\/wp-content\/uploads\/2025\/05\/Traitement_varroa_1L_eb7e67ea-2ad8-4bdf-b0b1-98916e1f1ce5-12x12.jpg",12,12,true],"woocommerce_thumbnail":["https:\/\/www.bedbugknocker.com\/wp-content\/uploads\/2025\/05\/Traitement_varroa_1L_eb7e67ea-2ad8-4bdf-b0b1-98916e1f1ce5-300x300.jpg",300,300,true],"woocommerce_single":["https:\/\/www.bedbugknocker.com\/wp-content\/uploads\/2025\/05\/Traitement_varroa_1L_eb7e67ea-2ad8-4bdf-b0b1-98916e1f1ce5-600x600.jpg",600,600,true],"woocommerce_gallery_thumbnail":["https:\/\/www.bedbugknocker.com\/wp-content\/uploads\/2025\/05\/Traitement_varroa_1L_eb7e67ea-2ad8-4bdf-b0b1-98916e1f1ce5-100x100.jpg",100,100,true]},"uagb_author_info":{"display_name":"admin","author_link":"https:\/\/www.bedbugknocker.com\/fi\/author\/"},"uagb_comment_info":201,"uagb_excerpt":"Eliminates bed bugs quickly and permanently with professional-grade performance. Our bed bug spray treatment is specially formulated to target bed bugs at every stage of their life cycle, including eggs, larvae, and adult insects, ensuring complete eradication and preventing reinfestation. It penetrates cracks, seams, and hidden areas where bed bugs typically hide, delivering reliable and&hellip;","_links":{"self":[{"href":"https:\/\/www.bedbugknocker.com\/fi\/wp-json\/wp\/v2\/product\/22948","targetHints":{"allow":["GET"]}}],"collection":[{"href":"https:\/\/www.bedbugknocker.com\/fi\/wp-json\/wp\/v2\/product"}],"about":[{"href":"https:\/\/www.bedbugknocker.com\/fi\/wp-json\/wp\/v2\/types\/product"}],"replies":[{"embeddable":true,"href":"https:\/\/www.bedbugknocker.com\/fi\/wp-json\/wp\/v2\/comments?post=22948"}],"version-history":[{"count":14,"href":"https:\/\/www.bedbugknocker.com\/fi\/wp-json\/wp\/v2\/product\/22948\/revisions"}],"predecessor-version":[{"id":27299,"href":"https:\/\/www.bedbugknocker.com\/fi\/wp-json\/wp\/v2\/product\/22948\/revisions\/27299"}],"wp:featuredmedia":[{"embeddable":true,"href":"https:\/\/www.bedbugknocker.com\/fi\/wp-json\/wp\/v2\/media\/22959"}],"wp:attachment":[{"href":"https:\/\/www.bedbugknocker.com\/fi\/wp-json\/wp\/v2\/media?parent=22948"}],"wp:term":[{"taxonomy":"product_brand","embeddable":true,"href":"https:\/\/www.bedbugknocker.com\/fi\/wp-json\/wp\/v2\/product_brand?post=22948"},{"taxonomy":"product_cat","embeddable":true,"href":"https:\/\/www.bedbugknocker.com\/fi\/wp-json\/wp\/v2\/product_cat?post=22948"},{"taxonomy":"product_tag","embeddable":true,"href":"https:\/\/www.bedbugknocker.com\/fi\/wp-json\/wp\/v2\/product_tag?post=22948"}],"curies":[{"name":"wp","href":"https:\/\/api.w.org\/{rel}","templated":true}]}}