{"id":22958,"date":"2025-05-26T16:13:26","date_gmt":"2025-05-26T14:13:26","guid":{"rendered":"https:\/\/www.bedbugknocker.com\/products\/weasel-killer-500-baits\/"},"modified":"2026-02-19T19:26:09","modified_gmt":"2026-02-19T18:26:09","slug":"weasel-killer-500-baits","status":"publish","type":"product","link":"https:\/\/www.bedbugknocker.com\/es\/products\/weasel-killer-500-baits\/","title":{"rendered":"Trampa para comadreja"},"content":{"rendered":"<p><strong><img decoding=\"async\" style=\"margin-right: 12px;\" src=\"https:\/\/www.bedbugknocker.com\/wp-content\/uploads\/2026\/02\/Check.svg\" alt=\"\" width=\"18\" height=\"15\" \/>Capture comadrejas de forma r\u00e1pida y humanitaria con una trampa fiable y de alto rendimiento.<\/strong> Nuestra trampa para comadrejas est\u00e1 dise\u00f1ada espec\u00edficamente para capturar comadrejas de forma eficaz sin causarles sufrimientos innecesarios, lo que la convierte en una soluci\u00f3n responsable y eficaz para proteger sus propiedades, aves de corral y peque\u00f1os animales de los da\u00f1os y la depredaci\u00f3n.<\/p>\n<p><strong><img decoding=\"async\" style=\"margin-right: 12px;\" src=\"https:\/\/www.bedbugknocker.com\/wp-content\/uploads\/2026\/02\/Check.svg\" alt=\"\" width=\"18\" height=\"15\" \/>La trampa para comadrejas m\u00e1s eficaz del mercado.<\/strong> Dise\u00f1ada con tecnolog\u00eda de disparo de precisi\u00f3n y un mecanismo de bloqueo seguro, esta trampa garantiza un alto \u00edndice de captura al tiempo que minimiza los falsos disparos. Su dise\u00f1o sensible pero estable le permite responder al instante cuando entra una comadreja, proporcionando resultados consistentes y fiables.<\/p>\n<p><strong><img decoding=\"async\" style=\"margin-right: 12px;\" src=\"https:\/\/www.bedbugknocker.com\/wp-content\/uploads\/2026\/02\/Check.svg\" alt=\"\" width=\"18\" height=\"15\" \/>Ofrecemos la trampa para comadrejas de calidad profesional m\u00e1s barata del mercado.<\/strong> Nuestros precios competitivos le garantizan un rendimiento de primera calidad al menor coste posible. No tiene que pagar de m\u00e1s por un control eficaz de la fauna salvaje, nuestra trampa combina durabilidad, eficacia y asequibilidad en una sola soluci\u00f3n.<\/p>\n<p><strong><img decoding=\"async\" style=\"margin-right: 12px;\" src=\"https:\/\/www.bedbugknocker.com\/wp-content\/uploads\/2026\/02\/Check.svg\" alt=\"\" width=\"18\" height=\"15\" \/>100% garant\u00eda de devoluci\u00f3n del dinero para una total confianza.<\/strong> Confiamos plenamente en la eficacia y calidad de construcci\u00f3n de nuestra trampa para comadrejas. Si no est\u00e1 satisfecho con su rendimiento, le devolveremos el importe de su compra, sin procedimientos complicados ni condiciones ocultas.<\/p>\n<p><strong><img decoding=\"async\" style=\"margin-right: 12px;\" src=\"https:\/\/www.bedbugknocker.com\/wp-content\/uploads\/2026\/02\/Check.svg\" alt=\"\" width=\"18\" height=\"15\" \/>Entrega r\u00e1pida en 24 horas para que pueda proteger su propiedad de inmediato.<\/strong> Entendemos que hacer frente a las comadrejas es urgente, especialmente cuando el ganado o las aves de corral est\u00e1n en peligro. Por eso siempre ofrecemos entrega en 24 horas, lo que garantiza que pueda actuar sin demora.<\/p>\n<p><strong><img decoding=\"async\" style=\"margin-right: 12px;\" src=\"https:\/\/www.bedbugknocker.com\/wp-content\/uploads\/2026\/02\/Check.svg\" alt=\"\" width=\"18\" height=\"15\" \/>Construcci\u00f3n duradera y resistente a la intemperie para un uso prolongado.<\/strong> Construida con materiales fuertes y resistentes a la corrosi\u00f3n, nuestra trampa para comadrejas soporta condiciones exteriores como la lluvia, el fr\u00edo y la humedad. Est\u00e1 dise\u00f1ada para un uso repetido temporada tras temporada sin perder eficacia.<\/p>\n<p><strong><img decoding=\"async\" style=\"margin-right: 12px;\" src=\"https:\/\/www.bedbugknocker.com\/wp-content\/uploads\/2026\/02\/Check.svg\" alt=\"\" width=\"18\" height=\"15\" \/>Dise\u00f1o seguro para reducir el riesgo para los animales no objetivo.<\/strong> La trampa est\u00e1 dise\u00f1ada para capturar espec\u00edficamente comadrejas en funci\u00f3n de su tama\u00f1o y comportamiento, lo que ayuda a reducir las capturas accidentales de animales m\u00e1s grandes cuando se coloca correctamente y se utiliza siguiendo las instrucciones.<\/p>\n<p><strong><img decoding=\"async\" style=\"margin-right: 12px;\" src=\"https:\/\/www.bedbugknocker.com\/wp-content\/uploads\/2026\/02\/Check.svg\" alt=\"\" width=\"18\" height=\"15\" \/>F\u00e1cil de configurar y sencillo de controlar.<\/strong> El mecanismo intuitivo permite una r\u00e1pida instalaci\u00f3n sin herramientas especializadas ni formaci\u00f3n. Un sistema de cierre seguro garantiza que la trampa permanezca cerrada una vez activada, evitando que se escape.<\/p>\n<p><strong><img decoding=\"async\" style=\"margin-right: 12px;\" src=\"https:\/\/www.bedbugknocker.com\/wp-content\/uploads\/2026\/02\/Check.svg\" alt=\"\" width=\"18\" height=\"15\" \/>Opciones de colocaci\u00f3n vers\u00e1tiles para distintos entornos.<\/strong> Adecuada para granjas, graneros, gallineros, jardines, cobertizos y propiedades rurales, esta trampa se adapta a diversos entornos en los que se detecta actividad de comadrejas.<\/p>\n<p><strong><img decoding=\"async\" style=\"margin-right: 12px;\" src=\"https:\/\/www.bedbugknocker.com\/wp-content\/uploads\/2026\/02\/Check.svg\" alt=\"\" width=\"18\" height=\"15\" \/>Protege eficazmente su ganado, aves de corral y propiedades.<\/strong> Las comadrejas pueden causar graves da\u00f1os en poco tiempo. Al utilizar nuestra trampa altamente eficaz, proteger\u00e1 a sus animales, reducir\u00e1 las p\u00e9rdidas y mantendr\u00e1 la tranquilidad con una soluci\u00f3n fiable para el control de la fauna salvaje.<\/p>\n<h2><strong>Instrucciones<\/strong><\/h2>\n<ul>\n<li>Identificar las zonas con signos de actividad de comadrejas, como huellas, excrementos, nidos alterados o puntos de entrada cerca de gallineros, graneros o cobertizos.<\/li>\n<li>Coloque la trampa en una superficie plana y estable a lo largo de muros, vallas o caminos estrechos por donde las comadrejas transitan de forma natural.<\/li>\n<li>Cebe la trampa con carne fresca, restos de aves o pescado para atraer a la comadreja. Coloca bien el cebo dentro de la zona del gatillo.<\/li>\n<li>Ajuste cuidadosamente el mecanismo de disparo seg\u00fan las instrucciones incorporadas en la trampa. Aseg\u00farese de que la puerta o el sistema de captura est\u00e1n correctamente armados y estables.<\/li>\n<li>Para obtener los mejores resultados, utilice una trampa por zona activa. En zonas m\u00e1s grandes, pueden ser necesarias varias trampas para aumentar la eficacia.<\/li>\n<li>Compruebe la trampa al menos una o dos veces al d\u00eda para asegurarse de que se manipula a tiempo cualquier animal capturado y para volver a cebarla si es necesario.<\/li>\n<li>Utilice guantes al manipular la trampa para reducir el olor humano y mejorar el \u00e9xito de la captura.<\/li>\n<li>Tras la captura, siga la normativa local sobre animales salvajes en lo que respecta a su reubicaci\u00f3n o eliminaci\u00f3n. Cumpla siempre las leyes locales relativas al control de animales salvajes.<\/li>\n<li>Limpie bien el sif\u00f3n despu\u00e9s de cada uso con agua y un desinfectante suave para mantener la higiene y el rendimiento a largo plazo.<\/li>\n<li>Guarde la trampa en un lugar seco cuando no la utilice para preservar su durabilidad y fiabilidad mec\u00e1nica.<\/li>\n<\/ul>","protected":false},"excerpt":{"rendered":"<p>Capture weasels quickly and humanely with a reliable, high-performance trap. Our weasel trap is specifically designed to effectively capture weasels without causing unnecessary suffering, making it a responsible and efficient solution for protecting your property, poultry, and small animals from damage and predation. The most effective weasel trap on the market. Engineered with precision-trigger technology [&hellip;]<\/p>\n","protected":false},"featured_media":23237,"comment_status":"open","ping_status":"closed","template":"","meta":{"_uag_custom_page_level_css":"","site-sidebar-layout":"default","site-content-layout":"","ast-site-content-layout":"default","site-content-style":"default","site-sidebar-style":"default","ast-global-header-display":"","ast-banner-title-visibility":"","ast-main-header-display":"","ast-hfb-above-header-display":"","ast-hfb-below-header-display":"","ast-hfb-mobile-header-display":"","site-post-title":"","ast-breadcrumbs-content":"","ast-featured-img":"","footer-sml-layout":"","ast-disable-related-posts":"","theme-transparent-header-meta":"default","adv-header-id-meta":"","stick-header-meta":"","header-above-stick-meta":"","header-main-stick-meta":"","header-below-stick-meta":"","astra-migrate-meta-layouts":"set","ast-page-background-enabled":"default","ast-page-background-meta":{"desktop":{"background-color":"var(--ast-global-color-4)","background-image":"","background-repeat":"repeat","background-position":"center center","background-size":"auto","background-attachment":"scroll","background-type":"","background-media":"","overlay-type":"","overlay-color":"","overlay-opacity":"","overlay-gradient":""},"tablet":{"background-color":"","background-image":"","background-repeat":"repeat","background-position":"center center","background-size":"auto","background-attachment":"scroll","background-type":"","background-media":"","overlay-type":"","overlay-color":"","overlay-opacity":"","overlay-gradient":""},"mobile":{"background-color":"","background-image":"","background-repeat":"repeat","background-position":"center center","background-size":"auto","background-attachment":"scroll","background-type":"","background-media":"","overlay-type":"","overlay-color":"","overlay-opacity":"","overlay-gradient":""}},"ast-content-background-meta":{"desktop":{"background-color":"var(--ast-global-color-5)","background-image":"","background-repeat":"repeat","background-position":"center center","background-size":"auto","background-attachment":"scroll","background-type":"","background-media":"","overlay-type":"","overlay-color":"","overlay-opacity":"","overlay-gradient":""},"tablet":{"background-color":"var(--ast-global-color-5)","background-image":"","background-repeat":"repeat","background-position":"center center","background-size":"auto","background-attachment":"scroll","background-type":"","background-media":"","overlay-type":"","overlay-color":"","overlay-opacity":"","overlay-gradient":""},"mobile":{"background-color":"var(--ast-global-color-5)","background-image":"","background-repeat":"repeat","background-position":"center center","background-size":"auto","background-attachment":"scroll","background-type":"","background-media":"","overlay-type":"","overlay-color":"","overlay-opacity":"","overlay-gradient":""}}},"product_brand":[],"product_cat":[174],"product_tag":[],"class_list":{"0":"post-22958","1":"product","2":"type-product","3":"status-publish","4":"has-post-thumbnail","6":"product_cat-pest-control","7":"desktop-align-left","8":"tablet-align-left","9":"mobile-align-left","11":"first","12":"instock","13":"taxable","14":"shipping-taxable","15":"purchasable","16":"product-type-simple"},"spectra_custom_meta":{"_visibility":["visible"],"_shopify_product_id":["8032622346466"],"_s2w_shopify_domain":["bedbugknocker.myshopify.com"],"_shopify_variant_id":["43849040167138"],"_sku":["BBKWEASELKILLER"],"_regular_price":["29.90"],"_price":["29.90"],"_sale_price":[""],"_weight":["0.2"],"_thumbnail_id":["23237"],"_global_unique_id":["5056773800243"],"total_sales":["32"],"_tax_status":["taxable"],"_tax_class":[""],"_manage_stock":["no"],"_backorders":["no"],"_sold_individually":["no"],"_virtual":["no"],"_downloadable":["no"],"_download_limit":["-1"],"_download_expiry":["-1"],"_stock":[null],"_stock_status":["instock"],"_wc_average_rating":["4.91"],"_wc_review_count":["74"],"_product_version":["10.5.2"],"_edit_lock":["1771708304:1"],"_edit_last":["1"],"_wp_page_template":["default"],"_woocs_price_geo_countries":[""],"_woocs_regular_price_geo":[""],"_woocs_sale_price_geo":[""],"site-sidebar-layout":["default"],"ast-site-content-layout":["default"],"site-content-style":["default"],"site-sidebar-style":["default"],"theme-transparent-header-meta":["default"],"_wc_rating_count":["a:2:{i:4;i:7;i:5;i:67;}"],"merchant-center-availability":["yes"],"merchant-center-id":["PAF"],"merchant-center-category":["7137"],"astra-migrate-meta-layouts":["set"],"_uag_css_file_name":["uag-css-22958.css"],"_elementor_page_assets":["a:0:{}"]},"uagb_featured_image_src":{"full":["https:\/\/www.bedbugknocker.com\/wp-content\/uploads\/2025\/05\/WEASEL_TRAP.jpg",2560,2560,false],"thumbnail":["https:\/\/www.bedbugknocker.com\/wp-content\/uploads\/2025\/05\/WEASEL_TRAP-150x150.jpg",150,150,true],"medium":["https:\/\/www.bedbugknocker.com\/wp-content\/uploads\/2025\/05\/WEASEL_TRAP-300x300.jpg",300,300,true],"medium_large":["https:\/\/www.bedbugknocker.com\/wp-content\/uploads\/2025\/05\/WEASEL_TRAP-768x768.jpg",768,768,true],"large":["https:\/\/www.bedbugknocker.com\/wp-content\/uploads\/2025\/05\/WEASEL_TRAP-1024x1024.jpg",1024,1024,true],"1536x1536":["https:\/\/www.bedbugknocker.com\/wp-content\/uploads\/2025\/05\/WEASEL_TRAP-1536x1536.jpg",1536,1536,true],"2048x2048":["https:\/\/www.bedbugknocker.com\/wp-content\/uploads\/2025\/05\/WEASEL_TRAP-2048x2048.jpg",2048,2048,true],"trp-custom-language-flag":["https:\/\/www.bedbugknocker.com\/wp-content\/uploads\/2025\/05\/WEASEL_TRAP-12x12.jpg",12,12,true],"woocommerce_thumbnail":["https:\/\/www.bedbugknocker.com\/wp-content\/uploads\/2025\/05\/WEASEL_TRAP-300x300.jpg",300,300,true],"woocommerce_single":["https:\/\/www.bedbugknocker.com\/wp-content\/uploads\/2025\/05\/WEASEL_TRAP-600x600.jpg",600,600,true],"woocommerce_gallery_thumbnail":["https:\/\/www.bedbugknocker.com\/wp-content\/uploads\/2025\/05\/WEASEL_TRAP-100x100.jpg",100,100,true]},"uagb_author_info":{"display_name":"admin","author_link":"https:\/\/www.bedbugknocker.com\/es\/author\/"},"uagb_comment_info":74,"uagb_excerpt":"Capture weasels quickly and humanely with a reliable, high-performance trap. Our weasel trap is specifically designed to effectively capture weasels without causing unnecessary suffering, making it a responsible and efficient solution for protecting your property, poultry, and small animals from damage and predation. The most effective weasel trap on the market. Engineered with precision-trigger technology&hellip;","_links":{"self":[{"href":"https:\/\/www.bedbugknocker.com\/es\/wp-json\/wp\/v2\/product\/22958","targetHints":{"allow":["GET"]}}],"collection":[{"href":"https:\/\/www.bedbugknocker.com\/es\/wp-json\/wp\/v2\/product"}],"about":[{"href":"https:\/\/www.bedbugknocker.com\/es\/wp-json\/wp\/v2\/types\/product"}],"replies":[{"embeddable":true,"href":"https:\/\/www.bedbugknocker.com\/es\/wp-json\/wp\/v2\/comments?post=22958"}],"version-history":[{"count":4,"href":"https:\/\/www.bedbugknocker.com\/es\/wp-json\/wp\/v2\/product\/22958\/revisions"}],"predecessor-version":[{"id":27301,"href":"https:\/\/www.bedbugknocker.com\/es\/wp-json\/wp\/v2\/product\/22958\/revisions\/27301"}],"wp:featuredmedia":[{"embeddable":true,"href":"https:\/\/www.bedbugknocker.com\/es\/wp-json\/wp\/v2\/media\/23237"}],"wp:attachment":[{"href":"https:\/\/www.bedbugknocker.com\/es\/wp-json\/wp\/v2\/media?parent=22958"}],"wp:term":[{"taxonomy":"product_brand","embeddable":true,"href":"https:\/\/www.bedbugknocker.com\/es\/wp-json\/wp\/v2\/product_brand?post=22958"},{"taxonomy":"product_cat","embeddable":true,"href":"https:\/\/www.bedbugknocker.com\/es\/wp-json\/wp\/v2\/product_cat?post=22958"},{"taxonomy":"product_tag","embeddable":true,"href":"https:\/\/www.bedbugknocker.com\/es\/wp-json\/wp\/v2\/product_tag?post=22958"}],"curies":[{"name":"wp","href":"https:\/\/api.w.org\/{rel}","templated":true}]}}