{"id":22957,"date":"2025-05-26T16:13:22","date_gmt":"2025-05-26T14:13:22","guid":{"rendered":"https:\/\/www.bedbugknocker.com\/products\/snake-killer-500-baits\/"},"modified":"2026-02-19T19:27:36","modified_gmt":"2026-02-19T18:27:36","slug":"snake-killer-500-baits","status":"publish","type":"product","link":"https:\/\/www.bedbugknocker.com\/ee\/products\/snake-killer-500-baits\/","title":{"rendered":"Madu l\u00f5ksu"},"content":{"rendered":"<p><strong><img decoding=\"async\" style=\"margin-right: 12px;\" src=\"https:\/\/www.bedbugknocker.com\/wp-content\/uploads\/2026\/02\/Check.svg\" alt=\"\" width=\"18\" height=\"15\" \/>P\u00fc\u00fcdke maod ohutult ja t\u00f5husalt professionaalse p\u00fc\u00fcnislahendusega.<\/strong> Meie madu p\u00fc\u00fcnis on spetsiaalselt v\u00e4lja t\u00f6\u00f6tatud selleks, et kontrollida soovimatut madu kohalolekut elamu-, p\u00f5llumajandus- ja kaubanduspiirkondades, pakkudes usaldusv\u00e4\u00e4rset meetodit keskkonna kindlustamiseks ja v\u00f5imalike riskide v\u00e4hendamiseks inimestele ja loomadele.<\/p>\n<p><strong><img decoding=\"async\" style=\"margin-right: 12px;\" src=\"https:\/\/www.bedbugknocker.com\/wp-content\/uploads\/2026\/02\/Check.svg\" alt=\"\" width=\"18\" height=\"15\" \/>K\u00f5ige t\u00f5husam t\u00e4nap\u00e4eval saadaval olev madu p\u00fc\u00fcnis.<\/strong> See t\u00e4iustatud p\u00fc\u00fcdmistehnoloogiaga loodud l\u00f5ks on maksimaalselt edukas, kuna see on suunatud madu k\u00e4itumisele ja liikumismustritele. Selle optimeeritud struktuur tagab, et kui madu siseneb, on p\u00f5genemine takistatud, tagades j\u00e4rjepideva ja usaldusv\u00e4\u00e4rse tulemuslikkuse.<\/p>\n<p><strong><img decoding=\"async\" style=\"margin-right: 12px;\" src=\"https:\/\/www.bedbugknocker.com\/wp-content\/uploads\/2026\/02\/Check.svg\" alt=\"\" width=\"18\" height=\"15\" \/>Pakume k\u00f5ige odavamat kvaliteetset madu p\u00fc\u00fcnist turul.<\/strong> Meie konkurentsiv\u00f5imeline hinnakujundus tagab teile professionaalse taseme t\u00f5hususe madalaima hinnaga. Te ei pea kulutama liiga palju, et saavutada usaldusv\u00e4\u00e4rne madu t\u00f5rje, mis teeb meie l\u00f5ksu parima v\u00f5imaliku hinna ja kvaliteedi suhtega lahenduse.<\/p>\n<p><strong><img decoding=\"async\" style=\"margin-right: 12px;\" src=\"https:\/\/www.bedbugknocker.com\/wp-content\/uploads\/2026\/02\/Check.svg\" alt=\"\" width=\"18\" height=\"15\" \/>100% raha tagasi garantii t\u00e4ieliku meelerahu tagamiseks.<\/strong> Me seisame oma madu p\u00fc\u00fcniste j\u00f5udluse eest. Kui te ei ole t\u00e4ielikult rahul, tagastame teie ostu ilma probleemideta. Teie rahulolu ja ohutus on meie peamised prioriteedid.<\/p>\n<p><strong><img decoding=\"async\" style=\"margin-right: 12px;\" src=\"https:\/\/www.bedbugknocker.com\/wp-content\/uploads\/2026\/02\/Check.svg\" alt=\"\" width=\"18\" height=\"15\" \/>Kiire 24-tunnine kohaletoimetamine kiireloomulistes olukordades.<\/strong> K\u00e4\u00e4rme n\u00e4gemine n\u00f5uab sageli kohest tegutsemist. Seep\u00e4rast pakume alati 24-tunnist kohaletoimetamist, mis tagab, et saate oma vara kiiresti kindlustada ja probleemiga viivitamatult tegeleda.<\/p>\n<p><strong><img decoding=\"async\" style=\"margin-right: 12px;\" src=\"https:\/\/www.bedbugknocker.com\/wp-content\/uploads\/2026\/02\/Check.svg\" alt=\"\" width=\"18\" height=\"15\" \/>Lai pindala kuni 20 m\u00b2 p\u00fc\u00fcniste paigaldamise tsooni kohta.<\/strong> Iga p\u00fc\u00fcnis on kavandatud kaitsma t\u00f5husalt kuni 20 ruutmeetri suurust ala, kui see on \u00f5igesti paigutatud, mist\u00f5ttu sobib see aedadesse, keldritesse, laoruumidesse, aitadesse ja muudesse haavatavamatesse kohtadesse.<\/p>\n<p><strong><img decoding=\"async\" style=\"margin-right: 12px;\" src=\"https:\/\/www.bedbugknocker.com\/wp-content\/uploads\/2026\/02\/Check.svg\" alt=\"\" width=\"18\" height=\"15\" \/>Vastupidav ja ilmastikukindel konstruktsioon.<\/strong> Tugevatest ja kauakestvatest materjalidest valmistatud madu p\u00fc\u00fcnis peab vastu sellistele v\u00e4litingimustele nagu vihm, niiskus ja temperatuurimuutused, tagades usaldusv\u00e4\u00e4rse toimimise erinevates keskkondades.<\/p>\n<p><strong><img decoding=\"async\" style=\"margin-right: 12px;\" src=\"https:\/\/www.bedbugknocker.com\/wp-content\/uploads\/2026\/02\/Check.svg\" alt=\"\" width=\"18\" height=\"15\" \/>Turvaline konstruktsioon kontrollitud p\u00fc\u00fcdmiseks.<\/strong> P\u00fc\u00fcnis on konstrueeritud nii, et see on suunatud konkreetselt maodele, v\u00e4hendades samal ajal ohtu suurematele mittesihtloomadele, kui seda kasutatakse \u00f5igesti ja paigutatakse strateegiliselt vastavalt juhistele.<\/p>\n<p><strong><img decoding=\"async\" style=\"margin-right: 12px;\" src=\"https:\/\/www.bedbugknocker.com\/wp-content\/uploads\/2026\/02\/Check.svg\" alt=\"\" width=\"18\" height=\"15\" \/>Lihtne seadistamine ilma spetsiaalsete t\u00f6\u00f6riistadeta.<\/strong> L\u00f5ksu saab kiiresti paigaldada ilma professionaalse abita. Selle kasutajas\u00f5bralik mehhanism v\u00f5imaldab koduomanikel, p\u00f5llumajandustootjatel ja kinnisvarahalduritel seda t\u00f5husalt kasutada.<\/p>\n<p><strong><img decoding=\"async\" style=\"margin-right: 12px;\" src=\"https:\/\/www.bedbugknocker.com\/wp-content\/uploads\/2026\/02\/Check.svg\" alt=\"\" width=\"18\" height=\"15\" \/>Kaitske oma perekonda, lemmikloomi ja vara kindlalt.<\/strong> Maod v\u00f5ivad tekitada tervise- ja ohutusprobleeme. Kasutades meie v\u00e4ga t\u00f5husat madu p\u00fc\u00fcnist, taastate turvalisuse ja meelerahu, s\u00e4ilitades samal ajal kontrolli oma \u00fcmbruse \u00fcle.<\/p>\n<h2><strong>Juhised<\/strong><\/h2>\n<ul>\n<li>Tehke kindlaks piirkonnad, kus on t\u00e4heldatud madu, n\u00e4iteks m\u00fc\u00fcride, tarade, puuhunnikute, kuuride, keldrite, aedade v\u00f5i veeallikate l\u00e4hedal.<\/li>\n<li>Asetage p\u00fc\u00fcnis tasasele pinnale m\u00f6\u00f6da looduslikke liikumisteid v\u00f5i sisenemiskohti. Tavaliselt liiguvad maod m\u00f6\u00f6da servi ja varjatud kohti.<\/li>\n<li>Paigaldage \u00fcks l\u00f5ksu umbes iga 20 m\u00b2 kaitset vajava ala kohta. Suuremate v\u00f5i tugevalt m\u00f5jutatud alade puhul kasutage mitut l\u00f5ksu.<\/li>\n<li>Veenduge, et p\u00fc\u00fcnis on stabiilne ja n\u00f5uetekohaselt aktiveeritud vastavalt sisseehitatud mehhanismi juhistele.<\/li>\n<li>Piirkonnas, kus madu on sageli aktiivne, kontrollige p\u00fc\u00fcnist v\u00e4hemalt kord p\u00e4evas, et j\u00e4lgida tulemusi ja tagada ohutus.<\/li>\n<li>Kasutage paigaldamise ja k\u00e4sitsemise ajal kindaid, et v\u00e4hendada inimese l\u00f5hna ja suurendada t\u00f5husust.<\/li>\n<li>Hoidke lapsed ja lemmikloomad kasutamise ajal p\u00fc\u00fcnise asukohast eemal.<\/li>\n<li>P\u00e4rast p\u00fc\u00fcdmist j\u00e4rgige kohalikke eluslooduse eeskirju madu k\u00e4sitsemise, \u00fcmberpaigutamise v\u00f5i h\u00e4vitamise kohta.<\/li>\n<li>H\u00fcgieeni ja j\u00f5udluse s\u00e4ilitamiseks puhastage l\u00f5ksu p\u00e4rast iga kasutamist p\u00f5hjalikult.<\/li>\n<li>S\u00e4ilitage l\u00f5ksu kuivas ja turvalises kohas, kui seda ei kasutata, et s\u00e4ilitada selle vastupidavus ja valmisolek edaspidiseks kasutamiseks.<\/li>\n<\/ul>","protected":false},"excerpt":{"rendered":"<p>Capture snakes safely and effectively with a professional-grade trapping solution. Our snake trap is specifically engineered to control unwanted snake presence in residential, agricultural, and commercial areas, providing a reliable method to secure your environment and reduce potential risks to people and animals. The most effective snake trap available today. Designed with advanced capture technology, [&hellip;]<\/p>\n","protected":false},"featured_media":23235,"comment_status":"open","ping_status":"closed","template":"","meta":{"_uag_custom_page_level_css":"","site-sidebar-layout":"default","site-content-layout":"","ast-site-content-layout":"default","site-content-style":"default","site-sidebar-style":"default","ast-global-header-display":"","ast-banner-title-visibility":"","ast-main-header-display":"","ast-hfb-above-header-display":"","ast-hfb-below-header-display":"","ast-hfb-mobile-header-display":"","site-post-title":"","ast-breadcrumbs-content":"","ast-featured-img":"","footer-sml-layout":"","ast-disable-related-posts":"","theme-transparent-header-meta":"default","adv-header-id-meta":"","stick-header-meta":"","header-above-stick-meta":"","header-main-stick-meta":"","header-below-stick-meta":"","astra-migrate-meta-layouts":"set","ast-page-background-enabled":"default","ast-page-background-meta":{"desktop":{"background-color":"var(--ast-global-color-4)","background-image":"","background-repeat":"repeat","background-position":"center center","background-size":"auto","background-attachment":"scroll","background-type":"","background-media":"","overlay-type":"","overlay-color":"","overlay-opacity":"","overlay-gradient":""},"tablet":{"background-color":"","background-image":"","background-repeat":"repeat","background-position":"center center","background-size":"auto","background-attachment":"scroll","background-type":"","background-media":"","overlay-type":"","overlay-color":"","overlay-opacity":"","overlay-gradient":""},"mobile":{"background-color":"","background-image":"","background-repeat":"repeat","background-position":"center center","background-size":"auto","background-attachment":"scroll","background-type":"","background-media":"","overlay-type":"","overlay-color":"","overlay-opacity":"","overlay-gradient":""}},"ast-content-background-meta":{"desktop":{"background-color":"var(--ast-global-color-5)","background-image":"","background-repeat":"repeat","background-position":"center center","background-size":"auto","background-attachment":"scroll","background-type":"","background-media":"","overlay-type":"","overlay-color":"","overlay-opacity":"","overlay-gradient":""},"tablet":{"background-color":"var(--ast-global-color-5)","background-image":"","background-repeat":"repeat","background-position":"center center","background-size":"auto","background-attachment":"scroll","background-type":"","background-media":"","overlay-type":"","overlay-color":"","overlay-opacity":"","overlay-gradient":""},"mobile":{"background-color":"var(--ast-global-color-5)","background-image":"","background-repeat":"repeat","background-position":"center center","background-size":"auto","background-attachment":"scroll","background-type":"","background-media":"","overlay-type":"","overlay-color":"","overlay-opacity":"","overlay-gradient":""}}},"product_brand":[],"product_cat":[174],"product_tag":[],"class_list":{"0":"post-22957","1":"product","2":"type-product","3":"status-publish","4":"has-post-thumbnail","6":"product_cat-pest-control","7":"desktop-align-left","8":"tablet-align-left","9":"mobile-align-left","11":"first","12":"instock","13":"taxable","14":"shipping-taxable","15":"purchasable","16":"product-type-simple"},"spectra_custom_meta":{"_visibility":["visible"],"_shopify_product_id":["8032611991778"],"_s2w_shopify_domain":["bedbugknocker.myshopify.com"],"_shopify_variant_id":["43849027616994"],"_sku":["BBKSNAKEKILLER"],"_regular_price":["29.90"],"_price":["29.90"],"_sale_price":[""],"_weight":["0.2"],"_thumbnail_id":["23235"],"_global_unique_id":["5056773800236"],"total_sales":["28"],"_tax_status":["taxable"],"_tax_class":[""],"_manage_stock":["no"],"_backorders":["no"],"_sold_individually":["no"],"_virtual":["no"],"_downloadable":["no"],"_download_limit":["-1"],"_download_expiry":["-1"],"_stock":[null],"_stock_status":["instock"],"_wc_average_rating":["4.92"],"_wc_review_count":["60"],"_product_version":["10.5.2"],"_edit_lock":["1771525520:1"],"_edit_last":["1"],"_wp_page_template":["default"],"_woocs_price_geo_countries":[""],"_woocs_regular_price_geo":[""],"_woocs_sale_price_geo":[""],"site-sidebar-layout":["default"],"ast-site-content-layout":["default"],"site-content-style":["default"],"site-sidebar-style":["default"],"theme-transparent-header-meta":["default"],"_wc_rating_count":["a:2:{i:4;i:5;i:5;i:55;}"],"merchant-center-id":["PAS"],"merchant-center-availability":["yes"],"merchant-center-category":["7137"],"astra-migrate-meta-layouts":["set"],"_uag_css_file_name":["uag-css-22957.css"],"_elementor_page_assets":["a:0:{}"],"_uag_page_assets":["a:9:{s:3:\"css\";s:7133:\".uag-blocks-common-selector{z-index:var(--z-index-desktop) !important}@media(max-width: 976px){.uag-blocks-common-selector{z-index:var(--z-index-tablet) !important}}@media(max-width: 767px){.uag-blocks-common-selector{z-index:var(--z-index-mobile) !important}}.wp-block-uagb-image{display:flex}.wp-block-uagb-image__figure{position:relative;display:flex;flex-direction:column;max-width:100%;height:auto;margin:0}.wp-block-uagb-image__figure img{height:auto;display:flex;max-width:100%;transition:box-shadow .2s ease}.wp-block-uagb-image__figure>a{display:inline-block}.wp-block-uagb-image__figure figcaption{text-align:center;margin-top:.5em;margin-bottom:1em}.wp-block-uagb-image .components-placeholder.block-editor-media-placeholder .components-placeholder__instructions{align-self:center}.wp-block-uagb-image--align-left{text-align:left}.wp-block-uagb-image--align-right{text-align:right}.wp-block-uagb-image--align-center{text-align:center}.wp-block-uagb-image--align-full .wp-block-uagb-image__figure{margin-left:calc(50% - 50vw);margin-right:calc(50% - 50vw);max-width:100vw;width:100vw;height:auto}.wp-block-uagb-image--align-full .wp-block-uagb-image__figure img{height:auto;width:100% !important}.wp-block-uagb-image--align-wide .wp-block-uagb-image__figure img{height:auto;width:100%}.wp-block-uagb-image--layout-overlay__color-wrapper{position:absolute;left:0;top:0;right:0;bottom:0;opacity:.2;background:rgba(0,0,0,.5);transition:opacity .35s ease-in-out}.wp-block-uagb-image--layout-overlay-link{position:absolute;left:0;right:0;bottom:0;top:0}.wp-block-uagb-image--layout-overlay .wp-block-uagb-image__figure:hover .wp-block-uagb-image--layout-overlay__color-wrapper{opacity:1}.wp-block-uagb-image--layout-overlay__inner{position:absolute;left:15px;right:15px;bottom:15px;top:15px;display:flex;align-items:center;justify-content:center;flex-direction:column;border-color:#fff;transition:.35s ease-in-out}.wp-block-uagb-image--layout-overlay__inner.top-left,.wp-block-uagb-image--layout-overlay__inner.top-center,.wp-block-uagb-image--layout-overlay__inner.top-right{justify-content:flex-start}.wp-block-uagb-image--layout-overlay__inner.bottom-left,.wp-block-uagb-image--layout-overlay__inner.bottom-center,.wp-block-uagb-image--layout-overlay__inner.bottom-right{justify-content:flex-end}.wp-block-uagb-image--layout-overlay__inner.top-left,.wp-block-uagb-image--layout-overlay__inner.center-left,.wp-block-uagb-image--layout-overlay__inner.bottom-left{align-items:flex-start}.wp-block-uagb-image--layout-overlay__inner.top-right,.wp-block-uagb-image--layout-overlay__inner.center-right,.wp-block-uagb-image--layout-overlay__inner.bottom-right{align-items:flex-end}.wp-block-uagb-image--layout-overlay__inner .uagb-image-heading{color:#fff;transition:transform .35s,opacity .35s ease-in-out;transform:translate3d(0, 24px, 0);margin:0;line-height:1em}.wp-block-uagb-image--layout-overlay__inner .uagb-image-separator{width:30%;border-top-width:2px;border-top-color:#fff;border-top-style:solid;margin-bottom:10px;opacity:0;transition:transform .4s,opacity .4s ease-in-out;transform:translate3d(0, 30px, 0)}.wp-block-uagb-image--layout-overlay__inner .uagb-image-caption{opacity:0;overflow:visible;color:#fff;transition:transform .45s,opacity .45s ease-in-out;transform:translate3d(0, 35px, 0)}.wp-block-uagb-image--layout-overlay__inner:hover .uagb-image-heading,.wp-block-uagb-image--layout-overlay__inner:hover .uagb-image-separator,.wp-block-uagb-image--layout-overlay__inner:hover .uagb-image-caption{opacity:1;transform:translate3d(0, 0, 0)}.wp-block-uagb-image--effect-zoomin .wp-block-uagb-image__figure img,.wp-block-uagb-image--effect-zoomin .wp-block-uagb-image__figure .wp-block-uagb-image--layout-overlay__color-wrapper{transform:scale(1);transition:transform .35s ease-in-out}.wp-block-uagb-image--effect-zoomin .wp-block-uagb-image__figure:hover img,.wp-block-uagb-image--effect-zoomin .wp-block-uagb-image__figure:hover .wp-block-uagb-image--layout-overlay__color-wrapper{transform:scale(1.05)}.wp-block-uagb-image--effect-slide .wp-block-uagb-image__figure img,.wp-block-uagb-image--effect-slide .wp-block-uagb-image__figure .wp-block-uagb-image--layout-overlay__color-wrapper{width:calc(100% + 40px) !important;max-width:none !important;transform:translate3d(-40px, 0, 0);transition:transform .35s ease-in-out}.wp-block-uagb-image--effect-slide .wp-block-uagb-image__figure:hover img,.wp-block-uagb-image--effect-slide .wp-block-uagb-image__figure:hover .wp-block-uagb-image--layout-overlay__color-wrapper{transform:translate3d(0, 0, 0)}.wp-block-uagb-image--effect-grayscale img{filter:grayscale(0%);transition:.35s ease-in-out}.wp-block-uagb-image--effect-grayscale:hover img{filter:grayscale(100%)}.wp-block-uagb-image--effect-blur img{filter:blur(0);transition:.35s ease-in-out}.wp-block-uagb-image--effect-blur:hover img{filter:blur(3px)}.uagb-block-e6f939b3.wp-block-uagb-image--layout-default figure img{box-shadow: 0px 0px 0 #00000070;}.uagb-block-e6f939b3.wp-block-uagb-image .wp-block-uagb-image__figure figcaption{font-style: normal;align-self: center;}.uagb-block-e6f939b3.wp-block-uagb-image--layout-overlay figure img{box-shadow: 0px 0px 0 #00000070;}.uagb-block-e6f939b3.wp-block-uagb-image--layout-overlay .wp-block-uagb-image--layout-overlay__color-wrapper{opacity: 0.2;}.uagb-block-e6f939b3.wp-block-uagb-image--layout-overlay .wp-block-uagb-image--layout-overlay__inner{left: 15px;right: 15px;top: 15px;bottom: 15px;}.uagb-block-e6f939b3.wp-block-uagb-image--layout-overlay .wp-block-uagb-image--layout-overlay__inner .uagb-image-heading{font-style: normal;color: #fff;opacity: 1;}.uagb-block-e6f939b3.wp-block-uagb-image--layout-overlay .wp-block-uagb-image--layout-overlay__inner .uagb-image-heading a{color: #fff;}.uagb-block-e6f939b3.wp-block-uagb-image--layout-overlay .wp-block-uagb-image--layout-overlay__inner .uagb-image-caption{opacity: 0;}.uagb-block-e6f939b3.wp-block-uagb-image--layout-overlay .wp-block-uagb-image__figure:hover .wp-block-uagb-image--layout-overlay__color-wrapper{opacity: 1;}.uagb-block-e6f939b3.wp-block-uagb-image .wp-block-uagb-image--layout-overlay__inner .uagb-image-separator{width: 30%;border-top-width: 2px;border-top-color: #fff;opacity: 0;}.uagb-block-e6f939b3.wp-block-uagb-image .wp-block-uagb-image__figure img{width: px;height: auto;}.uagb-block-e6f939b3.wp-block-uagb-image .wp-block-uagb-image__figure:hover .wp-block-uagb-image--layout-overlay__inner .uagb-image-caption{opacity: 1;}.uagb-block-e6f939b3.wp-block-uagb-image .wp-block-uagb-image__figure:hover .wp-block-uagb-image--layout-overlay__inner .uagb-image-separator{opacity: 1;}.uagb-block-e6f939b3.wp-block-uagb-image--layout-default figure:hover img{box-shadow: 0px 0px 0 #00000070;}.uagb-block-e6f939b3.wp-block-uagb-image--layout-overlay figure:hover img{box-shadow: 0px 0px 0 #00000070;}@media only screen and (max-width: 976px) {.uagb-block-e6f939b3.wp-block-uagb-image .wp-block-uagb-image__figure img{width: px;height: auto;}}@media only screen and (max-width: 767px) {.uagb-block-e6f939b3.wp-block-uagb-image .wp-block-uagb-image__figure img{width: px;height: auto;}}\";s:2:\"js\";s:0:\"\";s:18:\"current_block_list\";a:13:{i:0;s:11:\"core\/search\";i:1;s:10:\"core\/group\";i:2;s:12:\"core\/heading\";i:3;s:17:\"core\/latest-posts\";i:4;s:20:\"core\/latest-comments\";i:5;s:13:\"core\/archives\";i:6;s:15:\"core\/categories\";i:7;s:14:\"core\/paragraph\";i:8;s:10:\"uagb\/image\";i:9;s:11:\"core\/spacer\";i:10;s:30:\"woocommerce\/product-categories\";i:11;s:10:\"core\/image\";i:12;s:14:\"core\/shortcode\";}s:8:\"uag_flag\";b:1;s:11:\"uag_version\";s:10:\"1777304977\";s:6:\"gfonts\";a:0:{}s:10:\"gfonts_url\";s:0:\"\";s:12:\"gfonts_files\";a:0:{}s:14:\"uag_faq_layout\";b:0;}"]},"uagb_featured_image_src":{"full":["https:\/\/www.bedbugknocker.com\/wp-content\/uploads\/2025\/05\/SNAKE_TRAP-mockup.jpg",2560,2560,false],"thumbnail":["https:\/\/www.bedbugknocker.com\/wp-content\/uploads\/2025\/05\/SNAKE_TRAP-mockup-150x150.jpg",150,150,true],"medium":["https:\/\/www.bedbugknocker.com\/wp-content\/uploads\/2025\/05\/SNAKE_TRAP-mockup-300x300.jpg",300,300,true],"medium_large":["https:\/\/www.bedbugknocker.com\/wp-content\/uploads\/2025\/05\/SNAKE_TRAP-mockup-768x768.jpg",768,768,true],"large":["https:\/\/www.bedbugknocker.com\/wp-content\/uploads\/2025\/05\/SNAKE_TRAP-mockup-1024x1024.jpg",1024,1024,true],"1536x1536":["https:\/\/www.bedbugknocker.com\/wp-content\/uploads\/2025\/05\/SNAKE_TRAP-mockup-1536x1536.jpg",1536,1536,true],"2048x2048":["https:\/\/www.bedbugknocker.com\/wp-content\/uploads\/2025\/05\/SNAKE_TRAP-mockup-2048x2048.jpg",2048,2048,true],"trp-custom-language-flag":["https:\/\/www.bedbugknocker.com\/wp-content\/uploads\/2025\/05\/SNAKE_TRAP-mockup-12x12.jpg",12,12,true],"woocommerce_thumbnail":["https:\/\/www.bedbugknocker.com\/wp-content\/uploads\/2025\/05\/SNAKE_TRAP-mockup-300x300.jpg",300,300,true],"woocommerce_single":["https:\/\/www.bedbugknocker.com\/wp-content\/uploads\/2025\/05\/SNAKE_TRAP-mockup-600x600.jpg",600,600,true],"woocommerce_gallery_thumbnail":["https:\/\/www.bedbugknocker.com\/wp-content\/uploads\/2025\/05\/SNAKE_TRAP-mockup-100x100.jpg",100,100,true]},"uagb_author_info":{"display_name":"admin","author_link":"https:\/\/www.bedbugknocker.com\/ee\/author\/"},"uagb_comment_info":60,"uagb_excerpt":"Capture snakes safely and effectively with a professional-grade trapping solution. Our snake trap is specifically engineered to control unwanted snake presence in residential, agricultural, and commercial areas, providing a reliable method to secure your environment and reduce potential risks to people and animals. The most effective snake trap available today. Designed with advanced capture technology,&hellip;","_links":{"self":[{"href":"https:\/\/www.bedbugknocker.com\/ee\/wp-json\/wp\/v2\/product\/22957","targetHints":{"allow":["GET"]}}],"collection":[{"href":"https:\/\/www.bedbugknocker.com\/ee\/wp-json\/wp\/v2\/product"}],"about":[{"href":"https:\/\/www.bedbugknocker.com\/ee\/wp-json\/wp\/v2\/types\/product"}],"replies":[{"embeddable":true,"href":"https:\/\/www.bedbugknocker.com\/ee\/wp-json\/wp\/v2\/comments?post=22957"}],"version-history":[{"count":5,"href":"https:\/\/www.bedbugknocker.com\/ee\/wp-json\/wp\/v2\/product\/22957\/revisions"}],"predecessor-version":[{"id":27303,"href":"https:\/\/www.bedbugknocker.com\/ee\/wp-json\/wp\/v2\/product\/22957\/revisions\/27303"}],"wp:featuredmedia":[{"embeddable":true,"href":"https:\/\/www.bedbugknocker.com\/ee\/wp-json\/wp\/v2\/media\/23235"}],"wp:attachment":[{"href":"https:\/\/www.bedbugknocker.com\/ee\/wp-json\/wp\/v2\/media?parent=22957"}],"wp:term":[{"taxonomy":"product_brand","embeddable":true,"href":"https:\/\/www.bedbugknocker.com\/ee\/wp-json\/wp\/v2\/product_brand?post=22957"},{"taxonomy":"product_cat","embeddable":true,"href":"https:\/\/www.bedbugknocker.com\/ee\/wp-json\/wp\/v2\/product_cat?post=22957"},{"taxonomy":"product_tag","embeddable":true,"href":"https:\/\/www.bedbugknocker.com\/ee\/wp-json\/wp\/v2\/product_tag?post=22957"}],"curies":[{"name":"wp","href":"https:\/\/api.w.org\/{rel}","templated":true}]}}