{"id":22954,"date":"2025-05-26T16:13:20","date_gmt":"2025-05-26T14:13:20","guid":{"rendered":"https:\/\/www.bedbugknocker.com\/products\/fox-killer-500-baits\/"},"modified":"2026-02-19T19:29:04","modified_gmt":"2026-02-19T18:29:04","slug":"fox-killer-500-baits","status":"publish","type":"product","link":"https:\/\/www.bedbugknocker.com\/de\/products\/fox-killer-500-baits\/","title":{"rendered":"Fuchsfalle"},"content":{"rendered":"<p><strong><img decoding=\"async\" style=\"margin-right: 12px;\" src=\"https:\/\/www.bedbugknocker.com\/wp-content\/uploads\/2026\/02\/Check.svg\" alt=\"\" width=\"18\" height=\"15\" \/>Fangen Sie F\u00fcchse effektiv und sicher mit einer professionellen Fallenl\u00f6sung.<\/strong> Unsere Fuchsfalle wurde speziell f\u00fcr die Bek\u00e4mpfung von F\u00fcchsen in landwirtschaftlichen Betrieben, Gefl\u00fcgelgehegen, G\u00e4rten und l\u00e4ndlichen Gebieten entwickelt und bietet eine zuverl\u00e4ssige Methode zum Schutz Ihrer Tiere und zur Vermeidung kostspieliger Sch\u00e4den. Die robuste Konstruktion und der Pr\u00e4zisionsmechanismus gew\u00e4hrleisten eine zuverl\u00e4ssige Fangleistung unter realen Bedingungen.<\/p>\n<p><strong><img decoding=\"async\" style=\"margin-right: 12px;\" src=\"https:\/\/www.bedbugknocker.com\/wp-content\/uploads\/2026\/02\/Check.svg\" alt=\"\" width=\"18\" height=\"15\" \/>Die effektivste Fuchsfalle auf dem Markt.<\/strong> Mit ihrem reaktionsschnellen Ausl\u00f6sesystem und der verst\u00e4rkten Verschlusst\u00fcr maximiert diese Falle die Fangrate und minimiert Fehlversuche. Ihr Design ber\u00fccksichtigt das Verhalten und die Bewegungsmuster von F\u00fcchsen und macht sie zur effektivsten Wahl f\u00fcr best\u00e4ndige und erfolgreiche Ergebnisse.<\/p>\n<p><strong><img decoding=\"async\" style=\"margin-right: 12px;\" src=\"https:\/\/www.bedbugknocker.com\/wp-content\/uploads\/2026\/02\/Check.svg\" alt=\"\" width=\"18\" height=\"15\" \/>Wir bieten die g\u00fcnstigste Fuchsfalle von hoher Qualit\u00e4t an, ohne Kompromisse bei der Haltbarkeit einzugehen.<\/strong> Unsere wettbewerbsf\u00e4hige Preisstruktur garantiert, dass Sie professionelle Ausr\u00fcstung zu den geringstm\u00f6glichen Kosten erhalten. F\u00fcr eine zuverl\u00e4ssige Wildtierbek\u00e4mpfung m\u00fcssen Sie nicht zu viel bezahlen - unsere Fallen bieten einen hervorragenden Wert und eine langfristige Leistung.<\/p>\n<p><strong><img decoding=\"async\" style=\"margin-right: 12px;\" src=\"https:\/\/www.bedbugknocker.com\/wp-content\/uploads\/2026\/02\/Check.svg\" alt=\"\" width=\"18\" height=\"15\" \/>100% Geld-zur\u00fcck-Garantie f\u00fcr absolutes Vertrauen.<\/strong> Wir stehen voll und ganz hinter der Effektivit\u00e4t und Bauqualit\u00e4t unserer Fuchsfalle. Wenn Sie mit den Ergebnissen nicht zufrieden sind, erstatten wir Ihnen den Kaufpreis ohne Probleme oder komplizierte Verfahren. Ihre Zufriedenheit ist vollst\u00e4ndig garantiert.<\/p>\n<p><strong><img decoding=\"async\" style=\"margin-right: 12px;\" src=\"https:\/\/www.bedbugknocker.com\/wp-content\/uploads\/2026\/02\/Check.svg\" alt=\"\" width=\"18\" height=\"15\" \/>Schnelle Lieferung innerhalb von 24 Stunden, um schnell auf Probleme mit F\u00fcchsen zu reagieren.<\/strong> Die Aktivit\u00e4t von F\u00fcchsen kann schnell eskalieren, vor allem, wenn Gefl\u00fcgel oder Kleinvieh in Gefahr sind. Deshalb bieten wir immer eine 24-Stunden-Lieferung an, damit Sie sofort handeln und Ihr Eigentum ohne Verz\u00f6gerung sichern k\u00f6nnen.<\/p>\n<p><strong><img decoding=\"async\" style=\"margin-right: 12px;\" src=\"https:\/\/www.bedbugknocker.com\/wp-content\/uploads\/2026\/02\/Check.svg\" alt=\"\" width=\"18\" height=\"15\" \/>Effektive Abdeckung von bis zu 20 m\u00b2 pro Platzierungszone der Fallen.<\/strong> Wenn sie strategisch platziert wird, sch\u00fctzt jede Falle einen Bereich von etwa 20 Quadratmetern und eignet sich damit f\u00fcr bestimmte Bereiche wie H\u00fchnerst\u00e4lle, Scheunen, Schuppen, G\u00e4rten und Eingangsbereiche.<\/p>\n<p><strong><img decoding=\"async\" style=\"margin-right: 12px;\" src=\"https:\/\/www.bedbugknocker.com\/wp-content\/uploads\/2026\/02\/Check.svg\" alt=\"\" width=\"18\" height=\"15\" \/>Robuste, witterungsbest\u00e4ndige Konstruktion f\u00fcr den Einsatz im Freien.<\/strong> Unsere aus verst\u00e4rktem, korrosionsbest\u00e4ndigem Metall gefertigte Fuchsfalle ist so konstruiert, dass sie Regen, Feuchtigkeit, kalten Temperaturen und langfristigem Aufenthalt im Freien standh\u00e4lt und dabei ihre strukturelle Integrit\u00e4t und Zuverl\u00e4ssigkeit bewahrt.<\/p>\n<p><strong><img decoding=\"async\" style=\"margin-right: 12px;\" src=\"https:\/\/www.bedbugknocker.com\/wp-content\/uploads\/2026\/02\/Check.svg\" alt=\"\" width=\"18\" height=\"15\" \/>Sicherer und kontrollierter Fangmechanismus.<\/strong> Die Falle ist so konstruiert, dass sie den Fuchs nach dem Ausl\u00f6sen sicher einschlie\u00dft, eine Flucht verhindert und gleichzeitig unn\u00f6tige Sch\u00e4den vermeidet, wenn sie richtig eingesetzt und regelm\u00e4\u00dfig gem\u00e4\u00df den \u00f6rtlichen Vorschriften \u00fcberwacht wird.<\/p>\n<p><strong><img decoding=\"async\" style=\"margin-right: 12px;\" src=\"https:\/\/www.bedbugknocker.com\/wp-content\/uploads\/2026\/02\/Check.svg\" alt=\"\" width=\"18\" height=\"15\" \/>Einfache Einrichtung, geeignet f\u00fcr Hausbesitzer und Profis.<\/strong> Es sind keine Spezialwerkzeuge oder fortgeschrittene technische Kenntnisse erforderlich. Das intuitive Ausl\u00f6sesystem erm\u00f6glicht eine schnelle und effiziente Installation, so dass es f\u00fcr Landwirte, Grundst\u00fcckseigent\u00fcmer und Wildtierbek\u00e4mpfer gleicherma\u00dfen zug\u00e4nglich ist.<\/p>\n<p><strong><img decoding=\"async\" style=\"margin-right: 12px;\" src=\"https:\/\/www.bedbugknocker.com\/wp-content\/uploads\/2026\/02\/Check.svg\" alt=\"\" width=\"18\" height=\"15\" \/>Sch\u00fctzen Sie Ihren Viehbestand, Ihr Gefl\u00fcgel und Ihre Immobilieninvestitionen.<\/strong> F\u00fcchse k\u00f6nnen in kurzer Zeit erhebliche Verluste verursachen. Durch den Einsatz unserer hochwirksamen Fuchsfalle verringern Sie das Risiko, verhindern wiederholte Angriffe und stellen Ihren Seelenfrieden wieder her, w\u00e4hrend Sie die Kontrolle \u00fcber Ihre Umgebung behalten.<\/p>\n<h2><strong>Anweisungen<\/strong><\/h2>\n<ul>\n<li>Erkennen Sie Anzeichen f\u00fcr Fuchsaktivit\u00e4ten wie Spuren, Kot, zerst\u00f6rte Z\u00e4une, fehlendes Gefl\u00fcgel oder regelm\u00e4\u00dfige Einschlupfm\u00f6glichkeiten auf Ihrem Grundst\u00fcck.<\/li>\n<li>Stellen Sie die Falle auf einer ebenen, stabilen Fl\u00e4che in der N\u00e4he von Bereichen auf, in denen sich F\u00fcchse h\u00e4ufig aufhalten, beispielsweise entlang von Z\u00e4unen, in der N\u00e4he von Stalleing\u00e4ngen oder an Hecken und Mauern.<\/li>\n<li>Stellen Sie eine Falle auf, um ca. 20 m\u00b2 der Zielfl\u00e4che zu sch\u00fctzen. Bei gr\u00f6\u00dferen Grundst\u00fccken oder mehreren Aktivit\u00e4tszonen sollten Sie entsprechend mehr Fallen aufstellen.<\/li>\n<li>Locken Sie die Falle mit einem geeigneten K\u00f6der wie Frischfleisch, Gefl\u00fcgelresten oder Fisch. Sichern Sie den K\u00f6der im Ausl\u00f6sebereich, um eine ordnungsgem\u00e4\u00dfe Aktivierung zu gew\u00e4hrleisten.<\/li>\n<li>Stellen Sie den Ausl\u00f6semechanismus sorgf\u00e4ltig gem\u00e4\u00df der eingebauten Anleitung der Falle ein. Vergewissern Sie sich, dass sich die T\u00fcr beim Ausl\u00f6sen richtig schlie\u00dft.<\/li>\n<li>Tragen Sie bei der Installation und beim Auslegen der K\u00f6der Handschuhe, um den menschlichen Geruch zu reduzieren und den Fangerfolg zu erh\u00f6hen.<\/li>\n<li>Kontrollieren Sie die Falle mindestens ein- bis zweimal t\u00e4glich, um die Aktivit\u00e4t zu \u00fcberwachen, und reagieren Sie sofort, wenn ein Fuchs gefangen wird.<\/li>\n<li>Halten Sie Kinder und Haustiere w\u00e4hrend des Gebrauchs vom Fallenbereich fern.<\/li>\n<li>Befolgen Sie nach dem Einfangen die \u00f6rtlichen Gesetze und Vorschriften f\u00fcr die Umsiedlung oder weitere Ma\u00dfnahmen.<\/li>\n<li>Reinigen und desinfizieren Sie den Siphon nach jedem Gebrauch, um die Hygiene aufrechtzuerhalten und eine zuverl\u00e4ssige Langzeitleistung zu gew\u00e4hrleisten.<\/li>\n<\/ul>","protected":false},"excerpt":{"rendered":"<p>Capture foxes effectively and securely with a professional-grade trapping solution. Our fox trap is specifically designed to manage fox activity around farms, poultry enclosures, gardens, and rural properties, offering a dependable method to protect your animals and prevent costly damage. Its robust construction and precision mechanism ensure reliable capture performance in real-world conditions. The most [&hellip;]<\/p>\n","protected":false},"featured_media":22978,"comment_status":"open","ping_status":"closed","template":"","meta":{"_uag_custom_page_level_css":"","site-sidebar-layout":"default","site-content-layout":"","ast-site-content-layout":"default","site-content-style":"default","site-sidebar-style":"default","ast-global-header-display":"","ast-banner-title-visibility":"","ast-main-header-display":"","ast-hfb-above-header-display":"","ast-hfb-below-header-display":"","ast-hfb-mobile-header-display":"","site-post-title":"","ast-breadcrumbs-content":"","ast-featured-img":"","footer-sml-layout":"","ast-disable-related-posts":"","theme-transparent-header-meta":"default","adv-header-id-meta":"","stick-header-meta":"","header-above-stick-meta":"","header-main-stick-meta":"","header-below-stick-meta":"","astra-migrate-meta-layouts":"set","ast-page-background-enabled":"default","ast-page-background-meta":{"desktop":{"background-color":"var(--ast-global-color-4)","background-image":"","background-repeat":"repeat","background-position":"center center","background-size":"auto","background-attachment":"scroll","background-type":"","background-media":"","overlay-type":"","overlay-color":"","overlay-opacity":"","overlay-gradient":""},"tablet":{"background-color":"","background-image":"","background-repeat":"repeat","background-position":"center center","background-size":"auto","background-attachment":"scroll","background-type":"","background-media":"","overlay-type":"","overlay-color":"","overlay-opacity":"","overlay-gradient":""},"mobile":{"background-color":"","background-image":"","background-repeat":"repeat","background-position":"center center","background-size":"auto","background-attachment":"scroll","background-type":"","background-media":"","overlay-type":"","overlay-color":"","overlay-opacity":"","overlay-gradient":""}},"ast-content-background-meta":{"desktop":{"background-color":"var(--ast-global-color-5)","background-image":"","background-repeat":"repeat","background-position":"center center","background-size":"auto","background-attachment":"scroll","background-type":"","background-media":"","overlay-type":"","overlay-color":"","overlay-opacity":"","overlay-gradient":""},"tablet":{"background-color":"var(--ast-global-color-5)","background-image":"","background-repeat":"repeat","background-position":"center center","background-size":"auto","background-attachment":"scroll","background-type":"","background-media":"","overlay-type":"","overlay-color":"","overlay-opacity":"","overlay-gradient":""},"mobile":{"background-color":"var(--ast-global-color-5)","background-image":"","background-repeat":"repeat","background-position":"center center","background-size":"auto","background-attachment":"scroll","background-type":"","background-media":"","overlay-type":"","overlay-color":"","overlay-opacity":"","overlay-gradient":""}}},"product_brand":[],"product_cat":[174],"product_tag":[],"class_list":{"0":"post-22954","1":"product","2":"type-product","3":"status-publish","4":"has-post-thumbnail","6":"product_cat-pest-control","7":"desktop-align-left","8":"tablet-align-left","9":"mobile-align-left","11":"first","12":"instock","13":"taxable","14":"shipping-taxable","15":"purchasable","16":"product-type-simple"},"spectra_custom_meta":{"_visibility":["visible"],"_shopify_product_id":["8246983852258"],"_s2w_shopify_domain":["bedbugknocker.myshopify.com"],"_shopify_variant_id":["44614652068066"],"_sku":["BBKFOXKILLER"],"_regular_price":["29.90"],"_price":["29.90"],"_sale_price":[""],"_weight":["0.2"],"_thumbnail_id":["22978"],"_global_unique_id":["5056773800250"],"total_sales":["35"],"_tax_status":["taxable"],"_tax_class":[""],"_manage_stock":["no"],"_backorders":["no"],"_sold_individually":["no"],"_virtual":["no"],"_downloadable":["no"],"_download_limit":["-1"],"_download_expiry":["-1"],"_stock":[null],"_stock_status":["instock"],"_wc_average_rating":["4.94"],"_wc_review_count":["53"],"_product_version":["10.5.2"],"_edit_lock":["1771525620:1"],"_edit_last":["1"],"_wp_page_template":["default"],"_woocs_price_geo_countries":[""],"_woocs_regular_price_geo":[""],"_woocs_sale_price_geo":[""],"site-sidebar-layout":["default"],"ast-site-content-layout":["default"],"site-content-style":["default"],"site-sidebar-style":["default"],"theme-transparent-header-meta":["default"],"_wc_rating_count":["a:2:{i:4;i:3;i:5;i:50;}"],"_woocs_regular_price_USD":["29.9"],"_woocs_regular_price_GBP":["29.9"],"_woocs_regular_price_PLN":["-1"],"_woocs_regular_price_BGN":["-1"],"_woocs_regular_price_CZK":["-1"],"_woocs_regular_price_RON":["-1"],"_woocs_regular_price_HUF":["-1"],"_woocs_regular_price_CAD":["-1"],"_woocs_regular_price_AUD":["-1"],"_woocs_regular_price_NZD":["-1"],"_woocs_regular_price_DKK":["-1"],"_woocs_regular_price_SEK":["-1"],"_woocs_regular_price_NOK":["-1"],"_woocs_regular_price_CHF":["29.9"],"_woocs_sale_price_USD":["-1"],"_woocs_sale_price_GBP":["-1"],"_woocs_sale_price_PLN":["-1"],"_woocs_sale_price_BGN":["-1"],"_woocs_sale_price_CZK":["-1"],"_woocs_sale_price_RON":["-1"],"_woocs_sale_price_HUF":["-1"],"_woocs_sale_price_CAD":["-1"],"_woocs_sale_price_AUD":["-1"],"_woocs_sale_price_NZD":["-1"],"_woocs_sale_price_DKK":["-1"],"_woocs_sale_price_SEK":["-1"],"_woocs_sale_price_NOK":["-1"],"_woocs_sale_price_CHF":["-1"],"merchant-center-id":["FK"],"merchant-center-availability":["yes"],"merchant-center-category":["7137"],"astra-migrate-meta-layouts":["set"],"_uag_css_file_name":["uag-css-22954.css"],"_elementor_page_assets":["a:0:{}"]},"uagb_featured_image_src":{"full":["https:\/\/www.bedbugknocker.com\/wp-content\/uploads\/2025\/05\/FOXEmockup.jpg",2560,2560,false],"thumbnail":["https:\/\/www.bedbugknocker.com\/wp-content\/uploads\/2025\/05\/FOXEmockup-150x150.jpg",150,150,true],"medium":["https:\/\/www.bedbugknocker.com\/wp-content\/uploads\/2025\/05\/FOXEmockup-300x300.jpg",300,300,true],"medium_large":["https:\/\/www.bedbugknocker.com\/wp-content\/uploads\/2025\/05\/FOXEmockup-768x768.jpg",768,768,true],"large":["https:\/\/www.bedbugknocker.com\/wp-content\/uploads\/2025\/05\/FOXEmockup-1024x1024.jpg",1024,1024,true],"1536x1536":["https:\/\/www.bedbugknocker.com\/wp-content\/uploads\/2025\/05\/FOXEmockup-1536x1536.jpg",1536,1536,true],"2048x2048":["https:\/\/www.bedbugknocker.com\/wp-content\/uploads\/2025\/05\/FOXEmockup-2048x2048.jpg",2048,2048,true],"trp-custom-language-flag":["https:\/\/www.bedbugknocker.com\/wp-content\/uploads\/2025\/05\/FOXEmockup-12x12.jpg",12,12,true],"woocommerce_thumbnail":["https:\/\/www.bedbugknocker.com\/wp-content\/uploads\/2025\/05\/FOXEmockup-300x300.jpg",300,300,true],"woocommerce_single":["https:\/\/www.bedbugknocker.com\/wp-content\/uploads\/2025\/05\/FOXEmockup-600x600.jpg",600,600,true],"woocommerce_gallery_thumbnail":["https:\/\/www.bedbugknocker.com\/wp-content\/uploads\/2025\/05\/FOXEmockup-100x100.jpg",100,100,true]},"uagb_author_info":{"display_name":"admin","author_link":"https:\/\/www.bedbugknocker.com\/de\/author\/"},"uagb_comment_info":53,"uagb_excerpt":"Capture foxes effectively and securely with a professional-grade trapping solution. Our fox trap is specifically designed to manage fox activity around farms, poultry enclosures, gardens, and rural properties, offering a dependable method to protect your animals and prevent costly damage. Its robust construction and precision mechanism ensure reliable capture performance in real-world conditions. The most&hellip;","_links":{"self":[{"href":"https:\/\/www.bedbugknocker.com\/de\/wp-json\/wp\/v2\/product\/22954","targetHints":{"allow":["GET"]}}],"collection":[{"href":"https:\/\/www.bedbugknocker.com\/de\/wp-json\/wp\/v2\/product"}],"about":[{"href":"https:\/\/www.bedbugknocker.com\/de\/wp-json\/wp\/v2\/types\/product"}],"replies":[{"embeddable":true,"href":"https:\/\/www.bedbugknocker.com\/de\/wp-json\/wp\/v2\/comments?post=22954"}],"version-history":[{"count":5,"href":"https:\/\/www.bedbugknocker.com\/de\/wp-json\/wp\/v2\/product\/22954\/revisions"}],"predecessor-version":[{"id":27305,"href":"https:\/\/www.bedbugknocker.com\/de\/wp-json\/wp\/v2\/product\/22954\/revisions\/27305"}],"wp:featuredmedia":[{"embeddable":true,"href":"https:\/\/www.bedbugknocker.com\/de\/wp-json\/wp\/v2\/media\/22978"}],"wp:attachment":[{"href":"https:\/\/www.bedbugknocker.com\/de\/wp-json\/wp\/v2\/media?parent=22954"}],"wp:term":[{"taxonomy":"product_brand","embeddable":true,"href":"https:\/\/www.bedbugknocker.com\/de\/wp-json\/wp\/v2\/product_brand?post=22954"},{"taxonomy":"product_cat","embeddable":true,"href":"https:\/\/www.bedbugknocker.com\/de\/wp-json\/wp\/v2\/product_cat?post=22954"},{"taxonomy":"product_tag","embeddable":true,"href":"https:\/\/www.bedbugknocker.com\/de\/wp-json\/wp\/v2\/product_tag?post=22954"}],"curies":[{"name":"wp","href":"https:\/\/api.w.org\/{rel}","templated":true}]}}