{"id":22957,"date":"2025-05-26T16:13:22","date_gmt":"2025-05-26T14:13:22","guid":{"rendered":"https:\/\/www.bedbugknocker.com\/products\/snake-killer-500-baits\/"},"modified":"2026-02-19T19:27:36","modified_gmt":"2026-02-19T18:27:36","slug":"snake-killer-500-baits","status":"publish","type":"product","link":"https:\/\/www.bedbugknocker.com\/cz\/products\/snake-killer-500-baits\/","title":{"rendered":"Past na hady"},"content":{"rendered":"<p><strong><img decoding=\"async\" style=\"margin-right: 12px;\" src=\"https:\/\/www.bedbugknocker.com\/wp-content\/uploads\/2026\/02\/Check.svg\" alt=\"\" width=\"18\" height=\"15\" \/>Chy\u0165te hady bezpe\u010dn\u011b a \u00fa\u010dinn\u011b pomoc\u00ed profesion\u00e1ln\u00edho odchytov\u00e9ho \u0159e\u0161en\u00ed.<\/strong> Na\u0161e pasti na hady jsou speci\u00e1ln\u011b navr\u017eeny pro kontrolu ne\u017e\u00e1douc\u00edho v\u00fdskytu had\u016f v obytn\u00fdch, zem\u011bd\u011blsk\u00fdch a komer\u010dn\u00edch oblastech a poskytuj\u00ed spolehlivou metodu zabezpe\u010den\u00ed va\u0161eho prost\u0159ed\u00ed a sn\u00ed\u017een\u00ed potenci\u00e1ln\u00edch rizik pro lidi a zv\u00ed\u0159ata.<\/p>\n<p><strong><img decoding=\"async\" style=\"margin-right: 12px;\" src=\"https:\/\/www.bedbugknocker.com\/wp-content\/uploads\/2026\/02\/Check.svg\" alt=\"\" width=\"18\" height=\"15\" \/>Nej\u00fa\u010dinn\u011bj\u0161\u00ed past na hady, kter\u00e1 je dnes k dispozici.<\/strong> Tato past je navr\u017eena s pokro\u010dilou technologi\u00ed odchytu a maximalizuje \u00fasp\u011b\u0161nost d\u00edky tomu, \u017ee se zam\u011b\u0159uje na chov\u00e1n\u00ed a zp\u016fsoby pohybu had\u016f. Jej\u00ed optimalizovan\u00e1 konstrukce zaji\u0161\u0165uje, \u017ee jakmile se had dostane dovnit\u0159, je mu zabr\u00e1n\u011bno v \u00faniku, co\u017e p\u0159in\u00e1\u0161\u00ed konzistentn\u00ed a spolehliv\u00fd v\u00fdkon.<\/p>\n<p><strong><img decoding=\"async\" style=\"margin-right: 12px;\" src=\"https:\/\/www.bedbugknocker.com\/wp-content\/uploads\/2026\/02\/Check.svg\" alt=\"\" width=\"18\" height=\"15\" \/>Nab\u00edz\u00edme nejlevn\u011bj\u0161\u00ed vysoce kvalitn\u00ed pasti na hady na trhu.<\/strong> Na\u0161e konkuren\u010dn\u00ed ceny v\u00e1m zajist\u00ed profesion\u00e1ln\u00ed efektivitu p\u0159i nejni\u017e\u0161\u00edch n\u00e1kladech. Nemus\u00edte utr\u00e1cet p\u0159\u00edli\u0161 mnoho, abyste dos\u00e1hli spolehliv\u00e9 kontroly had\u016f, co\u017e z na\u0161\u00ed pasti d\u011bl\u00e1 nejv\u00fdhodn\u011bj\u0161\u00ed dostupn\u00e9 \u0159e\u0161en\u00ed.<\/p>\n<p><strong><img decoding=\"async\" style=\"margin-right: 12px;\" src=\"https:\/\/www.bedbugknocker.com\/wp-content\/uploads\/2026\/02\/Check.svg\" alt=\"\" width=\"18\" height=\"15\" \/>100% z\u00e1ruka vr\u00e1cen\u00ed pen\u011bz pro naprost\u00fd klid.<\/strong> Za v\u00fdkonem na\u0161\u00ed pasti na hady si stoj\u00edme. Pokud nebudete pln\u011b spokojeni, vr\u00e1t\u00edme v\u00e1m pen\u00edze za n\u00e1kup bez probl\u00e9m\u016f. Va\u0161e spokojenost a bezpe\u010dnost jsou pro n\u00e1s na prvn\u00edm m\u00edst\u011b.<\/p>\n<p><strong><img decoding=\"async\" style=\"margin-right: 12px;\" src=\"https:\/\/www.bedbugknocker.com\/wp-content\/uploads\/2026\/02\/Check.svg\" alt=\"\" width=\"18\" height=\"15\" \/>Rychl\u00e9 doru\u010den\u00ed 24 hodin denn\u011b v nal\u00e9hav\u00fdch p\u0159\u00edpadech.<\/strong> Pozorov\u00e1n\u00ed had\u016f \u010dasto vy\u017eaduje okam\u017eitou akci. Proto v\u017edy nab\u00edz\u00edme doru\u010den\u00ed do 24 hodin, abychom v\u00e1m zajistili rychl\u00e9 zabezpe\u010den\u00ed va\u0161eho majetku a neprodlen\u00e9 \u0159e\u0161en\u00ed probl\u00e9mu.<\/p>\n<p><strong><img decoding=\"async\" style=\"margin-right: 12px;\" src=\"https:\/\/www.bedbugknocker.com\/wp-content\/uploads\/2026\/02\/Check.svg\" alt=\"\" width=\"18\" height=\"15\" \/>\u0160irok\u00e9 pokryt\u00ed plochy a\u017e 20 m\u00b2 na jednu z\u00f3nu um\u00edst\u011bn\u00ed pasti.<\/strong> Ka\u017ed\u00e1 past je navr\u017eena tak, aby p\u0159i spr\u00e1vn\u00e9m um\u00edst\u011bn\u00ed \u00fa\u010dinn\u011b chr\u00e1nila plochu a\u017e 20 metr\u016f \u010dtvere\u010dn\u00edch, tak\u017ee je vhodn\u00e1 pro zahrady, sklepy, skladovac\u00ed prostory, stodoly a dal\u0161\u00ed zraniteln\u00e1 m\u00edsta.<\/p>\n<p><strong><img decoding=\"async\" style=\"margin-right: 12px;\" src=\"https:\/\/www.bedbugknocker.com\/wp-content\/uploads\/2026\/02\/Check.svg\" alt=\"\" width=\"18\" height=\"15\" \/>Odoln\u00e1 konstrukce odoln\u00e1 proti pov\u011btrnostn\u00edm vliv\u016fm.<\/strong> Na\u0161e lapa\u010de had\u016f jsou vyrobeny z pevn\u00fdch materi\u00e1l\u016f s dlouhou \u017eivotnost\u00ed a odol\u00e1vaj\u00ed venkovn\u00edm vliv\u016fm, jako je d\u00e9\u0161\u0165, vlhkost a zm\u011bny teplot, co\u017e zaru\u010duje spolehliv\u00fd v\u00fdkon v r\u016fzn\u00fdch prost\u0159ed\u00edch.<\/p>\n<p><strong><img decoding=\"async\" style=\"margin-right: 12px;\" src=\"https:\/\/www.bedbugknocker.com\/wp-content\/uploads\/2026\/02\/Check.svg\" alt=\"\" width=\"18\" height=\"15\" \/>Bezpe\u010dn\u00e1 konstrukce pro kontrolovan\u00e9 zachycen\u00ed.<\/strong> P\u0159i spr\u00e1vn\u00e9m pou\u017eit\u00ed a strategick\u00e9m um\u00edst\u011bn\u00ed podle n\u00e1vodu je past konstruov\u00e1na tak, aby se zam\u011b\u0159ila konkr\u00e9tn\u011b na hady a z\u00e1rove\u0148 minimalizovala riziko pro v\u011bt\u0161\u00ed nec\u00edlov\u00e1 zv\u00ed\u0159ata.<\/p>\n<p><strong><img decoding=\"async\" style=\"margin-right: 12px;\" src=\"https:\/\/www.bedbugknocker.com\/wp-content\/uploads\/2026\/02\/Check.svg\" alt=\"\" width=\"18\" height=\"15\" \/>Snadn\u00e9 nastaven\u00ed bez nutnosti pou\u017eit\u00ed speci\u00e1ln\u00edch n\u00e1stroj\u016f.<\/strong> Lapa\u010d lze rychle nainstalovat bez odborn\u00e9 pomoci. Jeho u\u017eivatelsky p\u0159\u00edv\u011btiv\u00fd mechanismus umo\u017e\u0148uje majitel\u016fm dom\u016f, zem\u011bd\u011blc\u016fm a spr\u00e1vc\u016fm nemovitost\u00ed efektivn\u00ed nasazen\u00ed.<\/p>\n<p><strong><img decoding=\"async\" style=\"margin-right: 12px;\" src=\"https:\/\/www.bedbugknocker.com\/wp-content\/uploads\/2026\/02\/Check.svg\" alt=\"\" width=\"18\" height=\"15\" \/>Chra\u0148te svou rodinu, dom\u00e1c\u00ed zv\u00ed\u0159ata a majetek s jistotou.<\/strong> Hadi mohou p\u0159edstavovat zdravotn\u00ed a bezpe\u010dnostn\u00ed riziko. Pomoc\u00ed na\u0161\u00ed vysoce \u00fa\u010dinn\u00e9 pasti na hady obnov\u00edte bezpe\u010dnost a klid a z\u00e1rove\u0148 si zachov\u00e1te kontrolu nad sv\u00fdm okol\u00edm.<\/p>\n<h2><strong>Pokyny<\/strong><\/h2>\n<ul>\n<li>Ur\u010dete m\u00edsta, kde byla pozorov\u00e1na aktivita had\u016f, nap\u0159\u00edklad v bl\u00edzkosti zd\u00ed, plot\u016f, hromad d\u0159eva, k\u016flen, sklep\u016f, zahrad nebo vodn\u00edch zdroj\u016f.<\/li>\n<li>Um\u00edst\u011bte past na rovn\u00fd povrch pod\u00e9l p\u0159irozen\u00fdch cest nebo vstupn\u00edch bod\u016f. Hadi se obvykle pohybuj\u00ed pod\u00e9l okraj\u016f a skryt\u00fdch m\u00edst.<\/li>\n<li>Um\u00edst\u011bte jednu past p\u0159ibli\u017en\u011b na ka\u017ed\u00fdch 20 m\u00b2 plochy vy\u017eaduj\u00edc\u00ed ochranu. Pro v\u011bt\u0161\u00ed nebo siln\u011b zasa\u017een\u00e9 oblasti pou\u017eijte v\u00edce past\u00ed.<\/li>\n<li>Ujist\u011bte se, \u017ee je sifon stabiln\u00ed a spr\u00e1vn\u011b aktivovan\u00fd podle pokyn\u016f vestav\u011bn\u00e9ho mechanismu.<\/li>\n<li>V oblastech s \u010dastou aktivitou had\u016f kontrolujte past alespo\u0148 jednou denn\u011b, abyste sledovali v\u00fdsledky a zajistili bezpe\u010dnost.<\/li>\n<li>P\u0159i instalaci a manipulaci pou\u017e\u00edvejte rukavice, abyste minimalizovali lidsk\u00fd pach a zv\u00fd\u0161ili \u00fa\u010dinnost.<\/li>\n<li>B\u011bhem pou\u017e\u00edv\u00e1n\u00ed udr\u017eujte d\u011bti a dom\u00e1c\u00ed zv\u00ed\u0159ata v bezpe\u010dn\u00e9 vzd\u00e1lenosti od m\u00edsta, kde je past um\u00edst\u011bna.<\/li>\n<li>Po odchytu dodr\u017eujte m\u00edstn\u00ed p\u0159edpisy t\u00fdkaj\u00edc\u00ed se manipulace s hadem, jeho p\u0159em\u00edst\u011bn\u00ed nebo likvidace.<\/li>\n<li>Po ka\u017ed\u00e9m pou\u017eit\u00ed sifon d\u016fkladn\u011b vy\u010dist\u011bte, abyste zachovali hygienu a v\u00fdkonnost.<\/li>\n<li>Pokud lapa\u010d nepou\u017e\u00edv\u00e1te, skladujte jej na such\u00e9m a bezpe\u010dn\u00e9m m\u00edst\u011b, aby se zachovala jeho trvanlivost a p\u0159ipravenost k dal\u0161\u00edmu pou\u017eit\u00ed.<\/li>\n<\/ul>","protected":false},"excerpt":{"rendered":"<p>Capture snakes safely and effectively with a professional-grade trapping solution. Our snake trap is specifically engineered to control unwanted snake presence in residential, agricultural, and commercial areas, providing a reliable method to secure your environment and reduce potential risks to people and animals. The most effective snake trap available today. Designed with advanced capture technology, [&hellip;]<\/p>\n","protected":false},"featured_media":23235,"comment_status":"open","ping_status":"closed","template":"","meta":{"_uag_custom_page_level_css":"","site-sidebar-layout":"default","site-content-layout":"","ast-site-content-layout":"default","site-content-style":"default","site-sidebar-style":"default","ast-global-header-display":"","ast-banner-title-visibility":"","ast-main-header-display":"","ast-hfb-above-header-display":"","ast-hfb-below-header-display":"","ast-hfb-mobile-header-display":"","site-post-title":"","ast-breadcrumbs-content":"","ast-featured-img":"","footer-sml-layout":"","ast-disable-related-posts":"","theme-transparent-header-meta":"default","adv-header-id-meta":"","stick-header-meta":"","header-above-stick-meta":"","header-main-stick-meta":"","header-below-stick-meta":"","astra-migrate-meta-layouts":"set","ast-page-background-enabled":"default","ast-page-background-meta":{"desktop":{"background-color":"var(--ast-global-color-4)","background-image":"","background-repeat":"repeat","background-position":"center center","background-size":"auto","background-attachment":"scroll","background-type":"","background-media":"","overlay-type":"","overlay-color":"","overlay-opacity":"","overlay-gradient":""},"tablet":{"background-color":"","background-image":"","background-repeat":"repeat","background-position":"center center","background-size":"auto","background-attachment":"scroll","background-type":"","background-media":"","overlay-type":"","overlay-color":"","overlay-opacity":"","overlay-gradient":""},"mobile":{"background-color":"","background-image":"","background-repeat":"repeat","background-position":"center center","background-size":"auto","background-attachment":"scroll","background-type":"","background-media":"","overlay-type":"","overlay-color":"","overlay-opacity":"","overlay-gradient":""}},"ast-content-background-meta":{"desktop":{"background-color":"var(--ast-global-color-5)","background-image":"","background-repeat":"repeat","background-position":"center center","background-size":"auto","background-attachment":"scroll","background-type":"","background-media":"","overlay-type":"","overlay-color":"","overlay-opacity":"","overlay-gradient":""},"tablet":{"background-color":"var(--ast-global-color-5)","background-image":"","background-repeat":"repeat","background-position":"center center","background-size":"auto","background-attachment":"scroll","background-type":"","background-media":"","overlay-type":"","overlay-color":"","overlay-opacity":"","overlay-gradient":""},"mobile":{"background-color":"var(--ast-global-color-5)","background-image":"","background-repeat":"repeat","background-position":"center center","background-size":"auto","background-attachment":"scroll","background-type":"","background-media":"","overlay-type":"","overlay-color":"","overlay-opacity":"","overlay-gradient":""}}},"product_brand":[],"product_cat":[174],"product_tag":[],"class_list":{"0":"post-22957","1":"product","2":"type-product","3":"status-publish","4":"has-post-thumbnail","6":"product_cat-pest-control","7":"desktop-align-left","8":"tablet-align-left","9":"mobile-align-left","11":"first","12":"instock","13":"taxable","14":"shipping-taxable","15":"purchasable","16":"product-type-simple"},"spectra_custom_meta":{"_visibility":["visible"],"_shopify_product_id":["8032611991778"],"_s2w_shopify_domain":["bedbugknocker.myshopify.com"],"_shopify_variant_id":["43849027616994"],"_sku":["BBKSNAKEKILLER"],"_regular_price":["29.90"],"_price":["29.90"],"_sale_price":[""],"_weight":["0.2"],"_thumbnail_id":["23235"],"_global_unique_id":["5056773800236"],"total_sales":["28"],"_tax_status":["taxable"],"_tax_class":[""],"_manage_stock":["no"],"_backorders":["no"],"_sold_individually":["no"],"_virtual":["no"],"_downloadable":["no"],"_download_limit":["-1"],"_download_expiry":["-1"],"_stock":[null],"_stock_status":["instock"],"_wc_average_rating":["4.92"],"_wc_review_count":["60"],"_product_version":["10.5.2"],"_edit_lock":["1771525520:1"],"_edit_last":["1"],"_wp_page_template":["default"],"_woocs_price_geo_countries":[""],"_woocs_regular_price_geo":[""],"_woocs_sale_price_geo":[""],"site-sidebar-layout":["default"],"ast-site-content-layout":["default"],"site-content-style":["default"],"site-sidebar-style":["default"],"theme-transparent-header-meta":["default"],"_wc_rating_count":["a:2:{i:4;i:5;i:5;i:55;}"],"merchant-center-id":["PAS"],"merchant-center-availability":["yes"],"merchant-center-category":["7137"],"astra-migrate-meta-layouts":["set"],"_uag_css_file_name":["uag-css-22957.css"],"_elementor_page_assets":["a:0:{}"],"_uag_page_assets":["a:9:{s:3:\"css\";s:7133:\".uag-blocks-common-selector{z-index:var(--z-index-desktop) !important}@media(max-width: 976px){.uag-blocks-common-selector{z-index:var(--z-index-tablet) !important}}@media(max-width: 767px){.uag-blocks-common-selector{z-index:var(--z-index-mobile) !important}}.wp-block-uagb-image{display:flex}.wp-block-uagb-image__figure{position:relative;display:flex;flex-direction:column;max-width:100%;height:auto;margin:0}.wp-block-uagb-image__figure img{height:auto;display:flex;max-width:100%;transition:box-shadow .2s ease}.wp-block-uagb-image__figure>a{display:inline-block}.wp-block-uagb-image__figure figcaption{text-align:center;margin-top:.5em;margin-bottom:1em}.wp-block-uagb-image .components-placeholder.block-editor-media-placeholder .components-placeholder__instructions{align-self:center}.wp-block-uagb-image--align-left{text-align:left}.wp-block-uagb-image--align-right{text-align:right}.wp-block-uagb-image--align-center{text-align:center}.wp-block-uagb-image--align-full .wp-block-uagb-image__figure{margin-left:calc(50% - 50vw);margin-right:calc(50% - 50vw);max-width:100vw;width:100vw;height:auto}.wp-block-uagb-image--align-full .wp-block-uagb-image__figure img{height:auto;width:100% !important}.wp-block-uagb-image--align-wide .wp-block-uagb-image__figure img{height:auto;width:100%}.wp-block-uagb-image--layout-overlay__color-wrapper{position:absolute;left:0;top:0;right:0;bottom:0;opacity:.2;background:rgba(0,0,0,.5);transition:opacity .35s ease-in-out}.wp-block-uagb-image--layout-overlay-link{position:absolute;left:0;right:0;bottom:0;top:0}.wp-block-uagb-image--layout-overlay .wp-block-uagb-image__figure:hover .wp-block-uagb-image--layout-overlay__color-wrapper{opacity:1}.wp-block-uagb-image--layout-overlay__inner{position:absolute;left:15px;right:15px;bottom:15px;top:15px;display:flex;align-items:center;justify-content:center;flex-direction:column;border-color:#fff;transition:.35s ease-in-out}.wp-block-uagb-image--layout-overlay__inner.top-left,.wp-block-uagb-image--layout-overlay__inner.top-center,.wp-block-uagb-image--layout-overlay__inner.top-right{justify-content:flex-start}.wp-block-uagb-image--layout-overlay__inner.bottom-left,.wp-block-uagb-image--layout-overlay__inner.bottom-center,.wp-block-uagb-image--layout-overlay__inner.bottom-right{justify-content:flex-end}.wp-block-uagb-image--layout-overlay__inner.top-left,.wp-block-uagb-image--layout-overlay__inner.center-left,.wp-block-uagb-image--layout-overlay__inner.bottom-left{align-items:flex-start}.wp-block-uagb-image--layout-overlay__inner.top-right,.wp-block-uagb-image--layout-overlay__inner.center-right,.wp-block-uagb-image--layout-overlay__inner.bottom-right{align-items:flex-end}.wp-block-uagb-image--layout-overlay__inner .uagb-image-heading{color:#fff;transition:transform .35s,opacity .35s ease-in-out;transform:translate3d(0, 24px, 0);margin:0;line-height:1em}.wp-block-uagb-image--layout-overlay__inner .uagb-image-separator{width:30%;border-top-width:2px;border-top-color:#fff;border-top-style:solid;margin-bottom:10px;opacity:0;transition:transform .4s,opacity .4s ease-in-out;transform:translate3d(0, 30px, 0)}.wp-block-uagb-image--layout-overlay__inner .uagb-image-caption{opacity:0;overflow:visible;color:#fff;transition:transform .45s,opacity .45s ease-in-out;transform:translate3d(0, 35px, 0)}.wp-block-uagb-image--layout-overlay__inner:hover .uagb-image-heading,.wp-block-uagb-image--layout-overlay__inner:hover .uagb-image-separator,.wp-block-uagb-image--layout-overlay__inner:hover .uagb-image-caption{opacity:1;transform:translate3d(0, 0, 0)}.wp-block-uagb-image--effect-zoomin .wp-block-uagb-image__figure img,.wp-block-uagb-image--effect-zoomin .wp-block-uagb-image__figure .wp-block-uagb-image--layout-overlay__color-wrapper{transform:scale(1);transition:transform .35s ease-in-out}.wp-block-uagb-image--effect-zoomin .wp-block-uagb-image__figure:hover img,.wp-block-uagb-image--effect-zoomin .wp-block-uagb-image__figure:hover .wp-block-uagb-image--layout-overlay__color-wrapper{transform:scale(1.05)}.wp-block-uagb-image--effect-slide .wp-block-uagb-image__figure img,.wp-block-uagb-image--effect-slide .wp-block-uagb-image__figure .wp-block-uagb-image--layout-overlay__color-wrapper{width:calc(100% + 40px) !important;max-width:none !important;transform:translate3d(-40px, 0, 0);transition:transform .35s ease-in-out}.wp-block-uagb-image--effect-slide .wp-block-uagb-image__figure:hover img,.wp-block-uagb-image--effect-slide .wp-block-uagb-image__figure:hover .wp-block-uagb-image--layout-overlay__color-wrapper{transform:translate3d(0, 0, 0)}.wp-block-uagb-image--effect-grayscale img{filter:grayscale(0%);transition:.35s ease-in-out}.wp-block-uagb-image--effect-grayscale:hover img{filter:grayscale(100%)}.wp-block-uagb-image--effect-blur img{filter:blur(0);transition:.35s ease-in-out}.wp-block-uagb-image--effect-blur:hover img{filter:blur(3px)}.uagb-block-e6f939b3.wp-block-uagb-image--layout-default figure img{box-shadow: 0px 0px 0 #00000070;}.uagb-block-e6f939b3.wp-block-uagb-image .wp-block-uagb-image__figure figcaption{font-style: normal;align-self: center;}.uagb-block-e6f939b3.wp-block-uagb-image--layout-overlay figure img{box-shadow: 0px 0px 0 #00000070;}.uagb-block-e6f939b3.wp-block-uagb-image--layout-overlay .wp-block-uagb-image--layout-overlay__color-wrapper{opacity: 0.2;}.uagb-block-e6f939b3.wp-block-uagb-image--layout-overlay .wp-block-uagb-image--layout-overlay__inner{left: 15px;right: 15px;top: 15px;bottom: 15px;}.uagb-block-e6f939b3.wp-block-uagb-image--layout-overlay .wp-block-uagb-image--layout-overlay__inner .uagb-image-heading{font-style: normal;color: #fff;opacity: 1;}.uagb-block-e6f939b3.wp-block-uagb-image--layout-overlay .wp-block-uagb-image--layout-overlay__inner .uagb-image-heading a{color: #fff;}.uagb-block-e6f939b3.wp-block-uagb-image--layout-overlay .wp-block-uagb-image--layout-overlay__inner .uagb-image-caption{opacity: 0;}.uagb-block-e6f939b3.wp-block-uagb-image--layout-overlay .wp-block-uagb-image__figure:hover .wp-block-uagb-image--layout-overlay__color-wrapper{opacity: 1;}.uagb-block-e6f939b3.wp-block-uagb-image .wp-block-uagb-image--layout-overlay__inner .uagb-image-separator{width: 30%;border-top-width: 2px;border-top-color: #fff;opacity: 0;}.uagb-block-e6f939b3.wp-block-uagb-image .wp-block-uagb-image__figure img{width: px;height: auto;}.uagb-block-e6f939b3.wp-block-uagb-image .wp-block-uagb-image__figure:hover .wp-block-uagb-image--layout-overlay__inner .uagb-image-caption{opacity: 1;}.uagb-block-e6f939b3.wp-block-uagb-image .wp-block-uagb-image__figure:hover .wp-block-uagb-image--layout-overlay__inner .uagb-image-separator{opacity: 1;}.uagb-block-e6f939b3.wp-block-uagb-image--layout-default figure:hover img{box-shadow: 0px 0px 0 #00000070;}.uagb-block-e6f939b3.wp-block-uagb-image--layout-overlay figure:hover img{box-shadow: 0px 0px 0 #00000070;}@media only screen and (max-width: 976px) {.uagb-block-e6f939b3.wp-block-uagb-image .wp-block-uagb-image__figure img{width: px;height: auto;}}@media only screen and (max-width: 767px) {.uagb-block-e6f939b3.wp-block-uagb-image .wp-block-uagb-image__figure img{width: px;height: auto;}}\";s:2:\"js\";s:0:\"\";s:18:\"current_block_list\";a:13:{i:0;s:11:\"core\/search\";i:1;s:10:\"core\/group\";i:2;s:12:\"core\/heading\";i:3;s:17:\"core\/latest-posts\";i:4;s:20:\"core\/latest-comments\";i:5;s:13:\"core\/archives\";i:6;s:15:\"core\/categories\";i:7;s:14:\"core\/paragraph\";i:8;s:10:\"uagb\/image\";i:9;s:11:\"core\/spacer\";i:10;s:30:\"woocommerce\/product-categories\";i:11;s:10:\"core\/image\";i:12;s:14:\"core\/shortcode\";}s:8:\"uag_flag\";b:1;s:11:\"uag_version\";s:10:\"1777304977\";s:6:\"gfonts\";a:0:{}s:10:\"gfonts_url\";s:0:\"\";s:12:\"gfonts_files\";a:0:{}s:14:\"uag_faq_layout\";b:0;}"]},"uagb_featured_image_src":{"full":["https:\/\/www.bedbugknocker.com\/wp-content\/uploads\/2025\/05\/SNAKE_TRAP-mockup.jpg",2560,2560,false],"thumbnail":["https:\/\/www.bedbugknocker.com\/wp-content\/uploads\/2025\/05\/SNAKE_TRAP-mockup-150x150.jpg",150,150,true],"medium":["https:\/\/www.bedbugknocker.com\/wp-content\/uploads\/2025\/05\/SNAKE_TRAP-mockup-300x300.jpg",300,300,true],"medium_large":["https:\/\/www.bedbugknocker.com\/wp-content\/uploads\/2025\/05\/SNAKE_TRAP-mockup-768x768.jpg",768,768,true],"large":["https:\/\/www.bedbugknocker.com\/wp-content\/uploads\/2025\/05\/SNAKE_TRAP-mockup-1024x1024.jpg",1024,1024,true],"1536x1536":["https:\/\/www.bedbugknocker.com\/wp-content\/uploads\/2025\/05\/SNAKE_TRAP-mockup-1536x1536.jpg",1536,1536,true],"2048x2048":["https:\/\/www.bedbugknocker.com\/wp-content\/uploads\/2025\/05\/SNAKE_TRAP-mockup-2048x2048.jpg",2048,2048,true],"trp-custom-language-flag":["https:\/\/www.bedbugknocker.com\/wp-content\/uploads\/2025\/05\/SNAKE_TRAP-mockup-12x12.jpg",12,12,true],"woocommerce_thumbnail":["https:\/\/www.bedbugknocker.com\/wp-content\/uploads\/2025\/05\/SNAKE_TRAP-mockup-300x300.jpg",300,300,true],"woocommerce_single":["https:\/\/www.bedbugknocker.com\/wp-content\/uploads\/2025\/05\/SNAKE_TRAP-mockup-600x600.jpg",600,600,true],"woocommerce_gallery_thumbnail":["https:\/\/www.bedbugknocker.com\/wp-content\/uploads\/2025\/05\/SNAKE_TRAP-mockup-100x100.jpg",100,100,true]},"uagb_author_info":{"display_name":"admin","author_link":"https:\/\/www.bedbugknocker.com\/cz\/author\/"},"uagb_comment_info":60,"uagb_excerpt":"Capture snakes safely and effectively with a professional-grade trapping solution. Our snake trap is specifically engineered to control unwanted snake presence in residential, agricultural, and commercial areas, providing a reliable method to secure your environment and reduce potential risks to people and animals. The most effective snake trap available today. Designed with advanced capture technology,&hellip;","_links":{"self":[{"href":"https:\/\/www.bedbugknocker.com\/cz\/wp-json\/wp\/v2\/product\/22957","targetHints":{"allow":["GET"]}}],"collection":[{"href":"https:\/\/www.bedbugknocker.com\/cz\/wp-json\/wp\/v2\/product"}],"about":[{"href":"https:\/\/www.bedbugknocker.com\/cz\/wp-json\/wp\/v2\/types\/product"}],"replies":[{"embeddable":true,"href":"https:\/\/www.bedbugknocker.com\/cz\/wp-json\/wp\/v2\/comments?post=22957"}],"version-history":[{"count":5,"href":"https:\/\/www.bedbugknocker.com\/cz\/wp-json\/wp\/v2\/product\/22957\/revisions"}],"predecessor-version":[{"id":27303,"href":"https:\/\/www.bedbugknocker.com\/cz\/wp-json\/wp\/v2\/product\/22957\/revisions\/27303"}],"wp:featuredmedia":[{"embeddable":true,"href":"https:\/\/www.bedbugknocker.com\/cz\/wp-json\/wp\/v2\/media\/23235"}],"wp:attachment":[{"href":"https:\/\/www.bedbugknocker.com\/cz\/wp-json\/wp\/v2\/media?parent=22957"}],"wp:term":[{"taxonomy":"product_brand","embeddable":true,"href":"https:\/\/www.bedbugknocker.com\/cz\/wp-json\/wp\/v2\/product_brand?post=22957"},{"taxonomy":"product_cat","embeddable":true,"href":"https:\/\/www.bedbugknocker.com\/cz\/wp-json\/wp\/v2\/product_cat?post=22957"},{"taxonomy":"product_tag","embeddable":true,"href":"https:\/\/www.bedbugknocker.com\/cz\/wp-json\/wp\/v2\/product_tag?post=22957"}],"curies":[{"name":"wp","href":"https:\/\/api.w.org\/{rel}","templated":true}]}}