{"id":22952,"date":"2025-05-26T16:13:19","date_gmt":"2025-05-26T14:13:19","guid":{"rendered":"https:\/\/www.bedbugknocker.com\/products\/bird-killer-500-baits\/"},"modified":"2026-02-19T19:30:20","modified_gmt":"2026-02-19T18:30:20","slug":"bird-killer-500-baits","status":"publish","type":"product","link":"https:\/\/www.bedbugknocker.com\/cz\/products\/bird-killer-500-baits\/","title":{"rendered":"Past na pt\u00e1ky a holuby"},"content":{"rendered":"<p><strong><img decoding=\"async\" style=\"margin-right: 12px;\" src=\"https:\/\/www.bedbugknocker.com\/wp-content\/uploads\/2026\/02\/Check.svg\" alt=\"\" width=\"18\" height=\"15\" \/>Chytejte pt\u00e1ky a holuby efektivn\u011b pomoc\u00ed profesion\u00e1ln\u00edho a spolehliv\u00e9ho odchytu.<\/strong> Na\u0161e pasti na pt\u00e1ky a holuby jsou speci\u00e1ln\u011b navr\u017eeny tak, aby bezpe\u010dn\u011b a \u00fa\u010dinn\u011b zvl\u00e1dly ne\u017e\u00e1douc\u00ed v\u00fdskyt pt\u00e1k\u016f v obytn\u00fdch, komer\u010dn\u00edch, zem\u011bd\u011blsk\u00fdch a pr\u016fmyslov\u00fdch prostorech. Pom\u00e1h\u00e1 kontrolovat p\u0159emno\u017een\u00ed, p\u0159edch\u00e1zet \u0161kod\u00e1m na majetku a sni\u017eovat zdravotn\u00ed rizika spojen\u00e1 s trusem a hn\u00edzd\u011bn\u00edm.<\/p>\n<p><strong><img decoding=\"async\" style=\"margin-right: 12px;\" src=\"https:\/\/www.bedbugknocker.com\/wp-content\/uploads\/2026\/02\/Check.svg\" alt=\"\" width=\"18\" height=\"15\" \/>Nej\u00fa\u010dinn\u011bj\u0161\u00ed past na pt\u00e1ky a holuby na trhu.<\/strong> Tato past s vysoce citliv\u00fdm vstupn\u00edm syst\u00e9mem a konstrukc\u00ed zabra\u0148uj\u00edc\u00ed \u00faniku maximalizuje \u00fasp\u011b\u0161nost odchytu a z\u00e1rove\u0148 br\u00e1n\u00ed pt\u00e1k\u016fm v \u00faniku z pasti. Jej\u00ed konstrukce je zalo\u017eena na vzorc\u00edch chov\u00e1n\u00ed pt\u00e1k\u016f, co\u017e zaji\u0161\u0165uje konzistentn\u00ed a spolehliv\u00fd v\u00fdkon v re\u00e1ln\u00fdch podm\u00ednk\u00e1ch.<\/p>\n<p><strong><img decoding=\"async\" style=\"margin-right: 12px;\" src=\"https:\/\/www.bedbugknocker.com\/wp-content\/uploads\/2026\/02\/Check.svg\" alt=\"\" width=\"18\" height=\"15\" \/>Nab\u00edz\u00edme nejlevn\u011bj\u0161\u00ed vysoce kvalitn\u00ed pasti na pt\u00e1ky a holuby, ani\u017e bychom ob\u011btovali jejich trvanlivost.<\/strong> Na\u0161e cenov\u00e1 strategie zaru\u010duje, \u017ee dostanete profesion\u00e1ln\u00ed v\u00fdkon za nejni\u017e\u0161\u00ed mo\u017enou cenu. Z\u00edsk\u00e1te trvanliv\u00e9 a efektivn\u00ed \u0159e\u0161en\u00ed, ani\u017e byste museli platit p\u0159emr\u0161t\u011bn\u00e9 ceny, kter\u00e9 jsou \u010dasto \u00fa\u010dtov\u00e1ny za podobn\u00e9 produkty.<\/p>\n<p><strong><img decoding=\"async\" style=\"margin-right: 12px;\" src=\"https:\/\/www.bedbugknocker.com\/wp-content\/uploads\/2026\/02\/Check.svg\" alt=\"\" width=\"18\" height=\"15\" \/>100% z\u00e1ruka vr\u00e1cen\u00ed pen\u011bz pro naprost\u00fd klid.<\/strong> Za kvalitou a \u00fa\u010dinnost\u00ed na\u0161ich past\u00ed si stoj\u00edme. Pokud nebudete s jeho v\u00fdkonem pln\u011b spokojeni, vr\u00e1t\u00edme v\u00e1m pen\u00edze za zakoupen\u00e9 zbo\u017e\u00ed bez pot\u00ed\u017e\u00ed a slo\u017eit\u00fdch postup\u016f. Va\u0161e d\u016fv\u011bra a spokojenost jsou pro n\u00e1s prioritou.<\/p>\n<p><strong><img decoding=\"async\" style=\"margin-right: 12px;\" src=\"https:\/\/www.bedbugknocker.com\/wp-content\/uploads\/2026\/02\/Check.svg\" alt=\"\" width=\"18\" height=\"15\" \/>Rychl\u00e9 doru\u010den\u00ed do 24 hodin, abyste mohli okam\u017eit\u011b reagovat.<\/strong> Napaden\u00ed pt\u00e1ky se m\u016f\u017ee rychle zv\u011bt\u0161it a zp\u016fsobit \u0161kody na st\u0159ech\u00e1ch, balkonech, skladech a zem\u011bd\u011blsk\u00fdch budov\u00e1ch. Proto v\u017edy nab\u00edz\u00edme dod\u00e1vku do 24 hodin, co\u017e v\u00e1m umo\u017en\u00ed rychle jednat a z\u00edskat zp\u011bt kontrolu nad va\u0161\u00edm prostorem.<\/p>\n<p><strong><img decoding=\"async\" style=\"margin-right: 12px;\" src=\"https:\/\/www.bedbugknocker.com\/wp-content\/uploads\/2026\/02\/Check.svg\" alt=\"\" width=\"18\" height=\"15\" \/>Efektivn\u00ed pokryt\u00ed a\u017e 20 m\u00b2 na z\u00f3nu um\u00edst\u011bn\u00ed pasti.<\/strong> P\u0159i strategick\u00e9m um\u00edst\u011bn\u00ed m\u016f\u017ee ka\u017ed\u00e1 past chr\u00e1nit plochu p\u0159ibli\u017en\u011b 20 metr\u016f \u010dtvere\u010dn\u00edch, tak\u017ee je vhodn\u00e1 pro balkony, st\u0159echy, skladovac\u00ed prostory, stodoly, terasy a dal\u0161\u00ed m\u00edsta, kde se pt\u00e1ci shroma\u017e\u010fuj\u00ed.<\/p>\n<p><strong><img decoding=\"async\" style=\"margin-right: 12px;\" src=\"https:\/\/www.bedbugknocker.com\/wp-content\/uploads\/2026\/02\/Check.svg\" alt=\"\" width=\"18\" height=\"15\" \/>Pevn\u00e1 konstrukce odoln\u00e1 proti pov\u011btrnostn\u00edm vliv\u016fm pro venkovn\u00ed pou\u017eit\u00ed.<\/strong> N\u00e1\u0161 lapa\u010d je vyroben z kovu odoln\u00e9ho proti korozi a vyztu\u017een\u00e9ho pletiva, tak\u017ee odol\u00e1v\u00e1 de\u0161ti, v\u011btru a teplotn\u00edm v\u00fdkyv\u016fm a zaji\u0161\u0165uje dlouhou \u017eivotnost ve venkovn\u00edm prost\u0159ed\u00ed.<\/p>\n<p><strong><img decoding=\"async\" style=\"margin-right: 12px;\" src=\"https:\/\/www.bedbugknocker.com\/wp-content\/uploads\/2026\/02\/Check.svg\" alt=\"\" width=\"18\" height=\"15\" \/>Hum\u00e1nn\u00ed konstrukce zadr\u017een\u00ed, pokud se pou\u017e\u00edv\u00e1 spr\u00e1vn\u011b.<\/strong> Past je navr\u017eena tak, aby p\u0159i pravideln\u00e9m sledov\u00e1n\u00ed a pou\u017e\u00edv\u00e1n\u00ed v souladu s m\u00edstn\u00edmi p\u0159edpisy pro voln\u011b \u017eij\u00edc\u00ed zv\u00ed\u0159ata bezpe\u010dn\u011b zadr\u017eovala odchycen\u00e9 pt\u00e1ky bez zbyte\u010dn\u00e9ho zran\u011bn\u00ed.<\/p>\n<p><strong><img decoding=\"async\" style=\"margin-right: 12px;\" src=\"https:\/\/www.bedbugknocker.com\/wp-content\/uploads\/2026\/02\/Check.svg\" alt=\"\" width=\"18\" height=\"15\" \/>Snadn\u00e1 instalace bez nutnosti pou\u017eit\u00ed speci\u00e1ln\u00edho n\u00e1\u0159ad\u00ed.<\/strong> Past mohou rychle sestavit a nastavit majitel\u00e9 dom\u016f, pracovn\u00edci \u00fadr\u017eby, zem\u011bd\u011blci nebo odborn\u00edci na huben\u00ed \u0161k\u016fdc\u016f, tak\u017ee je praktick\u00e1 pro r\u016fzn\u00e9 aplikace.<\/p>\n<p><strong><img decoding=\"async\" style=\"margin-right: 12px;\" src=\"https:\/\/www.bedbugknocker.com\/wp-content\/uploads\/2026\/02\/Check.svg\" alt=\"\" width=\"18\" height=\"15\" \/>Chra\u0148te sv\u016fj majetek, hygienu a integritu konstrukce.<\/strong> Pt\u00e1ci a holubi mohou zp\u016fsobit zna\u010dn\u00e9 \u0161kody na stavb\u011b a hygienick\u00e9 probl\u00e9my kv\u016fli trusu, hn\u00edzdn\u00edmu materi\u00e1lu a zablokovan\u00fdm odvod\u0148ovac\u00edm syst\u00e9m\u016fm. Pou\u017eit\u00edm na\u0161eho vysoce \u00fa\u010dinn\u00e9ho lapa\u010de udr\u017e\u00edte \u010dist\u0161\u00ed, bezpe\u010dn\u011bj\u0161\u00ed a kontrolovan\u011bj\u0161\u00ed prost\u0159ed\u00ed.<\/p>\n<h2><strong>Pokyny<\/strong><\/h2>\n<ul>\n<li>Ur\u010dete m\u00edsta, kde pt\u00e1ci nebo holubi \u010dasto p\u0159ist\u00e1vaj\u00ed, hn\u00edzd\u00ed nebo se krm\u00ed, jako jsou st\u0159echy, balkony, \u0159\u00edmsy, stodoly nebo skladovac\u00ed prostory.<\/li>\n<li>Um\u00edst\u011bte past na rovn\u00fd, stabiln\u00ed povrch v c\u00edlov\u00e9 z\u00f3n\u011b o rozloze 20 m\u00b2. Ujist\u011bte se, \u017ee je um\u00edst\u011bna pod\u00e9l b\u011b\u017en\u00fdch p\u0159ist\u00e1vac\u00edch nebo p\u011b\u0161\u00edch cest.<\/li>\n<li>K p\u0159il\u00e1k\u00e1n\u00ed pt\u00e1k\u016f pou\u017eijte vhodnou n\u00e1vnadu, nap\u0159\u00edklad zrn\u00ed, semena nebo kousky chleba um\u00edst\u011bn\u00e9 uvnit\u0159 pasti v bl\u00edzkosti vstupn\u00edho mechanismu.<\/li>\n<li>P\u0159ed opu\u0161t\u011bn\u00edm prostoru se ujist\u011bte, \u017ee jsou vstupn\u00ed dv\u00ed\u0159ka nebo syst\u00e9m n\u00e1levky spr\u00e1vn\u011b nastaveny podle vestav\u011bn\u00e9ho mechanismu pasti.<\/li>\n<li>V p\u0159\u00edpad\u011b v\u011bt\u0161\u00edch zamo\u0159en\u00fdch oblast\u00ed instalujte v\u00edce past\u00ed rozm\u00edst\u011bn\u00fdch ve strategick\u00fdch vzd\u00e1lenostech, abyste maximalizovali pokryt\u00ed a \u00fa\u010dinnost.<\/li>\n<li>Past kontrolujte alespo\u0148 jednou a\u017e dvakr\u00e1t denn\u011b, abyste mohli sledovat odchycen\u00e9 pt\u00e1ky a udr\u017eovat hum\u00e1nn\u00ed podm\u00ednky.<\/li>\n<li>P\u0159i manipulaci pou\u017e\u00edvejte rukavice, abyste zachovali hygienu a omezili p\u0159enos pach\u016f.<\/li>\n<li>Po odchytu dodr\u017eujte m\u00edstn\u00ed p\u0159edpisy t\u00fdkaj\u00edc\u00ed se p\u0159em\u00edst\u011bn\u00ed nebo dal\u0161\u00edho nakl\u00e1d\u00e1n\u00ed s voln\u011b \u017eij\u00edc\u00edmi \u017eivo\u010dichy.<\/li>\n<li>Past pravideln\u011b \u010dist\u011bte a dezinfikujte, abyste zabr\u00e1nili p\u0159enosu nemoc\u00ed a udr\u017eeli dlouhodob\u00fd v\u00fdkon.<\/li>\n<li>Pokud lapa\u010d nepou\u017e\u00edv\u00e1te, ulo\u017ete jej na such\u00e9m m\u00edst\u011b, abyste zachovali jeho konstruk\u010dn\u00ed celistvost a p\u0159ipravenost k budouc\u00edmu nasazen\u00ed.<\/li>\n<\/ul>","protected":false},"excerpt":{"rendered":"<p>Capture birds and pigeons efficiently with a professional and reliable trapping solution. Our bird and pigeon trap is specially designed to safely and effectively manage unwanted bird presence in residential, commercial, agricultural, and industrial environments. It helps control overpopulation, prevent property damage, and reduce health risks associated with droppings and nesting. The most effective bird [&hellip;]<\/p>\n","protected":false},"featured_media":26405,"comment_status":"open","ping_status":"closed","template":"","meta":{"_uag_custom_page_level_css":"","site-sidebar-layout":"default","site-content-layout":"","ast-site-content-layout":"default","site-content-style":"default","site-sidebar-style":"default","ast-global-header-display":"","ast-banner-title-visibility":"","ast-main-header-display":"","ast-hfb-above-header-display":"","ast-hfb-below-header-display":"","ast-hfb-mobile-header-display":"","site-post-title":"","ast-breadcrumbs-content":"","ast-featured-img":"","footer-sml-layout":"","ast-disable-related-posts":"","theme-transparent-header-meta":"default","adv-header-id-meta":"","stick-header-meta":"","header-above-stick-meta":"","header-main-stick-meta":"","header-below-stick-meta":"","astra-migrate-meta-layouts":"set","ast-page-background-enabled":"default","ast-page-background-meta":{"desktop":{"background-color":"var(--ast-global-color-4)","background-image":"","background-repeat":"repeat","background-position":"center center","background-size":"auto","background-attachment":"scroll","background-type":"","background-media":"","overlay-type":"","overlay-color":"","overlay-opacity":"","overlay-gradient":""},"tablet":{"background-color":"","background-image":"","background-repeat":"repeat","background-position":"center center","background-size":"auto","background-attachment":"scroll","background-type":"","background-media":"","overlay-type":"","overlay-color":"","overlay-opacity":"","overlay-gradient":""},"mobile":{"background-color":"","background-image":"","background-repeat":"repeat","background-position":"center center","background-size":"auto","background-attachment":"scroll","background-type":"","background-media":"","overlay-type":"","overlay-color":"","overlay-opacity":"","overlay-gradient":""}},"ast-content-background-meta":{"desktop":{"background-color":"var(--ast-global-color-5)","background-image":"","background-repeat":"repeat","background-position":"center center","background-size":"auto","background-attachment":"scroll","background-type":"","background-media":"","overlay-type":"","overlay-color":"","overlay-opacity":"","overlay-gradient":""},"tablet":{"background-color":"var(--ast-global-color-5)","background-image":"","background-repeat":"repeat","background-position":"center center","background-size":"auto","background-attachment":"scroll","background-type":"","background-media":"","overlay-type":"","overlay-color":"","overlay-opacity":"","overlay-gradient":""},"mobile":{"background-color":"var(--ast-global-color-5)","background-image":"","background-repeat":"repeat","background-position":"center center","background-size":"auto","background-attachment":"scroll","background-type":"","background-media":"","overlay-type":"","overlay-color":"","overlay-opacity":"","overlay-gradient":""}}},"product_brand":[],"product_cat":[174],"product_tag":[],"class_list":{"0":"post-22952","1":"product","2":"type-product","3":"status-publish","4":"has-post-thumbnail","6":"product_cat-pest-control","7":"desktop-align-left","8":"tablet-align-left","9":"mobile-align-left","11":"first","12":"instock","13":"taxable","14":"shipping-taxable","15":"purchasable","16":"product-type-simple"},"spectra_custom_meta":{"_visibility":["visible"],"_shopify_product_id":["8032617890018"],"_s2w_shopify_domain":["bedbugknocker.myshopify.com"],"_shopify_variant_id":["43849034399970"],"_sku":["BBKBIRDKILLER"],"_regular_price":["29.90"],"_price":["29.90"],"_sale_price":[""],"_weight":["0.2"],"_thumbnail_id":["26405"],"_global_unique_id":["5056773800229"],"total_sales":["69"],"_tax_status":["taxable"],"_tax_class":[""],"_manage_stock":["no"],"_backorders":["no"],"_sold_individually":["no"],"_virtual":["no"],"_downloadable":["no"],"_download_limit":["-1"],"_download_expiry":["-1"],"_stock":[null],"_stock_status":["instock"],"_wc_average_rating":["4.79"],"_wc_review_count":["73"],"_product_version":["10.5.2"],"_edit_lock":["1771525682:1"],"_edit_last":["1"],"_wp_page_template":["default"],"_woocs_price_geo_countries":[""],"_woocs_regular_price_geo":[""],"_woocs_sale_price_geo":[""],"site-sidebar-layout":["default"],"ast-site-content-layout":["default"],"site-content-style":["default"],"site-sidebar-style":["default"],"theme-transparent-header-meta":["default"],"_wc_rating_count":["a:3:{i:3;i:4;i:4;i:7;i:5;i:62;}"],"merchant-center-id":["PAOP"],"merchant-center-category":["7137"],"merchant-center-availability":["yes"],"astra-migrate-meta-layouts":["set"],"_uag_css_file_name":["uag-css-22952.css"],"_elementor_page_assets":["a:0:{}"]},"uagb_featured_image_src":{"full":["https:\/\/www.bedbugknocker.com\/wp-content\/uploads\/2025\/05\/Bird-and-Pigeon-Trap.png",2560,2560,false],"thumbnail":["https:\/\/www.bedbugknocker.com\/wp-content\/uploads\/2025\/05\/Bird-and-Pigeon-Trap-150x150.png",150,150,true],"medium":["https:\/\/www.bedbugknocker.com\/wp-content\/uploads\/2025\/05\/Bird-and-Pigeon-Trap-300x300.png",300,300,true],"medium_large":["https:\/\/www.bedbugknocker.com\/wp-content\/uploads\/2025\/05\/Bird-and-Pigeon-Trap-768x768.png",768,768,true],"large":["https:\/\/www.bedbugknocker.com\/wp-content\/uploads\/2025\/05\/Bird-and-Pigeon-Trap-1024x1024.png",1024,1024,true],"1536x1536":["https:\/\/www.bedbugknocker.com\/wp-content\/uploads\/2025\/05\/Bird-and-Pigeon-Trap-1536x1536.png",1536,1536,true],"2048x2048":["https:\/\/www.bedbugknocker.com\/wp-content\/uploads\/2025\/05\/Bird-and-Pigeon-Trap-2048x2048.png",2048,2048,true],"trp-custom-language-flag":["https:\/\/www.bedbugknocker.com\/wp-content\/uploads\/2025\/05\/Bird-and-Pigeon-Trap-12x12.png",12,12,true],"woocommerce_thumbnail":["https:\/\/www.bedbugknocker.com\/wp-content\/uploads\/2025\/05\/Bird-and-Pigeon-Trap-300x300.png",300,300,true],"woocommerce_single":["https:\/\/www.bedbugknocker.com\/wp-content\/uploads\/2025\/05\/Bird-and-Pigeon-Trap-600x600.png",600,600,true],"woocommerce_gallery_thumbnail":["https:\/\/www.bedbugknocker.com\/wp-content\/uploads\/2025\/05\/Bird-and-Pigeon-Trap-100x100.png",100,100,true]},"uagb_author_info":{"display_name":"admin","author_link":"https:\/\/www.bedbugknocker.com\/cz\/author\/"},"uagb_comment_info":73,"uagb_excerpt":"Capture birds and pigeons efficiently with a professional and reliable trapping solution. Our bird and pigeon trap is specially designed to safely and effectively manage unwanted bird presence in residential, commercial, agricultural, and industrial environments. It helps control overpopulation, prevent property damage, and reduce health risks associated with droppings and nesting. The most effective bird&hellip;","_links":{"self":[{"href":"https:\/\/www.bedbugknocker.com\/cz\/wp-json\/wp\/v2\/product\/22952","targetHints":{"allow":["GET"]}}],"collection":[{"href":"https:\/\/www.bedbugknocker.com\/cz\/wp-json\/wp\/v2\/product"}],"about":[{"href":"https:\/\/www.bedbugknocker.com\/cz\/wp-json\/wp\/v2\/types\/product"}],"replies":[{"embeddable":true,"href":"https:\/\/www.bedbugknocker.com\/cz\/wp-json\/wp\/v2\/comments?post=22952"}],"version-history":[{"count":6,"href":"https:\/\/www.bedbugknocker.com\/cz\/wp-json\/wp\/v2\/product\/22952\/revisions"}],"predecessor-version":[{"id":27306,"href":"https:\/\/www.bedbugknocker.com\/cz\/wp-json\/wp\/v2\/product\/22952\/revisions\/27306"}],"wp:featuredmedia":[{"embeddable":true,"href":"https:\/\/www.bedbugknocker.com\/cz\/wp-json\/wp\/v2\/media\/26405"}],"wp:attachment":[{"href":"https:\/\/www.bedbugknocker.com\/cz\/wp-json\/wp\/v2\/media?parent=22952"}],"wp:term":[{"taxonomy":"product_brand","embeddable":true,"href":"https:\/\/www.bedbugknocker.com\/cz\/wp-json\/wp\/v2\/product_brand?post=22952"},{"taxonomy":"product_cat","embeddable":true,"href":"https:\/\/www.bedbugknocker.com\/cz\/wp-json\/wp\/v2\/product_cat?post=22952"},{"taxonomy":"product_tag","embeddable":true,"href":"https:\/\/www.bedbugknocker.com\/cz\/wp-json\/wp\/v2\/product_tag?post=22952"}],"curies":[{"name":"wp","href":"https:\/\/api.w.org\/{rel}","templated":true}]}}