{"id":22958,"date":"2025-05-26T16:13:26","date_gmt":"2025-05-26T14:13:26","guid":{"rendered":"https:\/\/www.bedbugknocker.com\/products\/weasel-killer-500-baits\/"},"modified":"2026-02-19T19:26:09","modified_gmt":"2026-02-19T18:26:09","slug":"weasel-killer-500-baits","status":"publish","type":"product","link":"https:\/\/www.bedbugknocker.com\/ch-de\/products\/weasel-killer-500-baits\/","title":{"rendered":"Wiesel-Falle"},"content":{"rendered":"<p><strong><img decoding=\"async\" style=\"margin-right: 12px;\" src=\"https:\/\/www.bedbugknocker.com\/wp-content\/uploads\/2026\/02\/Check.svg\" alt=\"\" width=\"18\" height=\"15\" \/>Fangen Sie Wiesel schnell und auf humane Weise mit einer zuverl\u00e4ssigen, leistungsstarken Falle.<\/strong> Unsere Wieselfalle wurde speziell entwickelt, um Wiesel effektiv zu fangen, ohne ihnen unn\u00f6tiges Leid zuzuf\u00fcgen. Damit ist sie eine verantwortungsvolle und effiziente L\u00f6sung, um Ihr Eigentum, Ihr Gefl\u00fcgel und Ihre Kleintiere vor Sch\u00e4den und Raubtieren zu sch\u00fctzen.<\/p>\n<p><strong><img decoding=\"async\" style=\"margin-right: 12px;\" src=\"https:\/\/www.bedbugknocker.com\/wp-content\/uploads\/2026\/02\/Check.svg\" alt=\"\" width=\"18\" height=\"15\" \/>Die wirksamste Wieselfalle auf dem Markt.<\/strong> Diese Falle mit Pr\u00e4zisionsausl\u00f6sertechnologie und sicherem Verriegelungsmechanismus gew\u00e4hrleistet eine hohe Fangrate bei gleichzeitiger Minimierung von Fehlausl\u00f6sungen. Dank ihrer sensiblen und dennoch stabilen Konstruktion reagiert sie sofort, wenn ein Wiesel eindringt, und liefert konsistente und verl\u00e4ssliche Ergebnisse.<\/p>\n<p><strong><img decoding=\"async\" style=\"margin-right: 12px;\" src=\"https:\/\/www.bedbugknocker.com\/wp-content\/uploads\/2026\/02\/Check.svg\" alt=\"\" width=\"18\" height=\"15\" \/>Wir bieten die billigste Wieselfalle in Profiqualit\u00e4t an.<\/strong> Unsere wettbewerbsf\u00e4higen Preise garantieren, dass Sie eine erstklassige Leistung zu den niedrigstm\u00f6glichen Kosten erhalten. F\u00fcr eine wirksame Wildtierbek\u00e4mpfung m\u00fcssen Sie nicht zu viel bezahlen. Unsere Fallen vereinen Haltbarkeit, Effizienz und Erschwinglichkeit in einer L\u00f6sung.<\/p>\n<p><strong><img decoding=\"async\" style=\"margin-right: 12px;\" src=\"https:\/\/www.bedbugknocker.com\/wp-content\/uploads\/2026\/02\/Check.svg\" alt=\"\" width=\"18\" height=\"15\" \/>100% Geld-zur\u00fcck-Garantie f\u00fcr absolutes Vertrauen.<\/strong> Wir haben volles Vertrauen in die Wirksamkeit und Qualit\u00e4t unserer Wieselfalle. Wenn Sie mit der Leistung nicht zufrieden sind, erstatten wir Ihnen den Kaufpreis zur\u00fcck - keine komplizierten Verfahren, keine versteckten Bedingungen.<\/p>\n<p><strong><img decoding=\"async\" style=\"margin-right: 12px;\" src=\"https:\/\/www.bedbugknocker.com\/wp-content\/uploads\/2026\/02\/Check.svg\" alt=\"\" width=\"18\" height=\"15\" \/>Schnelle 24-Stunden-Lieferung, damit Sie Ihr Eigentum sofort sch\u00fctzen k\u00f6nnen.<\/strong> Wir wissen, dass der Umgang mit Wieseln dringend ist, vor allem, wenn Nutztiere oder Gefl\u00fcgel in Gefahr sind. Deshalb bieten wir immer eine 24-Stunden-Lieferung an, damit Sie ohne Verz\u00f6gerung handeln k\u00f6nnen.<\/p>\n<p><strong><img decoding=\"async\" style=\"margin-right: 12px;\" src=\"https:\/\/www.bedbugknocker.com\/wp-content\/uploads\/2026\/02\/Check.svg\" alt=\"\" width=\"18\" height=\"15\" \/>Langlebige und witterungsbest\u00e4ndige Konstruktion f\u00fcr den langfristigen Einsatz.<\/strong> Unsere Wieselfalle ist aus robusten, korrosionsbest\u00e4ndigen Materialien gefertigt und widersteht den Bedingungen im Freien wie Regen, K\u00e4lte und Feuchtigkeit. Sie ist f\u00fcr den wiederholten Einsatz Saison f\u00fcr Saison konzipiert, ohne an Wirksamkeit zu verlieren.<\/p>\n<p><strong><img decoding=\"async\" style=\"margin-right: 12px;\" src=\"https:\/\/www.bedbugknocker.com\/wp-content\/uploads\/2026\/02\/Check.svg\" alt=\"\" width=\"18\" height=\"15\" \/>Sicheres Design zur Verringerung des Risikos f\u00fcr Nicht-Zieltiere.<\/strong> Die Falle ist so konstruiert, dass sie speziell auf Wiesel aufgrund ihrer Gr\u00f6\u00dfe und ihres Verhaltens abzielt und dazu beitr\u00e4gt, den versehentlichen Fang gr\u00f6\u00dferer Tiere zu reduzieren, wenn sie richtig platziert und gem\u00e4\u00df den Anweisungen verwendet wird.<\/p>\n<p><strong><img decoding=\"async\" style=\"margin-right: 12px;\" src=\"https:\/\/www.bedbugknocker.com\/wp-content\/uploads\/2026\/02\/Check.svg\" alt=\"\" width=\"18\" height=\"15\" \/>Leicht einzustellen und einfach zu \u00fcberwachen.<\/strong> Der intuitive Mechanismus erm\u00f6glicht eine schnelle Einrichtung ohne Spezialwerkzeug oder Schulung. Ein sicheres Verschlusssystem sorgt daf\u00fcr, dass die Falle nach dem Ausl\u00f6sen geschlossen bleibt und ein Entweichen verhindert.<\/p>\n<p><strong><img decoding=\"async\" style=\"margin-right: 12px;\" src=\"https:\/\/www.bedbugknocker.com\/wp-content\/uploads\/2026\/02\/Check.svg\" alt=\"\" width=\"18\" height=\"15\" \/>Vielseitige Aufstellungsm\u00f6glichkeiten f\u00fcr unterschiedliche Umgebungen.<\/strong> Diese Falle eignet sich f\u00fcr Bauernh\u00f6fe, Scheunen, H\u00fchnerst\u00e4lle, G\u00e4rten, Schuppen und l\u00e4ndliche Grundst\u00fccke und passt sich an verschiedene Umgebungen an, in denen Wieselaktivit\u00e4ten festgestellt werden.<\/p>\n<p><strong><img decoding=\"async\" style=\"margin-right: 12px;\" src=\"https:\/\/www.bedbugknocker.com\/wp-content\/uploads\/2026\/02\/Check.svg\" alt=\"\" width=\"18\" height=\"15\" \/>Sch\u00fctzt Ihr Vieh, Ihr Gefl\u00fcgel und Ihr Eigentum wirksam.<\/strong> Wiesel k\u00f6nnen in k\u00fcrzester Zeit gro\u00dfen Schaden anrichten. Durch den Einsatz unserer hochwirksamen Fallen sch\u00fctzen Sie Ihre Tiere, verringern Verluste und bewahren Ihren Seelenfrieden mit einer zuverl\u00e4ssigen L\u00f6sung zur Wildtierbek\u00e4mpfung.<\/p>\n<h2><strong>Anweisungen<\/strong><\/h2>\n<ul>\n<li>Identifizieren Sie Bereiche mit Anzeichen von Wieselaktivit\u00e4ten, wie Spuren, Kot, gest\u00f6rte Nester oder Eintrittsstellen in der N\u00e4he von Gefl\u00fcgelst\u00e4llen, Scheunen oder Schuppen.<\/li>\n<li>Stellen Sie die Falle auf einer ebenen, stabilen Fl\u00e4che entlang von Mauern, Z\u00e4unen oder schmalen Wegen auf, wo sich Wiesel nat\u00fcrlicherweise bewegen.<\/li>\n<li>Locken Sie die Falle mit Frischfleisch, Gefl\u00fcgelresten oder Fisch, um das Wiesel anzulocken. Platzieren Sie den K\u00f6der sicher im Ausl\u00f6sebereich.<\/li>\n<li>Stellen Sie den Ausl\u00f6semechanismus sorgf\u00e4ltig gem\u00e4\u00df der auf der Falle angebrachten Anleitung ein. Vergewissern Sie sich, dass die T\u00fcr oder das Fangsystem ordnungsgem\u00e4\u00df scharf und stabil ist.<\/li>\n<li>Die besten Ergebnisse erzielen Sie, wenn Sie eine Falle pro aktiver Zone verwenden. In gr\u00f6\u00dferen Gebieten k\u00f6nnen mehrere Fallen erforderlich sein, um die Wirksamkeit zu erh\u00f6hen.<\/li>\n<li>Kontrollieren Sie die Falle mindestens ein- bis zweimal t\u00e4glich, um sicherzustellen, dass alle gefangenen Tiere rechtzeitig behandelt werden und um sie gegebenenfalls neu zu besetzen.<\/li>\n<li>Tragen Sie bei der Handhabung der Falle Handschuhe, um den menschlichen Geruch zu reduzieren und den Fangerfolg zu erh\u00f6hen.<\/li>\n<li>Befolgen Sie nach dem Einfangen die \u00f6rtlichen Vorschriften zur Umsiedlung oder Entsorgung von Wildtieren. Halten Sie sich immer an die \u00f6rtlichen Gesetze zur Wildtierkontrolle.<\/li>\n<li>Reinigen Sie den Siphon nach jedem Gebrauch gr\u00fcndlich mit Wasser und einem milden Desinfektionsmittel, um die Hygiene und die langfristige Leistungsf\u00e4higkeit zu erhalten.<\/li>\n<li>Lagern Sie den Ableiter an einem trockenen Ort, wenn er nicht benutzt wird, um seine Haltbarkeit und mechanische Zuverl\u00e4ssigkeit zu erhalten.<\/li>\n<\/ul>","protected":false},"excerpt":{"rendered":"<p>Capture weasels quickly and humanely with a reliable, high-performance trap. Our weasel trap is specifically designed to effectively capture weasels without causing unnecessary suffering, making it a responsible and efficient solution for protecting your property, poultry, and small animals from damage and predation. The most effective weasel trap on the market. Engineered with precision-trigger technology [&hellip;]<\/p>\n","protected":false},"featured_media":23237,"comment_status":"open","ping_status":"closed","template":"","meta":{"_uag_custom_page_level_css":"","site-sidebar-layout":"default","site-content-layout":"","ast-site-content-layout":"default","site-content-style":"default","site-sidebar-style":"default","ast-global-header-display":"","ast-banner-title-visibility":"","ast-main-header-display":"","ast-hfb-above-header-display":"","ast-hfb-below-header-display":"","ast-hfb-mobile-header-display":"","site-post-title":"","ast-breadcrumbs-content":"","ast-featured-img":"","footer-sml-layout":"","ast-disable-related-posts":"","theme-transparent-header-meta":"default","adv-header-id-meta":"","stick-header-meta":"","header-above-stick-meta":"","header-main-stick-meta":"","header-below-stick-meta":"","astra-migrate-meta-layouts":"set","ast-page-background-enabled":"default","ast-page-background-meta":{"desktop":{"background-color":"var(--ast-global-color-4)","background-image":"","background-repeat":"repeat","background-position":"center center","background-size":"auto","background-attachment":"scroll","background-type":"","background-media":"","overlay-type":"","overlay-color":"","overlay-opacity":"","overlay-gradient":""},"tablet":{"background-color":"","background-image":"","background-repeat":"repeat","background-position":"center center","background-size":"auto","background-attachment":"scroll","background-type":"","background-media":"","overlay-type":"","overlay-color":"","overlay-opacity":"","overlay-gradient":""},"mobile":{"background-color":"","background-image":"","background-repeat":"repeat","background-position":"center center","background-size":"auto","background-attachment":"scroll","background-type":"","background-media":"","overlay-type":"","overlay-color":"","overlay-opacity":"","overlay-gradient":""}},"ast-content-background-meta":{"desktop":{"background-color":"var(--ast-global-color-5)","background-image":"","background-repeat":"repeat","background-position":"center center","background-size":"auto","background-attachment":"scroll","background-type":"","background-media":"","overlay-type":"","overlay-color":"","overlay-opacity":"","overlay-gradient":""},"tablet":{"background-color":"var(--ast-global-color-5)","background-image":"","background-repeat":"repeat","background-position":"center center","background-size":"auto","background-attachment":"scroll","background-type":"","background-media":"","overlay-type":"","overlay-color":"","overlay-opacity":"","overlay-gradient":""},"mobile":{"background-color":"var(--ast-global-color-5)","background-image":"","background-repeat":"repeat","background-position":"center center","background-size":"auto","background-attachment":"scroll","background-type":"","background-media":"","overlay-type":"","overlay-color":"","overlay-opacity":"","overlay-gradient":""}}},"product_brand":[],"product_cat":[174],"product_tag":[],"class_list":{"0":"post-22958","1":"product","2":"type-product","3":"status-publish","4":"has-post-thumbnail","6":"product_cat-pest-control","7":"desktop-align-left","8":"tablet-align-left","9":"mobile-align-left","11":"first","12":"instock","13":"shipping-taxable","14":"purchasable","15":"product-type-simple"},"spectra_custom_meta":{"_visibility":["visible"],"_shopify_product_id":["8032622346466"],"_s2w_shopify_domain":["bedbugknocker.myshopify.com"],"_shopify_variant_id":["43849040167138"],"_sku":["BBKWEASELKILLER"],"_regular_price":["29.90"],"_price":["29.90"],"_sale_price":[""],"_weight":["0.2"],"_thumbnail_id":["23237"],"_global_unique_id":["5056773800243"],"total_sales":["32"],"_tax_status":["taxable"],"_tax_class":[""],"_manage_stock":["no"],"_backorders":["no"],"_sold_individually":["no"],"_virtual":["no"],"_downloadable":["no"],"_download_limit":["-1"],"_download_expiry":["-1"],"_stock":[null],"_stock_status":["instock"],"_wc_average_rating":["4.91"],"_wc_review_count":["74"],"_product_version":["10.5.2"],"_edit_lock":["1771708304:1"],"_edit_last":["1"],"_wp_page_template":["default"],"_woocs_price_geo_countries":[""],"_woocs_regular_price_geo":[""],"_woocs_sale_price_geo":[""],"site-sidebar-layout":["default"],"ast-site-content-layout":["default"],"site-content-style":["default"],"site-sidebar-style":["default"],"theme-transparent-header-meta":["default"],"_wc_rating_count":["a:2:{i:4;i:7;i:5;i:67;}"],"merchant-center-availability":["yes"],"merchant-center-id":["PAF"],"merchant-center-category":["7137"],"astra-migrate-meta-layouts":["set"],"_uag_css_file_name":["uag-css-22958.css"],"_elementor_page_assets":["a:0:{}"],"_uag_page_assets":["a:9:{s:3:\"css\";s:7156:\".uag-blocks-common-selector{z-index:var(--z-index-desktop) !important}@media (max-width: 976px){.uag-blocks-common-selector{z-index:var(--z-index-tablet) !important}}@media (max-width: 767px){.uag-blocks-common-selector{z-index:var(--z-index-mobile) !important}}\n.wp-block-uagb-image{display:flex}.wp-block-uagb-image__figure{position:relative;display:flex;flex-direction:column;max-width:100%;height:auto;margin:0}.wp-block-uagb-image__figure img{height:auto;display:flex;max-width:100%;transition:box-shadow 0.2s ease}.wp-block-uagb-image__figure>a{display:inline-block}.wp-block-uagb-image__figure figcaption{text-align:center;margin-top:0.5em;margin-bottom:1em}.wp-block-uagb-image .components-placeholder.block-editor-media-placeholder .components-placeholder__instructions{align-self:center}.wp-block-uagb-image--align-left{text-align:left}.wp-block-uagb-image--align-right{text-align:right}.wp-block-uagb-image--align-center{text-align:center}.wp-block-uagb-image--align-full .wp-block-uagb-image__figure{margin-left:calc(50% - 50vw);margin-right:calc(50% - 50vw);max-width:100vw;width:100vw;height:auto}.wp-block-uagb-image--align-full .wp-block-uagb-image__figure img{height:auto;width:100% !important}.wp-block-uagb-image--align-wide .wp-block-uagb-image__figure img{height:auto;width:100%}.wp-block-uagb-image--layout-overlay__color-wrapper{position:absolute;left:0;top:0;right:0;bottom:0;opacity:0.2;background:rgba(0,0,0,0.5);transition:opacity 0.35s ease-in-out}.wp-block-uagb-image--layout-overlay-link{position:absolute;left:0;right:0;bottom:0;top:0}.wp-block-uagb-image--layout-overlay .wp-block-uagb-image__figure:hover .wp-block-uagb-image--layout-overlay__color-wrapper{opacity:1}.wp-block-uagb-image--layout-overlay__inner{position:absolute;left:15px;right:15px;bottom:15px;top:15px;display:flex;align-items:center;justify-content:center;flex-direction:column;border-color:#fff;transition:0.35s ease-in-out}.wp-block-uagb-image--layout-overlay__inner.top-left,.wp-block-uagb-image--layout-overlay__inner.top-center,.wp-block-uagb-image--layout-overlay__inner.top-right{justify-content:flex-start}.wp-block-uagb-image--layout-overlay__inner.bottom-left,.wp-block-uagb-image--layout-overlay__inner.bottom-center,.wp-block-uagb-image--layout-overlay__inner.bottom-right{justify-content:flex-end}.wp-block-uagb-image--layout-overlay__inner.top-left,.wp-block-uagb-image--layout-overlay__inner.center-left,.wp-block-uagb-image--layout-overlay__inner.bottom-left{align-items:flex-start}.wp-block-uagb-image--layout-overlay__inner.top-right,.wp-block-uagb-image--layout-overlay__inner.center-right,.wp-block-uagb-image--layout-overlay__inner.bottom-right{align-items:flex-end}.wp-block-uagb-image--layout-overlay__inner .uagb-image-heading{color:#fff;transition:transform 0.35s, opacity 0.35s ease-in-out;transform:translate3d(0, 24px, 0);margin:0;line-height:1em}.wp-block-uagb-image--layout-overlay__inner .uagb-image-separator{width:30%;border-top-width:2px;border-top-color:#fff;border-top-style:solid;margin-bottom:10px;opacity:0;transition:transform 0.4s, opacity 0.4s ease-in-out;transform:translate3d(0, 30px, 0)}.wp-block-uagb-image--layout-overlay__inner .uagb-image-caption{opacity:0;overflow:visible;color:#fff;transition:transform 0.45s, opacity 0.45s ease-in-out;transform:translate3d(0, 35px, 0)}.wp-block-uagb-image--layout-overlay__inner:hover .uagb-image-heading,.wp-block-uagb-image--layout-overlay__inner:hover .uagb-image-separator,.wp-block-uagb-image--layout-overlay__inner:hover .uagb-image-caption{opacity:1;transform:translate3d(0, 0, 0)}.wp-block-uagb-image--effect-zoomin .wp-block-uagb-image__figure img,.wp-block-uagb-image--effect-zoomin .wp-block-uagb-image__figure .wp-block-uagb-image--layout-overlay__color-wrapper{transform:scale(1);transition:transform 0.35s ease-in-out}.wp-block-uagb-image--effect-zoomin .wp-block-uagb-image__figure:hover img,.wp-block-uagb-image--effect-zoomin .wp-block-uagb-image__figure:hover .wp-block-uagb-image--layout-overlay__color-wrapper{transform:scale(1.05)}.wp-block-uagb-image--effect-slide .wp-block-uagb-image__figure img,.wp-block-uagb-image--effect-slide .wp-block-uagb-image__figure .wp-block-uagb-image--layout-overlay__color-wrapper{width:calc(100% + 40px) !important;max-width:none !important;transform:translate3d(-40px, 0, 0);transition:transform 0.35s ease-in-out}.wp-block-uagb-image--effect-slide .wp-block-uagb-image__figure:hover img,.wp-block-uagb-image--effect-slide .wp-block-uagb-image__figure:hover .wp-block-uagb-image--layout-overlay__color-wrapper{transform:translate3d(0, 0, 0)}.wp-block-uagb-image--effect-grayscale img{filter:grayscale(0%);transition:0.35s ease-in-out}.wp-block-uagb-image--effect-grayscale:hover img{filter:grayscale(100%)}.wp-block-uagb-image--effect-blur img{filter:blur(0);transition:0.35s ease-in-out}.wp-block-uagb-image--effect-blur:hover img{filter:blur(3px)}\n.uagb-block-e6f939b3.wp-block-uagb-image--layout-default figure img{box-shadow: 0px 0px 0 #00000070;}.uagb-block-e6f939b3.wp-block-uagb-image .wp-block-uagb-image__figure figcaption{font-style: normal;align-self: center;}.uagb-block-e6f939b3.wp-block-uagb-image--layout-overlay figure img{box-shadow: 0px 0px 0 #00000070;}.uagb-block-e6f939b3.wp-block-uagb-image--layout-overlay .wp-block-uagb-image--layout-overlay__color-wrapper{opacity: 0.2;}.uagb-block-e6f939b3.wp-block-uagb-image--layout-overlay .wp-block-uagb-image--layout-overlay__inner{left: 15px;right: 15px;top: 15px;bottom: 15px;}.uagb-block-e6f939b3.wp-block-uagb-image--layout-overlay .wp-block-uagb-image--layout-overlay__inner .uagb-image-heading{font-style: normal;color: #fff;opacity: 1;}.uagb-block-e6f939b3.wp-block-uagb-image--layout-overlay .wp-block-uagb-image--layout-overlay__inner .uagb-image-heading a{color: #fff;}.uagb-block-e6f939b3.wp-block-uagb-image--layout-overlay .wp-block-uagb-image--layout-overlay__inner .uagb-image-caption{opacity: 0;}.uagb-block-e6f939b3.wp-block-uagb-image--layout-overlay .wp-block-uagb-image__figure:hover .wp-block-uagb-image--layout-overlay__color-wrapper{opacity: 1;}.uagb-block-e6f939b3.wp-block-uagb-image .wp-block-uagb-image--layout-overlay__inner .uagb-image-separator{width: 30%;border-top-width: 2px;border-top-color: #fff;opacity: 0;}.uagb-block-e6f939b3.wp-block-uagb-image .wp-block-uagb-image__figure img{width: px;height: auto;}.uagb-block-e6f939b3.wp-block-uagb-image .wp-block-uagb-image__figure:hover .wp-block-uagb-image--layout-overlay__inner .uagb-image-caption{opacity: 1;}.uagb-block-e6f939b3.wp-block-uagb-image .wp-block-uagb-image__figure:hover .wp-block-uagb-image--layout-overlay__inner .uagb-image-separator{opacity: 1;}.uagb-block-e6f939b3.wp-block-uagb-image--layout-default figure:hover img{box-shadow: 0px 0px 0 #00000070;}.uagb-block-e6f939b3.wp-block-uagb-image--layout-overlay figure:hover img{box-shadow: 0px 0px 0 #00000070;}@media only screen and (max-width: 976px) {.uagb-block-e6f939b3.wp-block-uagb-image .wp-block-uagb-image__figure img{width: px;height: auto;}}@media only screen and (max-width: 767px) {.uagb-block-e6f939b3.wp-block-uagb-image .wp-block-uagb-image__figure img{width: px;height: auto;}}\";s:2:\"js\";s:0:\"\";s:18:\"current_block_list\";a:13:{i:0;s:11:\"core\/search\";i:1;s:10:\"core\/group\";i:2;s:12:\"core\/heading\";i:3;s:17:\"core\/latest-posts\";i:4;s:20:\"core\/latest-comments\";i:5;s:13:\"core\/archives\";i:6;s:15:\"core\/categories\";i:7;s:14:\"core\/paragraph\";i:8;s:10:\"uagb\/image\";i:9;s:11:\"core\/spacer\";i:10;s:30:\"woocommerce\/product-categories\";i:11;s:10:\"core\/image\";i:12;s:14:\"core\/shortcode\";}s:8:\"uag_flag\";b:1;s:11:\"uag_version\";s:10:\"1776410266\";s:6:\"gfonts\";a:0:{}s:10:\"gfonts_url\";s:0:\"\";s:12:\"gfonts_files\";a:0:{}s:14:\"uag_faq_layout\";b:0;}"]},"uagb_featured_image_src":{"full":["https:\/\/www.bedbugknocker.com\/wp-content\/uploads\/2025\/05\/WEASEL_TRAP.jpg",2560,2560,false],"thumbnail":["https:\/\/www.bedbugknocker.com\/wp-content\/uploads\/2025\/05\/WEASEL_TRAP-150x150.jpg",150,150,true],"medium":["https:\/\/www.bedbugknocker.com\/wp-content\/uploads\/2025\/05\/WEASEL_TRAP-300x300.jpg",300,300,true],"medium_large":["https:\/\/www.bedbugknocker.com\/wp-content\/uploads\/2025\/05\/WEASEL_TRAP-768x768.jpg",768,768,true],"large":["https:\/\/www.bedbugknocker.com\/wp-content\/uploads\/2025\/05\/WEASEL_TRAP-1024x1024.jpg",1024,1024,true],"1536x1536":["https:\/\/www.bedbugknocker.com\/wp-content\/uploads\/2025\/05\/WEASEL_TRAP-1536x1536.jpg",1536,1536,true],"2048x2048":["https:\/\/www.bedbugknocker.com\/wp-content\/uploads\/2025\/05\/WEASEL_TRAP-2048x2048.jpg",2048,2048,true],"trp-custom-language-flag":["https:\/\/www.bedbugknocker.com\/wp-content\/uploads\/2025\/05\/WEASEL_TRAP-12x12.jpg",12,12,true],"woocommerce_thumbnail":["https:\/\/www.bedbugknocker.com\/wp-content\/uploads\/2025\/05\/WEASEL_TRAP-300x300.jpg",300,300,true],"woocommerce_single":["https:\/\/www.bedbugknocker.com\/wp-content\/uploads\/2025\/05\/WEASEL_TRAP-600x600.jpg",600,600,true],"woocommerce_gallery_thumbnail":["https:\/\/www.bedbugknocker.com\/wp-content\/uploads\/2025\/05\/WEASEL_TRAP-100x100.jpg",100,100,true]},"uagb_author_info":{"display_name":"admin","author_link":"https:\/\/www.bedbugknocker.com\/ch-de\/author\/"},"uagb_comment_info":74,"uagb_excerpt":"Capture weasels quickly and humanely with a reliable, high-performance trap. Our weasel trap is specifically designed to effectively capture weasels without causing unnecessary suffering, making it a responsible and efficient solution for protecting your property, poultry, and small animals from damage and predation. The most effective weasel trap on the market. Engineered with precision-trigger technology&hellip;","_links":{"self":[{"href":"https:\/\/www.bedbugknocker.com\/ch-de\/wp-json\/wp\/v2\/product\/22958","targetHints":{"allow":["GET"]}}],"collection":[{"href":"https:\/\/www.bedbugknocker.com\/ch-de\/wp-json\/wp\/v2\/product"}],"about":[{"href":"https:\/\/www.bedbugknocker.com\/ch-de\/wp-json\/wp\/v2\/types\/product"}],"replies":[{"embeddable":true,"href":"https:\/\/www.bedbugknocker.com\/ch-de\/wp-json\/wp\/v2\/comments?post=22958"}],"version-history":[{"count":4,"href":"https:\/\/www.bedbugknocker.com\/ch-de\/wp-json\/wp\/v2\/product\/22958\/revisions"}],"predecessor-version":[{"id":27301,"href":"https:\/\/www.bedbugknocker.com\/ch-de\/wp-json\/wp\/v2\/product\/22958\/revisions\/27301"}],"wp:featuredmedia":[{"embeddable":true,"href":"https:\/\/www.bedbugknocker.com\/ch-de\/wp-json\/wp\/v2\/media\/23237"}],"wp:attachment":[{"href":"https:\/\/www.bedbugknocker.com\/ch-de\/wp-json\/wp\/v2\/media?parent=22958"}],"wp:term":[{"taxonomy":"product_brand","embeddable":true,"href":"https:\/\/www.bedbugknocker.com\/ch-de\/wp-json\/wp\/v2\/product_brand?post=22958"},{"taxonomy":"product_cat","embeddable":true,"href":"https:\/\/www.bedbugknocker.com\/ch-de\/wp-json\/wp\/v2\/product_cat?post=22958"},{"taxonomy":"product_tag","embeddable":true,"href":"https:\/\/www.bedbugknocker.com\/ch-de\/wp-json\/wp\/v2\/product_tag?post=22958"}],"curies":[{"name":"wp","href":"https:\/\/api.w.org\/{rel}","templated":true}]}}