{"id":22952,"date":"2025-05-26T16:13:19","date_gmt":"2025-05-26T14:13:19","guid":{"rendered":"https:\/\/www.bedbugknocker.com\/products\/bird-killer-500-baits\/"},"modified":"2026-02-19T19:30:20","modified_gmt":"2026-02-19T18:30:20","slug":"bird-killer-500-baits","status":"publish","type":"product","link":"https:\/\/www.bedbugknocker.com\/ca-fr\/products\/bird-killer-500-baits\/","title":{"rendered":"Pi\u00e8ge \u00e0 oiseaux et pigeons"},"content":{"rendered":"<p><strong><img decoding=\"async\" style=\"margin-right: 12px;\" src=\"https:\/\/www.bedbugknocker.com\/wp-content\/uploads\/2026\/02\/Check.svg\" alt=\"\" width=\"18\" height=\"15\" \/>Capturez efficacement les oiseaux et les pigeons gr\u00e2ce \u00e0 une solution de pi\u00e9geage professionnelle et fiable.<\/strong> Notre pi\u00e8ge \u00e0 oiseaux et \u00e0 pigeons est sp\u00e9cialement con\u00e7u pour g\u00e9rer efficacement et en toute s\u00e9curit\u00e9 la pr\u00e9sence d'oiseaux ind\u00e9sirables dans les environnements r\u00e9sidentiels, commerciaux, agricoles et industriels. Il permet de contr\u00f4ler la surpopulation, de pr\u00e9venir les d\u00e9g\u00e2ts mat\u00e9riels et de r\u00e9duire les risques sanitaires li\u00e9s aux fientes et \u00e0 la nidification.<\/p>\n<p><strong><img decoding=\"async\" style=\"margin-right: 12px;\" src=\"https:\/\/www.bedbugknocker.com\/wp-content\/uploads\/2026\/02\/Check.svg\" alt=\"\" width=\"18\" height=\"15\" \/>Le pi\u00e8ge \u00e0 oiseaux et \u00e0 pigeons le plus efficace du march\u00e9.<\/strong> Con\u00e7u avec un syst\u00e8me d'entr\u00e9e tr\u00e8s r\u00e9actif et une conception anti-\u00e9vasion, ce pi\u00e8ge maximise le succ\u00e8s de la capture tout en emp\u00eachant les oiseaux de sortir une fois \u00e0 l'int\u00e9rieur. Sa structure est bas\u00e9e sur les mod\u00e8les de comportement des oiseaux, ce qui garantit des performances constantes et fiables dans des conditions r\u00e9elles.<\/p>\n<p><strong><img decoding=\"async\" style=\"margin-right: 12px;\" src=\"https:\/\/www.bedbugknocker.com\/wp-content\/uploads\/2026\/02\/Check.svg\" alt=\"\" width=\"18\" height=\"15\" \/>Nous proposons des pi\u00e8ges \u00e0 oiseaux et \u00e0 pigeons de haute qualit\u00e9, les moins chers possible, sans sacrifier la durabilit\u00e9.<\/strong> Notre strat\u00e9gie de prix vous garantit des performances de niveau professionnel au co\u00fbt le plus bas possible. Vous b\u00e9n\u00e9ficiez d'une solution durable et efficace sans avoir \u00e0 payer les prix exorbitants souvent pratiqu\u00e9s pour des produits similaires.<\/p>\n<p><strong><img decoding=\"async\" style=\"margin-right: 12px;\" src=\"https:\/\/www.bedbugknocker.com\/wp-content\/uploads\/2026\/02\/Check.svg\" alt=\"\" width=\"18\" height=\"15\" \/>100% garantie de remboursement pour une totale tranquillit\u00e9 d'esprit.<\/strong> Nous garantissons la qualit\u00e9 et l'efficacit\u00e9 de notre pi\u00e8ge. Si vous n'\u00eates pas enti\u00e8rement satisfait de ses performances, nous vous rembourserons votre achat sans tracas ni proc\u00e9dures compliqu\u00e9es. Votre confiance et votre satisfaction sont nos priorit\u00e9s.<\/p>\n<p><strong><img decoding=\"async\" style=\"margin-right: 12px;\" src=\"https:\/\/www.bedbugknocker.com\/wp-content\/uploads\/2026\/02\/Check.svg\" alt=\"\" width=\"18\" height=\"15\" \/>Livraison rapide en 24 heures pour vous permettre de r\u00e9agir imm\u00e9diatement.<\/strong> Les infestations d'oiseaux peuvent rapidement s'aggraver et causer des dommages aux toits, aux balcons, aux entrep\u00f4ts et aux b\u00e2timents agricoles. C'est pourquoi nous proposons toujours une livraison en 24 heures, ce qui vous permet d'agir rapidement et de reprendre le contr\u00f4le de votre espace.<\/p>\n<p><strong><img decoding=\"async\" style=\"margin-right: 12px;\" src=\"https:\/\/www.bedbugknocker.com\/wp-content\/uploads\/2026\/02\/Check.svg\" alt=\"\" width=\"18\" height=\"15\" \/>Couverture efficace jusqu'\u00e0 20 m\u00b2 par zone de placement du pi\u00e8ge.<\/strong> Plac\u00e9 strat\u00e9giquement, chaque pi\u00e8ge peut prot\u00e9ger une surface d'environ 20 m\u00e8tres carr\u00e9s, ce qui le rend adapt\u00e9 aux balcons, aux toits, aux zones de stockage, aux granges, aux terrasses et \u00e0 d'autres endroits o\u00f9 les oiseaux se rassemblent.<\/p>\n<p><strong><img decoding=\"async\" style=\"margin-right: 12px;\" src=\"https:\/\/www.bedbugknocker.com\/wp-content\/uploads\/2026\/02\/Check.svg\" alt=\"\" width=\"18\" height=\"15\" \/>Construction solide et r\u00e9sistante aux intemp\u00e9ries pour une utilisation en ext\u00e9rieur.<\/strong> Fabriqu\u00e9 \u00e0 partir d'un m\u00e9tal r\u00e9sistant \u00e0 la corrosion et d'un treillis renforc\u00e9, notre pi\u00e8ge r\u00e9siste \u00e0 la pluie, au vent et aux fluctuations de temp\u00e9rature, garantissant ainsi des performances durables dans les environnements ext\u00e9rieurs.<\/p>\n<p><strong><img decoding=\"async\" style=\"margin-right: 12px;\" src=\"https:\/\/www.bedbugknocker.com\/wp-content\/uploads\/2026\/02\/Check.svg\" alt=\"\" width=\"18\" height=\"15\" \/>Conception de confinement sans cruaut\u00e9 lorsqu'elle est utilis\u00e9e correctement.<\/strong> Le pi\u00e8ge est con\u00e7u pour contenir en toute s\u00e9curit\u00e9 les oiseaux captur\u00e9s sans les blesser inutilement lorsqu'il est surveill\u00e9 r\u00e9guli\u00e8rement et utilis\u00e9 conform\u00e9ment aux r\u00e9glementations locales relatives \u00e0 la faune sauvage.<\/p>\n<p><strong><img decoding=\"async\" style=\"margin-right: 12px;\" src=\"https:\/\/www.bedbugknocker.com\/wp-content\/uploads\/2026\/02\/Check.svg\" alt=\"\" width=\"18\" height=\"15\" \/>Installation facile sans outils sp\u00e9ciaux.<\/strong> Le pi\u00e8ge peut \u00eatre assembl\u00e9 et mis en place rapidement par les propri\u00e9taires, le personnel d'entretien, les agriculteurs ou les professionnels de la lutte contre les nuisibles, ce qui le rend pratique pour diverses applications.<\/p>\n<p><strong><img decoding=\"async\" style=\"margin-right: 12px;\" src=\"https:\/\/www.bedbugknocker.com\/wp-content\/uploads\/2026\/02\/Check.svg\" alt=\"\" width=\"18\" height=\"15\" \/>Prot\u00e9gez vos biens, votre hygi\u00e8ne et votre int\u00e9grit\u00e9 structurelle.<\/strong> Les oiseaux et les pigeons peuvent causer d'importants dommages structurels et des probl\u00e8mes sanitaires en raison de leurs fientes, de leurs nids et de l'obstruction des syst\u00e8mes d'\u00e9vacuation. En utilisant notre pi\u00e8ge tr\u00e8s efficace, vous maintenez un environnement plus propre, plus s\u00fbr et mieux contr\u00f4l\u00e9.<\/p>\n<h2><strong>Instructions<\/strong><\/h2>\n<ul>\n<li>Identifier les zones o\u00f9 les oiseaux ou les pigeons se posent, nichent ou se nourrissent fr\u00e9quemment, telles que les toits, les balcons, les corniches, les granges ou les entrep\u00f4ts.<\/li>\n<li>Placez le pi\u00e8ge sur une surface plane et stable dans la zone cibl\u00e9e de 20 m\u00b2. Veillez \u00e0 ce qu'il soit plac\u00e9 le long des voies d'atterrissage ou de marche communes.<\/li>\n<li>Utilisez des app\u00e2ts appropri\u00e9s tels que des grains, des graines ou des morceaux de pain plac\u00e9s \u00e0 l'int\u00e9rieur du pi\u00e8ge pr\u00e8s du m\u00e9canisme d'entr\u00e9e pour attirer les oiseaux.<\/li>\n<li>Assurez-vous que les portes d'entr\u00e9e ou le syst\u00e8me d'entonnoir sont correctement r\u00e9gl\u00e9s conform\u00e9ment au m\u00e9canisme int\u00e9gr\u00e9 du pi\u00e8ge avant de quitter la zone.<\/li>\n<li>Pour les zones d'infestation plus \u00e9tendues, installez plusieurs pi\u00e8ges espac\u00e9s strat\u00e9giquement pour maximiser la couverture et l'efficacit\u00e9.<\/li>\n<li>V\u00e9rifiez le pi\u00e8ge au moins une ou deux fois par jour pour contr\u00f4ler les oiseaux captur\u00e9s et maintenir des conditions humaines.<\/li>\n<li>Porter des gants lors de la manipulation pour maintenir l'hygi\u00e8ne et r\u00e9duire le transfert d'odeurs.<\/li>\n<li>Apr\u00e8s la capture, suivre les r\u00e9glementations locales relatives \u00e0 la faune sauvage en ce qui concerne la relocalisation ou la gestion ult\u00e9rieure.<\/li>\n<li>Nettoyez et d\u00e9sinfectez r\u00e9guli\u00e8rement le pi\u00e8ge afin de pr\u00e9venir la transmission de maladies et de maintenir des performances \u00e0 long terme.<\/li>\n<li>Stocker le pi\u00e8ge dans un endroit sec lorsqu'il n'est pas utilis\u00e9 afin de pr\u00e9server son int\u00e9grit\u00e9 structurelle et sa capacit\u00e9 \u00e0 \u00eatre d\u00e9ploy\u00e9 ult\u00e9rieurement.<\/li>\n<\/ul>","protected":false},"excerpt":{"rendered":"<p>Capture birds and pigeons efficiently with a professional and reliable trapping solution. Our bird and pigeon trap is specially designed to safely and effectively manage unwanted bird presence in residential, commercial, agricultural, and industrial environments. It helps control overpopulation, prevent property damage, and reduce health risks associated with droppings and nesting. The most effective bird [&hellip;]<\/p>\n","protected":false},"featured_media":26405,"comment_status":"open","ping_status":"closed","template":"","meta":{"_uag_custom_page_level_css":"","site-sidebar-layout":"default","site-content-layout":"","ast-site-content-layout":"default","site-content-style":"default","site-sidebar-style":"default","ast-global-header-display":"","ast-banner-title-visibility":"","ast-main-header-display":"","ast-hfb-above-header-display":"","ast-hfb-below-header-display":"","ast-hfb-mobile-header-display":"","site-post-title":"","ast-breadcrumbs-content":"","ast-featured-img":"","footer-sml-layout":"","ast-disable-related-posts":"","theme-transparent-header-meta":"default","adv-header-id-meta":"","stick-header-meta":"","header-above-stick-meta":"","header-main-stick-meta":"","header-below-stick-meta":"","astra-migrate-meta-layouts":"set","ast-page-background-enabled":"default","ast-page-background-meta":{"desktop":{"background-color":"var(--ast-global-color-4)","background-image":"","background-repeat":"repeat","background-position":"center center","background-size":"auto","background-attachment":"scroll","background-type":"","background-media":"","overlay-type":"","overlay-color":"","overlay-opacity":"","overlay-gradient":""},"tablet":{"background-color":"","background-image":"","background-repeat":"repeat","background-position":"center center","background-size":"auto","background-attachment":"scroll","background-type":"","background-media":"","overlay-type":"","overlay-color":"","overlay-opacity":"","overlay-gradient":""},"mobile":{"background-color":"","background-image":"","background-repeat":"repeat","background-position":"center center","background-size":"auto","background-attachment":"scroll","background-type":"","background-media":"","overlay-type":"","overlay-color":"","overlay-opacity":"","overlay-gradient":""}},"ast-content-background-meta":{"desktop":{"background-color":"var(--ast-global-color-5)","background-image":"","background-repeat":"repeat","background-position":"center center","background-size":"auto","background-attachment":"scroll","background-type":"","background-media":"","overlay-type":"","overlay-color":"","overlay-opacity":"","overlay-gradient":""},"tablet":{"background-color":"var(--ast-global-color-5)","background-image":"","background-repeat":"repeat","background-position":"center center","background-size":"auto","background-attachment":"scroll","background-type":"","background-media":"","overlay-type":"","overlay-color":"","overlay-opacity":"","overlay-gradient":""},"mobile":{"background-color":"var(--ast-global-color-5)","background-image":"","background-repeat":"repeat","background-position":"center center","background-size":"auto","background-attachment":"scroll","background-type":"","background-media":"","overlay-type":"","overlay-color":"","overlay-opacity":"","overlay-gradient":""}}},"product_brand":[],"product_cat":[174],"product_tag":[],"class_list":{"0":"post-22952","1":"product","2":"type-product","3":"status-publish","4":"has-post-thumbnail","6":"product_cat-pest-control","7":"desktop-align-left","8":"tablet-align-left","9":"mobile-align-left","11":"first","12":"instock","13":"taxable","14":"shipping-taxable","15":"purchasable","16":"product-type-simple"},"spectra_custom_meta":{"_visibility":["visible"],"_shopify_product_id":["8032617890018"],"_s2w_shopify_domain":["bedbugknocker.myshopify.com"],"_shopify_variant_id":["43849034399970"],"_sku":["BBKBIRDKILLER"],"_regular_price":["29.90"],"_price":["29.90"],"_sale_price":[""],"_weight":["0.2"],"_thumbnail_id":["26405"],"_global_unique_id":["5056773800229"],"total_sales":["69"],"_tax_status":["taxable"],"_tax_class":[""],"_manage_stock":["no"],"_backorders":["no"],"_sold_individually":["no"],"_virtual":["no"],"_downloadable":["no"],"_download_limit":["-1"],"_download_expiry":["-1"],"_stock":[null],"_stock_status":["instock"],"_wc_average_rating":["4.79"],"_wc_review_count":["73"],"_product_version":["10.5.2"],"_edit_lock":["1771525682:1"],"_edit_last":["1"],"_wp_page_template":["default"],"_woocs_price_geo_countries":[""],"_woocs_regular_price_geo":[""],"_woocs_sale_price_geo":[""],"site-sidebar-layout":["default"],"ast-site-content-layout":["default"],"site-content-style":["default"],"site-sidebar-style":["default"],"theme-transparent-header-meta":["default"],"_wc_rating_count":["a:3:{i:3;i:4;i:4;i:7;i:5;i:62;}"],"merchant-center-id":["PAOP"],"merchant-center-category":["7137"],"merchant-center-availability":["yes"],"astra-migrate-meta-layouts":["set"],"_uag_css_file_name":["uag-css-22952.css"],"_elementor_page_assets":["a:0:{}"]},"uagb_featured_image_src":{"full":["https:\/\/www.bedbugknocker.com\/wp-content\/uploads\/2025\/05\/Bird-and-Pigeon-Trap.png",2560,2560,false],"thumbnail":["https:\/\/www.bedbugknocker.com\/wp-content\/uploads\/2025\/05\/Bird-and-Pigeon-Trap-150x150.png",150,150,true],"medium":["https:\/\/www.bedbugknocker.com\/wp-content\/uploads\/2025\/05\/Bird-and-Pigeon-Trap-300x300.png",300,300,true],"medium_large":["https:\/\/www.bedbugknocker.com\/wp-content\/uploads\/2025\/05\/Bird-and-Pigeon-Trap-768x768.png",768,768,true],"large":["https:\/\/www.bedbugknocker.com\/wp-content\/uploads\/2025\/05\/Bird-and-Pigeon-Trap-1024x1024.png",1024,1024,true],"1536x1536":["https:\/\/www.bedbugknocker.com\/wp-content\/uploads\/2025\/05\/Bird-and-Pigeon-Trap-1536x1536.png",1536,1536,true],"2048x2048":["https:\/\/www.bedbugknocker.com\/wp-content\/uploads\/2025\/05\/Bird-and-Pigeon-Trap-2048x2048.png",2048,2048,true],"trp-custom-language-flag":["https:\/\/www.bedbugknocker.com\/wp-content\/uploads\/2025\/05\/Bird-and-Pigeon-Trap-12x12.png",12,12,true],"woocommerce_thumbnail":["https:\/\/www.bedbugknocker.com\/wp-content\/uploads\/2025\/05\/Bird-and-Pigeon-Trap-300x300.png",300,300,true],"woocommerce_single":["https:\/\/www.bedbugknocker.com\/wp-content\/uploads\/2025\/05\/Bird-and-Pigeon-Trap-600x600.png",600,600,true],"woocommerce_gallery_thumbnail":["https:\/\/www.bedbugknocker.com\/wp-content\/uploads\/2025\/05\/Bird-and-Pigeon-Trap-100x100.png",100,100,true]},"uagb_author_info":{"display_name":"admin","author_link":"https:\/\/www.bedbugknocker.com\/ca-fr\/author\/"},"uagb_comment_info":73,"uagb_excerpt":"Capture birds and pigeons efficiently with a professional and reliable trapping solution. Our bird and pigeon trap is specially designed to safely and effectively manage unwanted bird presence in residential, commercial, agricultural, and industrial environments. It helps control overpopulation, prevent property damage, and reduce health risks associated with droppings and nesting. The most effective bird&hellip;","_links":{"self":[{"href":"https:\/\/www.bedbugknocker.com\/ca-fr\/wp-json\/wp\/v2\/product\/22952","targetHints":{"allow":["GET"]}}],"collection":[{"href":"https:\/\/www.bedbugknocker.com\/ca-fr\/wp-json\/wp\/v2\/product"}],"about":[{"href":"https:\/\/www.bedbugknocker.com\/ca-fr\/wp-json\/wp\/v2\/types\/product"}],"replies":[{"embeddable":true,"href":"https:\/\/www.bedbugknocker.com\/ca-fr\/wp-json\/wp\/v2\/comments?post=22952"}],"version-history":[{"count":6,"href":"https:\/\/www.bedbugknocker.com\/ca-fr\/wp-json\/wp\/v2\/product\/22952\/revisions"}],"predecessor-version":[{"id":27306,"href":"https:\/\/www.bedbugknocker.com\/ca-fr\/wp-json\/wp\/v2\/product\/22952\/revisions\/27306"}],"wp:featuredmedia":[{"embeddable":true,"href":"https:\/\/www.bedbugknocker.com\/ca-fr\/wp-json\/wp\/v2\/media\/26405"}],"wp:attachment":[{"href":"https:\/\/www.bedbugknocker.com\/ca-fr\/wp-json\/wp\/v2\/media?parent=22952"}],"wp:term":[{"taxonomy":"product_brand","embeddable":true,"href":"https:\/\/www.bedbugknocker.com\/ca-fr\/wp-json\/wp\/v2\/product_brand?post=22952"},{"taxonomy":"product_cat","embeddable":true,"href":"https:\/\/www.bedbugknocker.com\/ca-fr\/wp-json\/wp\/v2\/product_cat?post=22952"},{"taxonomy":"product_tag","embeddable":true,"href":"https:\/\/www.bedbugknocker.com\/ca-fr\/wp-json\/wp\/v2\/product_tag?post=22952"}],"curies":[{"name":"wp","href":"https:\/\/api.w.org\/{rel}","templated":true}]}}